{"id":7434,"date":"2025-06-07T07:20:46","date_gmt":"2025-06-07T07:20:46","guid":{"rendered":"https:\/\/sinoextrud.com\/product\/customized-aluminum-alloy-housing-grow-light\/"},"modified":"2025-06-24T06:12:48","modified_gmt":"2025-06-24T06:12:48","slug":"carcasa-de-aleacion-de-aluminio-personalizada-grow-light","status":"publish","type":"product","link":"https:\/\/sinoextrud.com\/es\/product\/customized-aluminum-alloy-housing-grow-light\/","title":{"rendered":"L\u00e1mpara de cultivo con carcasa de aleaci\u00f3n de aluminio personalizada"},"content":{"rendered":"<h2>Productos<\/h2>\n<table class=\"custom-table\">\n<tbody>\n<tr>\n<td> Nombre:<\/td>\n<td> L\u00e1mpara de cultivo con carcasa de aleaci\u00f3n de aluminio personalizada<\/td>\n<\/tr>\n<tr>\n<td> Marca:<\/td>\n<td> Sinoextrud \/ Sinoextrud<\/td>\n<\/tr>\n<tr>\n<td> Material:<\/td>\n<td> Serie 6000<\/td>\n<\/tr>\n<tr>\n<td> Temperamento:<\/td>\n<td> T6-T8<\/td>\n<\/tr>\n<tr>\n<td> Longitud:<\/td>\n<td> Personalizaci\u00f3n<\/td>\n<\/tr>\n<tr>\n<td> Tratamiento de la superficie:<\/td>\n<td> Anodizado, grano de madera, revestimiento de PVDF, etc.<\/td>\n<\/tr>\n<tr>\n<td> Uso:<\/td>\n<td> Industria,Arquitectura<\/td>\n<\/tr>\n<tr>\n<td> Color:<\/td>\n<td> Personalizado<\/td>\n<\/tr>\n<tr>\n<td> Certificaci\u00f3n:<\/td>\n<td> ISO9001:2008;ISO14001:2004;SGS<\/td>\n<\/tr>\n<tr>\n<td> Fabricaci\u00f3n:<\/td>\n<td> Corte, fresado, taladrado, punzonado, etc.<\/td>\n<\/tr>\n<tr>\n<td> De:<\/td>\n<td> Foshan, Guangdong, China<\/td>\n<\/tr>\n<\/tbody>\n<\/table>\n<h2>Nuestra base de fabricaci\u00f3n<\/h2>\n<h3>Panorama de la f\u00e1brica<\/h3>\n<p><img decoding=\"async\" src=\"\/wp-content\/uploads\/factory-01.webp\"\/><\/p>\n<h3>Taller de fabricaci\u00f3n de barras de aluminio<\/h3>\n<p><img decoding=\"async\" src=\"\/wp-content\/uploads\/factory-02.webp\"\/><\/p>\n<p><img decoding=\"async\" src=\"\/wp-content\/uploads\/factory-03.webp\"\/><\/p>\n<h3>Almac\u00e9n de moldes<\/h3>\n<p><img decoding=\"async\" src=\"\/wp-content\/uploads\/factory-04.webp\"\/><\/p>\n<h3>43 L\u00c3neas de extrusi\u00c3\u00b3n de aluminio (500\u00e2\u20ac\"5500 toneladas)<\/h3>\n<p><img decoding=\"async\" src=\"\/wp-content\/uploads\/factory-05.webp\"\/><\/p>\n<p><img decoding=\"async\" src=\"\/wp-content\/uploads\/factory-06.webp\"\/><\/p>\n<p><img decoding=\"async\" src=\"\/wp-content\/uploads\/factory-07.webp\"\/><\/p>\n<h3>Taller de pintura en polvo<\/h3>\n<p><img decoding=\"async\" src=\"\/wp-content\/uploads\/factory-09.webp\"\/><\/p>\n<h3>Taller de anodizado<\/h3>\n<p><img decoding=\"async\" src=\"\/wp-content\/uploads\/factory-10.webp\"\/><\/p>\n<h3>Taller de procesamiento profundo<\/h3>\n<p><img decoding=\"async\" src=\"\/wp-content\/uploads\/factory-11.webp\"\/><\/p>\n<h3>Taller de mecanizado de precisi\u00f3n CNC<\/h3>\n<p><img decoding=\"async\" src=\"\/wp-content\/uploads\/factory-11.5.webp\"\/><\/p>\n<h3>Almac\u00e9n de productos acabados y de exportaci\u00f3n<\/h3>\n<p><img decoding=\"async\" src=\"\/wp-content\/uploads\/factory-12.webp\"\/><\/p>\n<p><img decoding=\"async\" src=\"\/wp-content\/uploads\/factory-13.webp\"\/><\/p>\n<p><img decoding=\"async\" src=\"\/wp-content\/uploads\/factory-14.webp\"\/><\/p>\n<h2>PREGUNTAS FRECUENTES<\/h2>\n<p><p><b>1. \u00bfQu\u00e9 es una l\u00e1mpara de cultivo con carcasa de aleaci\u00f3n de aluminio personalizada? <\/b><\/p>\n<p> Un Customized Aluminum Alloy Housing Grow Light es un sistema de iluminaci\u00f3n LED para el cultivo de plantas con una carcasa de aluminio hecha a medida para optimizar la disipaci\u00f3n del calor, la durabilidad y la flexibilidad del dise\u00f1o.<br \/>\n<\/p><br \/>\n<br \/>\n<p><b>2. \u00bfPor qu\u00e9 elegir una aleaci\u00f3n de aluminio para la carcasa de las luces de cultivo? <\/b><\/p>\n<p> La aleaci\u00f3n de aluminio proporciona una conductividad t\u00e9rmica superior, ligereza y resistencia a la corrosi\u00f3n, por lo que es ideal para armarios de luces de cultivo.<br \/>\n<\/p><br \/>\n<br \/>\n<p><b>3.\u00bfSe puede personalizar la carcasa de la l\u00e1mpara de cultivo? <\/b><\/p>\n<p> S\u00ed, la carcasa de aluminio se puede personalizar en tama\u00f1o, forma, acabado y recortes para satisfacer dise\u00f1os espec\u00edficos de luces de cultivo y necesidades de instalaci\u00f3n.<br \/>\n<\/p><br \/>\n<br \/>\n<p><b>4.\u00bfC\u00f3mo mejora la carcasa de aluminio el rendimiento de los LED? <\/b><\/p>\n<p> La excelente disipaci\u00f3n t\u00e9rmica de la aleaci\u00f3n de aluminio ayuda a mantener la temperatura \u00f3ptima de los LED, lo que prolonga la vida \u00fatil y la eficiencia de las luces de cultivo.<br \/>\n<\/p><br \/>\n<br \/>\n<p><b>5.\u00bfEs la carcasa adecuada para entornos de alta humedad? <\/b><\/p>\n<p> S\u00ed, la superficie de aluminio resistente a la corrosi\u00f3n lo hace ideal para su uso en invernaderos y cultivos de interior con alta humedad.<br \/>\n<\/p><br \/>\n<br \/>\n<p><b>6.\u00bfQu\u00e9 acabados hay disponibles para las carcasas de aluminio de las luces de cultivo? <\/b><\/p>\n<p> Las opciones incluyen anodizado, recubrimiento en polvo y pulido para mejorar el aspecto, la resistencia a la corrosi\u00f3n y la imagen de marca.<br \/>\n<\/p><br \/>\n<br \/>\n<p><b>7.\u00bfAdmite la carcasa configuraciones de LED de alta potencia? <\/b><\/p>\n<p> Por supuesto, el robusto dise\u00f1o de la carcasa de aleaci\u00f3n de aluminio personalizada admite conjuntos de LED de alto vataje y sistemas de refrigeraci\u00f3n avanzados.<br \/>\n<\/p><br \/>\n<br \/>\n<p><b>8.\u00bfSe admite el mecanizado CNC para este producto? <\/b><\/p>\n<p> S\u00ed, se dispone de mecanizado CNC de precisi\u00f3n para satisfacer los complejos requisitos estructurales y de montaje de las aplicaciones de l\u00e1mparas de cultivo personalizadas.<br \/>\n<\/p><br \/><\/p>","protected":false},"featured_media":7433,"template":"","categories":[67],"class_list":["post-7434","product","type-product","status-publish","has-post-thumbnail","hentry","category-architectural-aluminium-profile"],"meta_box":{"hilight_text_group":{"product_hilight_text":"<li>Customizable aluminum alloy housing for tailored heat dissipation and aesthetics.<\/li>\r\r\n<li>Lightweight yet durable structure ensures long-lasting use in grow environments.<\/li>\r\r\n<li>Excellent thermal conductivity supports optimal LED performance and lifespan.<\/li>\r\r\n<li>Corrosion-resistant finish ideal for humid greenhouse conditions.<\/li>\r\r\n<li>Precision CNC machining available for complex design requirements.<\/li>\r\r\n<li>Supports a wide range of power and LED configurations for diverse plant needs.<\/li>","product_chanpin_blog":"<ul>\r\r\n<li><a href=\"https:\/\/sinoextrud.com\/t-slot-v-slot-differences\/\" target=\"_blank\">t slot vs v slot<\/a><\/li>\r\r\n<li><a href=\"https:\/\/sinoextrud.com\/what-is-4040-aluminium-extrud\/\" target=\"_blank\">4040 aluminium extrusion<\/a><\/li>\r\r\n<li><a href=\"https:\/\/sinoextrud.com\/what-is-4040-aluminium-extrud\/\" target=\"_blank\">aluminum extrusions for industrial racks<\/a><\/li>\r\r\n<li><a href=\"https:\/\/sinoextrud.com\/powder-coating-aluminium-process\/\" target=\"_blank\">powder coating aluminium<\/a><\/li>\r\r\n<li><a href=\"https:\/\/sinoextrud.com\/what-is-an-aluminium-strip-ceiling\/\" target=\"_blank\">aluminium strip ceiling<\/a><\/li>\r\r\n<li><a href=\"https:\/\/sinoextrud.com\/what-is-a-heat-sink\/\" target=\"_blank\">what is a heat sink<\/a><\/li>\r\r\n<\/ul>","product_chanpin_chanpin":"<li><a href=\"https:\/\/sinoextrud.com\/product\/extrusion-aluminum-shutter-profile-free-mould\/\" target=\"_blank\">Extrusion Aluminum Shutter Profile Free Mould<\/a><\/li>\r\n<li><a href=\"https:\/\/sinoextrud.com\/product\/pvdf-aluminum-extrusion-curtain-wall-profile\/\" target=\"_blank\">PVDF Aluminum Extrusion Curtain Wall Profile<\/a><\/li>\r\n<li><a href=\"https:\/\/sinoextrud.com\/product\/l-aluminum-profile-for-glass-railing\/\" target=\"_blank\">L Aluminum Profile For Glass Railing<\/a><\/li>\r\n<li><a href=\"https:\/\/sinoextrud.com\/product\/bright-anodize-brushed-black-window-profile\/\" target=\"_blank\">Bright Anodize Brushed Black Window Profile<\/a><\/li>\r\n<li><a href=\"https:\/\/sinoextrud.com\/product\/customized-aluminum-alloy-housing-grow-light\/\" target=\"_blank\">Customized Aluminum Alloy Housing Grow Light<\/a><\/li>\r\n<li><a href=\"https:\/\/sinoextrud.com\/product\/extruded-aluminum-interlocking-plank-floor\/\" target=\"_blank\">Extruded Aluminum Interlocking Plank Floor<\/a><\/li>\r\n<li><a href=\"https:\/\/sinoextrud.com\/product\/anodized-brushed-black-extruded-frame-profile\/\" target=\"_blank\">Anodized Brushed Black Extruded Frame Profile<\/a><\/li>\r\n<li><a href=\"https:\/\/sinoextrud.com\/product\/precision-cnc-machining-industrial-profile\/\" target=\"_blank\">Precision CNC Machining Industrial Profile<\/a><\/li>\r\n<li><a href=\"https:\/\/sinoextrud.com\/product\/architectural-aluminium-profiles\/\" target=\"_blank\">Architectural Aluminium Profiles<\/a><\/li>\r\n<li><a href=\"https:\/\/sinoextrud.com\/product\/profile-aluminum-cnc\/\" target=\"_blank\">Profile Aluminum CNC<\/a><\/li>\r\n<li><a href=\"https:\/\/sinoextrud.com\/product\/aluminum-extrusion-material-t-slot\/\" target=\"_blank\">Aluminum Extrusion Material T Slot<\/a><\/li>"},"feature_list":[]},"_links":{"self":[{"href":"https:\/\/sinoextrud.com\/es\/wp-json\/wp\/v2\/product\/7434","targetHints":{"allow":["GET"]}}],"collection":[{"href":"https:\/\/sinoextrud.com\/es\/wp-json\/wp\/v2\/product"}],"about":[{"href":"https:\/\/sinoextrud.com\/es\/wp-json\/wp\/v2\/types\/product"}],"wp:featuredmedia":[{"embeddable":true,"href":"https:\/\/sinoextrud.com\/es\/wp-json\/wp\/v2\/media\/7433"}],"wp:attachment":[{"href":"https:\/\/sinoextrud.com\/es\/wp-json\/wp\/v2\/media?parent=7434"}],"wp:term":[{"taxonomy":"category","embeddable":true,"href":"https:\/\/sinoextrud.com\/es\/wp-json\/wp\/v2\/categories?post=7434"}],"curies":[{"name":"wp","href":"https:\/\/api.w.org\/{rel}","templated":true}]}}