{"id":7402,"date":"2025-06-07T06:42:04","date_gmt":"2025-06-07T06:42:04","guid":{"rendered":"https:\/\/sinoextrud.com\/product\/anodizing-aluminum-picture-photo-frame-brushed-aluminium-frame-for-home-decoration\/"},"modified":"2025-06-24T06:12:43","modified_gmt":"2025-06-24T06:12:43","slug":"aluminio-anodizado-marco-de-fotos-marco-de-aluminio-cepillado-para-la-decoracion-del-hogar","status":"publish","type":"product","link":"https:\/\/sinoextrud.com\/es\/product\/anodizing-aluminum-picture-photo-frame-brushed-aluminium-frame-for-home-decoration\/","title":{"rendered":"Marco de fotos de aluminio anodizado marco de aluminio cepillado para la decoraci\u00f3n del hogar"},"content":{"rendered":"<h2>Productos<\/h2>\n<table class=\"custom-table\">\n<tbody>\n<tr>\n<td> Art\u00edculo:<\/td>\n<td> AnodizadoMarco de fotos de aluminioMarco de aluminio cepilladoPara la decoraci\u00f3n del hogar<\/td>\n<td> Grado:<\/td>\n<td> Serie 6000<\/td>\n<\/tr>\n<tr>\n<td> Temperamento:<\/td>\n<td> T3-T8<\/td>\n<td> Lugar de origen:<\/td>\n<td> Guangdong,China<\/td>\n<\/tr>\n<tr>\n<td> Forma:<\/td>\n<td> Canal en forma de U<\/td>\n<td> De aleaci\u00f3n o no:<\/td>\n<td> Es aleaci\u00f3n<\/td>\n<\/tr>\n<tr>\n<td> Tolerancia:<\/td>\n<td> \u00b10,5%<\/td>\n<td> Marca:<\/td>\n<td> Sinoextrud<\/td>\n<\/tr>\n<tr>\n<td> Est\u00e1ndar:<\/td>\n<td> calidad media y alta<\/td>\n<td> Tratamiento superficial:<\/td>\n<td> pintura en polvo, electroforesis, grano de madera, anodizado, cepillado, pulido<\/td>\n<\/tr>\n<tr>\n<td> Plazo de entrega:<\/td>\n<td> 25-30 d\u00edas<\/td>\n<td> MOQ:<\/td>\n<td> 200KGs<\/td>\n<\/tr>\n<tr>\n<td> Plazo de pago:<\/td>\n<td> T\/T(30% Dep\u00f3sito), L\/C<\/td>\n<td> Servicio de tramitaci\u00f3n:<\/td>\n<td> Doblado, Taladrado, Soldadura, Punzonado, Corte<\/td>\n<\/tr>\n<tr>\n<td> Puerto:<\/td>\n<td> FOB Guangzhou, Shenzhen<\/td>\n<td> Longitud:<\/td>\n<td> personalizado<\/td>\n<\/tr>\n<tr>\n<td> Color:<\/td>\n<td> personalizado<\/td>\n<td> Aplicaci\u00f3n:<\/td>\n<td> Decoraci\u00f3n del hogar<\/td>\n<\/tr>\n<\/tbody>\n<\/table>\n<h2>Nuestra base de fabricaci\u00f3n<\/h2>\n<h3>Panorama de la f\u00e1brica<\/h3>\n<p><img decoding=\"async\" src=\"\/wp-content\/uploads\/factory-01.webp\"\/><\/p>\n<h3>Taller de fabricaci\u00f3n de barras de aluminio<\/h3>\n<p><img decoding=\"async\" src=\"\/wp-content\/uploads\/factory-02.webp\"\/><\/p>\n<p><img decoding=\"async\" src=\"\/wp-content\/uploads\/factory-03.webp\"\/><\/p>\n<h3>Almac\u00e9n de moldes<\/h3>\n<p><img decoding=\"async\" src=\"\/wp-content\/uploads\/factory-04.webp\"\/><\/p>\n<h3>43 l\u00edneas de extrusi\u00f3n de aluminio (500-5500 toneladas)<\/h3>\n<p><img decoding=\"async\" src=\"\/wp-content\/uploads\/factory-05.webp\"\/><\/p>\n<p><img decoding=\"async\" src=\"\/wp-content\/uploads\/factory-06.webp\"\/><\/p>\n<p><img decoding=\"async\" src=\"\/wp-content\/uploads\/factory-07.webp\"\/><\/p>\n<h3>Taller de pintura en polvo<\/h3>\n<p><img decoding=\"async\" src=\"\/wp-content\/uploads\/factory-09.webp\"\/><\/p>\n<h3>Taller de anodizado<\/h3>\n<p><img decoding=\"async\" src=\"\/wp-content\/uploads\/factory-10.webp\"\/><\/p>\n<h3>Taller de procesamiento profundo<\/h3>\n<p><img decoding=\"async\" src=\"\/wp-content\/uploads\/factory-11.webp\"\/><\/p>\n<h3>Taller de mecanizado de precisi\u00f3n CNC<\/h3>\n<p><img decoding=\"async\" src=\"\/wp-content\/uploads\/factory-11.5.webp\"\/><\/p>\n<h3>Almac\u00e9n de productos acabados y de exportaci\u00f3n<\/h3>\n<p><img decoding=\"async\" src=\"\/wp-content\/uploads\/factory-12.webp\"\/><\/p>\n<p><img decoding=\"async\" src=\"\/wp-content\/uploads\/factory-13.webp\"\/><\/p>\n<p><img decoding=\"async\" src=\"\/wp-content\/uploads\/factory-14.webp\"\/><\/p>\n<h2>PREGUNTAS FRECUENTES<\/h2>\n<p><p><b>1.\u00bfQu\u00e9 es un marco de fotos de aluminio anodizado marco de aluminio cepillado?<\/b><\/p>\n<p>Se trata de un marco decorativo de aluminio con acabado anodizado cepillado, dise\u00f1ado para exponer fotos y obras de arte en casa con una est\u00e9tica moderna.<br \/>\n<\/p><br \/>\n<br \/>\n<p><b>2.\u00bfQu\u00e9 ventajas tiene utilizar marcos de aluminio cepillado anodizado?<\/b><\/p>\n<p>Ofrecen resistencia a la corrosi\u00f3n, un aspecto met\u00e1lico de primera calidad, durabilidad ligera y f\u00e1cil mantenimiento para una belleza duradera.<br \/>\n<\/p><br \/>\n<br \/>\n<p><b>3.\u00bfEs este marco de aluminio adecuado para la decoraci\u00f3n del hogar?<\/b><\/p>\n<p>S\u00ed, es perfecto para salones, dormitorios, pasillos y galer\u00edas, ya que a\u00f1ade un toque de estilo a cualquier espacio interior.<br \/>\n<\/p><br \/>\n<br \/>\n<p><b>4.\u00bfPuedo elegir diferentes tama\u00f1os y acabados para estos marcos?<\/b><\/p>\n<p>S\u00ed, ofrecemos dimensiones personalizables, colores anodizados y texturas cepilladas para combinar con su tema decorativo.<br \/>\n<\/p><br \/>\n<br \/>\n<p><b>5.\u00bfQu\u00e9 durabilidad tiene el acabado anodizado?<\/b><\/p>\n<p>El proceso de anodizado crea una superficie dura y protectora que resiste los ara\u00f1azos, la decoloraci\u00f3n y la corrosi\u00f3n, garantizando un uso duradero.<br \/>\n<\/p><br \/>\n<br \/>\n<p><b>6.\u00bfSon f\u00e1ciles de colgar?<\/b><\/p>\n<p>S\u00ed, vienen con accesorios de montaje est\u00e1ndar y son ligeros para una instalaci\u00f3n sencilla y segura en la pared.<br \/>\n<\/p><br \/>\n<br \/>\n<p><b>7.\u00bfQu\u00e9 materiales son compatibles con estos marcos?<\/b><\/p>\n<p>Funcionan bien con fotos, cristal, acr\u00edlico y obras de arte, lo que las hace vers\u00e1tiles para diversas necesidades de decoraci\u00f3n del hogar.<br \/>\n<\/p><br \/>\n<br \/>\n<p><b>8.\u00bfD\u00f3nde se suelen utilizar estos marcos de fotos de aluminio cepillado?<\/b><\/p>\n<p>Se utilizan mucho en casas modernas, apartamentos, estudios de arte, oficinas y tiendas de regalos, tanto con fines funcionales como decorativos.<br \/>\n<\/p><br \/><\/p>","protected":false},"featured_media":7401,"template":"","categories":[67],"class_list":["post-7402","product","type-product","status-publish","has-post-thumbnail","hentry","category-architectural-aluminium-profile"],"meta_box":{"hilight_text_group":{"product_hilight_text":"<li>Brushed anodized aluminum surface offers a modern and elegant appearance<\/li>\r\r\n<li>Corrosion-resistant finish ensures long-term durability in home environments<\/li>\r\r\n<li>Lightweight structure allows easy wall mounting and repositioning<\/li>\r\r\n<li>Perfect for framing photos, art, posters, and decorative prints<\/li>\r\r\n<li>Available in multiple sizes and finishes to suit various interior styles<\/li>\r\r\n<li>Precision-cut edges and smooth corners enhance visual appeal<\/li>\r\r\n<li>Easy to assemble with secure backing and hanging hardware<\/li>","product_chanpin_blog":"<ul>\r\r\n<li><a href=\"https:\/\/sinoextrud.com\/t-slot-v-slot-differences\/\" target=\"_blank\">t slot vs v slot<\/a><\/li>\r\r\n<li><a href=\"https:\/\/sinoextrud.com\/what-is-4040-aluminium-extrud\/\" target=\"_blank\">4040 aluminium extrusion<\/a><\/li>\r\r\n<li><a href=\"https:\/\/sinoextrud.com\/what-is-4040-aluminium-extrud\/\" target=\"_blank\">aluminum extrusions for industrial racks<\/a><\/li>\r\r\n<li><a href=\"https:\/\/sinoextrud.com\/powder-coating-aluminium-process\/\" target=\"_blank\">powder coating aluminium<\/a><\/li>\r\r\n<li><a href=\"https:\/\/sinoextrud.com\/what-is-an-aluminium-strip-ceiling\/\" target=\"_blank\">aluminium strip ceiling<\/a><\/li>\r\r\n<li><a href=\"https:\/\/sinoextrud.com\/what-is-a-heat-sink\/\" target=\"_blank\">what is a heat sink<\/a><\/li>\r\r\n<\/ul>","product_chanpin_chanpin":"<li><a href=\"https:\/\/sinoextrud.com\/product\/square-aluminium-extrusion\/\" target=\"_blank\">Square Aluminium Extrusion<\/a><\/li>\r\n<li><a href=\"https:\/\/sinoextrud.com\/product\/u-shape-extruded-aluminum-wall-panels\/\" target=\"_blank\">U Shape Extruded Aluminum Wall Panels<\/a><\/li>\r\n<li><a href=\"https:\/\/sinoextrud.com\/product\/greenhouse-aluminum-extrusions-blade-window\/\" target=\"_blank\">Greenhouse Aluminum Extrusions Blade Window<\/a><\/li>\r\n<li><a href=\"https:\/\/sinoextrud.com\/product\/wide-aluminum-extrusions\/\" target=\"_blank\">Wide Aluminum Extrusions<\/a><\/li>\r\n<li><a href=\"https:\/\/sinoextrud.com\/product\/anodizing-aluminum-picture-photo-frame-brushed-aluminium-frame-for-home-decoration\/\" target=\"_blank\">Anodizing Aluminum Picture Photo Frame Brushed Aluminium Frame For Home Decoration<\/a><\/li>\r\n<li><a href=\"https:\/\/sinoextrud.com\/product\/china-aluminum-factory-wholesale-residential-aluminum-fence\/\" target=\"_blank\">China Aluminum Factory Wholesale Residential Aluminum Fence<\/a><\/li>\r\n<li><a href=\"https:\/\/sinoextrud.com\/product\/aluminum-skirting-profile\/\" target=\"_blank\">Aluminum Skirting Profile<\/a><\/li>\r\n<li><a href=\"https:\/\/sinoextrud.com\/product\/customized-large-size-aluminum-alloy-louvers\/\" target=\"_blank\">Customized Large-Size Aluminum Alloy Louvers<\/a><\/li>\r\n<li><a href=\"https:\/\/sinoextrud.com\/product\/custom-cnc-machined-7075-aluminum-extrusion\/\" target=\"_blank\">Custom CNC Machined 7075 Aluminum Extrusion<\/a><\/li>\r\n<li><a href=\"https:\/\/sinoextrud.com\/product\/dripping-screen-ceiling-system\/\" target=\"_blank\">Dripping Screen Ceiling System<\/a><\/li>\r\n<li><a href=\"https:\/\/sinoextrud.com\/product\/anodized-extrusion-precise-round-square-aluminum-tube\/\" target=\"_blank\">Anodized Extrusion Precise Round Square Aluminum Tube<\/a><\/li>"},"feature_list":[]},"_links":{"self":[{"href":"https:\/\/sinoextrud.com\/es\/wp-json\/wp\/v2\/product\/7402","targetHints":{"allow":["GET"]}}],"collection":[{"href":"https:\/\/sinoextrud.com\/es\/wp-json\/wp\/v2\/product"}],"about":[{"href":"https:\/\/sinoextrud.com\/es\/wp-json\/wp\/v2\/types\/product"}],"wp:featuredmedia":[{"embeddable":true,"href":"https:\/\/sinoextrud.com\/es\/wp-json\/wp\/v2\/media\/7401"}],"wp:attachment":[{"href":"https:\/\/sinoextrud.com\/es\/wp-json\/wp\/v2\/media?parent=7402"}],"wp:term":[{"taxonomy":"category","embeddable":true,"href":"https:\/\/sinoextrud.com\/es\/wp-json\/wp\/v2\/categories?post=7402"}],"curies":[{"name":"wp","href":"https:\/\/api.w.org\/{rel}","templated":true}]}}