{"id":7398,"date":"2025-06-07T06:38:21","date_gmt":"2025-06-07T06:38:21","guid":{"rendered":"https:\/\/sinoextrud.com\/product\/greenhouse-aluminum-extrusions-blade-window\/"},"modified":"2025-06-24T06:12:43","modified_gmt":"2025-06-24T06:12:43","slug":"invernadero-extrusiones-de-aluminio-hoja-ventana","status":"publish","type":"product","link":"https:\/\/sinoextrud.com\/es\/product\/greenhouse-aluminum-extrusions-blade-window\/","title":{"rendered":"Ventana de lamas de extrusiones de aluminio para invernaderos"},"content":{"rendered":"<h2>Productos<\/h2>\n<table class=\"custom-table\">\n<tbody>\n<tr>\n<td> Grado:<\/td>\n<td> 6063 -t5<\/td>\n<\/tr>\n<tr>\n<td> T\u00e9cnica:<\/td>\n<td> Ventana de lamas de extrusiones de aluminio para invernaderos<\/td>\n<\/tr>\n<tr>\n<td> Temperamento:<\/td>\n<td> T3 - T8<\/td>\n<\/tr>\n<tr>\n<td> Servicios de mecanizado:<\/td>\n<td> Taladrado, roscado, remachado, montaje, etc.<\/td>\n<\/tr>\n<tr>\n<td> Marca registrada:<\/td>\n<td> Sinoextrud Sinoextrud <\/td>\n<\/tr>\n<tr>\n<td> Tipo:<\/td>\n<td> Ventana de lamas de extrusiones de aluminio para invernaderos<\/td>\n<\/tr>\n<tr>\n<td> Forma:<\/td>\n<td> Hecho a medida del cliente<\/td>\n<\/tr>\n<tr>\n<td> Tratamiento de la superficie:<\/td>\n<td> Acabado fresado Anodizado Cepillado<\/td>\n<\/tr>\n<tr>\n<td> Longitud:<\/td>\n<td> De 1 a 9 m por longitud<\/td>\n<\/tr>\n<tr>\n<td> Colores:<\/td>\n<td> Plata Negro<\/td>\n<\/tr>\n<tr>\n<td> C\u00f3digo SA:<\/td>\n<td> 76042990<\/td>\n<\/tr>\n<\/tbody>\n<\/table>\n<h2>Nuestra base de fabricaci\u00f3n<\/h2>\n<h3>Panorama de la f\u00e1brica<\/h3>\n<p><img decoding=\"async\" src=\"\/wp-content\/uploads\/factory-01.webp\"\/><\/p>\n<h3>Taller de fabricaci\u00f3n de barras de aluminio<\/h3>\n<p><img decoding=\"async\" src=\"\/wp-content\/uploads\/factory-02.webp\"\/><\/p>\n<p><img decoding=\"async\" src=\"\/wp-content\/uploads\/factory-03.webp\"\/><\/p>\n<h3>Almac\u00e9n de moldes<\/h3>\n<p><img decoding=\"async\" src=\"\/wp-content\/uploads\/factory-04.webp\"\/><\/p>\n<h3>43 L\u00c3neas de extrusi\u00c3\u00b3n de aluminio (500\u00e2\u20ac\"5500 toneladas)<\/h3>\n<p><img decoding=\"async\" src=\"\/wp-content\/uploads\/factory-05.webp\"\/><\/p>\n<p><img decoding=\"async\" src=\"\/wp-content\/uploads\/factory-06.webp\"\/><\/p>\n<p><img decoding=\"async\" src=\"\/wp-content\/uploads\/factory-07.webp\"\/><\/p>\n<h3>Taller de pintura en polvo<\/h3>\n<p><img decoding=\"async\" src=\"\/wp-content\/uploads\/factory-09.webp\"\/><\/p>\n<h3>Taller de anodizado<\/h3>\n<p><img decoding=\"async\" src=\"\/wp-content\/uploads\/factory-10.webp\"\/><\/p>\n<h3>Taller de procesamiento profundo<\/h3>\n<p><img decoding=\"async\" src=\"\/wp-content\/uploads\/factory-11.webp\"\/><\/p>\n<h3>Taller de mecanizado de precisi\u00f3n CNC<\/h3>\n<p><img decoding=\"async\" src=\"\/wp-content\/uploads\/factory-11.5.webp\"\/><\/p>\n<h3>Almac\u00e9n de productos acabados y de exportaci\u00f3n<\/h3>\n<p><img decoding=\"async\" src=\"\/wp-content\/uploads\/factory-12.webp\"\/><\/p>\n<p><img decoding=\"async\" src=\"\/wp-content\/uploads\/factory-13.webp\"\/><\/p>\n<p><img decoding=\"async\" src=\"\/wp-content\/uploads\/factory-14.webp\"\/><\/p>\n<h2>PREGUNTAS FRECUENTES<\/h2>\n<p><p><b>1. \u00bfQu\u00e9 son las ventanas de hoja de extrusiones de aluminio para invernaderos?<\/b><\/p>\n<p>Las extrusiones de aluminio para invernaderos Blade Window son perfiles de aluminio que se utilizan para enmarcar y soportar ventanas tipo persiana en sistemas de ventilaci\u00f3n de invernaderos.<br \/>\n<\/p><br \/>\n<br \/>\n<p><b>2.\u00bfCu\u00e1les son las ventajas de utilizar extrusiones de aluminio para las ventanas de las hojas de los invernaderos?<\/b><\/p>\n<p>Proporcionan ligereza, resistencia a la corrosi\u00f3n y un control preciso del flujo de aire, esenciales para la salud de las plantas.<br \/>\n<\/p><br \/>\n<br \/>\n<p><b>3. \u00bfSon estos perfiles adecuados para condiciones de alta humedad en invernaderos?<\/b><\/p>\n<p>S\u00ed, son resistentes a la corrosi\u00f3n y est\u00e1n dise\u00f1ados espec\u00edficamente para funcionar en climas h\u00famedos de invernadero.<br \/>\n<\/p><br \/>\n<br \/>\n<p><b>4.\u00bfSe pueden personalizar las extrusiones de las ventanas de hojas?<\/b><\/p>\n<p>S\u00ed, ofrecemos tama\u00f1os, formas y acabados personalizados para adaptarnos a estructuras de invernadero y necesidades de ventilaci\u00f3n espec\u00edficas.<br \/>\n<\/p><br \/>\n<br \/>\n<p><b>5.\u00bfC\u00f3mo mejoran las extrusiones de las ventanas de l\u00e1minas la circulaci\u00f3n del aire en los invernaderos?<\/b><\/p>\n<p>Soportan ventanas de lamas que pueden inclinarse para conseguir una ventilaci\u00f3n natural y un control de la temperatura \u00f3ptimos.<br \/>\n<\/p><br \/>\n<br \/>\n<p><b>6.\u00bfSon compatibles estos perfiles de aluminio con los sistemas de automatizaci\u00f3n?<\/b><\/p>\n<p>S\u00ed, est\u00e1n dise\u00f1adas para integrarse con mecanismos de apertura tanto manuales como autom\u00e1ticos para facilitar su uso.<br \/>\n<\/p><br \/>\n<br \/>\n<p><b>7.\u00bfLas extrusiones de aluminio para invernaderos requieren un mantenimiento especial?<\/b><\/p>\n<p>No, requieren un mantenimiento m\u00ednimo gracias a sus propiedades duraderas y resistentes a la corrosi\u00f3n.<br \/>\n<\/p><br \/>\n<br \/>\n<p><b>8.\u00bfD\u00f3nde se suelen utilizar estos perfiles de ventana de hoja?<\/b><\/p>\n<p>Se utilizan ampliamente en invernaderos comerciales, instalaciones hort\u00edcolas y edificios agr\u00edcolas para una ventilaci\u00f3n eficaz.<br \/>\n<\/p><br \/><\/p>","protected":false},"featured_media":7397,"template":"","categories":[67],"class_list":["post-7398","product","type-product","status-publish","has-post-thumbnail","hentry","category-architectural-aluminium-profile"],"meta_box":{"hilight_text_group":{"product_hilight_text":"<li>Designed specifically for greenhouse blade (louver) window systems<\/li>\r\r\n<li>High-strength aluminum ensures structural stability and longevity<\/li>\r\r\n<li>Corrosion-resistant finish ideal for humid greenhouse environments<\/li>\r\r\n<li>Lightweight material allows for easy installation and operation<\/li>\r\r\n<li>Customizable sizes and profiles to match various greenhouse designs<\/li>\r\r\n<li>Supports smooth airflow control and natural ventilation<\/li>\r\r\n<li>Compatible with automated and manual window opening systems<\/li>","product_chanpin_blog":"<ul>\r\r\n<li><a href=\"https:\/\/sinoextrud.com\/t-slot-v-slot-differences\/\" target=\"_blank\">t slot vs v slot<\/a><\/li>\r\r\n<li><a href=\"https:\/\/sinoextrud.com\/what-is-4040-aluminium-extrud\/\" target=\"_blank\">4040 aluminium extrusion<\/a><\/li>\r\r\n<li><a href=\"https:\/\/sinoextrud.com\/what-is-4040-aluminium-extrud\/\" target=\"_blank\">aluminum extrusions for industrial racks<\/a><\/li>\r\r\n<li><a href=\"https:\/\/sinoextrud.com\/powder-coating-aluminium-process\/\" target=\"_blank\">powder coating aluminium<\/a><\/li>\r\r\n<li><a href=\"https:\/\/sinoextrud.com\/what-is-an-aluminium-strip-ceiling\/\" target=\"_blank\">aluminium strip ceiling<\/a><\/li>\r\r\n<li><a href=\"https:\/\/sinoextrud.com\/what-is-a-heat-sink\/\" target=\"_blank\">what is a heat sink<\/a><\/li>\r\r\n<\/ul>","product_chanpin_chanpin":"<li><a href=\"https:\/\/sinoextrud.com\/product\/anodized-extruded-aluminum-j-channel\/\" target=\"_blank\">Anodized Extruded Aluminum J Channel<\/a><\/li>\r\n<li><a href=\"https:\/\/sinoextrud.com\/product\/aluminum-handrail-profiles\/\" target=\"_blank\">Aluminum Handrail Profiles<\/a><\/li>\r\n<li><a href=\"https:\/\/sinoextrud.com\/product\/square-aluminium-extrusion\/\" target=\"_blank\">Square Aluminium Extrusion<\/a><\/li>\r\n<li><a href=\"https:\/\/sinoextrud.com\/product\/u-shape-extruded-aluminum-wall-panels\/\" target=\"_blank\">U Shape Extruded Aluminum Wall Panels<\/a><\/li>\r\n<li><a href=\"https:\/\/sinoextrud.com\/product\/greenhouse-aluminum-extrusions-blade-window\/\" target=\"_blank\">Greenhouse Aluminum Extrusions Blade Window<\/a><\/li>\r\n<li><a href=\"https:\/\/sinoextrud.com\/product\/wide-aluminum-extrusions\/\" target=\"_blank\">Wide Aluminum Extrusions<\/a><\/li>\r\n<li><a href=\"https:\/\/sinoextrud.com\/product\/anodizing-aluminum-picture-photo-frame-brushed-aluminium-frame-for-home-decoration\/\" target=\"_blank\">Anodizing Aluminum Picture Photo Frame Brushed Aluminium Frame For Home Decoration<\/a><\/li>\r\n<li><a href=\"https:\/\/sinoextrud.com\/product\/china-aluminum-factory-wholesale-residential-aluminum-fence\/\" target=\"_blank\">China Aluminum Factory Wholesale Residential Aluminum Fence<\/a><\/li>\r\n<li><a href=\"https:\/\/sinoextrud.com\/product\/aluminum-skirting-profile\/\" target=\"_blank\">Aluminum Skirting Profile<\/a><\/li>\r\n<li><a href=\"https:\/\/sinoextrud.com\/product\/aluminum-z-section-extrusions\/\" target=\"_blank\">Aluminum Z Section Extrusions<\/a><\/li>\r\n<li><a href=\"https:\/\/sinoextrud.com\/product\/round-extruded-aluminum\/\" target=\"_blank\">Round Extruded Aluminum<\/a><\/li>"},"feature_list":[]},"_links":{"self":[{"href":"https:\/\/sinoextrud.com\/es\/wp-json\/wp\/v2\/product\/7398","targetHints":{"allow":["GET"]}}],"collection":[{"href":"https:\/\/sinoextrud.com\/es\/wp-json\/wp\/v2\/product"}],"about":[{"href":"https:\/\/sinoextrud.com\/es\/wp-json\/wp\/v2\/types\/product"}],"wp:featuredmedia":[{"embeddable":true,"href":"https:\/\/sinoextrud.com\/es\/wp-json\/wp\/v2\/media\/7397"}],"wp:attachment":[{"href":"https:\/\/sinoextrud.com\/es\/wp-json\/wp\/v2\/media?parent=7398"}],"wp:term":[{"taxonomy":"category","embeddable":true,"href":"https:\/\/sinoextrud.com\/es\/wp-json\/wp\/v2\/categories?post=7398"}],"curies":[{"name":"wp","href":"https:\/\/api.w.org\/{rel}","templated":true}]}}