{"id":7396,"date":"2025-06-07T06:36:48","date_gmt":"2025-06-07T06:36:48","guid":{"rendered":"https:\/\/sinoextrud.com\/product\/u-shape-extruded-aluminum-wall-panels\/"},"modified":"2025-06-24T06:12:43","modified_gmt":"2025-06-24T06:12:43","slug":"paneles-de-pared-de-aluminio-extruido-en-forma-de-u","status":"publish","type":"product","link":"https:\/\/sinoextrud.com\/es\/product\/u-shape-extruded-aluminum-wall-panels\/","title":{"rendered":"Paneles de pared de aluminio extruido en forma de U"},"content":{"rendered":"<h2>Productos<\/h2>\n<table class=\"custom-table\">\n<tbody>\n<tr>\n<td> Art\u00edculo:<\/td>\n<td> Paneles de pared de aluminio extruido en forma de U<\/td>\n<td> Grado:<\/td>\n<td> Serie 6000 6063<\/td>\n<\/tr>\n<tr>\n<td> Temperamento:<\/td>\n<td> 6063-T5<\/td>\n<td> Lugar de origen:<\/td>\n<td> Foshan, Guangdong<\/td>\n<\/tr>\n<tr>\n<td> Forma:<\/td>\n<td> Canal en forma de U<\/td>\n<td> De aleaci\u00f3n o no:<\/td>\n<td> Aleaci\u00f3n Alunimun<\/td>\n<\/tr>\n<tr>\n<td> Tolerancia:<\/td>\n<td> \u00b10,5%<\/td>\n<td> Marca:<\/td>\n<td> Sinoextrud, Sinoextrud<\/td>\n<\/tr>\n<tr>\n<td> Est\u00e1ndar:<\/td>\n<td> calidad media y alta<\/td>\n<td> Tratamiento de la superficie:<\/td>\n<td> pintura en polvo, electroforesis, grano de madera, anodizado, cepillado, pulido<\/td>\n<\/tr>\n<tr>\n<td> Plazo de entrega:<\/td>\n<td> 25-30 d\u00edas<\/td>\n<td> MOQ:<\/td>\n<td> 200KGs<\/td>\n<\/tr>\n<tr>\n<td> Plazo de pago:<\/td>\n<td> T\/T(30% Dep\u00f3sito), L\/C<\/td>\n<td> Servicio de tramitaci\u00f3n:<\/td>\n<td> Plegado, desenrollado, soldadura, punzonado, corte<\/td>\n<\/tr>\n<tr>\n<td> Puerto:<\/td>\n<td> Guangzhou, Shenzhen<\/td>\n<td> Longitud::<\/td>\n<td> 1-9m o personalizado<\/td>\n<\/tr>\n<\/tbody>\n<\/table>\n<h2>Nuestra base de fabricaci\u00f3n<\/h2>\n<h3>Panorama de la f\u00e1brica<\/h3>\n<p><img decoding=\"async\" src=\"\/wp-content\/uploads\/factory-01.webp\"\/><\/p>\n<h3>Taller de fabricaci\u00f3n de barras de aluminio<\/h3>\n<p><img decoding=\"async\" src=\"\/wp-content\/uploads\/factory-02.webp\"\/><\/p>\n<p><img decoding=\"async\" src=\"\/wp-content\/uploads\/factory-03.webp\"\/><\/p>\n<h3>Almac\u00e9n de moldes<\/h3>\n<p><img decoding=\"async\" src=\"\/wp-content\/uploads\/factory-04.webp\"\/><\/p>\n<h3>43 l\u00edneas de extrusi\u00f3n de aluminio (500-5500 toneladas)<\/h3>\n<p><img decoding=\"async\" src=\"\/wp-content\/uploads\/factory-05.webp\"\/><\/p>\n<p><img decoding=\"async\" src=\"\/wp-content\/uploads\/factory-06.webp\"\/><\/p>\n<p><img decoding=\"async\" src=\"\/wp-content\/uploads\/factory-07.webp\"\/><\/p>\n<h3>Taller de pintura en polvo<\/h3>\n<p><img decoding=\"async\" src=\"\/wp-content\/uploads\/factory-09.webp\"\/><\/p>\n<h3>Taller de anodizado<\/h3>\n<p><img decoding=\"async\" src=\"\/wp-content\/uploads\/factory-10.webp\"\/><\/p>\n<h3>Taller de procesamiento profundo<\/h3>\n<p><img decoding=\"async\" src=\"\/wp-content\/uploads\/factory-11.webp\"\/><\/p>\n<h3>Taller de mecanizado de precisi\u00f3n CNC<\/h3>\n<p><img decoding=\"async\" src=\"\/wp-content\/uploads\/factory-11.5.webp\"\/><\/p>\n<h3>Almac\u00e9n de productos acabados y de exportaci\u00f3n<\/h3>\n<p><img decoding=\"async\" src=\"\/wp-content\/uploads\/factory-12.webp\"\/><\/p>\n<p><img decoding=\"async\" src=\"\/wp-content\/uploads\/factory-13.webp\"\/><\/p>\n<p><img decoding=\"async\" src=\"\/wp-content\/uploads\/factory-14.webp\"\/><\/p>\n<h2>PREGUNTAS FRECUENTES<\/h2>\n<p><p><b>1. \u00bfQu\u00e9 son los paneles de pared de aluminio extruido en forma de U?<\/b><\/p>\n<p>Los paneles murales de aluminio extruido en forma de U son paneles de revestimiento arquitect\u00f3nico con perfil en U, dise\u00f1ados para acabados murales elegantes y modernos.<br \/>\n<\/p><br \/>\n<br \/>\n<p><b>2. \u00bfCu\u00e1les son las ventajas de los paneles de pared de aluminio en forma de U?<\/b><\/p>\n<p>Proporcionan un aspecto limpio, resistencia a la corrosi\u00f3n, resistencia ligera y facilidad de instalaci\u00f3n tanto para aplicaciones interiores como exteriores.<br \/>\n<\/p><br \/>\n<br \/>\n<p><b>3.\u00bfSon aptos estos paneles para su uso en exteriores?<\/b><\/p>\n<p>S\u00ed, el material de aluminio y los acabados protectores los hacen ideales para sistemas de revestimiento exterior en cualquier condici\u00f3n meteorol\u00f3gica.<br \/>\n<\/p><br \/>\n<br \/>\n<p><b>4. \u00bfSe pueden personalizar los paneles de aluminio en forma de U?<\/b><\/p>\n<p>S\u00ed, ofrecemos tama\u00f1os, colores, acabados y configuraciones de ranura personalizados para adaptarnos a los requisitos arquitect\u00f3nicos.<br \/>\n<\/p><br \/>\n<br \/>\n<p><b>5. \u00bfC\u00f3mo se instalan los paneles de pared de aluminio extruido en forma de U?<\/b><\/p>\n<p>Suelen instalarse con fijaciones ocultas o rieles de montaje para conseguir un aspecto enrasado y sin juntas.<br \/>\n<\/p><br \/>\n<br \/>\n<p><b>6.\u00bfQu\u00e9 acabados hay disponibles para estos paneles murales de aluminio?<\/b><\/p>\n<p>Los acabados disponibles incluyen anodizado, recubrimiento en polvo, cepillado y colores personalizados para adaptarse a diferentes est\u00e9ticas de dise\u00f1o.<br \/>\n<\/p><br \/>\n<br \/>\n<p><b>7.\u00bfSon estos paneles ligeros y f\u00e1ciles de manejar?<\/b><\/p>\n<p>S\u00ed, su construcci\u00f3n en aluminio los hace ligeros y f\u00e1ciles de transportar, fabricar e instalar.<br \/>\n<\/p><br \/>\n<br \/>\n<p><b>8. \u00bfD\u00f3nde se suelen utilizar los paneles de pared de aluminio extruido en forma de U?<\/b><\/p>\n<p>Se utilizan en edificios comerciales, interiores residenciales, sistemas de fachadas, vest\u00edbulos y revestimientos murales decorativos.<br \/>\n<\/p><br \/><\/p>","protected":false},"featured_media":7395,"template":"","categories":[67],"class_list":["post-7396","product","type-product","status-publish","has-post-thumbnail","hentry","category-architectural-aluminium-profile"],"meta_box":{"hilight_text_group":{"product_hilight_text":"<li>Unique U-shape profile offers modern and clean architectural lines<\/li>\r\r\n<li>Made from high-quality aluminum for lightweight strength and durability<\/li>\r\r\n<li>Corrosion-resistant surface ensures long-term performance<\/li>\r\r\n<li>Easy installation with concealed fasteners for a seamless look<\/li>\r\r\n<li>Available in various sizes, finishes, and colors<\/li>\r\r\n<li>Ideal for interior and exterior wall cladding applications<\/li>\r\r\n<li>Supports custom fabrication to meet project-specific designs<\/li>","product_chanpin_blog":"<ul>\r\r\n<li><a href=\"https:\/\/sinoextrud.com\/t-slot-v-slot-differences\/\" target=\"_blank\">t slot vs v slot<\/a><\/li>\r\r\n<li><a href=\"https:\/\/sinoextrud.com\/what-is-4040-aluminium-extrud\/\" target=\"_blank\">4040 aluminium extrusion<\/a><\/li>\r\r\n<li><a href=\"https:\/\/sinoextrud.com\/what-is-4040-aluminium-extrud\/\" target=\"_blank\">aluminum extrusions for industrial racks<\/a><\/li>\r\r\n<li><a href=\"https:\/\/sinoextrud.com\/powder-coating-aluminium-process\/\" target=\"_blank\">powder coating aluminium<\/a><\/li>\r\r\n<li><a href=\"https:\/\/sinoextrud.com\/what-is-an-aluminium-strip-ceiling\/\" target=\"_blank\">aluminium strip ceiling<\/a><\/li>\r\r\n<li><a href=\"https:\/\/sinoextrud.com\/what-is-a-heat-sink\/\" target=\"_blank\">what is a heat sink<\/a><\/li>\r\r\n<\/ul>","product_chanpin_chanpin":"<li><a href=\"https:\/\/sinoextrud.com\/product\/extruded-h-beam-aluminum-profile\/\" target=\"_blank\">Extruded H Beam Aluminum Profile<\/a><\/li>\r\n<li><a href=\"https:\/\/sinoextrud.com\/product\/anodized-extruded-aluminum-j-channel\/\" target=\"_blank\">Anodized Extruded Aluminum J Channel<\/a><\/li>\r\n<li><a href=\"https:\/\/sinoextrud.com\/product\/aluminum-handrail-profiles\/\" target=\"_blank\">Aluminum Handrail Profiles<\/a><\/li>\r\n<li><a href=\"https:\/\/sinoextrud.com\/product\/square-aluminium-extrusion\/\" target=\"_blank\">Square Aluminium Extrusion<\/a><\/li>\r\n<li><a href=\"https:\/\/sinoextrud.com\/product\/u-shape-extruded-aluminum-wall-panels\/\" target=\"_blank\">U Shape Extruded Aluminum Wall Panels<\/a><\/li>\r\n<li><a href=\"https:\/\/sinoextrud.com\/product\/greenhouse-aluminum-extrusions-blade-window\/\" target=\"_blank\">Greenhouse Aluminum Extrusions Blade Window<\/a><\/li>\r\n<li><a href=\"https:\/\/sinoextrud.com\/product\/wide-aluminum-extrusions\/\" target=\"_blank\">Wide Aluminum Extrusions<\/a><\/li>\r\n<li><a href=\"https:\/\/sinoextrud.com\/product\/anodizing-aluminum-picture-photo-frame-brushed-aluminium-frame-for-home-decoration\/\" target=\"_blank\">Anodizing Aluminum Picture Photo Frame Brushed Aluminium Frame For Home Decoration<\/a><\/li>\r\n<li><a href=\"https:\/\/sinoextrud.com\/product\/china-aluminum-factory-wholesale-residential-aluminum-fence\/\" target=\"_blank\">China Aluminum Factory Wholesale Residential Aluminum Fence<\/a><\/li>\r\n<li><a href=\"https:\/\/sinoextrud.com\/product\/u-shaped-baffle-ceiling-system\/\" target=\"_blank\">U-Shaped Baffle Ceiling System<\/a><\/li>\r\n<li><a href=\"https:\/\/sinoextrud.com\/product\/aluminum-cnc-machined-part-custom-aluminum-machining\/\" target=\"_blank\">Aluminum CNC Machined Part Custom Aluminum Machining<\/a><\/li>"},"feature_list":[]},"_links":{"self":[{"href":"https:\/\/sinoextrud.com\/es\/wp-json\/wp\/v2\/product\/7396","targetHints":{"allow":["GET"]}}],"collection":[{"href":"https:\/\/sinoextrud.com\/es\/wp-json\/wp\/v2\/product"}],"about":[{"href":"https:\/\/sinoextrud.com\/es\/wp-json\/wp\/v2\/types\/product"}],"wp:featuredmedia":[{"embeddable":true,"href":"https:\/\/sinoextrud.com\/es\/wp-json\/wp\/v2\/media\/7395"}],"wp:attachment":[{"href":"https:\/\/sinoextrud.com\/es\/wp-json\/wp\/v2\/media?parent=7396"}],"wp:term":[{"taxonomy":"category","embeddable":true,"href":"https:\/\/sinoextrud.com\/es\/wp-json\/wp\/v2\/categories?post=7396"}],"curies":[{"name":"wp","href":"https:\/\/api.w.org\/{rel}","templated":true}]}}