{"id":7388,"date":"2025-06-07T06:30:48","date_gmt":"2025-06-07T06:30:48","guid":{"rendered":"https:\/\/sinoextrud.com\/product\/extruded-h-beam-aluminum-profile\/"},"modified":"2025-06-24T06:12:42","modified_gmt":"2025-06-24T06:12:42","slug":"perfil-de-aluminio-extruido-en-forma-de-h","status":"publish","type":"product","link":"https:\/\/sinoextrud.com\/es\/product\/extruded-h-beam-aluminum-profile\/","title":{"rendered":"Perfil de aluminio extruido con forma de H"},"content":{"rendered":"<h2>Productos<\/h2>\n<table class=\"custom-table\">\n<tbody>\n<tr>\n<td> Nombre del producto<\/td>\n<td> Perfil de aluminio extruido con forma de H<\/td>\n<\/tr>\n<tr>\n<td> Material<\/td>\n<td> 6063,6061,6463,6005,6082 etc.<\/td>\n<\/tr>\n<tr>\n<td> Forma<\/td>\n<td> H,I u otras formas personalizadas<\/td>\n<\/tr>\n<tr>\n<td> Espesor<\/td>\n<td> 0,7 mm-10 mm<\/td>\n<\/tr>\n<tr>\n<td> Talla<\/td>\n<td> 122*85,5 mm y otros tama\u00f1os seg\u00fan los requisitos del cliente<\/td>\n<\/tr>\n<tr>\n<td> Longitud<\/td>\n<td> Longitud est\u00e1ndar 1-9M, otras longitudes disponibles<\/td>\n<\/tr>\n<tr>\n<td> Aplicaciones t\u00edpicas<\/td>\n<td> Andamios u otros usos arquitect\u00f3nicos e industriales, etc.<\/td>\n<\/tr>\n<tr>\n<td> Proceso profundo<\/td>\n<td> Fresado CNC, taladrado, punzonado, perforaci\u00f3n, roscado, plegado<\/td>\n<\/tr>\n<tr>\n<td> Marca<\/td>\n<td> Sinoextrud,Sinoextrud, o marca OEM<\/td>\n<\/tr>\n<tr>\n<td> Tratamiento de superficies<\/td>\n<td> Acabado de molino, anodizado, recubierto de polvo, grano de madera, etc.<\/td>\n<\/tr>\n<tr>\n<td> MOQ<\/td>\n<td> 200KGs<\/td>\n<\/tr>\n<tr>\n<td> Garant\u00eda de calidad<\/td>\n<td> 100&amp; inspecci\u00f3n para garantizar la alta calidad<\/td>\n<\/tr>\n<tr>\n<td> Certificados<\/td>\n<td> ISO9001,ISO4001,CQM,SGS,CE,BV etc.<\/td>\n<\/tr>\n<tr>\n<td> Lugar de origen<\/td>\n<td> Guangdong,China<\/td>\n<\/tr>\n<\/tbody>\n<\/table>\n<h2>Nuestra base de fabricaci\u00f3n<\/h2>\n<h3>Panorama de la f\u00e1brica<\/h3>\n<p><img decoding=\"async\" src=\"\/wp-content\/uploads\/factory-01.webp\"\/><\/p>\n<h3>Taller de fabricaci\u00f3n de barras de aluminio<\/h3>\n<p><img decoding=\"async\" src=\"\/wp-content\/uploads\/factory-02.webp\"\/><\/p>\n<p><img decoding=\"async\" src=\"\/wp-content\/uploads\/factory-03.webp\"\/><\/p>\n<h3>Almac\u00e9n de moldes<\/h3>\n<p><img decoding=\"async\" src=\"\/wp-content\/uploads\/factory-04.webp\"\/><\/p>\n<h3>43 L\u00c3neas de extrusi\u00c3\u00b3n de aluminio (500\u00e2\u20ac\"5500 toneladas)<\/h3>\n<p><img decoding=\"async\" src=\"\/wp-content\/uploads\/factory-05.webp\"\/><\/p>\n<p><img decoding=\"async\" src=\"\/wp-content\/uploads\/factory-06.webp\"\/><\/p>\n<p><img decoding=\"async\" src=\"\/wp-content\/uploads\/factory-07.webp\"\/><\/p>\n<h3>Taller de pintura en polvo<\/h3>\n<p><img decoding=\"async\" src=\"\/wp-content\/uploads\/factory-09.webp\"\/><\/p>\n<h3>Taller de anodizado<\/h3>\n<p><img decoding=\"async\" src=\"\/wp-content\/uploads\/factory-10.webp\"\/><\/p>\n<h3>Taller de procesamiento profundo<\/h3>\n<p><img decoding=\"async\" src=\"\/wp-content\/uploads\/factory-11.webp\"\/><\/p>\n<h3>Taller de mecanizado de precisi\u00f3n CNC<\/h3>\n<p><img decoding=\"async\" src=\"\/wp-content\/uploads\/factory-11.5.webp\"\/><\/p>\n<h3>Almac\u00e9n de productos acabados y de exportaci\u00f3n<\/h3>\n<p><img decoding=\"async\" src=\"\/wp-content\/uploads\/factory-12.webp\"\/><\/p>\n<p><img decoding=\"async\" src=\"\/wp-content\/uploads\/factory-13.webp\"\/><\/p>\n<p><img decoding=\"async\" src=\"\/wp-content\/uploads\/factory-14.webp\"\/><\/p>\n<h2>PREGUNTAS FRECUENTES<\/h2>\n<p><p><b>1. \u00bfQu\u00e9 es un perfil de aluminio extruido tipo viga H?<\/b><\/p>\n<p>Un perfil de aluminio extruido en forma de H es un componente estructural de alta resistencia con forma de \"H\", dise\u00f1ado para aplicaciones de soporte de carga en entornos industriales y de construcci\u00f3n.<br \/>\n<\/p><br \/>\n<br \/>\n<p><b>2.\u00bfCu\u00e1les son las ventajas de utilizar vigas H de aluminio?<\/b><\/p>\n<p>Las vigas H de aluminio ofrecen una excelente relaci\u00f3n resistencia-peso, resistencia a la corrosi\u00f3n y son m\u00e1s f\u00e1ciles de transportar e instalar que las de acero.<br \/>\n<\/p><br \/>\n<br \/>\n<p><b>3.\u00bfPueden utilizarse vigas H de aluminio en exteriores?<\/b><\/p>\n<p>S\u00ed, las vigas en H de aluminio extruido son resistentes a la corrosi\u00f3n y adecuadas para estructuras exteriores y entornos dif\u00edciles.<br \/>\n<\/p><br \/>\n<br \/>\n<p><b>4.\u00bfSe pueden personalizar los perfiles de aluminio para vigas en H?<\/b><\/p>\n<p>S\u00ed, los fabricantes ofrecen servicios OEM que incluyen dimensiones personalizadas, acabados superficiales y selecci\u00f3n de aleaciones.<br \/>\n<\/p><br \/>\n<br \/>\n<p><b>5. \u00bfQu\u00e9 industrias utilizan perfiles de aluminio extruido para vigas en H?<\/b><\/p>\n<p>Se utilizan habitualmente en la construcci\u00f3n, los armazones de maquinaria, el transporte, la industria aeroespacial y las plataformas estructurales.<br \/>\n<\/p><br \/>\n<br \/>\n<p><b>6.\u00bfSon las vigas H de aluminio lo suficientemente resistentes para uso industrial?<\/b><\/p>\n<p>Por supuesto, su dise\u00f1o y la resistencia de sus materiales los hacen ideales para aplicaciones industriales y estructurales de gran resistencia.<br \/>\n<\/p><br \/>\n<br \/>\n<p><b>7.\u00bfLos perfiles H de aluminio requieren tratamiento de superficie?<\/b><\/p>\n<p>Aunque el aluminio es resistente a la corrosi\u00f3n por naturaleza, el anodizado o el recubrimiento en polvo pueden mejorar su durabilidad y su aspecto est\u00e9tico.<br \/>\n<\/p><br \/><\/p>","protected":false},"featured_media":7387,"template":"","categories":[67],"class_list":["post-7388","product","type-product","status-publish","has-post-thumbnail","hentry","category-architectural-aluminium-profile"],"meta_box":{"hilight_text_group":{"product_hilight_text":"<li>High-strength H beam design supports heavy structural loads<\/li>\r\r\n<li>Lightweight aluminum reduces overall structure weight<\/li>\r\r\n<li>Excellent corrosion resistance for indoor and outdoor environments<\/li>\r\r\n<li>Precision extruded for consistent shape and dimensional accuracy<\/li>\r\r\n<li>Ideal for industrial frames, platforms, and construction frameworks<\/li>\r\r\n<li>Custom lengths, alloys, and finishes available for OEM applications<\/li>","product_chanpin_blog":"<ul>\r\r\n<li><a href=\"https:\/\/sinoextrud.com\/t-slot-v-slot-differences\/\" target=\"_blank\">t slot vs v slot<\/a><\/li>\r\r\n<li><a href=\"https:\/\/sinoextrud.com\/what-is-4040-aluminium-extrud\/\" target=\"_blank\">4040 aluminium extrusion<\/a><\/li>\r\r\n<li><a href=\"https:\/\/sinoextrud.com\/what-is-4040-aluminium-extrud\/\" target=\"_blank\">aluminum extrusions for industrial racks<\/a><\/li>\r\r\n<li><a href=\"https:\/\/sinoextrud.com\/powder-coating-aluminium-process\/\" target=\"_blank\">powder coating aluminium<\/a><\/li>\r\r\n<li><a href=\"https:\/\/sinoextrud.com\/what-is-an-aluminium-strip-ceiling\/\" target=\"_blank\">aluminium strip ceiling<\/a><\/li>\r\r\n<li><a href=\"https:\/\/sinoextrud.com\/what-is-a-heat-sink\/\" target=\"_blank\">what is a heat sink<\/a><\/li>\r\r\n<\/ul>","product_chanpin_chanpin":"<li><a href=\"https:\/\/sinoextrud.com\/product\/powder-coating-golden-10mm-aluminum-extrusion\/\" target=\"_blank\">Powder Coating Golden 10mm Aluminum Extrusion<\/a><\/li>\r\n<li><a href=\"https:\/\/sinoextrud.com\/product\/curved-extruded-aluminum-6063-alloy-anodizing\/\" target=\"_blank\">Curved Extruded Aluminum 6063 Alloy Anodizing<\/a><\/li>\r\n<li><a href=\"https:\/\/sinoextrud.com\/product\/oem-building-interlocking-aluminum-extrusions\/\" target=\"_blank\">OEM Building Interlocking Aluminum Extrusions<\/a><\/li>\r\n<li><a href=\"https:\/\/sinoextrud.com\/product\/extruded-aluminum-tubing-round-in-stock\/\" target=\"_blank\">Extruded Aluminum Tubing Round In Stock<\/a><\/li>\r\n<li><a href=\"https:\/\/sinoextrud.com\/product\/extruded-h-beam-aluminum-profile\/\" target=\"_blank\">Extruded H Beam Aluminum Profile<\/a><\/li>\r\n<li><a href=\"https:\/\/sinoextrud.com\/product\/anodized-extruded-aluminum-j-channel\/\" target=\"_blank\">Anodized Extruded Aluminum J Channel<\/a><\/li>\r\n<li><a href=\"https:\/\/sinoextrud.com\/product\/aluminum-handrail-profiles\/\" target=\"_blank\">Aluminum Handrail Profiles<\/a><\/li>\r\n<li><a href=\"https:\/\/sinoextrud.com\/product\/square-aluminium-extrusion\/\" target=\"_blank\">Square Aluminium Extrusion<\/a><\/li>\r\n<li><a href=\"https:\/\/sinoextrud.com\/product\/u-shape-extruded-aluminum-wall-panels\/\" target=\"_blank\">U Shape Extruded Aluminum Wall Panels<\/a><\/li>\r\n<li><a href=\"https:\/\/sinoextrud.com\/product\/h-section-aluminium-extrusion-foshan-factory\/\" target=\"_blank\">H Section Aluminium Extrusion Foshan Factory<\/a><\/li>\r\n<li><a href=\"https:\/\/sinoextrud.com\/product\/custom-3003-aluminum-tube-bending-coolant-tubes\/\" target=\"_blank\">Custom 3003 Aluminum Tube Bending Coolant Tubes<\/a><\/li>"},"feature_list":[]},"_links":{"self":[{"href":"https:\/\/sinoextrud.com\/es\/wp-json\/wp\/v2\/product\/7388","targetHints":{"allow":["GET"]}}],"collection":[{"href":"https:\/\/sinoextrud.com\/es\/wp-json\/wp\/v2\/product"}],"about":[{"href":"https:\/\/sinoextrud.com\/es\/wp-json\/wp\/v2\/types\/product"}],"wp:featuredmedia":[{"embeddable":true,"href":"https:\/\/sinoextrud.com\/es\/wp-json\/wp\/v2\/media\/7387"}],"wp:attachment":[{"href":"https:\/\/sinoextrud.com\/es\/wp-json\/wp\/v2\/media?parent=7388"}],"wp:term":[{"taxonomy":"category","embeddable":true,"href":"https:\/\/sinoextrud.com\/es\/wp-json\/wp\/v2\/categories?post=7388"}],"curies":[{"name":"wp","href":"https:\/\/api.w.org\/{rel}","templated":true}]}}