{"id":7364,"date":"2025-06-07T06:07:47","date_gmt":"2025-06-07T06:07:47","guid":{"rendered":"https:\/\/sinoextrud.com\/product\/cnc-machining-aluminum-hat-channel-extrusions\/"},"modified":"2025-06-24T06:12:38","modified_gmt":"2025-06-24T06:12:38","slug":"mecanizado-cnc-extrusiones-de-canal-sombrero-de-aluminio","status":"publish","type":"product","link":"https:\/\/sinoextrud.com\/es\/product\/cnc-machining-aluminum-hat-channel-extrusions\/","title":{"rendered":"Mecanizado CNC de extrusiones de canal de sombrero de aluminio"},"content":{"rendered":"<h2>Productos<\/h2>\n<table class=\"custom-table\">\n<tbody>\n<tr>\n<td> Grado:<\/td>\n<td> 6063 -t5<\/td>\n<\/tr>\n<tr>\n<td> T\u00e9cnica:<\/td>\n<td> Mecanizado CNC<\/td>\n<\/tr>\n<tr>\n<td> Temperamento:<\/td>\n<td> T3 - T8<\/td>\n<\/tr>\n<tr>\n<td> Servicios de mecanizado:<\/td>\n<td> Taladrado, roscado, remachado, montaje, etc.<\/td>\n<\/tr>\n<tr>\n<td> Marca registrada:<\/td>\n<td> Sinoextrud Sinoextrud <\/td>\n<\/tr>\n<tr>\n<td> Tipo:<\/td>\n<td> Mecanizado CNC de extrusiones de canal de sombrero de aluminio<\/td>\n<\/tr>\n<tr>\n<td> Forma:<\/td>\n<td> Hecho a medida del cliente<\/td>\n<\/tr>\n<tr>\n<td> Tratamiento de la superficie:<\/td>\n<td> Acabado fresado Anodizado Cepillado<\/td>\n<\/tr>\n<tr>\n<td> Longitud:<\/td>\n<td> De 1 a 9 m por longitud<\/td>\n<\/tr>\n<tr>\n<td> Colores:<\/td>\n<td> Plata Negro<\/td>\n<\/tr>\n<tr>\n<td> C\u00f3digo SA:<\/td>\n<td> 76042990<\/td>\n<\/tr>\n<\/tbody>\n<\/table>\n<h2>Nuestra base de fabricaci\u00f3n<\/h2>\n<h3>Panorama de la f\u00e1brica<\/h3>\n<p><img decoding=\"async\" src=\"\/wp-content\/uploads\/factory-01.webp\"\/><\/p>\n<h3>Taller de fabricaci\u00f3n de barras de aluminio<\/h3>\n<p><img decoding=\"async\" src=\"\/wp-content\/uploads\/factory-02.webp\"\/><\/p>\n<p><img decoding=\"async\" src=\"\/wp-content\/uploads\/factory-03.webp\"\/><\/p>\n<h3>Almac\u00e9n de moldes<\/h3>\n<p><img decoding=\"async\" src=\"\/wp-content\/uploads\/factory-04.webp\"\/><\/p>\n<h3>43 L\u00c3neas de extrusi\u00c3\u00b3n de aluminio (500\u00e2\u20ac\"5500 toneladas)<\/h3>\n<p><img decoding=\"async\" src=\"\/wp-content\/uploads\/factory-05.webp\"\/><\/p>\n<p><img decoding=\"async\" src=\"\/wp-content\/uploads\/factory-06.webp\"\/><\/p>\n<p><img decoding=\"async\" src=\"\/wp-content\/uploads\/factory-07.webp\"\/><\/p>\n<h3>Taller de pintura en polvo<\/h3>\n<p><img decoding=\"async\" src=\"\/wp-content\/uploads\/factory-09.webp\"\/><\/p>\n<h3>Taller de anodizado<\/h3>\n<p><img decoding=\"async\" src=\"\/wp-content\/uploads\/factory-10.webp\"\/><\/p>\n<h3>Taller de procesamiento profundo<\/h3>\n<p><img decoding=\"async\" src=\"\/wp-content\/uploads\/factory-11.webp\"\/><\/p>\n<h3>Taller de mecanizado de precisi\u00f3n CNC<\/h3>\n<p><img decoding=\"async\" src=\"\/wp-content\/uploads\/factory-11.5.webp\"\/><\/p>\n<h3>Almac\u00e9n de productos acabados y de exportaci\u00f3n<\/h3>\n<p><img decoding=\"async\" src=\"\/wp-content\/uploads\/factory-12.webp\"\/><\/p>\n<p><img decoding=\"async\" src=\"\/wp-content\/uploads\/factory-13.webp\"\/><\/p>\n<p><img decoding=\"async\" src=\"\/wp-content\/uploads\/factory-14.webp\"\/><\/p>\n<h2>PREGUNTAS FRECUENTES<\/h2>\n<p><p><b>1. \u00bfQu\u00e9 son las extrusiones de canal de sombrero de aluminio mecanizado CNC?<\/b><\/p>\n<p>Son perfiles de aluminio con una secci\u00f3n transversal en forma de sombrero que se mecanizan mediante CNC para obtener cortes, orificios y caracter\u00edsticas de dise\u00f1o precisos.<br \/>\n<\/p><br \/>\n<br \/>\n<p><b>2.\u00bfPor qu\u00e9 elegir canales de sombrero de aluminio mecanizado CNC?<\/b><\/p>\n<p>El mecanizado CNC proporciona una gran precisi\u00f3n, lo que hace que estos canales sean ideales para aplicaciones estructurales, mec\u00e1nicas o decorativas que requieran exactitud.<br \/>\n<\/p><br \/>\n<br \/>\n<p><b>3.\u00bfCu\u00e1les son los usos comunes de las extrusiones de canal de sombrero de aluminio?<\/b><\/p>\n<p>Se utilizan en sistemas de entramado, soportes de montaje, refuerzo de cerramientos, sistemas de climatizaci\u00f3n y revestimientos arquitect\u00f3nicos.<br \/>\n<\/p><br \/>\n<br \/>\n<p><b>4.\u00bfSe pueden personalizar estas extrusiones de canal de sombrero?<\/b><\/p>\n<p>S\u00ed, pueden personalizarse en cuanto a tama\u00f1o, grosor de pared, disposici\u00f3n de los orificios, acabado superficial y selecci\u00f3n de la aleaci\u00f3n para satisfacer las necesidades del proyecto.<br \/>\n<\/p><br \/>\n<br \/>\n<p><b>5.\u00bfQu\u00e9 aleaciones de aluminio se utilizan normalmente para extrusiones de canal de sombrero?<\/b><\/p>\n<p>Las aleaciones m\u00e1s comunes son la 6061 y la 6063, que ofrecen un equilibrio entre resistencia, mecanizabilidad y resistencia a la corrosi\u00f3n.<br \/>\n<\/p><br \/>\n<br \/>\n<p><b>6.\u00bfPueden utilizarse estos perfiles en aplicaciones exteriores?<\/b><\/p>\n<p>Por supuesto, cuando est\u00e1n anodizados o recubiertos de polvo, ofrecen una excelente resistencia a la intemperie, la humedad y la exposici\u00f3n a los rayos UV.<br \/>\n<\/p><br \/>\n<br \/>\n<p><b>7.\u00bfSon compatibles los canales de sombrero de aluminio mecanizado CNC con la producci\u00f3n OEM?<\/b><\/p>\n<p>S\u00ed, disponemos de servicios OEM completos que incluyen la creaci\u00f3n de prototipos, la producci\u00f3n a granel y el etiquetado privado para proyectos industriales o comerciales personalizados.<br \/>\n<\/p><br \/><\/p>","protected":false},"featured_media":7363,"template":"","categories":[67],"class_list":["post-7364","product","type-product","status-publish","has-post-thumbnail","hentry","category-architectural-aluminium-profile"],"meta_box":{"hilight_text_group":{"product_hilight_text":"<li>Precision CNC machining ensures tight tolerances and accurate dimensions<\/li>\r\r\n<li>High-strength aluminum hat channel provides excellent structural support<\/li>\r\r\n<li>Corrosion-resistant surface suitable for indoor and outdoor environments<\/li>\r\r\n<li>Lightweight yet durable for efficient transportation and installation<\/li>\r\r\n<li>Customizable lengths, hole patterns, and finishes for OEM applications<\/li>\r\r\n<li>Ideal for framing, mounting, enclosure systems, and architectural use<\/li>","product_chanpin_blog":"<ul>\r\r\n<li><a href=\"https:\/\/sinoextrud.com\/t-slot-v-slot-differences\/\" target=\"_blank\">t slot vs v slot<\/a><\/li>\r\r\n<li><a href=\"https:\/\/sinoextrud.com\/what-is-4040-aluminium-extrud\/\" target=\"_blank\">4040 aluminium extrusion<\/a><\/li>\r\r\n<li><a href=\"https:\/\/sinoextrud.com\/what-is-4040-aluminium-extrud\/\" target=\"_blank\">aluminum extrusions for industrial racks<\/a><\/li>\r\r\n<li><a href=\"https:\/\/sinoextrud.com\/powder-coating-aluminium-process\/\" target=\"_blank\">powder coating aluminium<\/a><\/li>\r\r\n<li><a href=\"https:\/\/sinoextrud.com\/what-is-an-aluminium-strip-ceiling\/\" target=\"_blank\">aluminium strip ceiling<\/a><\/li>\r\r\n<li><a href=\"https:\/\/sinoextrud.com\/what-is-a-heat-sink\/\" target=\"_blank\">what is a heat sink<\/a><\/li>\r\r\n<\/ul>","product_chanpin_chanpin":"<li><a href=\"https:\/\/sinoextrud.com\/product\/aluminum-alloy-profile\/\" target=\"_blank\">Aluminum Alloy Profile<\/a><\/li>\r\n<li><a href=\"https:\/\/sinoextrud.com\/product\/aluminum-louver-blades\/\" target=\"_blank\">Aluminum Louver Blades<\/a><\/li>\r\n<li><a href=\"https:\/\/sinoextrud.com\/product\/fabricated-aluminium-extrusions-electrophoresis-champagne\/\" target=\"_blank\">Fabricated Aluminium Extrusions Electrophoresis Champagne<\/a><\/li>\r\n<li><a href=\"https:\/\/sinoextrud.com\/product\/aluminum-extruded-profile-f-channel\/\" target=\"_blank\">Aluminum Extruded Profile F Channel<\/a><\/li>\r\n<li><a href=\"https:\/\/sinoextrud.com\/product\/cnc-machining-aluminum-hat-channel-extrusions\/\" target=\"_blank\">CNC Machining Aluminum Hat Channel Extrusions<\/a><\/li>\r\n<li><a href=\"https:\/\/sinoextrud.com\/product\/bulk-extruded-aluminum\/\" target=\"_blank\">Bulk Extruded Aluminum<\/a><\/li>\r\n<li><a href=\"https:\/\/sinoextrud.com\/product\/sliding-door-extrusions\/\" target=\"_blank\">Sliding Door Extrusions<\/a><\/li>\r\n<li><a href=\"https:\/\/sinoextrud.com\/product\/extruded-aluminum-hex-tube\/\" target=\"_blank\">Extruded Aluminum Hex Tube<\/a><\/li>\r\n<li><a href=\"https:\/\/sinoextrud.com\/product\/aluminum-extrusion-brackets\/\" target=\"_blank\">Aluminum Extrusion Brackets<\/a><\/li>\r\n<li><a href=\"https:\/\/sinoextrud.com\/product\/shutter-aluminum-profile-for-window-louver-frame\/\" target=\"_blank\">Shutter Aluminum Profile For Window Louver Frame<\/a><\/li>\r\n<li><a href=\"https:\/\/sinoextrud.com\/product\/wood-grain-finish-extruded-architectural-use-aluminium-profile\/\" target=\"_blank\">Wood grain finish extruded architectural use aluminium profile<\/a><\/li>"},"feature_list":[]},"_links":{"self":[{"href":"https:\/\/sinoextrud.com\/es\/wp-json\/wp\/v2\/product\/7364","targetHints":{"allow":["GET"]}}],"collection":[{"href":"https:\/\/sinoextrud.com\/es\/wp-json\/wp\/v2\/product"}],"about":[{"href":"https:\/\/sinoextrud.com\/es\/wp-json\/wp\/v2\/types\/product"}],"wp:featuredmedia":[{"embeddable":true,"href":"https:\/\/sinoextrud.com\/es\/wp-json\/wp\/v2\/media\/7363"}],"wp:attachment":[{"href":"https:\/\/sinoextrud.com\/es\/wp-json\/wp\/v2\/media?parent=7364"}],"wp:term":[{"taxonomy":"category","embeddable":true,"href":"https:\/\/sinoextrud.com\/es\/wp-json\/wp\/v2\/categories?post=7364"}],"curies":[{"name":"wp","href":"https:\/\/api.w.org\/{rel}","templated":true}]}}