{"id":7362,"date":"2025-06-07T06:06:30","date_gmt":"2025-06-07T06:06:30","guid":{"rendered":"https:\/\/sinoextrud.com\/product\/aluminum-extruded-profile-f-channel\/"},"modified":"2025-06-24T06:12:38","modified_gmt":"2025-06-24T06:12:38","slug":"perfil-extruido-de-aluminio-canal-f","status":"publish","type":"product","link":"https:\/\/sinoextrud.com\/es\/product\/aluminum-extruded-profile-f-channel\/","title":{"rendered":"Perfil extruido de aluminio Canal F"},"content":{"rendered":"<h2>Productos<\/h2>\n<table class=\"custom-table\">\n<tbody>\n<tr>\n<td> Art\u00edculo<\/td>\n<td> Perfil extruido de aluminio Canal F<\/td>\n<\/tr>\n<tr>\n<td> Temple<\/td>\n<td> T3-T8<\/td>\n<\/tr>\n<tr>\n<td> Flujo de procesos<\/td>\n<td> Desarrollo de moldes-Palanquillas de aluminio-Calentamiento-Moldeo con aluminio bruto-Recubrimiento de polvo anodizado<\/td>\n<\/tr>\n<tr>\n<td> Certificaci\u00f3n<\/td>\n<td> CE, ISO, SGS, TUV<\/td>\n<\/tr>\n<tr>\n<td> Aplicaci\u00f3n<\/td>\n<td> Construcci\u00f3n, industria<\/td>\n<\/tr>\n<tr>\n<td> Forma<\/td>\n<td> Triangular<\/td>\n<\/tr>\n<tr>\n<td> Tratamiento de superficies<\/td>\n<td> Acabado de fresado, anodizado, recubrimiento de potencia, chorro de arena, electroforesis, cepillado, pulido, etc.<\/td>\n<\/tr>\n<tr>\n<td> Color<\/td>\n<td> En funci\u00f3n de las demandas de los clientes<\/td>\n<\/tr>\n<tr>\n<td> Tratamiento en profundidad<\/td>\n<td> Corte, taladrado, mecanizado, punzonado, plegado, roscado, etc.<\/td>\n<\/tr>\n<tr>\n<td> Garant\u00eda<\/td>\n<td> ISO:9001, SONCAP , Certificado BV, TUV, SGS, o certificado del cliente Disponible<\/td>\n<\/tr>\n<tr>\n<td> MOQ<\/td>\n<td> 200KG para cada perfil<\/td>\n<\/tr>\n<tr>\n<td> Plazo de entrega<\/td>\n<td> El desarrollo del molde y la conformaci\u00f3n de la muestra es de 12-15 d\u00edas, luego la duraci\u00f3n de la producci\u00f3n es de 15-25 d\u00edas despu\u00e9s de la recepci\u00f3n del dep\u00f3sito del comprador.<\/td>\n<\/tr>\n<tr>\n<td> Muestra gratuita<\/td>\n<td> 1-3 d\u00edas se puede enviar<\/td>\n<\/tr>\n<\/tbody>\n<\/table>\n<h2>Nuestra base de fabricaci\u00f3n<\/h2>\n<h3>Panorama de la f\u00e1brica<\/h3>\n<p><img decoding=\"async\" src=\"\/wp-content\/uploads\/factory-01.webp\"\/><\/p>\n<h3>Taller de fabricaci\u00f3n de barras de aluminio<\/h3>\n<p><img decoding=\"async\" src=\"\/wp-content\/uploads\/factory-02.webp\"\/><\/p>\n<p><img decoding=\"async\" src=\"\/wp-content\/uploads\/factory-03.webp\"\/><\/p>\n<h3>Almac\u00e9n de moldes<\/h3>\n<p><img decoding=\"async\" src=\"\/wp-content\/uploads\/factory-04.webp\"\/><\/p>\n<h3>43 l\u00edneas de extrusi\u00f3n de aluminio (500-5500 toneladas)<\/h3>\n<p><img decoding=\"async\" src=\"\/wp-content\/uploads\/factory-05.webp\"\/><\/p>\n<p><img decoding=\"async\" src=\"\/wp-content\/uploads\/factory-06.webp\"\/><\/p>\n<p><img decoding=\"async\" src=\"\/wp-content\/uploads\/factory-07.webp\"\/><\/p>\n<h3>Taller de pintura en polvo<\/h3>\n<p><img decoding=\"async\" src=\"\/wp-content\/uploads\/factory-09.webp\"\/><\/p>\n<h3>Taller de anodizado<\/h3>\n<p><img decoding=\"async\" src=\"\/wp-content\/uploads\/factory-10.webp\"\/><\/p>\n<h3>Taller de procesamiento profundo<\/h3>\n<p><img decoding=\"async\" src=\"\/wp-content\/uploads\/factory-11.webp\"\/><\/p>\n<h3>Taller de mecanizado de precisi\u00f3n CNC<\/h3>\n<p><img decoding=\"async\" src=\"\/wp-content\/uploads\/factory-11.5.webp\"\/><\/p>\n<h3>Almac\u00e9n de productos acabados y de exportaci\u00f3n<\/h3>\n<p><img decoding=\"async\" src=\"\/wp-content\/uploads\/factory-12.webp\"\/><\/p>\n<p><img decoding=\"async\" src=\"\/wp-content\/uploads\/factory-13.webp\"\/><\/p>\n<p><img decoding=\"async\" src=\"\/wp-content\/uploads\/factory-14.webp\"\/><\/p>\n<h2>PREGUNTAS FRECUENTES<\/h2>\n<p><p><b>1. \u00bfQu\u00e9 es un canal F de perfil extruido de aluminio?<\/b><\/p>\n<p>Es una extrusi\u00f3n de aluminio con una secci\u00f3n transversal en forma de F que se utiliza para enmarcar, recortar o soportar paneles y accesorios.<br \/>\n<\/p><br \/>\n<br \/>\n<p><b>2.\u00bfPor qu\u00e9 elegir un perfil de canal en F de aluminio?<\/b><\/p>\n<p>Los canales F de aluminio son ligeros, resistentes a la corrosi\u00f3n y f\u00e1ciles de instalar, y ofrecen resistencia y un acabado visual limpio.<br \/>\n<\/p><br \/>\n<br \/>\n<p><b>3.\u00bfCu\u00e1les son las aplicaciones habituales de los perfiles de aluminio de canal F?<\/b><\/p>\n<p>Se utilizan ampliamente en ebanister\u00eda, tabiques interiores, revestimiento de paredes, sistemas de se\u00f1alizaci\u00f3n y detalles de marcos de puertas o ventanas.<br \/>\n<\/p><br \/>\n<br \/>\n<p><b>4.\u00bfSe pueden personalizar los perfiles de los canales F?<\/b><\/p>\n<p>S\u00ed, se pueden adaptar en t\u00e9rminos de anchura, grosor, acabado, aleaci\u00f3n y corte a medida para necesidades espec\u00edficas de OEM o proyectos.<br \/>\n<\/p><br \/>\n<br \/>\n<p><b>5.\u00bfLos canales F de aluminio son adecuados para su uso en exteriores?<\/b><\/p>\n<p>Por supuesto, sobre todo si est\u00e1n anodizados o recubiertos de polvo, resisten la corrosi\u00f3n y mantienen su aspecto en entornos exteriores.<br \/>\n<\/p><br \/>\n<br \/>\n<p><b>6.\u00bfQu\u00e9 acabados est\u00e1n disponibles para los perfiles extruidos de canal F de aluminio?<\/b><\/p>\n<p>Los acabados m\u00e1s populares son el anodizado, el recubrimiento en polvo, el chorro de arena y las superficies cepilladas o pulidas con fines est\u00e9ticos y funcionales.<br \/>\n<\/p><br \/>\n<br \/>\n<p><b>7.\u00bfEs sencilla la instalaci\u00f3n de los canales F de aluminio?<\/b><\/p>\n<p>S\u00ed, est\u00e1n dise\u00f1adas para instalarse f\u00e1cilmente con adhesivo, tornillos o clips, lo que las hace ideales para instalaciones r\u00e1pidas y limpias.<br \/>\n<\/p><br \/><\/p>","protected":false},"featured_media":7361,"template":"","categories":[67],"class_list":["post-7362","product","type-product","status-publish","has-post-thumbnail","hentry","category-architectural-aluminium-profile"],"meta_box":{"hilight_text_group":{"product_hilight_text":"<li>Durable F-shaped aluminum profile ideal for edge framing and panel support<\/li>\r\r\n<li>Lightweight and corrosion-resistant for indoor and outdoor use<\/li>\r\r\n<li>Easy to install with clean lines for modern architectural finishes<\/li>\r\r\n<li>Precision extrusion ensures dimensional accuracy and tight fit<\/li>\r\r\n<li>Available in custom lengths, finishes, and alloy grades<\/li>\r\r\n<li>Suitable for cabinets, partitions, signage, and construction detailing<\/li>","product_chanpin_blog":"<ul>\r\r\n<li><a href=\"https:\/\/sinoextrud.com\/t-slot-v-slot-differences\/\" target=\"_blank\">t slot vs v slot<\/a><\/li>\r\r\n<li><a href=\"https:\/\/sinoextrud.com\/what-is-4040-aluminium-extrud\/\" target=\"_blank\">4040 aluminium extrusion<\/a><\/li>\r\r\n<li><a href=\"https:\/\/sinoextrud.com\/what-is-4040-aluminium-extrud\/\" target=\"_blank\">aluminum extrusions for industrial racks<\/a><\/li>\r\r\n<li><a href=\"https:\/\/sinoextrud.com\/powder-coating-aluminium-process\/\" target=\"_blank\">powder coating aluminium<\/a><\/li>\r\r\n<li><a href=\"https:\/\/sinoextrud.com\/what-is-an-aluminium-strip-ceiling\/\" target=\"_blank\">aluminium strip ceiling<\/a><\/li>\r\r\n<li><a href=\"https:\/\/sinoextrud.com\/what-is-a-heat-sink\/\" target=\"_blank\">what is a heat sink<\/a><\/li>\r\r\n<\/ul>","product_chanpin_chanpin":"<li><a href=\"https:\/\/sinoextrud.com\/product\/aluminum-decorative-timber-batten-3d-aluminum-profiles-timber-ceilings-u-shaped-baffle-ceiling\/\" target=\"_blank\">Aluminum Decorative Timber Batten 3D Aluminum Profiles Timber Ceilings U-shaped Baffle Ceiling<\/a><\/li>\r\n<li><a href=\"https:\/\/sinoextrud.com\/product\/aluminum-alloy-profile\/\" target=\"_blank\">Aluminum Alloy Profile<\/a><\/li>\r\n<li><a href=\"https:\/\/sinoextrud.com\/product\/aluminum-louver-blades\/\" target=\"_blank\">Aluminum Louver Blades<\/a><\/li>\r\n<li><a href=\"https:\/\/sinoextrud.com\/product\/fabricated-aluminium-extrusions-electrophoresis-champagne\/\" target=\"_blank\">Fabricated Aluminium Extrusions Electrophoresis Champagne<\/a><\/li>\r\n<li><a href=\"https:\/\/sinoextrud.com\/product\/aluminum-extruded-profile-f-channel\/\" target=\"_blank\">Aluminum Extruded Profile F Channel<\/a><\/li>\r\n<li><a href=\"https:\/\/sinoextrud.com\/product\/cnc-machining-aluminum-hat-channel-extrusions\/\" target=\"_blank\">CNC Machining Aluminum Hat Channel Extrusions<\/a><\/li>\r\n<li><a href=\"https:\/\/sinoextrud.com\/product\/bulk-extruded-aluminum\/\" target=\"_blank\">Bulk Extruded Aluminum<\/a><\/li>\r\n<li><a href=\"https:\/\/sinoextrud.com\/product\/sliding-door-extrusions\/\" target=\"_blank\">Sliding Door Extrusions<\/a><\/li>\r\n<li><a href=\"https:\/\/sinoextrud.com\/product\/extruded-aluminum-hex-tube\/\" target=\"_blank\">Extruded Aluminum Hex Tube<\/a><\/li>\r\n<li><a href=\"https:\/\/sinoextrud.com\/product\/anodized-and-powder-coated-t-slotted-aluminum-extrusion\/\" target=\"_blank\">Anodized and Powder Coated T-Slotted Aluminum Extrusion<\/a><\/li>\r\n<li><a href=\"https:\/\/sinoextrud.com\/product\/modular-aluminium-extrusions\/\" target=\"_blank\">Modular Aluminium Extrusions<\/a><\/li>"},"feature_list":[]},"_links":{"self":[{"href":"https:\/\/sinoextrud.com\/es\/wp-json\/wp\/v2\/product\/7362","targetHints":{"allow":["GET"]}}],"collection":[{"href":"https:\/\/sinoextrud.com\/es\/wp-json\/wp\/v2\/product"}],"about":[{"href":"https:\/\/sinoextrud.com\/es\/wp-json\/wp\/v2\/types\/product"}],"wp:featuredmedia":[{"embeddable":true,"href":"https:\/\/sinoextrud.com\/es\/wp-json\/wp\/v2\/media\/7361"}],"wp:attachment":[{"href":"https:\/\/sinoextrud.com\/es\/wp-json\/wp\/v2\/media?parent=7362"}],"wp:term":[{"taxonomy":"category","embeddable":true,"href":"https:\/\/sinoextrud.com\/es\/wp-json\/wp\/v2\/categories?post=7362"}],"curies":[{"name":"wp","href":"https:\/\/api.w.org\/{rel}","templated":true}]}}