{"id":7358,"date":"2025-06-07T06:01:05","date_gmt":"2025-06-07T06:01:05","guid":{"rendered":"https:\/\/sinoextrud.com\/product\/aluminum-louver-blades\/"},"modified":"2025-06-24T06:12:37","modified_gmt":"2025-06-24T06:12:37","slug":"lamas-de-aluminio","status":"publish","type":"product","link":"https:\/\/sinoextrud.com\/es\/product\/aluminum-louver-blades\/","title":{"rendered":"Lamas de aluminio"},"content":{"rendered":"<h2>Productos<\/h2>\n<table class=\"custom-table\">\n<tr>\n<td class=\"label\">Nombre del producto:<\/td>\n<td>Lamas de aluminio<\/td>\n<\/tr>\n<tr>\n<td class=\"label\">Tipo de negocio:<\/td>\n<td>Fabricante<\/td>\n<\/tr>\n<tr>\n<td class=\"label\">Aleaci\u00f3n:<\/td>\n<td>6063\/6061 (Se puede fabricar una aleaci\u00f3n especial seg\u00fan sus necesidades).<\/td>\n<\/tr>\n<tr>\n<td class=\"label\">Temperamento:<\/td>\n<td>T5\/T6\/T4<\/td>\n<\/tr>\n<tr>\n<td class=\"label\">Est\u00e1ndar:<\/td>\n<td>Norma de alta precisi\u00f3n GB de China.<\/td>\n<\/tr>\n<tr>\n<td class=\"label\">Grosor:<\/td>\n<td>En funci\u00f3n de sus necesidades.<\/td>\n<\/tr>\n<tr>\n<td class=\"label\">Longitud:<\/td>\n<td>1m-9m, o a medida<\/td>\n<\/tr>\n<tr>\n<td class=\"label\">MOQ:<\/td>\n<td>Normalmente 1 tonelada. Normalmente 10~12 toneladas para 1*20GP y 20~23 toneladas para 1*40HQ.<\/td>\n<\/tr>\n<tr>\n<td class=\"label\">Acabado superficial:<\/td>\n<td>Acabado de fresado, anodizado, recubrimiento en polvo, grano de madera, pulido, cepillado, electroforesis, chorro de arena, ect.<\/td>\n<\/tr>\n<tr>\n<td class=\"label\">Color We Can Do:<\/td>\n<td>Plata, negro, blanco, bronce, champ\u00e1n, verde, gris, amarillo dorado, n\u00edquel o personalizado.<\/td>\n<\/tr>\n<tr>\n<td class=\"label\">Espesor de la pel\u00edcula:<\/td>\n<td>Anodizado:Personalizado. Espesor normal: \u22658 um.<\/td>\n<\/tr>\n<tr>\n<td class=\"label\">Recubrimiento en polvo:<\/td>\n<td>A medida. Espesor normal: 40-120 um.<\/td>\n<\/tr>\n<tr>\n<td class=\"label\">Pel\u00edcula compleja de electroforesis:<\/td>\n<td>Grosor normal: 16 um.<\/td>\n<\/tr>\n<tr>\n<td class=\"label\">Grano de madera:<\/td>\n<td>A medida. Grosor normal: 60-120 um.<\/td>\n<\/tr>\n<tr>\n<td class=\"label\">Material de grano de madera:<\/td>\n<td>a). Papel de impresi\u00f3n por transferencia MENPHIS italiano importado.<br \/>\nb). Marca de papel de impresi\u00f3n de transferencia de China de alta calidad.<br \/>\nc). Precios diferentes.<\/td>\n<\/tr>\n<tr>\n<td class=\"label\">Composici\u00f3n qu\u00edmica y rendimiento:<\/td>\n<td>Ejecuci\u00f3n y cumplimiento del nivel de alta precisi\u00f3n GB de China.<\/td>\n<\/tr>\n<tr>\n<td class=\"label\">Mecanizado:<\/td>\n<td>Corte, punzonado, taladrado, plegado, soldadura, fresado, CNC, etc.<\/td>\n<\/tr>\n<tr>\n<td class=\"label\">Embalaje:<\/td>\n<td>Film de pl\u00e1stico y papel kraft. Si es necesario, tambi\u00e9n se puede utilizar una pel\u00edcula protectora para cada pieza de perfil.<\/td>\n<\/tr>\n<tr>\n<td class=\"label\">Puerto de entrega:<\/td>\n<td>Guangzhou, Foshan, Shenzhen<\/td>\n<\/tr>\n<tr>\n<td class=\"label\">OEM:<\/td>\n<td>Disponible.<\/td>\n<\/tr>\n<\/table>\n<h2>Nuestra base de fabricaci\u00f3n<\/h2>\n<h3>Panorama de la f\u00e1brica<\/h3>\n<p><img decoding=\"async\" src=\"\/wp-content\/uploads\/factory-01.webp\"\/><\/p>\n<h3>Taller de fabricaci\u00f3n de barras de aluminio<\/h3>\n<p><img decoding=\"async\" src=\"\/wp-content\/uploads\/factory-02.webp\"\/><\/p>\n<p><img decoding=\"async\" src=\"\/wp-content\/uploads\/factory-03.webp\"\/><\/p>\n<h3>Almac\u00e9n de moldes<\/h3>\n<p><img decoding=\"async\" src=\"\/wp-content\/uploads\/factory-04.webp\"\/><\/p>\n<h3>43 l\u00edneas de extrusi\u00f3n de aluminio (500-5500 toneladas)<\/h3>\n<p><img decoding=\"async\" src=\"\/wp-content\/uploads\/factory-05.webp\"\/><\/p>\n<p><img decoding=\"async\" src=\"\/wp-content\/uploads\/factory-06.webp\"\/><\/p>\n<p><img decoding=\"async\" src=\"\/wp-content\/uploads\/factory-07.webp\"\/><\/p>\n<h3>Taller de pintura en polvo<\/h3>\n<p><img decoding=\"async\" src=\"\/wp-content\/uploads\/factory-09.webp\"\/><\/p>\n<h3>Taller de anodizado<\/h3>\n<p><img decoding=\"async\" src=\"\/wp-content\/uploads\/factory-10.webp\"\/><\/p>\n<h3>Taller de procesamiento profundo<\/h3>\n<p><img decoding=\"async\" src=\"\/wp-content\/uploads\/factory-11.webp\"\/><\/p>\n<h3>Taller de mecanizado de precisi\u00f3n CNC<\/h3>\n<p><img decoding=\"async\" src=\"\/wp-content\/uploads\/factory-11.5.webp\"\/><\/p>\n<h3>Almac\u00e9n de productos acabados y de exportaci\u00f3n<\/h3>\n<p><img decoding=\"async\" src=\"\/wp-content\/uploads\/factory-12.webp\"\/><\/p>\n<p><img decoding=\"async\" src=\"\/wp-content\/uploads\/factory-13.webp\"\/><\/p>\n<p><img decoding=\"async\" src=\"\/wp-content\/uploads\/factory-14.webp\"\/><\/p>\n<h2>PREGUNTAS FRECUENTES<\/h2>\n<p><p><b>1. \u00bfQu\u00e9 son las lamas de aluminio?<\/b><\/p>\n<p>Las lamas de aluminio son perfiles extruidos dise\u00f1ados para controlar la luz, el flujo de aire y la privacidad en aplicaciones arquitect\u00f3nicas e industriales.<br \/>\n<\/p><br \/>\n<br \/>\n<p><b>2. \u00bfPor qu\u00e9 elegir aluminio para las lamas de las persianas?<\/b><\/p>\n<p>El aluminio es ligero, resistente a la corrosi\u00f3n y duradero, por lo que resulta ideal para su uso a largo plazo en sistemas de rejillas de exterior e interior.<br \/>\n<\/p><br \/>\n<br \/>\n<p><b>3.\u00bfSe pueden personalizar las lamas de persiana de aluminio?<\/b><\/p>\n<p>S\u00ed, est\u00e1n disponibles en varias formas, longitudes, \u00e1ngulos y acabados para satisfacer requisitos espec\u00edficos de dise\u00f1o o ventilaci\u00f3n.<br \/>\n<\/p><br \/>\n<br \/>\n<p><b>4.\u00bfCu\u00e1les son las aplicaciones habituales de las lamas de persiana de aluminio?<\/b><\/p>\n<p>Se utilizan en fachadas de edificios, parasoles, pantallas mec\u00e1nicas, rejillas de ventilaci\u00f3n y paneles de privacidad.<br \/>\n<\/p><br \/>\n<br \/>\n<p><b>5. \u00bfLas lamas de aluminio son resistentes a la intemperie?<\/b><\/p>\n<p>Por supuesto, la superficie anodizada o con recubrimiento de polvo los protege de los rayos UV, la humedad y los cambios de temperatura.<br \/>\n<\/p><br \/>\n<br \/>\n<p><b>6.\u00bfSon compatibles estas cuchillas con sistemas motorizados o ajustables?<\/b><\/p>\n<p>S\u00ed, las lamas de persiana de aluminio pueden integrarse en sistemas de persianas fijas y ajustables, incluidas las opciones motorizadas.<br \/>\n<\/p><br \/>\n<br \/>\n<p><b>7. \u00bfQu\u00e9 acabados superficiales hay disponibles para las lamas de persiana de aluminio?<\/b><\/p>\n<p>Los acabados m\u00e1s populares incluyen anodizado, recubrimiento en polvo, veteado de madera y recubrimiento de PVDF para mayor durabilidad y est\u00e9tica.<br \/>\n<\/p><br \/><\/p>","protected":false},"featured_media":7357,"template":"","categories":[67],"class_list":["post-7358","product","type-product","status-publish","has-post-thumbnail","hentry","category-architectural-aluminium-profile"],"meta_box":{"hilight_text_group":{"product_hilight_text":"<li>Made from high-strength aluminum for long-lasting durability<\/li>\r\r\n<li>Lightweight design allows for easy handling and installation<\/li>\r\r\n<li>Corrosion-resistant surface ideal for outdoor and humid environments<\/li>\r\r\n<li>Customizable in shape, size, angle, and finish to match project needs<\/li>\r\r\n<li>Provides effective ventilation, shading, and privacy<\/li>\r\r\n<li>Suitable for architectural fa?ades, HVAC systems, and sunshade applications<\/li>","product_chanpin_blog":"<ul>\r\r\n<li><a href=\"https:\/\/sinoextrud.com\/t-slot-v-slot-differences\/\" target=\"_blank\">t slot vs v slot<\/a><\/li>\r\r\n<li><a href=\"https:\/\/sinoextrud.com\/what-is-4040-aluminium-extrud\/\" target=\"_blank\">4040 aluminium extrusion<\/a><\/li>\r\r\n<li><a href=\"https:\/\/sinoextrud.com\/what-is-4040-aluminium-extrud\/\" target=\"_blank\">aluminum extrusions for industrial racks<\/a><\/li>\r\r\n<li><a href=\"https:\/\/sinoextrud.com\/powder-coating-aluminium-process\/\" target=\"_blank\">powder coating aluminium<\/a><\/li>\r\r\n<li><a href=\"https:\/\/sinoextrud.com\/what-is-an-aluminium-strip-ceiling\/\" target=\"_blank\">aluminium strip ceiling<\/a><\/li>\r\r\n<li><a href=\"https:\/\/sinoextrud.com\/what-is-a-heat-sink\/\" target=\"_blank\">what is a heat sink<\/a><\/li>\r\r\n<\/ul>","product_chanpin_chanpin":"<li><a href=\"https:\/\/sinoextrud.com\/product\/aluminum-profiles-partition\/\" target=\"_blank\">Aluminum Profiles Partition<\/a><\/li>\r\n<li><a href=\"https:\/\/sinoextrud.com\/product\/aluminum-handle-profile\/\" target=\"_blank\">Aluminum Handle Profile<\/a><\/li>\r\n<li><a href=\"https:\/\/sinoextrud.com\/product\/aluminum-decorative-timber-batten-3d-aluminum-profiles-timber-ceilings-u-shaped-baffle-ceiling\/\" target=\"_blank\">Aluminum Decorative Timber Batten 3D Aluminum Profiles Timber Ceilings U-shaped Baffle Ceiling<\/a><\/li>\r\n<li><a href=\"https:\/\/sinoextrud.com\/product\/aluminum-alloy-profile\/\" target=\"_blank\">Aluminum Alloy Profile<\/a><\/li>\r\n<li><a href=\"https:\/\/sinoextrud.com\/product\/aluminum-louver-blades\/\" target=\"_blank\">Aluminum Louver Blades<\/a><\/li>\r\n<li><a href=\"https:\/\/sinoextrud.com\/product\/fabricated-aluminium-extrusions-electrophoresis-champagne\/\" target=\"_blank\">Fabricated Aluminium Extrusions Electrophoresis Champagne<\/a><\/li>\r\n<li><a href=\"https:\/\/sinoextrud.com\/product\/aluminum-extruded-profile-f-channel\/\" target=\"_blank\">Aluminum Extruded Profile F Channel<\/a><\/li>\r\n<li><a href=\"https:\/\/sinoextrud.com\/product\/cnc-machining-aluminum-hat-channel-extrusions\/\" target=\"_blank\">CNC Machining Aluminum Hat Channel Extrusions<\/a><\/li>\r\n<li><a href=\"https:\/\/sinoextrud.com\/product\/bulk-extruded-aluminum\/\" target=\"_blank\">Bulk Extruded Aluminum<\/a><\/li>\r\n<li><a href=\"https:\/\/sinoextrud.com\/product\/round-aluminum-extrusion-tubular-cnc-bending\/\" target=\"_blank\">Round Aluminum Extrusion Tubular Cnc Bending<\/a><\/li>\r\n<li><a href=\"https:\/\/sinoextrud.com\/product\/2024-2014-alloy-aluminum-profiles\/\" target=\"_blank\">2024 2014 Alloy Aluminum Profiles<\/a><\/li>"},"feature_list":[]},"_links":{"self":[{"href":"https:\/\/sinoextrud.com\/es\/wp-json\/wp\/v2\/product\/7358","targetHints":{"allow":["GET"]}}],"collection":[{"href":"https:\/\/sinoextrud.com\/es\/wp-json\/wp\/v2\/product"}],"about":[{"href":"https:\/\/sinoextrud.com\/es\/wp-json\/wp\/v2\/types\/product"}],"wp:featuredmedia":[{"embeddable":true,"href":"https:\/\/sinoextrud.com\/es\/wp-json\/wp\/v2\/media\/7357"}],"wp:attachment":[{"href":"https:\/\/sinoextrud.com\/es\/wp-json\/wp\/v2\/media?parent=7358"}],"wp:term":[{"taxonomy":"category","embeddable":true,"href":"https:\/\/sinoextrud.com\/es\/wp-json\/wp\/v2\/categories?post=7358"}],"curies":[{"name":"wp","href":"https:\/\/api.w.org\/{rel}","templated":true}]}}