{"id":7350,"date":"2025-06-07T03:39:22","date_gmt":"2025-06-07T03:39:22","guid":{"rendered":"https:\/\/sinoextrud.com\/product\/aluminum-profiles-partition\/"},"modified":"2025-06-24T06:12:36","modified_gmt":"2025-06-24T06:12:36","slug":"perfiles-de-aluminio-tabique","status":"publish","type":"product","link":"https:\/\/sinoextrud.com\/es\/product\/aluminum-profiles-partition\/","title":{"rendered":"Perfiles de aluminio Partici\u00f3n"},"content":{"rendered":"<h2>Productos<\/h2>\n<table class=\"custom-table\">\n<tr>\n<td class=\"label\">Grado :<\/td>\n<td>6063<\/td>\n<\/tr>\n<tr>\n<td class=\"label\">Temper :<\/td>\n<td>T5<\/td>\n<\/tr>\n<tr>\n<td class=\"label\">Espesor del polvo :<\/td>\n<td>40~78\u03bcm<\/td>\n<\/tr>\n<tr>\n<td class=\"label\">Resistencia a la tracci\u00f3n :<\/td>\n<td>\u2265 230Mpa<\/td>\n<\/tr>\n<tr>\n<td class=\"label\">l\u00edmite el\u00e1stico :<\/td>\n<td>\u2265 210Mpa<\/td>\n<\/tr>\n<tr>\n<td class=\"label\">Dureza :<\/td>\n<td>\u2265 11HW<\/td>\n<\/tr>\n<tr>\n<td class=\"label\">Salida :<\/td>\n<td>15000t\/mes<\/td>\n<\/tr>\n<tr>\n<td class=\"label\">MOQ :<\/td>\n<td>200KG\/art\u00edculo<\/td>\n<\/tr>\n<tr>\n<td class=\"label\">Material de embalaje:<\/td>\n<td>PE+PVC o PE+EPE<\/td>\n<\/tr>\n<tr>\n<td class=\"label\">Condiciones de pago :<\/td>\n<td>T\/T,L\/C<\/td>\n<\/tr>\n<tr>\n<td class=\"label\">Plazo de entrega :<\/td>\n<td>20~25 d\u00edas despu\u00e9s de recibir el dep\u00f3sito<\/td>\n<\/tr>\n<tr>\n<td class=\"label\">Peso de carga :<\/td>\n<td>10t~12t\/20'GP, 20t~24t\/40'GP<\/td>\n<\/tr>\n<tr>\n<td class=\"label\">Puerto de carga :<\/td>\n<td>Foshan,Guangzhou,Shenzhen<\/td>\n<\/tr>\n<tr>\n<td class=\"label\">OEM Y ODM :<\/td>\n<td>Aceptable. Muestras ofrecidas gratuitamente<\/td>\n<\/tr>\n<tr>\n<td class=\"label\">Longitud de exportaci\u00f3n :<\/td>\n<td>Regular 3~6m o cortado en cierto tama\u00f1o seg\u00fan el requisito<\/td>\n<\/tr>\n<tr>\n<td class=\"label\">Tratamientos superficiales:<\/td>\n<td>Fresado,Pintura en polvo,Anodizado,Electroforesis,Granulado de madera<\/td>\n<\/tr>\n<tr>\n<td class=\"label\">Color :<\/td>\n<td>Plata, champ\u00e1n, bronce, oro, negro, blanco o seg\u00fan sus necesidades<\/td>\n<\/tr>\n<tr>\n<td class=\"label\">Aplicaci\u00f3n :<\/td>\n<td>Ventanas y puertas, tabiques, decoraci\u00f3n arquitect\u00f3nica, industria, etc.<\/td>\n<\/tr>\n<tr>\n<td class=\"label\">Mercado de venta caliente :<\/td>\n<td>En todo el mundo<\/td>\n<\/tr>\n<tr>\n<td class=\"label\">Certificaci\u00f3n:<\/td>\n<td>GB5237-2008 , ISO9001:2008 , CQM ,CE<\/td>\n<\/tr>\n<\/table>\n<h2>Nuestra base de fabricaci\u00f3n<\/h2>\n<h3>Panorama de la f\u00e1brica<\/h3>\n<p><img decoding=\"async\" src=\"\/wp-content\/uploads\/factory-01.webp\"\/><\/p>\n<h3>Taller de fabricaci\u00f3n de barras de aluminio<\/h3>\n<p><img decoding=\"async\" src=\"\/wp-content\/uploads\/factory-02.webp\"\/><\/p>\n<\/p>\n<p><img decoding=\"async\" src=\"\/wp-content\/uploads\/factory-03.webp\"\/><\/p>\n<h3>Almac\u00e9n de moldes<\/h3>\n<p><img decoding=\"async\" src=\"\/wp-content\/uploads\/factory-04.webp\"\/><\/p>\n<h3>43 l\u00edneas de extrusi\u00f3n de aluminio (500-5500 toneladas)<\/h3>\n<p><img decoding=\"async\" src=\"\/wp-content\/uploads\/factory-05.webp\"\/><\/p>\n<p><img decoding=\"async\" src=\"\/wp-content\/uploads\/factory-06.webp\"\/><\/p>\n<p><img decoding=\"async\" src=\"\/wp-content\/uploads\/factory-07.webp\"\/><\/p>\n<h3>Taller de pintura en polvo<\/h3>\n<p><img decoding=\"async\" src=\"\/wp-content\/uploads\/factory-09.webp\"\/><\/p>\n<h3>Taller de anodizado<\/h3>\n<p><img decoding=\"async\" src=\"\/wp-content\/uploads\/factory-10.webp\"\/><\/p>\n<h3>Taller de procesamiento profundo<\/h3>\n<p><img decoding=\"async\" src=\"\/wp-content\/uploads\/factory-11.webp\"\/><\/p>\n<h3>Taller de mecanizado de precisi\u00f3n CNC<\/h3>\n<p><img decoding=\"async\" src=\"\/wp-content\/uploads\/factory-11.5.webp\"\/><\/p>\n<h3>Almac\u00e9n de productos acabados y de exportaci\u00f3n<\/h3>\n<p><img decoding=\"async\" src=\"\/wp-content\/uploads\/factory-12.webp\"\/><\/p>\n<p><img decoding=\"async\" src=\"\/wp-content\/uploads\/factory-13.webp\"\/><\/p>\n<p><img decoding=\"async\" src=\"\/wp-content\/uploads\/factory-14.webp\"\/><\/p>\n<h2>PREGUNTAS FRECUENTES<\/h2>\n<p><b>1. \u00bfQu\u00e9 son los perfiles de aluminio para tabiques?<\/b><\/p>\n<p>Los perfiles de aluminio para tabiques son componentes estructurales utilizados para crear sistemas de paredes modulares en oficinas, locales comerciales y edificios p\u00fablicos.\n<\/p>\n<p><\/p>\n<p><b>2.\u00bfPor qu\u00e9 utilizar perfiles de aluminio para los sistemas de tabiques?<\/b><\/p>\n<p>El aluminio es ligero, resistente a la corrosi\u00f3n y ofrece un aspecto moderno y elegante, por lo que es ideal para tabiques duraderos y con estilo.\n<\/p>\n<p><\/p>\n<p><b>3.\u00bfSe pueden personalizar los perfiles divisorios de aluminio?<\/b><\/p>\n<p>S\u00ed, pueden personalizarse en tama\u00f1o, secci\u00f3n transversal, color y acabado para adaptarse a diversos requisitos funcionales y de dise\u00f1o interior.\n<\/p>\n<p><\/p>\n<p><b>4.\u00bfQu\u00e9 tipos de paneles funcionan con los perfiles divisorios de aluminio?<\/b><\/p>\n<p>Los sistemas de mamparas de aluminio son compatibles con el vidrio, la madera, el PVC, el acr\u00edlico y los paneles compuestos.\n<\/p>\n<p><\/p>\n<p><b>5.\u00bfEs f\u00e1cil instalar los perfiles divisorios de aluminio?<\/b><\/p>\n<p>Por supuesto, est\u00e1n dise\u00f1ados para un montaje r\u00e1pido con herramientas b\u00e1sicas y una mano de obra m\u00ednima.\n<\/p>\n<p><\/p>\n<p><b>6.\u00bfSon adecuados estos perfiles para entornos de oficinas comerciales?<\/b><\/p>\n<p>S\u00ed, se utilizan mucho en oficinas, salas de exposiciones, bancos y espacios de coworking por su aspecto profesional y su flexibilidad.\n<\/p>\n<p><\/p>\n<p><b>7.\u00bfQu\u00e9 acabados superficiales hay disponibles para los perfiles divisorios de aluminio?<\/b><\/p>\n<p>Entre los acabados m\u00e1s comunes se encuentran el anodizado, el recubrimiento en polvo, el cepillado y el veteado de la madera para una mayor durabilidad y atractivo visual.\n<\/p>\n<p><\/p>","protected":false},"featured_media":7349,"template":"","categories":[67],"class_list":["post-7350","product","type-product","status-publish","has-post-thumbnail","hentry","category-architectural-aluminium-profile"],"meta_box":{"hilight_text_group":{"product_hilight_text":"<li>Durable aluminum construction ensures long-lasting partition support<\/li>\r\r\n<li>Lightweight material allows for easy handling and installation<\/li>\r\r\n<li>Corrosion-resistant surface suitable for indoor office and commercial use<\/li>\r\r\n<li>Modern and minimal design enhances space aesthetics<\/li>\r\r\n<li>Customizable in shape, color, and finish to match interior styles<\/li>\r\r\n<li>Compatible with glass, wood, and panel inserts for flexible configurations<\/li>","product_chanpin_blog":"<ul>\r\r\n<li><a href=\"https:\/\/sinoextrud.com\/t-slot-v-slot-differences\/\" target=\"_blank\">t slot vs v slot<\/a><\/li>\r\r\n<li><a href=\"https:\/\/sinoextrud.com\/what-is-4040-aluminium-extrud\/\" target=\"_blank\">4040 aluminium extrusion<\/a><\/li>\r\r\n<li><a href=\"https:\/\/sinoextrud.com\/what-is-4040-aluminium-extrud\/\" target=\"_blank\">aluminum extrusions for industrial racks<\/a><\/li>\r\r\n<li><a href=\"https:\/\/sinoextrud.com\/powder-coating-aluminium-process\/\" target=\"_blank\">powder coating aluminium<\/a><\/li>\r\r\n<li><a href=\"https:\/\/sinoextrud.com\/what-is-an-aluminium-strip-ceiling\/\" target=\"_blank\">aluminium strip ceiling<\/a><\/li>\r\r\n<li><a href=\"https:\/\/sinoextrud.com\/what-is-a-heat-sink\/\" target=\"_blank\">what is a heat sink<\/a><\/li>\r\r\n<\/ul>","product_chanpin_chanpin":"<li><a href=\"https:\/\/sinoextrud.com\/product\/aluminum-profile-for-office-partition-catalog\/\" target=\"_blank\">Aluminum Profile For Office Partition Catalog<\/a><\/li>\r\n<li><a href=\"https:\/\/sinoextrud.com\/product\/modular-aluminium-extrusions\/\" target=\"_blank\">Modular Aluminium Extrusions<\/a><\/li>\r\n<li><a href=\"https:\/\/sinoextrud.com\/product\/aluminum-corner-extrusion-profiles\/\" target=\"_blank\">Aluminum Corner Extrusion Profiles<\/a><\/li>\r\n<li><a href=\"https:\/\/sinoextrud.com\/product\/aluminum-profile-for-windows-and-door-aluminum-curtain-wall-profile-extrusion\/\" target=\"_blank\">Aluminum Profile for Windows and Door Aluminum Curtain Wall Profile Extrusion<\/a><\/li>\r\n<li><a href=\"https:\/\/sinoextrud.com\/product\/aluminum-profiles-partition\/\" target=\"_blank\">Aluminum Profiles Partition<\/a><\/li>\r\n<li><a href=\"https:\/\/sinoextrud.com\/product\/aluminum-handle-profile\/\" target=\"_blank\">Aluminum Handle Profile<\/a><\/li>\r\n<li><a href=\"https:\/\/sinoextrud.com\/product\/aluminum-decorative-timber-batten-3d-aluminum-profiles-timber-ceilings-u-shaped-baffle-ceiling\/\" target=\"_blank\">Aluminum Decorative Timber Batten 3D Aluminum Profiles Timber Ceilings U-shaped Baffle Ceiling<\/a><\/li>\r\n<li><a href=\"https:\/\/sinoextrud.com\/product\/aluminum-alloy-profile\/\" target=\"_blank\">Aluminum Alloy Profile<\/a><\/li>\r\n<li><a href=\"https:\/\/sinoextrud.com\/product\/aluminum-louver-blades\/\" target=\"_blank\">Aluminum Louver Blades<\/a><\/li>\r\n<li><a href=\"https:\/\/sinoextrud.com\/product\/aluminum-extrusion-box\/\" target=\"_blank\">aluminum extrusion box<\/a><\/li>\r\n<li><a href=\"https:\/\/sinoextrud.com\/product\/extrusion-aluminum-pipe-anodized-sandblasted-black\/\" target=\"_blank\">Extrusion Aluminum Pipe Anodized Sandblasted Black<\/a><\/li>"},"feature_list":[]},"_links":{"self":[{"href":"https:\/\/sinoextrud.com\/es\/wp-json\/wp\/v2\/product\/7350","targetHints":{"allow":["GET"]}}],"collection":[{"href":"https:\/\/sinoextrud.com\/es\/wp-json\/wp\/v2\/product"}],"about":[{"href":"https:\/\/sinoextrud.com\/es\/wp-json\/wp\/v2\/types\/product"}],"wp:featuredmedia":[{"embeddable":true,"href":"https:\/\/sinoextrud.com\/es\/wp-json\/wp\/v2\/media\/7349"}],"wp:attachment":[{"href":"https:\/\/sinoextrud.com\/es\/wp-json\/wp\/v2\/media?parent=7350"}],"wp:term":[{"taxonomy":"category","embeddable":true,"href":"https:\/\/sinoextrud.com\/es\/wp-json\/wp\/v2\/categories?post=7350"}],"curies":[{"name":"wp","href":"https:\/\/api.w.org\/{rel}","templated":true}]}}