{"id":7334,"date":"2025-06-07T03:26:04","date_gmt":"2025-06-07T03:26:04","guid":{"rendered":"https:\/\/sinoextrud.com\/product\/aluminium-window-frame-profiles\/"},"modified":"2025-06-24T06:12:33","modified_gmt":"2025-06-24T06:12:33","slug":"perfiles-de-aluminio-para-marcos-de-ventanas","status":"publish","type":"product","link":"https:\/\/sinoextrud.com\/es\/product\/aluminium-window-frame-profiles\/","title":{"rendered":"Perfiles de aluminio para marcos de ventanas"},"content":{"rendered":"<h2>Productos<\/h2>\n<table class=\"custom-table\">\n<tr>\n<td class=\"label\">Material<\/td>\n<td>Perfiles de aluminio para marcos de ventanas, vidrio o vidrio y marco de aluminio<\/td>\n<\/tr>\n<tr>\n<td class=\"label\">Marca<\/td>\n<td>Sinoextrud\/Sinoextrud<\/td>\n<\/tr>\n<tr>\n<td class=\"label\">Vidrio<\/td>\n<td>A:Color:Tintado (gris\/verde\/azul\/t\u00e9 u otros) o transparente<br \/>\nB:Especial:Low-E Glass\/Cristal reflectante\/Cristal templado\/Clase flotante\/Cristal art\u00edstico<br \/>\nD.Color:cualquier color<\/td>\n<\/tr>\n<tr>\n<td class=\"label\">Soluci\u00f3n integral<\/td>\n<td>Dise\u00f1o profesional, fabricaci\u00f3n de alta calidad e instalaci\u00f3n experimentada<\/td>\n<\/tr>\n<tr>\n<td class=\"label\">Tipo<\/td>\n<td>Mampara de cristal sin marco o Mampara de cristal con marco<\/td>\n<\/tr>\n<tr>\n<td class=\"label\">T\u00e9rmino comercial<\/td>\n<td>EXW, FOB y CIF<\/td>\n<\/tr>\n<tr>\n<td class=\"label\">MOQ<\/td>\n<td>M\u00e1s de 200 metros cuadrados<\/td>\n<\/tr>\n<tr>\n<td class=\"label\">Plazo de pago<\/td>\n<td>T\/T,L\/C etc<\/td>\n<\/tr>\n<tr>\n<td class=\"label\">Embalaje<\/td>\n<td>Caja de madera para exportaci\u00f3n<\/td>\n<\/tr>\n<tr>\n<td class=\"label\">Puerto de exportaci\u00f3n<\/td>\n<td>Guangzhou o Shenzhen FOSHAN<\/td>\n<\/tr>\n<tr>\n<td class=\"label\">Plazo de entrega<\/td>\n<td>en un plazo de 20-25 d\u00edas tras la confirmaci\u00f3n del plano de taller.<\/td>\n<\/tr>\n<\/table>\n<h2>Nuestra base de fabricaci\u00f3n<\/h2>\n<h3>Panorama de la f\u00e1brica<\/h3>\n<p><img decoding=\"async\" src=\"\/wp-content\/uploads\/factory-01.webp\"\/><\/p>\n<h3>Taller de fabricaci\u00f3n de barras de aluminio<\/h3>\n<p><img decoding=\"async\" src=\"\/wp-content\/uploads\/factory-02.webp\"\/><\/p>\n<p><img decoding=\"async\" src=\"\/wp-content\/uploads\/factory-03.webp\"\/><\/p>\n<h3>Almac\u00e9n de moldes<\/h3>\n<p><img decoding=\"async\" src=\"\/wp-content\/uploads\/factory-04.webp\"\/><\/p>\n<h3>43 L\u00c3neas de extrusi\u00c3\u00b3n de aluminio (500\u00e2\u20ac\"5500 toneladas)<\/h3>\n<p><img decoding=\"async\" src=\"\/wp-content\/uploads\/factory-05.webp\"\/><\/p>\n<p><img decoding=\"async\" src=\"\/wp-content\/uploads\/factory-06.webp\"\/><\/p>\n<p><img decoding=\"async\" src=\"\/wp-content\/uploads\/factory-07.webp\"\/><\/p>\n<h3>Taller de pintura en polvo<\/h3>\n<p><img decoding=\"async\" src=\"\/wp-content\/uploads\/factory-09.webp\"\/><\/p>\n<h3>Taller de anodizado<\/h3>\n<p><img decoding=\"async\" src=\"\/wp-content\/uploads\/factory-10.webp\"\/><\/p>\n<h3>Taller de procesamiento profundo<\/h3>\n<p><img decoding=\"async\" src=\"\/wp-content\/uploads\/factory-11.webp\"\/><\/p>\n<h3>Taller de mecanizado de precisi\u00f3n CNC<\/h3>\n<p><img decoding=\"async\" src=\"\/wp-content\/uploads\/factory-11.5.webp\"\/><\/p>\n<h3>Almac\u00e9n de productos acabados y de exportaci\u00f3n<\/h3>\n<p><img decoding=\"async\" src=\"\/wp-content\/uploads\/factory-12.webp\"\/><\/p>\n<p><img decoding=\"async\" src=\"\/wp-content\/uploads\/factory-13.webp\"\/><\/p>\n<p><img decoding=\"async\" src=\"\/wp-content\/uploads\/factory-14.webp\"\/><\/p>\n<h2>PREGUNTAS FRECUENTES<\/h2>\n<p><p><b>1. \u00bfQu\u00e9 son los perfiles de aluminio para marcos de ventanas? <\/b><\/p>\n<p> Los perfiles de aluminio para marcos de ventanas son perfiles de aluminio extruido que se utilizan para construir el per\u00edmetro y la estructura de soporte de los sistemas de ventanas.<br \/>\n<\/p><br \/>\n<br \/>\n<p><b>2.\u00bfPor qu\u00e9 elegir aluminio para los marcos de las ventanas? <\/b><\/p>\n<p> El aluminio es duradero, resistente a la corrosi\u00f3n y ligero, por lo que resulta ideal para soluciones de marcos de ventanas fuertes y de bajo mantenimiento.<br \/>\n<\/p><br \/>\n<br \/>\n<p><b>3.\u00bfPueden estos perfiles admitir doble o triple acristalamiento? <\/b><\/p>\n<p> S\u00ed, los perfiles de marco de ventana de aluminio est\u00e1n dise\u00f1ados para alojar acristalamiento sencillo, doble o triple para mejorar la eficiencia energ\u00e9tica y el aislamiento.<br \/>\n<\/p><br \/>\n<br \/>\n<p><b>4.\u00bfLos marcos de aluminio de las ventanas son resistentes a la intemperie? <\/b><\/p>\n<p> Por supuesto, son muy resistentes a la humedad, los rayos UV y las fluctuaciones de temperatura, por lo que son aptas para todos los climas.<br \/>\n<\/p><br \/>\n<br \/>\n<p><b>5.\u00bfSe pueden personalizar los perfiles? <\/b><\/p>\n<p> S\u00ed, los perfiles de aluminio para ventanas pueden adaptarse en tama\u00f1o, forma, color y acabado superficial para adaptarse a cualquier dise\u00f1o de edificio.<br \/>\n<\/p><br \/>\n<br \/>\n<p><b>6.\u00bfLas estructuras de aluminio requieren un mantenimiento frecuente? <\/b><\/p>\n<p> No, los marcos de ventana de aluminio requieren poco mantenimiento y s\u00f3lo necesitan una limpieza ocasional para conservar su aspecto y rendimiento.<br \/>\n<\/p><br \/>\n<br \/>\n<p><b>7.\u00bfQu\u00e9 acabados hay disponibles para los perfiles de aluminio para ventanas? <\/b><\/p>\n<p> Entre los acabados m\u00e1s comunes se encuentran el anodizado, el recubrimiento en polvo, el veteado de la madera y el PVDF, que ofrecen tanto durabilidad como atractivo est\u00e9tico.<br \/>\n<\/p><br \/>\n<br \/>\n<p><b>8.\u00bfSon estos perfiles respetuosos con el medio ambiente? <\/b><\/p>\n<p> S\u00ed, el aluminio es 100% reciclable y eficiente desde el punto de vista energ\u00e9tico, lo que contribuye a unas pr\u00e1cticas de construcci\u00f3n sostenibles.<br \/>\n<\/p><br \/><\/p>","protected":false},"featured_media":7333,"template":"","categories":[67],"class_list":["post-7334","product","type-product","status-publish","has-post-thumbnail","hentry","category-architectural-aluminium-profile"],"meta_box":{"hilight_text_group":{"product_hilight_text":"<li>High-strength aluminum construction ensures structural stability and security.<\/li>\r\r\n<li>Corrosion-resistant surface ideal for long-term indoor and outdoor use.<\/li>\r\r\n<li>Lightweight design reduces installation effort and structural load.<\/li>\r\r\n<li>Supports multiple glazing options for improved insulation and soundproofing.<\/li>\r\r\n<li>Customizable shapes, finishes, and sizes to fit various architectural styles.<\/li>\r\r\n<li>Low maintenance material with excellent weather and UV resistance.<\/li>","product_chanpin_blog":"<ul>\r\r\n<li><a href=\"https:\/\/sinoextrud.com\/t-slot-v-slot-differences\/\" target=\"_blank\">t slot vs v slot<\/a><\/li>\r\r\n<li><a href=\"https:\/\/sinoextrud.com\/what-is-4040-aluminium-extrud\/\" target=\"_blank\">4040 aluminium extrusion<\/a><\/li>\r\r\n<li><a href=\"https:\/\/sinoextrud.com\/what-is-4040-aluminium-extrud\/\" target=\"_blank\">aluminum extrusions for industrial racks<\/a><\/li>\r\r\n<li><a href=\"https:\/\/sinoextrud.com\/powder-coating-aluminium-process\/\" target=\"_blank\">powder coating aluminium<\/a><\/li>\r\r\n<li><a href=\"https:\/\/sinoextrud.com\/what-is-an-aluminium-strip-ceiling\/\" target=\"_blank\">aluminium strip ceiling<\/a><\/li>\r\r\n<li><a href=\"https:\/\/sinoextrud.com\/what-is-a-heat-sink\/\" target=\"_blank\">what is a heat sink<\/a><\/li>\r\r\n<\/ul>","product_chanpin_chanpin":"<li><a href=\"https:\/\/sinoextrud.com\/product\/outdoor-aluminium-sun-shutters-louvres-system\/\" target=\"_blank\">Outdoor aluminium sun shutters( louvres) system<\/a><\/li>\r\n<li><a href=\"https:\/\/sinoextrud.com\/product\/anodized-and-powder-coated-t-slotted-aluminum-extrusion\/\" target=\"_blank\">Anodized and Powder Coated T-Slotted Aluminum Extrusion<\/a><\/li>\r\n<li><a href=\"https:\/\/sinoextrud.com\/product\/aluminum-extrusion-profile-suppliers-for-good-kitchen-cabinet-manufacturers-cabinet-extrusion-pricing-construction-aluminium\/\" target=\"_blank\">aluminum extrusion profile suppliers for Good Kitchen cabinet manufacturers Cabinet extrusion pricing construction aluminium<\/a><\/li>\r\n<li><a href=\"https:\/\/sinoextrud.com\/product\/china-industrial-extruded-aluminium-heatsink-profile\/\" target=\"_blank\">China Industrial Extruded Aluminium Heatsink Profile<\/a><\/li>\r\n<li><a href=\"https:\/\/sinoextrud.com\/product\/aluminium-window-frame-profiles\/\" target=\"_blank\">Aluminium Window Frame Profiles<\/a><\/li>\r\n<li><a href=\"https:\/\/sinoextrud.com\/product\/customized-extruded-aluminum-enclosure-profile\/\" target=\"_blank\">Customized Extruded Aluminum Enclosure Profile<\/a><\/li>\r\n<li><a href=\"https:\/\/sinoextrud.com\/product\/aluminum-alloy-wall-decoration-edge-trim-strip\/\" target=\"_blank\">Aluminum Alloy Wall Decoration Edge Trim Strip<\/a><\/li>\r\n<li><a href=\"https:\/\/sinoextrud.com\/product\/aluminum-railing\/\" target=\"_blank\">Aluminum Railing<\/a><\/li>\r\n<li><a href=\"https:\/\/sinoextrud.com\/product\/aluminum-profile-for-office-partition-catalog\/\" target=\"_blank\">Aluminum Profile For Office Partition Catalog<\/a><\/li>\r\n<li><a href=\"https:\/\/sinoextrud.com\/product\/extruded-aluminum-channel-stock\/\" target=\"_blank\">Extruded Aluminum Channel Stock<\/a><\/li>\r\n<li><a href=\"https:\/\/sinoextrud.com\/product\/aluminium-u-channels\/\" target=\"_blank\">Aluminium U Channels<\/a><\/li>"},"feature_list":[]},"_links":{"self":[{"href":"https:\/\/sinoextrud.com\/es\/wp-json\/wp\/v2\/product\/7334","targetHints":{"allow":["GET"]}}],"collection":[{"href":"https:\/\/sinoextrud.com\/es\/wp-json\/wp\/v2\/product"}],"about":[{"href":"https:\/\/sinoextrud.com\/es\/wp-json\/wp\/v2\/types\/product"}],"wp:featuredmedia":[{"embeddable":true,"href":"https:\/\/sinoextrud.com\/es\/wp-json\/wp\/v2\/media\/7333"}],"wp:attachment":[{"href":"https:\/\/sinoextrud.com\/es\/wp-json\/wp\/v2\/media?parent=7334"}],"wp:term":[{"taxonomy":"category","embeddable":true,"href":"https:\/\/sinoextrud.com\/es\/wp-json\/wp\/v2\/categories?post=7334"}],"curies":[{"name":"wp","href":"https:\/\/api.w.org\/{rel}","templated":true}]}}