{"id":7308,"date":"2025-06-07T02:47:48","date_gmt":"2025-06-07T02:47:48","guid":{"rendered":"https:\/\/sinoextrud.com\/product\/aluminium-profile-for-wardrobe-sliding-door-frame\/"},"modified":"2025-06-24T06:12:29","modified_gmt":"2025-06-24T06:12:29","slug":"perfil-de-aluminio-para-marco-de-puerta-corredera-de-armario","status":"publish","type":"product","link":"https:\/\/sinoextrud.com\/es\/product\/aluminium-profile-for-wardrobe-sliding-door-frame\/","title":{"rendered":"Perfil de aluminio para marco de puerta corredera de armario"},"content":{"rendered":"<h2>Productos<\/h2>\n<table class=\"custom-table\">\n<tbody>\n<tr>\n<td> Art\u00edculo:<\/td>\n<td> Perfil de aluminio para marco de puerta corredera de armario<\/td>\n<\/tr>\n<tr>\n<td> Aplicaci\u00f3n:<\/td>\n<td> marco de puerta corredera de armario<\/td>\n<\/tr>\n<tr>\n<td> Grado:<\/td>\n<td> Serie 6000<\/td>\n<\/tr>\n<tr>\n<td> T\u00e9cnica:<\/td>\n<td> Extruido<\/td>\n<\/tr>\n<tr>\n<td> Temperamento:<\/td>\n<td> T3 - T8<\/td>\n<\/tr>\n<tr>\n<td> Tama\u00f1o:<\/td>\n<td> Personalizado<\/td>\n<\/tr>\n<tr>\n<td> Control de calidad:<\/td>\n<td> 100% Inspecci\u00f3n antes del env\u00edo<\/td>\n<\/tr>\n<tr>\n<td> Ubicaci\u00f3n de la f\u00e1brica:<\/td>\n<td> Foshan, China<\/td>\n<\/tr>\n<tr>\n<td> Especificaci\u00f3n:<\/td>\n<td> RoHS<\/td>\n<\/tr>\n<tr>\n<td> Tipo:<\/td>\n<td> Perfiles de aluminio<\/td>\n<\/tr>\n<tr>\n<td> Aleaci\u00f3n:<\/td>\n<td> Aleaci\u00f3n<\/td>\n<\/tr>\n<tr>\n<td> Certificaci\u00f3n:<\/td>\n<td> GB\/T<\/td>\n<\/tr>\n<tr>\n<td> Servicio:<\/td>\n<td> OEM\/ODM<\/td>\n<\/tr>\n<tr>\n<td> Plazo de entrega:<\/td>\n<td> 7-25 d\u00edas laborables (seg\u00fan su cantidad)<\/td>\n<\/tr>\n<tr>\n<td> Detalle del embalaje:<\/td>\n<td> Embalaje est\u00e1ndar para exportaci\u00f3n<\/td>\n<\/tr>\n<tr>\n<td> Marca registrada:<\/td>\n<td> Sinoextrud(Sinoextrud)\/ OEM<\/td>\n<\/tr>\n<\/tbody>\n<\/table>\n<h2>Nuestra base de fabricaci\u00f3n<\/h2>\n<h3>Panorama de la f\u00e1brica<\/h3>\n<p><img decoding=\"async\" src=\"\/wp-content\/uploads\/factory-01.webp\"\/><\/p>\n<h3>Taller de fabricaci\u00f3n de barras de aluminio<\/h3>\n<p><img decoding=\"async\" src=\"\/wp-content\/uploads\/factory-02.webp\"\/><\/p>\n<p><img decoding=\"async\" src=\"\/wp-content\/uploads\/factory-03.webp\"\/><\/p>\n<h3>Almac\u00e9n de moldes<\/h3>\n<p><img decoding=\"async\" src=\"\/wp-content\/uploads\/factory-04.webp\"\/><\/p>\n<h3>43 L\u00c3neas de extrusi\u00c3\u00b3n de aluminio (500\u00e2\u20ac\"5500 toneladas)<\/h3>\n<p><img decoding=\"async\" src=\"\/wp-content\/uploads\/factory-05.webp\"\/><\/p>\n<p><img decoding=\"async\" src=\"\/wp-content\/uploads\/factory-06.webp\"\/><\/p>\n<p><img decoding=\"async\" src=\"\/wp-content\/uploads\/factory-07.webp\"\/><\/p>\n<h3>Taller de pintura en polvo<\/h3>\n<p><img decoding=\"async\" src=\"\/wp-content\/uploads\/factory-09.webp\"\/><\/p>\n<h3>Taller de anodizado<\/h3>\n<p><img decoding=\"async\" src=\"\/wp-content\/uploads\/factory-10.webp\"\/><\/p>\n<h3>Taller de procesamiento profundo<\/h3>\n<p><img decoding=\"async\" src=\"\/wp-content\/uploads\/factory-11.webp\"\/><\/p>\n<h3>Taller de mecanizado de precisi\u00f3n CNC<\/h3>\n<p><img decoding=\"async\" src=\"\/wp-content\/uploads\/factory-11.5.webp\"\/><\/p>\n<h3>Almac\u00e9n de productos acabados y de exportaci\u00f3n<\/h3>\n<p><img decoding=\"async\" src=\"\/wp-content\/uploads\/factory-12.webp\"\/><\/p>\n<p><img decoding=\"async\" src=\"\/wp-content\/uploads\/factory-13.webp\"\/><\/p>\n<p><img decoding=\"async\" src=\"\/wp-content\/uploads\/factory-14.webp\"\/><\/p>\n<h2>PREGUNTAS FRECUENTES<\/h2>\n<p><p><b>1. \u00bfQu\u00e9 es el perfil de aluminio para marcos de puertas correderas de armarios?<\/b><\/p>\n<p>Se trata de una extrusi\u00f3n de aluminio especialmente dise\u00f1ada que se utiliza como marco estructural para puertas correderas de armarios, ofreciendo resistencia y un aspecto elegante.<br \/>\n<\/p><br \/>\n<br \/>\n<p><b>2.\u00bfPor qu\u00e9 utilizar perfiles de aluminio para puertas correderas de armarios?<\/b><\/p>\n<p>Los perfiles de aluminio son ligeros, duraderos y resistentes a la corrosi\u00f3n, por lo que resultan ideales para sistemas de puertas de armarios lisos y duraderos.<br \/>\n<\/p><br \/>\n<br \/>\n<p><b>3.\u00bfSe pueden personalizar los perfiles de aluminio para puertas de armarios?<\/b><\/p>\n<p>S\u00ed, pueden personalizarse en cuanto a longitud, grosor, acabado superficial y color para adaptarse a diversos dise\u00f1os y preferencias de armario.<br \/>\n<\/p><br \/>\n<br \/>\n<p><b>4.\u00bfSon compatibles los marcos de aluminio de las puertas correderas con los distintos paneles?<\/b><\/p>\n<p>Por supuesto, estos perfiles admiten diversos tipos de paneles, como madera, cristal, acr\u00edlico y espejos.<br \/>\n<\/p><br \/>\n<br \/>\n<p><b>5.\u00bfMejoran los perfiles de aluminio de los armarios las prestaciones de deslizamiento?<\/b><\/p>\n<p>S\u00ed, el dise\u00f1o de precisi\u00f3n de los perfiles de aluminio garantiza un deslizamiento estable y suave, mejorando la experiencia del usuario.<br \/>\n<\/p><br \/>\n<br \/>\n<p><b>6.\u00bfEs duradera la superficie de los perfiles de aluminio para un uso prolongado?<\/b><\/p>\n<p>S\u00ed, con acabados anodizados o con recubrimiento de polvo, los perfiles de aluminio mantienen su aspecto y resisten el desgaste con el paso del tiempo.<br \/>\n<\/p><br \/>\n<br \/>\n<p><b>7.\u00bfSon f\u00e1ciles de instalar los marcos de aluminio para puertas de armarios?<\/b><\/p>\n<p>S\u00ed, estos perfiles est\u00e1n dise\u00f1ados para facilitar el montaje y pueden instalarse eficazmente con herramientas y herrajes est\u00e1ndar.<br \/>\n<\/p><br \/><\/p>","protected":false},"featured_media":7307,"template":"","categories":[67],"class_list":["post-7308","product","type-product","status-publish","has-post-thumbnail","hentry","category-architectural-aluminium-profile"],"meta_box":{"hilight_text_group":{"product_hilight_text":"<li>High-quality aluminum ensures lightweight yet strong door framing<\/li>\r\r\n<li>Sleek profile design enhances the modern look of wardrobes<\/li>\r\r\n<li>Corrosion-resistant finish ensures long-term durability<\/li>\r\r\n<li>Compatible with various panel materials like glass, wood, or mirror<\/li>\r\r\n<li>Smooth sliding performance with precision engineering<\/li>\r\r\n<li>Customizable sizes and finishes to match different interior styles<\/li>","product_chanpin_blog":"<ul>\r\r\n<li><a href=\"https:\/\/sinoextrud.com\/t-slot-v-slot-differences\/\" target=\"_blank\">t slot vs v slot<\/a><\/li>\r\r\n<li><a href=\"https:\/\/sinoextrud.com\/what-is-4040-aluminium-extrud\/\" target=\"_blank\">4040 aluminium extrusion<\/a><\/li>\r\r\n<li><a href=\"https:\/\/sinoextrud.com\/what-is-4040-aluminium-extrud\/\" target=\"_blank\">aluminum extrusions for industrial racks<\/a><\/li>\r\r\n<li><a href=\"https:\/\/sinoextrud.com\/powder-coating-aluminium-process\/\" target=\"_blank\">powder coating aluminium<\/a><\/li>\r\r\n<li><a href=\"https:\/\/sinoextrud.com\/what-is-an-aluminium-strip-ceiling\/\" target=\"_blank\">aluminium strip ceiling<\/a><\/li>\r\r\n<li><a href=\"https:\/\/sinoextrud.com\/what-is-a-heat-sink\/\" target=\"_blank\">what is a heat sink<\/a><\/li>\r\r\n<\/ul>","product_chanpin_chanpin":"<li><a href=\"https:\/\/sinoextrud.com\/product\/aluminum-price-per-pound\/\" target=\"_blank\">Aluminum Price Per Pound<\/a><\/li>\r\n<li><a href=\"https:\/\/sinoextrud.com\/product\/aluminum-profile-extrusion-of-heatsink-sections-for-sale\/\" target=\"_blank\">Aluminum Profile Extrusion Of Heatsink Sections For Sale<\/a><\/li>\r\n<li><a href=\"https:\/\/sinoextrud.com\/product\/customized-ome-aluminium-profile-extruded-with-the-anodized-black-champage-silver-white-and-blasted-treatment\/\" target=\"_blank\">Customized OME Aluminium Profile Extruded With The Anodized Black Champage Silver White And Blasted Treatment<\/a><\/li>\r\n<li><a href=\"https:\/\/sinoextrud.com\/product\/aluminum-profile-windows-and-door-powder-coated-sliding-way\/\" target=\"_blank\">aluminum profile windows and door powder coated sliding way<\/a><\/li>\r\n<li><a href=\"https:\/\/sinoextrud.com\/product\/aluminium-profile-for-wardrobe-sliding-door-frame\/\" target=\"_blank\">Aluminium Profile For Wardrobe Sliding Door Frame<\/a><\/li>\r\n<li><a href=\"https:\/\/sinoextrud.com\/product\/aluminium-profile-frame-for-fly-screen\/\" target=\"_blank\">Aluminium Profile Frame For Fly Screen<\/a><\/li>\r\n<li><a href=\"https:\/\/sinoextrud.com\/product\/aluminum-profile-for-tent\/\" target=\"_blank\">Aluminum profile for tent<\/a><\/li>\r\n<li><a href=\"https:\/\/sinoextrud.com\/product\/aluminium-profile-quarter-round-bar\/\" target=\"_blank\">Aluminium Profile Quarter Round Bar<\/a><\/li>\r\n<li><a href=\"https:\/\/sinoextrud.com\/product\/china-aluminum-angle-bar-alloy-profile\/\" target=\"_blank\">China Aluminum Angle Bar Alloy Profile<\/a><\/li>\r\n<li><a href=\"https:\/\/sinoextrud.com\/product\/6063-slotted-aluminum-bar-extrusion-profiles\/\" target=\"_blank\">6063 Slotted Aluminum Bar Extrusion Profiles<\/a><\/li>\r\n<li><a href=\"https:\/\/sinoextrud.com\/product\/aluminum-extrusion-standards\/\" target=\"_blank\">Aluminum Extrusion Standards<\/a><\/li>"},"feature_list":[]},"_links":{"self":[{"href":"https:\/\/sinoextrud.com\/es\/wp-json\/wp\/v2\/product\/7308","targetHints":{"allow":["GET"]}}],"collection":[{"href":"https:\/\/sinoextrud.com\/es\/wp-json\/wp\/v2\/product"}],"about":[{"href":"https:\/\/sinoextrud.com\/es\/wp-json\/wp\/v2\/types\/product"}],"wp:featuredmedia":[{"embeddable":true,"href":"https:\/\/sinoextrud.com\/es\/wp-json\/wp\/v2\/media\/7307"}],"wp:attachment":[{"href":"https:\/\/sinoextrud.com\/es\/wp-json\/wp\/v2\/media?parent=7308"}],"wp:term":[{"taxonomy":"category","embeddable":true,"href":"https:\/\/sinoextrud.com\/es\/wp-json\/wp\/v2\/categories?post=7308"}],"curies":[{"name":"wp","href":"https:\/\/api.w.org\/{rel}","templated":true}]}}