{"id":7302,"date":"2025-06-07T02:32:46","date_gmt":"2025-06-07T02:32:46","guid":{"rendered":"https:\/\/sinoextrud.com\/product\/aluminum-profile-extrusion-of-heatsink-sections-for-sale\/"},"modified":"2025-06-24T06:12:28","modified_gmt":"2025-06-24T06:12:28","slug":"extrusion-de-perfiles-de-aluminio-de-las-secciones-del-disipador-de-calor-para-la-venta","status":"publish","type":"product","link":"https:\/\/sinoextrud.com\/es\/product\/aluminum-profile-extrusion-of-heatsink-sections-for-sale\/","title":{"rendered":"Extrusi\u00f3n de perfiles de aluminio de secciones de disipadores t\u00e9rmicos para la venta"},"content":{"rendered":"<h2>Productos<\/h2>\n<table class=\"custom-table\">\n<tbody>\n<tr>\n<td> Art\u00edculo:<\/td>\n<td> Extrusi\u00f3n de perfil de aluminio de las secciones del disipador de calor para la venta<\/td>\n<\/tr>\n<tr>\n<td> Material:<\/td>\n<td> Aleaci\u00f3n del perfil de aluminio 100%:6063-T5,6061-T6,6463-T5,7075-T6,6082,5052,2024,7005,6013,7020 etc.<\/td>\n<\/tr>\n<tr>\n<td> Marca:<\/td>\n<td> Aluminio Sinoextrud\/Perfiles de aluminio Sinoextrud <\/td>\n<\/tr>\n<tr>\n<td> Tama\u00f1o:<\/td>\n<td> 1m-9m otama\u00f1o personalizado<\/td>\n<\/tr>\n<tr>\n<td> Aplicaci\u00f3n<\/td>\n<td> Muebles, ventanas y puertas, decoraci\u00f3n, industria, construcci\u00f3n, etc.<\/td>\n<\/tr>\n<tr>\n<td> Colores:<\/td>\n<td> Anodizado, imitaci\u00f3n madera, revestimiento en polvo, anodizado pulido y cepillado, electroforesis, revestimiento en polvo de flurocarbono, etc.<\/td>\n<\/tr>\n<tr>\n<td> MOQ:<\/td>\n<td> 200KG para cada perfil<\/td>\n<\/tr>\n<tr>\n<td> OEMservicio<\/td>\n<td> a partir de planos o muestras dise\u00f1ados por el cliente<\/td>\n<\/tr>\n<tr>\n<td> Certificaci\u00f3n disponible<\/td>\n<td> ISO:9001, SONCAP, BVCertificado o certificado del cliente disponibles<\/td>\n<\/tr>\n<tr>\n<td> Condiciones de pago:<\/td>\n<td> T\/T, 301TP2Pago por adelantado, el resto se abonar\u00e1 antes de la entrega.<\/td>\n<\/tr>\n<tr>\n<td> Settlementterm:<\/td>\n<td> El pago final se basar\u00e1 en el pesaje f\u00edsico real final.<\/td>\n<\/tr>\n<tr>\n<td> Garant\u00eda de producci\u00f3n<\/td>\n<td> Surfacecolor puede durar entre 10 y 20 a\u00f1os en interiores.<\/td>\n<\/tr>\n<tr>\n<td> Puerto:<\/td>\n<td> FOBShenzhen, Guangzhou,<\/td>\n<\/tr>\n<\/tbody>\n<\/table>\n<h2>Nuestra base de fabricaci\u00f3n<\/h2>\n<h3>Panorama de la f\u00e1brica<\/h3>\n<p><img decoding=\"async\" src=\"\/wp-content\/uploads\/factory-01.webp\"\/><\/p>\n<h3>Taller de fabricaci\u00f3n de barras de aluminio<\/h3>\n<p><img decoding=\"async\" src=\"\/wp-content\/uploads\/factory-02.webp\"\/><\/p>\n<\/p>\n<p><img decoding=\"async\" src=\"\/wp-content\/uploads\/factory-03.webp\"\/><\/p>\n<h3>Almac\u00e9n de moldes<\/h3>\n<p><img decoding=\"async\" src=\"\/wp-content\/uploads\/factory-04.webp\"\/><\/p>\n<h3>43 l\u00edneas de extrusi\u00f3n de aluminio (500-5500 toneladas)<\/h3>\n<p><img decoding=\"async\" src=\"\/wp-content\/uploads\/factory-05.webp\"\/><\/p>\n<p><img decoding=\"async\" src=\"\/wp-content\/uploads\/factory-06.webp\"\/><\/p>\n<p><img decoding=\"async\" src=\"\/wp-content\/uploads\/factory-07.webp\"\/><\/p>\n<h3>Taller de pintura en polvo<\/h3>\n<p><img decoding=\"async\" src=\"\/wp-content\/uploads\/factory-09.webp\"\/><\/p>\n<h3>Taller de anodizado<\/h3>\n<p><img decoding=\"async\" src=\"\/wp-content\/uploads\/factory-10.webp\"\/><\/p>\n<h3>Taller de procesamiento profundo<\/h3>\n<p><img decoding=\"async\" src=\"\/wp-content\/uploads\/factory-11.webp\"\/><\/p>\n<h3>Taller de mecanizado de precisi\u00f3n CNC<\/h3>\n<p><img decoding=\"async\" src=\"\/wp-content\/uploads\/factory-11.5.webp\"\/><\/p>\n<h3>Almac\u00e9n de productos acabados y de exportaci\u00f3n<\/h3>\n<p><img decoding=\"async\" src=\"\/wp-content\/uploads\/factory-12.webp\"\/><\/p>\n<p><img decoding=\"async\" src=\"\/wp-content\/uploads\/factory-13.webp\"\/><\/p>\n<p><img decoding=\"async\" src=\"\/wp-content\/uploads\/factory-14.webp\"\/><\/p>\n<h2>PREGUNTAS FRECUENTES<\/h2>\n<p><b>1.\u00bfQu\u00e9 es la extrusi\u00f3n de perfiles de aluminio de secciones de disipadores t\u00e9rmicos?<\/b><\/p>\n<p>Se refiere al aluminio extruido en perfiles disipadores espec\u00edficos dise\u00f1ados para disipar el calor de los componentes electr\u00f3nicos y mec\u00e1nicos.\n<\/p>\n<p><\/p>\n<p><b>2.\u00bfPor qu\u00e9 utilizar aluminio para las extrusiones de disipadores t\u00e9rmicos?<\/b><\/p>\n<p>El aluminio tiene una excelente conductividad t\u00e9rmica, es ligero y f\u00e1cil de mecanizar, por lo que resulta ideal para aplicaciones de disipaci\u00f3n t\u00e9rmica.\n<\/p>\n<p><\/p>\n<p><b>3.\u00bfSon adecuados estos perfiles de disipador para dispositivos de alta potencia?<\/b><\/p>\n<p>S\u00ed, las extrusiones de aluminio est\u00e1n dise\u00f1adas para disipar el calor de la iluminaci\u00f3n LED, la electr\u00f3nica de potencia y los equipos industriales.\n<\/p>\n<p><\/p>\n<p><b>4.\u00bfSe pueden personalizar los perfiles del disipador?<\/b><\/p>\n<p>Por supuesto, los disipadores pueden adaptarse en cuanto a estructura de aletas, dimensiones y tratamientos superficiales en funci\u00f3n de las necesidades de refrigeraci\u00f3n.\n<\/p>\n<p><\/p>\n<p><b>5.\u00bfResisten los perfiles disipadores de aluminio a la corrosi\u00f3n?<\/b><\/p>\n<p>S\u00ed, las superficies anodizadas o con recubrimiento de polvo mejoran la resistencia a la corrosi\u00f3n, garantizando la durabilidad en entornos dif\u00edciles.\n<\/p>\n<p><\/p>\n<p><b>6.\u00bfQu\u00e9 industrias utilizan extrusiones de disipadores t\u00e9rmicos de aluminio?<\/b><\/p>\n<p>Se utilizan en los sectores de la electr\u00f3nica, la automoci\u00f3n, las telecomunicaciones, la iluminaci\u00f3n LED y la automatizaci\u00f3n industrial.\n<\/p>\n<p><\/p>\n<p><b>7.\u00bfExiste una cantidad m\u00ednima de pedido para los perfiles de disipador t\u00e9rmico en venta?<\/b><\/p>\n<p>Muchos proveedores ofrecen MOQ flexibles, y las compras al por mayor suelen ir acompa\u00f1adas de precios competitivos.\n<\/p>\n<p><\/p>\n<p><b>8.\u00bfEs el aluminio una opci\u00f3n ecol\u00f3gica para los disipadores t\u00e9rmicos?<\/b><\/p>\n<p>S\u00ed, el aluminio es 100% reciclable y favorece el desarrollo de productos sostenibles en sistemas de gesti\u00f3n t\u00e9rmica.\n<\/p>\n<p><\/p>","protected":false},"featured_media":7301,"template":"","categories":[67],"class_list":["post-7302","product","type-product","status-publish","has-post-thumbnail","hentry","category-architectural-aluminium-profile"],"meta_box":{"hilight_text_group":{"product_hilight_text":"<li>High thermal conductivity aluminum for efficient heat dissipation<\/li>\r\r\n<li>Precision-extruded profiles ensure consistent performance<\/li>\r\r\n<li>Lightweight yet strong material for various electronics applications<\/li>\r\r\n<li>Available in standard and custom heatsink designs<\/li>\r\r\n<li>Corrosion-resistant surface ideal for long-term use<\/li>\r\r\n<li>Cost-effective cooling solution for industrial and consumer devices<\/li>\r\r\n<li>Supports OEM\/ODM orders for customized thermal management<\/li>","product_chanpin_blog":"<ul>\r\r\n<li><a href=\"https:\/\/sinoextrud.com\/t-slot-v-slot-differences\/\" target=\"_blank\">t slot vs v slot<\/a><\/li>\r\r\n<li><a href=\"https:\/\/sinoextrud.com\/what-is-4040-aluminium-extrud\/\" target=\"_blank\">4040 aluminium extrusion<\/a><\/li>\r\r\n<li><a href=\"https:\/\/sinoextrud.com\/what-is-4040-aluminium-extrud\/\" target=\"_blank\">aluminum extrusions for industrial racks<\/a><\/li>\r\r\n<li><a href=\"https:\/\/sinoextrud.com\/powder-coating-aluminium-process\/\" target=\"_blank\">powder coating aluminium<\/a><\/li>\r\r\n<li><a href=\"https:\/\/sinoextrud.com\/what-is-an-aluminium-strip-ceiling\/\" target=\"_blank\">aluminium strip ceiling<\/a><\/li>\r\r\n<li><a href=\"https:\/\/sinoextrud.com\/what-is-a-heat-sink\/\" target=\"_blank\">what is a heat sink<\/a><\/li>\r\r\n<\/ul>","product_chanpin_chanpin":"<li><a href=\"https:\/\/sinoextrud.com\/product\/powder-coating-aluminium-roller-shutter-profile\/\" target=\"_blank\">Powder Coating Aluminium Roller shutter Profile<\/a><\/li>\r\n<li><a href=\"https:\/\/sinoextrud.com\/product\/aluminium-furniture\/\" target=\"_blank\">Aluminium Furniture<\/a><\/li>\r\n<li><a href=\"https:\/\/sinoextrud.com\/product\/aluminium-glass-fitting-channel\/\" target=\"_blank\">Aluminium Glass Fitting Channel<\/a><\/li>\r\n<li><a href=\"https:\/\/sinoextrud.com\/product\/aluminum-price-per-pound\/\" target=\"_blank\">Aluminum Price Per Pound<\/a><\/li>\r\n<li><a href=\"https:\/\/sinoextrud.com\/product\/aluminum-profile-extrusion-of-heatsink-sections-for-sale\/\" target=\"_blank\">Aluminum Profile Extrusion Of Heatsink Sections For Sale<\/a><\/li>\r\n<li><a href=\"https:\/\/sinoextrud.com\/product\/customized-ome-aluminium-profile-extruded-with-the-anodized-black-champage-silver-white-and-blasted-treatment\/\" target=\"_blank\">Customized OME Aluminium Profile Extruded With The Anodized Black Champage Silver White And Blasted Treatment<\/a><\/li>\r\n<li><a href=\"https:\/\/sinoextrud.com\/product\/aluminum-profile-windows-and-door-powder-coated-sliding-way\/\" target=\"_blank\">aluminum profile windows and door powder coated sliding way<\/a><\/li>\r\n<li><a href=\"https:\/\/sinoextrud.com\/product\/aluminium-profile-for-wardrobe-sliding-door-frame\/\" target=\"_blank\">Aluminium Profile For Wardrobe Sliding Door Frame<\/a><\/li>\r\n<li><a href=\"https:\/\/sinoextrud.com\/product\/aluminium-profile-frame-for-fly-screen\/\" target=\"_blank\">Aluminium Profile Frame For Fly Screen<\/a><\/li>\r\n<li><a href=\"https:\/\/sinoextrud.com\/product\/large-scale-industrial-aluminum-profile\/\" target=\"_blank\">Large Scale Industrial Aluminum Profile<\/a><\/li>\r\n<li><a href=\"https:\/\/sinoextrud.com\/product\/aluminum-handle-profile\/\" target=\"_blank\">Aluminum Handle Profile<\/a><\/li>"},"feature_list":[]},"_links":{"self":[{"href":"https:\/\/sinoextrud.com\/es\/wp-json\/wp\/v2\/product\/7302","targetHints":{"allow":["GET"]}}],"collection":[{"href":"https:\/\/sinoextrud.com\/es\/wp-json\/wp\/v2\/product"}],"about":[{"href":"https:\/\/sinoextrud.com\/es\/wp-json\/wp\/v2\/types\/product"}],"wp:featuredmedia":[{"embeddable":true,"href":"https:\/\/sinoextrud.com\/es\/wp-json\/wp\/v2\/media\/7301"}],"wp:attachment":[{"href":"https:\/\/sinoextrud.com\/es\/wp-json\/wp\/v2\/media?parent=7302"}],"wp:term":[{"taxonomy":"category","embeddable":true,"href":"https:\/\/sinoextrud.com\/es\/wp-json\/wp\/v2\/categories?post=7302"}],"curies":[{"name":"wp","href":"https:\/\/api.w.org\/{rel}","templated":true}]}}