{"id":7296,"date":"2025-06-07T02:23:38","date_gmt":"2025-06-07T02:23:38","guid":{"rendered":"https:\/\/sinoextrud.com\/product\/aluminium-furniture\/"},"modified":"2025-06-24T06:12:27","modified_gmt":"2025-06-24T06:12:27","slug":"muebles-de-aluminio","status":"publish","type":"product","link":"https:\/\/sinoextrud.com\/es\/product\/aluminium-furniture\/","title":{"rendered":"Muebles de aluminio"},"content":{"rendered":"<h2>Productos<\/h2>\n<table class=\"custom-table\">\n<tbody>\n<tr>\n<td> Art\u00edculo<\/td>\n<td> perfil plano de aluminio para muebles.<\/td>\n<\/tr>\n<tr>\n<td> Material<\/td>\n<td> Como la serie 6000, aleaci\u00f3n 100% :6063-T5,6061-T6 , 6463-T5.<\/td>\n<\/tr>\n<tr>\n<td> Temple<\/td>\n<td> T4, T5, T6.<\/td>\n<\/tr>\n<tr>\n<td> Espesor<\/td>\n<td> Espesor general de los perfiles: 0,8 - 5,0 mm;<br \/>\nEspesor de la protecci\u00f3n anodizada: 8 - 25 um;<br \/>\nEspesor del color del recubrimiento en polvo: 40 - 120 um.<\/td>\n<\/tr>\n<tr>\n<td> Longitud<\/td>\n<td> 3m o 6m por pieza. Se pueden realizar pedidos personalizados.<\/td>\n<\/tr>\n<tr>\n<td> Forma<\/td>\n<td> cuadrado, plano, redondo, hueco, oval, triangular, perfiles en U, perfiles en L, perfiles en T,<br \/>\nPerfiles H, personalizados disponibles.<\/td>\n<\/tr>\n<tr>\n<td> Tratamiento de superficies<\/td>\n<td> fresado, anodizado, recubrimiento en polvo, electroforesis, grano de madera, madera, pintura PVDF,<br \/>\npulido, cepillado.<\/td>\n<\/tr>\n<tr>\n<td> Color<\/td>\n<td> Metal plata, champ\u00e1n, negro, blanco, espejo, petici\u00f3n personalizada disponible.<\/td>\n<\/tr>\n<tr>\n<td> Aplicaci\u00f3n<\/td>\n<td> ventanas y puertas, muros cortina, paredes de cristal, muebles, techos, cocinas, tiras de LED,<br \/>\ntransporte ferroviario, veh\u00edculos, viviendas motorizadas, maquinaria, tiendas, energ\u00eda solar. Perfil industrial,<br \/>\nPerfil de la decoraci\u00f3n,<\/td>\n<\/tr>\n<tr>\n<td> Proceso profundo<\/td>\n<td> CNC, taladrado, fresado, corte, soldadura, plegado, montaje.<\/td>\n<\/tr>\n<tr>\n<td> MOQ<\/td>\n<td> 200KGs para cada art\u00edculo.<\/td>\n<\/tr>\n<tr>\n<td> Capacidad de producci\u00f3n<\/td>\n<td> 5000 toneladas mensuales, 60000 toneladas anuales.<\/td>\n<\/tr>\n<tr>\n<td> Marca<\/td>\n<td> Sinoextrud (Sinoextrud ALUMINIUM).<\/td>\n<\/tr>\n<tr>\n<td> Certificado y norma<\/td>\n<td> 1) ISO9001-2008\/ISO 9001:2008;<br \/>\n2) Certificaci\u00f3n CQM;<br \/>\n3) SGS, CE, BV, JIS, AS, NZS, QUALICOAT, QUOLANOD disponibles.<\/td>\n<\/tr>\n<tr>\n<td> Garant\u00eda<\/td>\n<td> El color de la superficie puede ser estable durante 10~20 a\u00f1os de uso en interiores.<\/td>\n<\/tr>\n<tr>\n<td> Detalles del embalaje<\/td>\n<td> Interior : embalado con film de pl\u00e1stico para proteger cada pieza.<\/td>\n<\/tr>\n<tr>\n<td> <\/td>\n<td> Exterior: Envoltura de los paquetes con papel craft impermeable o film EPE. Personalizado<br \/>\nsolicitud disponible.<\/td>\n<\/tr>\n<tr>\n<td> Plazos de entrega<\/td>\n<td> Desarrollo del troquel y prueba de la muestra: 12-15 d\u00edas.<\/td>\n<\/tr>\n<tr>\n<td> <\/td>\n<td> Producci\u00f3n en serie: 20-25 d\u00edas.<\/td>\n<\/tr>\n<tr>\n<td> Puerto FOB<\/td>\n<td> Shenzhen \/ Guangzhou \/ Foshan.<\/td>\n<\/tr>\n<tr>\n<td> Condiciones de pago<\/td>\n<td> T\/T 30% para el dep\u00f3sito, saldo antes de la entrega.<\/td>\n<\/tr>\n<tr>\n<td> Condiciones de pago<\/td>\n<td> Cobrar por peso real final o por peso te\u00f3rico de dibujo.<\/td>\n<\/tr>\n<\/tbody>\n<\/table>\n<h2>Nuestra base de fabricaci\u00f3n<\/h2>\n<h3>Panorama de la f\u00e1brica<\/h3>\n<p><img decoding=\"async\" src=\"\/wp-content\/uploads\/factory-01.webp\"\/><\/p>\n<h3>Taller de fabricaci\u00f3n de barras de aluminio<\/h3>\n<p><img decoding=\"async\" src=\"\/wp-content\/uploads\/factory-02.webp\"\/><\/p>\n<p><img decoding=\"async\" src=\"\/wp-content\/uploads\/factory-03.webp\"\/><\/p>\n<h3>Almac\u00e9n de moldes<\/h3>\n<p><img decoding=\"async\" src=\"\/wp-content\/uploads\/factory-04.webp\"\/><\/p>\n<h3>43 l\u00edneas de extrusi\u00f3n de aluminio (500-5500 toneladas)<\/h3>\n<p><img decoding=\"async\" src=\"\/wp-content\/uploads\/factory-05.webp\"\/><\/p>\n<p><img decoding=\"async\" src=\"\/wp-content\/uploads\/factory-06.webp\"\/><\/p>\n<p><img decoding=\"async\" src=\"\/wp-content\/uploads\/factory-07.webp\"\/><\/p>\n<h3>Taller de pintura en polvo<\/h3>\n<p><img decoding=\"async\" src=\"\/wp-content\/uploads\/factory-09.webp\"\/><\/p>\n<h3>Taller de anodizado<\/h3>\n<p><img decoding=\"async\" src=\"\/wp-content\/uploads\/factory-10.webp\"\/><\/p>\n<h3>Taller de procesamiento profundo<\/h3>\n<p><img decoding=\"async\" src=\"\/wp-content\/uploads\/factory-11.webp\"\/><\/p>\n<h3>Taller de mecanizado de precisi\u00f3n CNC<\/h3>\n<p><img decoding=\"async\" src=\"\/wp-content\/uploads\/factory-11.5.webp\"\/><\/p>\n<h3>Almac\u00e9n de productos acabados y de exportaci\u00f3n<\/h3>\n<p><img decoding=\"async\" src=\"\/wp-content\/uploads\/factory-12.webp\"\/><\/p>\n<p><img decoding=\"async\" src=\"\/wp-content\/uploads\/factory-13.webp\"\/><\/p>\n<p><img decoding=\"async\" src=\"\/wp-content\/uploads\/factory-14.webp\"\/><\/p>\n<h2>PREGUNTAS FRECUENTES<\/h2>\n<p><p><b>1. \u00bfQu\u00e9 son los muebles de aluminio?<\/b><\/p>\n<p>Los muebles de aluminio son productos de mobiliario fabricados principalmente con aluminio, que ofrecen durabilidad, estilo y versatilidad para diversos entornos.<br \/>\n<\/p><br \/>\n<br \/>\n<p><b>2.\u00bfPor qu\u00e9 elegir muebles de aluminio en lugar de madera o acero?<\/b><\/p>\n<p>Los muebles de aluminio son ligeros, resistentes al \u00f3xido, requieren poco mantenimiento y tienen un aspecto m\u00e1s moderno que los de madera o acero.<br \/>\n<\/p><br \/>\n<br \/>\n<p><b>3.\u00bfSon adecuados los muebles de aluminio para exteriores?<\/b><\/p>\n<p>S\u00ed, el aluminio es resistente a la corrosi\u00f3n por naturaleza, lo que lo hace ideal para muebles de terraza, jard\u00edn y balc\u00f3n.<br \/>\n<\/p><br \/>\n<br \/>\n<p><b>4.\u00bfSe pueden personalizar los muebles de aluminio?<\/b><\/p>\n<p>Por supuesto, los muebles de aluminio pueden adaptarse en tama\u00f1o, dise\u00f1o, color y acabado superficial para ajustarse a distintas necesidades est\u00e9ticas o funcionales.<br \/>\n<\/p><br \/>\n<br \/>\n<p><b>5.\u00bfLos muebles de aluminio requieren mucho mantenimiento?<\/b><\/p>\n<p>No, requiere muy poco mantenimiento, normalmente s\u00f3lo una limpieza ocasional con agua y un pa\u00f1o suave.<br \/>\n<\/p><br \/>\n<br \/>\n<p><b>6.\u00bfLos muebles de aluminio son respetuosos con el medio ambiente?<\/b><\/p>\n<p>S\u00ed, el aluminio es 100% reciclable y contribuye a una fabricaci\u00f3n de muebles sostenible y respetuosa con el medio ambiente.<br \/>\n<\/p><br \/>\n<br \/>\n<p><b>7.\u00bfQu\u00e9 acabados hay disponibles para los muebles de aluminio?<\/b><\/p>\n<p>Entre los acabados m\u00e1s comunes se encuentran el anodizado, el recubrimiento en polvo, el pulido y el cepillado, que ofrecen tanto atractivo visual como protecci\u00f3n de la superficie.<br \/>\n<\/p><br \/><\/p>","protected":false},"featured_media":7295,"template":"","categories":[67],"class_list":["post-7296","product","type-product","status-publish","has-post-thumbnail","hentry","category-architectural-aluminium-profile"],"meta_box":{"hilight_text_group":{"product_hilight_text":"<li>Lightweight yet strong structure ideal for residential and commercial use<\/li>\r\r\n<li>Corrosion-resistant aluminum ensures long-lasting performance indoors and outdoors<\/li>\r\r\n<li>Modern, sleek appearance enhances contemporary furniture design<\/li>\r\r\n<li>Low maintenance and easy to clean for daily convenience<\/li>\r\r\n<li>Customizable in size, color, and finish to meet OEM requirements<\/li>\r\r\n<li>Eco-friendly and recyclable material for sustainable furniture production<\/li>","product_chanpin_blog":"<ul>\r\r\n<li><a href=\"https:\/\/sinoextrud.com\/t-slot-v-slot-differences\/\" target=\"_blank\">t slot vs v slot<\/a><\/li>\r\r\n<li><a href=\"https:\/\/sinoextrud.com\/what-is-4040-aluminium-extrud\/\" target=\"_blank\">4040 aluminium extrusion<\/a><\/li>\r\r\n<li><a href=\"https:\/\/sinoextrud.com\/what-is-4040-aluminium-extrud\/\" target=\"_blank\">aluminum extrusions for industrial racks<\/a><\/li>\r\r\n<li><a href=\"https:\/\/sinoextrud.com\/powder-coating-aluminium-process\/\" target=\"_blank\">powder coating aluminium<\/a><\/li>\r\r\n<li><a href=\"https:\/\/sinoextrud.com\/what-is-an-aluminium-strip-ceiling\/\" target=\"_blank\">aluminium strip ceiling<\/a><\/li>\r\r\n<li><a href=\"https:\/\/sinoextrud.com\/what-is-a-heat-sink\/\" target=\"_blank\">what is a heat sink<\/a><\/li>\r\r\n<\/ul>","product_chanpin_chanpin":"<li><a href=\"https:\/\/sinoextrud.com\/product\/types-of-aluminum-profiles\/\" target=\"_blank\">Types Of Aluminum Profiles<\/a><\/li>\r\n<li><a href=\"https:\/\/sinoextrud.com\/product\/aluminium-fabrication\/\" target=\"_blank\">Aluminium Fabrication<\/a><\/li>\r\n<li><a href=\"https:\/\/sinoextrud.com\/product\/aluminium-profile-for-window\/\" target=\"_blank\">Aluminium Profile For Window<\/a><\/li>\r\n<li><a href=\"https:\/\/sinoextrud.com\/product\/powder-coating-aluminium-roller-shutter-profile\/\" target=\"_blank\">Powder Coating Aluminium Roller shutter Profile<\/a><\/li>\r\n<li><a href=\"https:\/\/sinoextrud.com\/product\/aluminium-furniture\/\" target=\"_blank\">Aluminium Furniture<\/a><\/li>\r\n<li><a href=\"https:\/\/sinoextrud.com\/product\/aluminium-glass-fitting-channel\/\" target=\"_blank\">Aluminium Glass Fitting Channel<\/a><\/li>\r\n<li><a href=\"https:\/\/sinoextrud.com\/product\/aluminum-price-per-pound\/\" target=\"_blank\">Aluminum Price Per Pound<\/a><\/li>\r\n<li><a href=\"https:\/\/sinoextrud.com\/product\/aluminum-profile-extrusion-of-heatsink-sections-for-sale\/\" target=\"_blank\">Aluminum Profile Extrusion Of Heatsink Sections For Sale<\/a><\/li>\r\n<li><a href=\"https:\/\/sinoextrud.com\/product\/customized-ome-aluminium-profile-extruded-with-the-anodized-black-champage-silver-white-and-blasted-treatment\/\" target=\"_blank\">Customized OME Aluminium Profile Extruded With The Anodized Black Champage Silver White And Blasted Treatment<\/a><\/li>\r\n<li><a href=\"https:\/\/sinoextrud.com\/product\/slotted-aluminium-extrusion\/\" target=\"_blank\">Slotted Aluminium Extrusion<\/a><\/li>\r\n<li><a href=\"https:\/\/sinoextrud.com\/product\/aluminum-track-extrusion\/\" target=\"_blank\">Aluminum Track Extrusion<\/a><\/li>"},"feature_list":[]},"_links":{"self":[{"href":"https:\/\/sinoextrud.com\/es\/wp-json\/wp\/v2\/product\/7296","targetHints":{"allow":["GET"]}}],"collection":[{"href":"https:\/\/sinoextrud.com\/es\/wp-json\/wp\/v2\/product"}],"about":[{"href":"https:\/\/sinoextrud.com\/es\/wp-json\/wp\/v2\/types\/product"}],"wp:featuredmedia":[{"embeddable":true,"href":"https:\/\/sinoextrud.com\/es\/wp-json\/wp\/v2\/media\/7295"}],"wp:attachment":[{"href":"https:\/\/sinoextrud.com\/es\/wp-json\/wp\/v2\/media?parent=7296"}],"wp:term":[{"taxonomy":"category","embeddable":true,"href":"https:\/\/sinoextrud.com\/es\/wp-json\/wp\/v2\/categories?post=7296"}],"curies":[{"name":"wp","href":"https:\/\/api.w.org\/{rel}","templated":true}]}}