{"id":7286,"date":"2025-06-06T04:04:58","date_gmt":"2025-06-06T04:04:58","guid":{"rendered":"https:\/\/sinoextrud.com\/product\/aluminium-fabrication\/"},"modified":"2025-06-24T06:12:26","modified_gmt":"2025-06-24T06:12:26","slug":"fabricacion-de-aluminio-2","status":"publish","type":"product","link":"https:\/\/sinoextrud.com\/es\/product\/aluminium-fabrication\/","title":{"rendered":"Fabricaci\u00f3n de aluminio"},"content":{"rendered":"<h2>Productos<\/h2>\n<table class=\"custom-table\">\n<tr>\n<td class=\"label\">1. Art\u00edculo<\/td>\n<td>Fabricaci\u00f3n de aluminio<\/td>\n<\/tr>\n<tr>\n<td class=\"label\">2. Formas de secci\u00f3n<\/td>\n<td>I, U, T, C, Z, L, H, cuadrado, redondo, plano, hueco, ranura en T y otras formas complicadas por dise\u00f1o personalizado.<\/td>\n<\/tr>\n<tr>\n<td class=\"label\">3. Tratamiento de superficies<\/td>\n<td>Acabado de fresado\/Anodizado (oxidaci\u00f3n)\/Granallado\/Capa de polvo\/Electroforesis\/Grano de madera, ect.<\/td>\n<\/tr>\n<tr>\n<td class=\"label\">4. MOQ<\/td>\n<td>200KGs para cada art\u00edculo<\/td>\n<\/tr>\n<tr>\n<td class=\"label\">5. Material<\/td>\n<td>Aleaci\u00f3n 100%: 6063 T5 \/ 6061 T6<\/td>\n<\/tr>\n<tr>\n<td class=\"label\">6. Longitud<\/td>\n<td>Normal=6 m, 1-9 m o personalizado<\/td>\n<\/tr>\n<tr>\n<td class=\"label\">7. Aplicaci\u00f3n<\/td>\n<td>1) - para marcos de puertas y ventanas<br \/>\n2) - para la construcci\u00f3n de muros cortina de vidrio<br \/>\n3) - para bastidores de paneles solares, soportes de montaje solar\/techo<br \/>\n4) - para los equipos de las cadenas de montaje de la industria<br \/>\n5) - para disipadores t\u00e9rmicos<br \/>\n6) - para iluminaci\u00f3n LED<br \/>\n7)- otros por tama\u00f1o y dimensi\u00f3n de dise\u00f1o personalizado<\/td>\n<\/tr>\n<tr>\n<td class=\"label\">8. Servicios<\/td>\n<td>1). Servicio OEM.<br \/>\n2). Dise\u00f1o seg\u00fan los requisitos de los clientes.<br \/>\n3). 29 a\u00f1os de experiencia profesional en investigaci\u00f3n, fabricaci\u00f3n<br \/>\n4). Nuestro moderno centro de procesamiento profundo puede proporcionar mecanizado como corte, punzonado, taladrado, doblado, roscado, etc.<\/td>\n<\/tr>\n<tr>\n<td class=\"label\">9. 9. Control de calidad<\/td>\n<td>Contamos con el m\u00e1s estricto sistema de control de calidad, inspecci\u00f3n 100% antes del env\u00edo<\/td>\n<\/tr>\n<tr>\n<td class=\"label\">10. Proceso<\/td>\n<td>Consulta - Muestra o dibujo CAD (suministrado por los clientes) - Dibujo CAD (nuestra empresa) - Confirmaci\u00f3n de dibujo - Fabricaci\u00f3n de moldes - Conformaci\u00f3n de muestras - Producci\u00f3n en masa - Inspecci\u00f3n - Entrega\uff0c<\/td>\n<\/tr>\n<\/table>\n<h2>Nuestra base de fabricaci\u00f3n<\/h2>\n<h3>Panorama de la f\u00e1brica<\/h3>\n<p><img decoding=\"async\" src=\"\/wp-content\/uploads\/factory-01.webp\"\/><\/p>\n<h3>Taller de fabricaci\u00f3n de barras de aluminio<\/h3>\n<p><img decoding=\"async\" src=\"\/wp-content\/uploads\/factory-02.webp\"\/><\/p>\n<\/p>\n<p><img decoding=\"async\" src=\"\/wp-content\/uploads\/factory-03.webp\"\/><\/p>\n<h3>Almac\u00e9n de moldes<\/h3>\n<p><img decoding=\"async\" src=\"\/wp-content\/uploads\/factory-04.webp\"\/><\/p>\n<h3>43 l\u00edneas de extrusi\u00f3n de aluminio (500-5500 toneladas)<\/h3>\n<p><img decoding=\"async\" src=\"\/wp-content\/uploads\/factory-05.webp\"\/><\/p>\n<p><img decoding=\"async\" src=\"\/wp-content\/uploads\/factory-06.webp\"\/><\/p>\n<p><img decoding=\"async\" src=\"\/wp-content\/uploads\/factory-07.webp\"\/><\/p>\n<h3>Taller de pintura en polvo<\/h3>\n<p><img decoding=\"async\" src=\"\/wp-content\/uploads\/factory-09.webp\"\/><\/p>\n<h3>Taller de anodizado<\/h3>\n<p><img decoding=\"async\" src=\"\/wp-content\/uploads\/factory-10.webp\"\/><\/p>\n<h3>Taller de procesamiento profundo<\/h3>\n<p><img decoding=\"async\" src=\"\/wp-content\/uploads\/factory-11.webp\"\/><\/p>\n<h3>Taller de mecanizado de precisi\u00f3n CNC<\/h3>\n<p><img decoding=\"async\" src=\"\/wp-content\/uploads\/factory-11.5.webp\"\/><\/p>\n<h3>Almac\u00e9n de productos acabados y de exportaci\u00f3n<\/h3>\n<p><img decoding=\"async\" src=\"\/wp-content\/uploads\/factory-12.webp\"\/><\/p>\n<p><img decoding=\"async\" src=\"\/wp-content\/uploads\/factory-13.webp\"\/><\/p>\n<p><img decoding=\"async\" src=\"\/wp-content\/uploads\/factory-14.webp\"\/><\/p>\n<h2>PREGUNTAS FRECUENTES<\/h2>\n<p><b>1. \u00bfQu\u00e9 es la fabricaci\u00f3n de aluminio?<\/b><\/p>\n<p>La fabricaci\u00f3n de aluminio es el proceso de cortar, doblar, soldar y ensamblar piezas de aluminio en estructuras o componentes personalizados.\n<\/p>\n<p><\/p>\n<p><b>2. \u00bfPor qu\u00e9 elegir el aluminio para la fabricaci\u00f3n?<\/b><\/p>\n<p>El aluminio es ligero, resistente a la corrosi\u00f3n y f\u00e1cil de trabajar, por lo que resulta ideal para proyectos de fabricaci\u00f3n y construcci\u00f3n a medida.\n<\/p>\n<p><\/p>\n<p><b>3. \u00bfQu\u00e9 industrias utilizan la fabricaci\u00f3n de aluminio?<\/b><\/p>\n<p>Industrias como la construcci\u00f3n, automoci\u00f3n, aeroespacial, naval y electr\u00f3nica utilizan la fabricaci\u00f3n de aluminio para aplicaciones estructurales y de componentes.\n<\/p>\n<p><\/p>\n<p><b>4.\u00bfSe puede personalizar la fabricaci\u00f3n de aluminio?<\/b><\/p>\n<p>S\u00ed, el aluminio puede fabricarse en pr\u00e1cticamente cualquier forma o tama\u00f1o en funci\u00f3n de los requisitos espec\u00edficos de dise\u00f1o y rendimiento.\n<\/p>\n<p><\/p>\n<p><b>5.\u00bfEs adecuada la fabricaci\u00f3n de aluminio para su uso en exteriores?<\/b><\/p>\n<p>Por supuesto, la resistencia natural del aluminio a la corrosi\u00f3n lo hace perfecto para exteriores y entornos marinos.\n<\/p>\n<p><\/p>\n<p><b>6.\u00bfQu\u00e9 acabados superficiales hay disponibles para el aluminio fabricado?<\/b><\/p>\n<p>Los acabados incluyen anodizado, recubrimiento en polvo, cepillado, pulido y pintura con fines est\u00e9ticos y funcionales.\n<\/p>\n<p><\/p>\n<p><b>7.\u00bfEs rentable fabricar aluminio?<\/b><\/p>\n<p>S\u00ed, el aluminio es asequible, f\u00e1cil de mecanizar y requiere menos mantenimiento, lo que reduce los costes generales del proyecto.\n<\/p>\n<p><\/p>\n<p><b>8.\u00bfEs el aluminio fabricado respetuoso con el medio ambiente?<\/b><\/p>\n<p>S\u00ed, el aluminio es 100% reciclable y apoya las pr\u00e1cticas de fabricaci\u00f3n respetuosas con el medio ambiente.\n<\/p>\n<p><\/p>","protected":false},"featured_media":7285,"template":"","categories":[67],"class_list":["post-7286","product","type-product","status-publish","has-post-thumbnail","hentry","category-architectural-aluminium-profile"],"meta_box":{"hilight_text_group":{"product_hilight_text":"<li>Custom aluminum fabrication for diverse industrial and architectural needs<\/li>\r\r\n<li>Lightweight yet strong material for efficient structural solutions<\/li>\r\r\n<li>Excellent corrosion resistance for long-lasting outdoor performance<\/li>\r\r\n<li>Precision cutting, welding, and bending for complex designs<\/li>\r\r\n<li>Cost-effective production with quick turnaround times<\/li>\r\r\n<li>Compatible with a wide range of surface finishes and treatments<\/li>\r\r\n<li>Eco-friendly and recyclable material for sustainable manufacturing<\/li>","product_chanpin_blog":"<ul>\r\r\n<li><a href=\"https:\/\/sinoextrud.com\/t-slot-v-slot-differences\/\" target=\"_blank\">t slot vs v slot<\/a><\/li>\r\r\n<li><a href=\"https:\/\/sinoextrud.com\/what-is-4040-aluminium-extrud\/\" target=\"_blank\">4040 aluminium extrusion<\/a><\/li>\r\r\n<li><a href=\"https:\/\/sinoextrud.com\/what-is-4040-aluminium-extrud\/\" target=\"_blank\">aluminum extrusions for industrial racks<\/a><\/li>\r\r\n<li><a href=\"https:\/\/sinoextrud.com\/powder-coating-aluminium-process\/\" target=\"_blank\">powder coating aluminium<\/a><\/li>\r\r\n<li><a href=\"https:\/\/sinoextrud.com\/what-is-an-aluminium-strip-ceiling\/\" target=\"_blank\">aluminium strip ceiling<\/a><\/li>\r\r\n<li><a href=\"https:\/\/sinoextrud.com\/what-is-a-heat-sink\/\" target=\"_blank\">what is a heat sink<\/a><\/li>\r\r\n<\/ul>","product_chanpin_chanpin":"<li><a href=\"https:\/\/sinoextrud.com\/product\/aluminium-extrusion-machining\/\" target=\"_blank\">Aluminium Extrusion Machining<\/a><\/li>\r\n<li><a href=\"https:\/\/sinoextrud.com\/product\/aluminum-price-per-ton\/\" target=\"_blank\">Aluminum Price Per Ton<\/a><\/li>\r\n<li><a href=\"https:\/\/sinoextrud.com\/product\/aluminium-extrusion-sections\/\" target=\"_blank\">Aluminium Extrusion Sections<\/a><\/li>\r\n<li><a href=\"https:\/\/sinoextrud.com\/product\/types-of-aluminum-profiles\/\" target=\"_blank\">Types Of Aluminum Profiles<\/a><\/li>\r\n<li><a href=\"https:\/\/sinoextrud.com\/product\/aluminium-fabrication\/\" target=\"_blank\">Aluminium Fabrication<\/a><\/li>\r\n<li><a href=\"https:\/\/sinoextrud.com\/product\/aluminium-profile-for-window\/\" target=\"_blank\">Aluminium Profile For Window<\/a><\/li>\r\n<li><a href=\"https:\/\/sinoextrud.com\/product\/powder-coating-aluminium-roller-shutter-profile\/\" target=\"_blank\">Powder Coating Aluminium Roller shutter Profile<\/a><\/li>\r\n<li><a href=\"https:\/\/sinoextrud.com\/product\/aluminium-furniture\/\" target=\"_blank\">Aluminium Furniture<\/a><\/li>\r\n<li><a href=\"https:\/\/sinoextrud.com\/product\/aluminium-glass-fitting-channel\/\" target=\"_blank\">Aluminium Glass Fitting Channel<\/a><\/li>\r\n<li><a href=\"https:\/\/sinoextrud.com\/product\/customize-extruded-aluminum-channel-profiles\/\" target=\"_blank\">Customize Extruded Aluminum Channel Profiles<\/a><\/li>\r\n<li><a href=\"https:\/\/sinoextrud.com\/product\/bulk-extruded-aluminum\/\" target=\"_blank\">Bulk Extruded Aluminum<\/a><\/li>"},"feature_list":[]},"_links":{"self":[{"href":"https:\/\/sinoextrud.com\/es\/wp-json\/wp\/v2\/product\/7286","targetHints":{"allow":["GET"]}}],"collection":[{"href":"https:\/\/sinoextrud.com\/es\/wp-json\/wp\/v2\/product"}],"about":[{"href":"https:\/\/sinoextrud.com\/es\/wp-json\/wp\/v2\/types\/product"}],"wp:featuredmedia":[{"embeddable":true,"href":"https:\/\/sinoextrud.com\/es\/wp-json\/wp\/v2\/media\/7285"}],"wp:attachment":[{"href":"https:\/\/sinoextrud.com\/es\/wp-json\/wp\/v2\/media?parent=7286"}],"wp:term":[{"taxonomy":"category","embeddable":true,"href":"https:\/\/sinoextrud.com\/es\/wp-json\/wp\/v2\/categories?post=7286"}],"curies":[{"name":"wp","href":"https:\/\/api.w.org\/{rel}","templated":true}]}}