{"id":7274,"date":"2025-06-06T03:48:30","date_gmt":"2025-06-06T03:48:30","guid":{"rendered":"https:\/\/sinoextrud.com\/product\/extruded-aluminium-curtain-walls\/"},"modified":"2025-06-24T06:12:24","modified_gmt":"2025-06-24T06:12:24","slug":"muros-cortina-de-aluminio-extruido","status":"publish","type":"product","link":"https:\/\/sinoextrud.com\/es\/product\/extruded-aluminium-curtain-walls\/","title":{"rendered":"Muros cortina de aluminio extruido"},"content":{"rendered":"<h2>Productos<\/h2>\n<table class=\"custom-table\">\n<tr>\n<td class=\"label\">\nMaterial:<\/td>\n<td> Aleaci\u00f3n de aluminio<\/td>\n<\/tr>\n<tr>\n<td class=\"label\">Marco Muro Cortina Tipo:<\/td>\n<td> Marco oculto<\/td>\n<\/tr>\n<tr>\n<td class=\"label\">N\u00famero de capas:<\/td>\n<td> \u00danico<\/td>\n<\/tr>\n<tr>\n<td class=\"label\">Forma:<\/td>\n<td> Plano est\u00e1ndar<\/td>\n<\/tr>\n<tr>\n<td class=\"label\">Funci\u00f3n espec\u00edfica:<\/td>\n<td> Muro cortina fotovoltaico<\/td>\n<\/tr>\n<tr>\n<td class=\"label\">Origen:<\/td>\n<td> China<\/td>\n<\/tr>\n<tr>\n<td class=\"label\">Tipo:<\/td>\n<td> Toldo Muro Cortina<\/td>\n<\/tr>\n<tr>\n<td class=\"label\">Construcci\u00f3n de apoyo:<\/td>\n<td> Tipo de bastidor<\/td>\n<\/tr>\n<tr>\n<td class=\"label\">Cortina met\u00e1lica Tipo Muro:<\/td>\n<td> Panel de aluminio para muro cortina<\/td>\n<\/tr>\n<tr>\n<td class=\"label\">Uso:<\/td>\n<td> Pared exterior<\/td>\n<\/tr>\n<tr>\n<td class=\"label\">Material RoHS:<\/td>\n<td> hasta 390 mm de di\u00e1metro<\/td>\n<\/tr>\n<tr>\n<td class=\"label\">Especificaci\u00f3n:<\/td>\n<td> CE, ISO, JIS, QUALICOAT, ISO9001<\/td>\n<\/tr>\n<tr>\n<td class=\"label\">C\u00f3digo SA:<\/td>\n<td> 76042990<\/td>\n<\/tr>\n<\/table>\n<h2>Nuestra base de fabricaci\u00f3n<\/h2>\n<h3>Panorama de la f\u00e1brica<\/h3>\n<p><img decoding=\"async\" src=\"\/wp-content\/uploads\/factory-01.webp\"\/><\/p>\n<h3>Taller de fabricaci\u00f3n de barras de aluminio<\/h3>\n<p><img decoding=\"async\" src=\"\/wp-content\/uploads\/factory-02.webp\"\/><\/p>\n<\/p>\n<p><img decoding=\"async\" src=\"\/wp-content\/uploads\/factory-03.webp\"\/><\/p>\n<h3>Almac\u00e9n de moldes<\/h3>\n<p><img decoding=\"async\" src=\"\/wp-content\/uploads\/factory-04.webp\"\/><\/p>\n<h3>43 L\u00c3neas de extrusi\u00c3\u00b3n de aluminio (500\u00e2\u20ac\"5500 toneladas)<\/h3>\n<p><img decoding=\"async\" src=\"\/wp-content\/uploads\/factory-05.webp\"\/><\/p>\n<p><img decoding=\"async\" src=\"\/wp-content\/uploads\/factory-06.webp\"\/><\/p>\n<p><img decoding=\"async\" src=\"\/wp-content\/uploads\/factory-07.webp\"\/><\/p>\n<h3>Taller de pintura en polvo<\/h3>\n<p><img decoding=\"async\" src=\"\/wp-content\/uploads\/factory-09.webp\"\/><\/p>\n<h3>Taller de anodizado<\/h3>\n<p><img decoding=\"async\" src=\"\/wp-content\/uploads\/factory-10.webp\"\/><\/p>\n<h3>Taller de procesamiento profundo<\/h3>\n<p><img decoding=\"async\" src=\"\/wp-content\/uploads\/factory-11.webp\"\/><\/p>\n<h3>Taller de mecanizado de precisi\u00f3n CNC<\/h3>\n<p><img decoding=\"async\" src=\"\/wp-content\/uploads\/factory-11.5.webp\"\/><\/p>\n<h3>Almac\u00e9n de productos acabados y de exportaci\u00f3n<\/h3>\n<p><img decoding=\"async\" src=\"\/wp-content\/uploads\/factory-12.webp\"\/><\/p>\n<p><img decoding=\"async\" src=\"\/wp-content\/uploads\/factory-13.webp\"\/><\/p>\n<p><img decoding=\"async\" src=\"\/wp-content\/uploads\/factory-14.webp\"\/><\/p>\n<h2>PREGUNTAS FRECUENTES<\/h2>\n<p><b>1. \u00bfQu\u00e9 son los muros cortina de aluminio extruido?<\/b><\/p>\n<p>Los muros cortina de aluminio extruido son sistemas de fachada ligeros y sin carga fabricados con perfiles de aluminio y paneles de vidrio para edificios modernos.\n<\/p>\n<p><\/p>\n<p><b>2.\u00bfPor qu\u00e9 elegir aluminio extruido para muros cortina?<\/b><\/p>\n<p>El aluminio extruido ofrece gran solidez, resistencia a la corrosi\u00f3n y flexibilidad de dise\u00f1o, por lo que resulta ideal para los sistemas de muros cortina.\n<\/p>\n<p><\/p>\n<p><b>3. \u00bfSon eficientes energ\u00e9ticamente los muros cortina de aluminio?<\/b><\/p>\n<p>S\u00ed, muchos sistemas incluyen rotura de puente t\u00e9rmico y vidrio aislante para mejorar la eficiencia energ\u00e9tica y reducir los costes de calefacci\u00f3n, ventilaci\u00f3n y aire acondicionado.\n<\/p>\n<p><\/p>\n<p><b>4.\u00bfSe pueden personalizar los muros cortina de aluminio?<\/b><\/p>\n<p>Por supuesto, los perfiles pueden adaptarse en forma, tama\u00f1o y acabado para satisfacer las necesidades arquitect\u00f3nicas y de rendimiento.\n<\/p>\n<p><\/p>\n<p><b>5. \u00bfEs f\u00e1cil instalar muros cortina de aluminio?<\/b><\/p>\n<p>S\u00ed, la ligereza del aluminio simplifica la manipulaci\u00f3n, la elevaci\u00f3n y la instalaci\u00f3n in situ.\n<\/p>\n<p><\/p>\n<p><b>6.\u00bfCu\u00e1les son las aplicaciones t\u00edpicas de los muros cortina de aluminio?<\/b><\/p>\n<p>Se utilizan ampliamente en edificios comerciales, torres de oficinas, aeropuertos e infraestructuras p\u00fablicas para sistemas de acristalamiento exterior.\n<\/p>\n<p><\/p>\n<p><b>7.\u00bfSon estos muros cortina resistentes a la intemperie?<\/b><\/p>\n<p>S\u00ed, est\u00e1n dise\u00f1ados para resistir el viento, la lluvia, la radiaci\u00f3n UV y la dilataci\u00f3n t\u00e9rmica, lo que garantiza su durabilidad en cualquier clima.\n<\/p>\n<p><\/p>\n<p><b>8.\u00bfEs el aluminio extruido respetuoso con el medio ambiente?<\/b><\/p>\n<p>S\u00ed, el aluminio es 100% reciclable y contribuye a las certificaciones de edificios sostenibles y ecol\u00f3gicos como LEED.\n<\/p>\n<p><\/p>","protected":false},"featured_media":7273,"template":"","categories":[67],"class_list":["post-7274","product","type-product","status-publish","has-post-thumbnail","hentry","category-architectural-aluminium-profile"],"meta_box":{"hilight_text_group":{"product_hilight_text":"<li>High-strength extruded aluminium ensures reliable structural performance<\/li>\r\r\n<li>Lightweight design reduces building load and eases installation<\/li>\r\r\n<li>Excellent corrosion resistance for long-lasting exterior applications<\/li>\r\r\n<li>Modern and sleek appearance enhances architectural aesthetics<\/li>\r\r\n<li>Supports large glass panels with minimal framing obstruction<\/li>\r\r\n<li>Customizable profiles and finishes to suit project requirements<\/li>\r\r\n<li>Energy-efficient options available with thermal break technology<\/li>","product_chanpin_blog":"<ul>\r\r\n<li><a href=\"https:\/\/sinoextrud.com\/t-slot-v-slot-differences\/\" target=\"_blank\">t slot vs v slot<\/a><\/li>\r\r\n<li><a href=\"https:\/\/sinoextrud.com\/what-is-4040-aluminium-extrud\/\" target=\"_blank\">4040 aluminium extrusion<\/a><\/li>\r\r\n<li><a href=\"https:\/\/sinoextrud.com\/what-is-4040-aluminium-extrud\/\" target=\"_blank\">aluminum extrusions for industrial racks<\/a><\/li>\r\r\n<li><a href=\"https:\/\/sinoextrud.com\/powder-coating-aluminium-process\/\" target=\"_blank\">powder coating aluminium<\/a><\/li>\r\r\n<li><a href=\"https:\/\/sinoextrud.com\/what-is-an-aluminium-strip-ceiling\/\" target=\"_blank\">aluminium strip ceiling<\/a><\/li>\r\r\n<li><a href=\"https:\/\/sinoextrud.com\/what-is-a-heat-sink\/\" target=\"_blank\">what is a heat sink<\/a><\/li>\r\r\n<\/ul>","product_chanpin_chanpin":"<li><a href=\"https:\/\/sinoextrud.com\/product\/aluminium-extrusion-c-beam\/\" target=\"_blank\">Aluminium Extrusion C Beam<\/a><\/li>\r\n<li><a href=\"https:\/\/sinoextrud.com\/product\/extruded-aluminum-tubing-for-stair-rail\/\" target=\"_blank\">Extruded Aluminum Tubing For Stair Rail<\/a><\/li>\r\n<li><a href=\"https:\/\/sinoextrud.com\/product\/aluminium-extrusion-curtain-wall-profile-with-powder-coated-surface-manufacturer-direct-selling\/\" target=\"_blank\">Aluminium Extrusion Curtain Wall Profile With Powder Coated Surface Manufacturer Direct Selling<\/a><\/li>\r\n<li><a href=\"https:\/\/sinoextrud.com\/product\/customized-aluminium-heavy-duty-door-hinge\/\" target=\"_blank\">Customized Aluminium Heavy Duty Door Hinge<\/a><\/li>\r\n<li><a href=\"https:\/\/sinoextrud.com\/product\/extruded-aluminium-curtain-walls\/\" target=\"_blank\">Extruded Aluminium Curtain Walls<\/a><\/li>\r\n<li><a href=\"https:\/\/sinoextrud.com\/product\/aluminium-extrusion-handles-for-closet\/\" target=\"_blank\">Aluminium Extrusion Handles for Closet<\/a><\/li>\r\n<li><a href=\"https:\/\/sinoextrud.com\/product\/aluminium-extrusion-machining\/\" target=\"_blank\">Aluminium Extrusion Machining<\/a><\/li>\r\n<li><a href=\"https:\/\/sinoextrud.com\/product\/aluminum-price-per-ton\/\" target=\"_blank\">Aluminum Price Per Ton<\/a><\/li>\r\n<li><a href=\"https:\/\/sinoextrud.com\/product\/aluminium-extrusion-sections\/\" target=\"_blank\">Aluminium Extrusion Sections<\/a><\/li>\r\n<li><a href=\"https:\/\/sinoextrud.com\/product\/aluminium-cnc-factory-punching-extrusion-profile-tubing-sizes-oem\/\" target=\"_blank\">aluminium cnc factory punching extrusion profile tubing sizes OEM<\/a><\/li>\r\n<li><a href=\"https:\/\/sinoextrud.com\/product\/aluminium-t-bar-extrusions\/\" target=\"_blank\">Aluminium T Bar Extrusions<\/a><\/li>"},"feature_list":[]},"_links":{"self":[{"href":"https:\/\/sinoextrud.com\/es\/wp-json\/wp\/v2\/product\/7274","targetHints":{"allow":["GET"]}}],"collection":[{"href":"https:\/\/sinoextrud.com\/es\/wp-json\/wp\/v2\/product"}],"about":[{"href":"https:\/\/sinoextrud.com\/es\/wp-json\/wp\/v2\/types\/product"}],"wp:featuredmedia":[{"embeddable":true,"href":"https:\/\/sinoextrud.com\/es\/wp-json\/wp\/v2\/media\/7273"}],"wp:attachment":[{"href":"https:\/\/sinoextrud.com\/es\/wp-json\/wp\/v2\/media?parent=7274"}],"wp:term":[{"taxonomy":"category","embeddable":true,"href":"https:\/\/sinoextrud.com\/es\/wp-json\/wp\/v2\/categories?post=7274"}],"curies":[{"name":"wp","href":"https:\/\/api.w.org\/{rel}","templated":true}]}}