{"id":7272,"date":"2025-06-06T03:46:12","date_gmt":"2025-06-06T03:46:12","guid":{"rendered":"https:\/\/sinoextrud.com\/product\/customized-aluminium-heavy-duty-door-hinge\/"},"modified":"2025-06-24T06:12:24","modified_gmt":"2025-06-24T06:12:24","slug":"bisagra-de-aluminio-a-medida-para-puertas-de-alta-resistencia","status":"publish","type":"product","link":"https:\/\/sinoextrud.com\/es\/product\/customized-aluminium-heavy-duty-door-hinge\/","title":{"rendered":"Bisagra de aluminio a medida para puertas de alta resistencia"},"content":{"rendered":"<h2>Productos<\/h2>\n<table class=\"custom-table\">\n<tbody>\n<tr>\n<td> Art\u00edculo:<\/td>\n<td> Bisagra de aluminio a medida para puertas de alta resistencia<\/td>\n<\/tr>\n<tr>\n<td> Temperamento:<\/td>\n<td> T3 - T8<\/td>\n<\/tr>\n<tr>\n<td> Longitud:<\/td>\n<td> 1-9 metros o personalizado<\/td>\n<\/tr>\n<tr>\n<td> Aleaci\u00f3n:<\/td>\n<td> Aleaci\u00f3n<\/td>\n<\/tr>\n<tr>\n<td> Grado:<\/td>\n<td> Serie 6000<\/td>\n<\/tr>\n<tr>\n<td> Est\u00e1ndar:<\/td>\n<td> GB<\/td>\n<\/tr>\n<tr>\n<td> Tipo de producci\u00f3n:<\/td>\n<td> Producci\u00f3n en serie<\/td>\n<\/tr>\n<tr>\n<td> Plazo de entrega de muestras:<\/td>\n<td> 10-15 d\u00edas<\/td>\n<\/tr>\n<tr>\n<td> Paquete de transporte:<\/td>\n<td> Film protector de pl\u00e1stico y papel impermeable para manualidades<\/td>\n<\/tr>\n<tr>\n<td> Origen:<\/td>\n<td> Foshan, China<\/td>\n<\/tr>\n<tr>\n<td> Aplicaci\u00f3n:<\/td>\n<td> Bisagra de aluminio de alta resistencia para puerta<\/td>\n<\/tr>\n<tr>\n<td> Tratamiento de la superficie:<\/td>\n<td> A medida<\/td>\n<\/tr>\n<tr>\n<td> Producci\u00f3n en serie:<\/td>\n<td> 25-30 d\u00edas tras la confirmaci\u00f3n de la muestra por parte del comprador<\/td>\n<\/tr>\n<tr>\n<td> Capacidad:<\/td>\n<td> M\u00e1s de 200.000 toneladas\/a\u00f1o<\/td>\n<\/tr>\n<tr>\n<td> Marca registrada:<\/td>\n<td> Sinoextrud(Sinoextrud)\/ OEM<\/td>\n<\/tr>\n<\/tbody>\n<\/table>\n<h2>Nuestra base de fabricaci\u00f3n<\/h2>\n<h3>Panorama de la f\u00e1brica<\/h3>\n<p><img decoding=\"async\" src=\"\/wp-content\/uploads\/factory-01.webp\"\/><\/p>\n<h3>Taller de fabricaci\u00f3n de barras de aluminio<\/h3>\n<p><img decoding=\"async\" src=\"\/wp-content\/uploads\/factory-02.webp\"\/><\/p>\n<\/p>\n<p><img decoding=\"async\" src=\"\/wp-content\/uploads\/factory-03.webp\"\/><\/p>\n<h3>Almac\u00e9n de moldes<\/h3>\n<p><img decoding=\"async\" src=\"\/wp-content\/uploads\/factory-04.webp\"\/><\/p>\n<h3>43 L\u00c3neas de extrusi\u00c3\u00b3n de aluminio (500\u00e2\u20ac\"5500 toneladas)<\/h3>\n<p><img decoding=\"async\" src=\"\/wp-content\/uploads\/factory-05.webp\"\/><\/p>\n<p><img decoding=\"async\" src=\"\/wp-content\/uploads\/factory-06.webp\"\/><\/p>\n<p><img decoding=\"async\" src=\"\/wp-content\/uploads\/factory-07.webp\"\/><\/p>\n<h3>Taller de pintura en polvo<\/h3>\n<p><img decoding=\"async\" src=\"\/wp-content\/uploads\/factory-09.webp\"\/><\/p>\n<h3>Taller de anodizado<\/h3>\n<p><img decoding=\"async\" src=\"\/wp-content\/uploads\/factory-10.webp\"\/><\/p>\n<h3>Taller de procesamiento profundo<\/h3>\n<p><img decoding=\"async\" src=\"\/wp-content\/uploads\/factory-11.webp\"\/><\/p>\n<h3>Taller de mecanizado de precisi\u00f3n CNC<\/h3>\n<p><img decoding=\"async\" src=\"\/wp-content\/uploads\/factory-11.5.webp\"\/><\/p>\n<h3>Almac\u00e9n de productos acabados y de exportaci\u00f3n<\/h3>\n<p><img decoding=\"async\" src=\"\/wp-content\/uploads\/factory-12.webp\"\/><\/p>\n<p><img decoding=\"async\" src=\"\/wp-content\/uploads\/factory-13.webp\"\/><\/p>\n<p><img decoding=\"async\" src=\"\/wp-content\/uploads\/factory-14.webp\"\/><\/p>\n<h2>PREGUNTAS FRECUENTES<\/h2>\n<p><b>1. \u00bfQu\u00e9 es una bisagra de aluminio para puertas de alta resistencia personalizada?<\/b><\/p>\n<p>Se trata de una robusta bisagra de aluminio dise\u00f1ada para puertas de gran carga, personalizada para sistemas de puertas industriales o comerciales espec\u00edficos.\n<\/p>\n<p><\/p>\n<p><b>2.\u00bfPor qu\u00e9 elegir aluminio para bisagras de puertas resistentes?<\/b><\/p>\n<p>El aluminio ofrece una alternativa al acero fuerte, ligera y resistente a la corrosi\u00f3n, lo que reduce el peso total de la puerta al tiempo que mantiene su durabilidad.\n<\/p>\n<p><\/p>\n<p><b>3.\u00bfPueden personalizarse estas bisagras de puerta?<\/b><\/p>\n<p>S\u00ed, pueden adaptarse en tama\u00f1o, patr\u00f3n de orificios, capacidad de carga y acabado para satisfacer requisitos de aplicaci\u00f3n exclusivos.\n<\/p>\n<p><\/p>\n<p><b>4.\u00bfSon adecuadas las bisagras de aluminio para puertas exteriores?<\/b><\/p>\n<p>S\u00ed, incorporan revestimientos resistentes a la corrosi\u00f3n que protegen contra la intemperie y la humedad.\n<\/p>\n<p><\/p>\n<p><b>5.\u00bfQu\u00e9 tipos de puertas pueden utilizar bisagras de aluminio de alta resistencia?<\/b><\/p>\n<p>Estas bisagras son ideales para puertas met\u00e1licas, entradas comerciales, recintos industriales y paneles de acceso pesado.\n<\/p>\n<p><\/p>\n<p><b>6.\u00bfEs f\u00e1cil instalar bisagras de aluminio para cargas pesadas?<\/b><\/p>\n<p>S\u00ed, su dise\u00f1o ligero simplifica la manipulaci\u00f3n y el montaje, reduciendo el tiempo de trabajo y el esfuerzo.\n<\/p>\n<p><\/p>\n<p><b>7. \u00bfCu\u00e1l es la durabilidad de las bisagras para puertas de aluminio personalizadas?<\/b><\/p>\n<p>Est\u00e1n fabricadas para un uso de muchos ciclos y una fiabilidad a largo plazo, incluso en entornos exigentes.\n<\/p>\n<p><\/p>\n<p><b>8.\u00bfSon respetuosas con el medio ambiente estas bisagras para puertas?<\/b><\/p>\n<p>S\u00ed, el aluminio es totalmente reciclable y eficiente desde el punto de vista energ\u00e9tico, lo que favorece las pr\u00e1cticas de construcci\u00f3n sostenibles.\n<\/p>\n<p><\/p>","protected":false},"featured_media":7271,"template":"","categories":[67],"class_list":["post-7272","product","type-product","status-publish","has-post-thumbnail","hentry","category-architectural-aluminium-profile"],"meta_box":{"hilight_text_group":{"product_hilight_text":"<li>Made from high-strength aluminum for heavy-duty door applications<\/li>\r\r\n<li>Corrosion-resistant finish ensures long-term durability<\/li>\r\r\n<li>Customized design to fit various commercial and industrial door systems<\/li>\r\r\n<li>Lightweight construction allows for easy installation and operation<\/li>\r\r\n<li>Precision-machined for smooth and stable hinge performance<\/li>\r\r\n<li>Compatible with both aluminum and steel door frames<\/li>\r\r\n<li>Available in multiple finishes and sizes to match project needs<\/li>","product_chanpin_blog":"<ul>\r\r\n<li><a href=\"https:\/\/sinoextrud.com\/t-slot-v-slot-differences\/\" target=\"_blank\">t slot vs v slot<\/a><\/li>\r\r\n<li><a href=\"https:\/\/sinoextrud.com\/what-is-4040-aluminium-extrud\/\" target=\"_blank\">4040 aluminium extrusion<\/a><\/li>\r\r\n<li><a href=\"https:\/\/sinoextrud.com\/what-is-4040-aluminium-extrud\/\" target=\"_blank\">aluminum extrusions for industrial racks<\/a><\/li>\r\r\n<li><a href=\"https:\/\/sinoextrud.com\/powder-coating-aluminium-process\/\" target=\"_blank\">powder coating aluminium<\/a><\/li>\r\r\n<li><a href=\"https:\/\/sinoextrud.com\/what-is-an-aluminium-strip-ceiling\/\" target=\"_blank\">aluminium strip ceiling<\/a><\/li>\r\r\n<li><a href=\"https:\/\/sinoextrud.com\/what-is-a-heat-sink\/\" target=\"_blank\">what is a heat sink<\/a><\/li>\r\r\n<\/ul>","product_chanpin_chanpin":"<li><a href=\"https:\/\/sinoextrud.com\/product\/aluminium-system-profile\/\" target=\"_blank\">Aluminium System Profile<\/a><\/li>\r\n<li><a href=\"https:\/\/sinoextrud.com\/product\/aluminium-extrusion-c-beam\/\" target=\"_blank\">Aluminium Extrusion C Beam<\/a><\/li>\r\n<li><a href=\"https:\/\/sinoextrud.com\/product\/extruded-aluminum-tubing-for-stair-rail\/\" target=\"_blank\">Extruded Aluminum Tubing For Stair Rail<\/a><\/li>\r\n<li><a href=\"https:\/\/sinoextrud.com\/product\/aluminium-extrusion-curtain-wall-profile-with-powder-coated-surface-manufacturer-direct-selling\/\" target=\"_blank\">Aluminium Extrusion Curtain Wall Profile With Powder Coated Surface Manufacturer Direct Selling<\/a><\/li>\r\n<li><a href=\"https:\/\/sinoextrud.com\/product\/customized-aluminium-heavy-duty-door-hinge\/\" target=\"_blank\">Customized Aluminium Heavy Duty Door Hinge<\/a><\/li>\r\n<li><a href=\"https:\/\/sinoextrud.com\/product\/extruded-aluminium-curtain-walls\/\" target=\"_blank\">Extruded Aluminium Curtain Walls<\/a><\/li>\r\n<li><a href=\"https:\/\/sinoextrud.com\/product\/aluminium-extrusion-handles-for-closet\/\" target=\"_blank\">Aluminium Extrusion Handles for Closet<\/a><\/li>\r\n<li><a href=\"https:\/\/sinoextrud.com\/product\/aluminium-extrusion-machining\/\" target=\"_blank\">Aluminium Extrusion Machining<\/a><\/li>\r\n<li><a href=\"https:\/\/sinoextrud.com\/product\/aluminum-price-per-ton\/\" target=\"_blank\">Aluminum Price Per Ton<\/a><\/li>\r\n<li><a href=\"https:\/\/sinoextrud.com\/product\/powder-coated-and-anodized-aluminium-profile-for-electric-frame-motor-housing-and-aluminum-enclosure\/\" target=\"_blank\">Powder coated and Anodized aluminium profile for electric frame motor housing and aluminum enclosure<\/a><\/li>\r\n<li><a href=\"https:\/\/sinoextrud.com\/product\/aluminum-extrusion-6063-large-diameter-aluminum-tube\/\" target=\"_blank\">Aluminum Extrusion 6063 Large Diameter Aluminum Tube<\/a><\/li>"},"feature_list":[]},"_links":{"self":[{"href":"https:\/\/sinoextrud.com\/es\/wp-json\/wp\/v2\/product\/7272","targetHints":{"allow":["GET"]}}],"collection":[{"href":"https:\/\/sinoextrud.com\/es\/wp-json\/wp\/v2\/product"}],"about":[{"href":"https:\/\/sinoextrud.com\/es\/wp-json\/wp\/v2\/types\/product"}],"wp:featuredmedia":[{"embeddable":true,"href":"https:\/\/sinoextrud.com\/es\/wp-json\/wp\/v2\/media\/7271"}],"wp:attachment":[{"href":"https:\/\/sinoextrud.com\/es\/wp-json\/wp\/v2\/media?parent=7272"}],"wp:term":[{"taxonomy":"category","embeddable":true,"href":"https:\/\/sinoextrud.com\/es\/wp-json\/wp\/v2\/categories?post=7272"}],"curies":[{"name":"wp","href":"https:\/\/api.w.org\/{rel}","templated":true}]}}