{"id":7268,"date":"2025-06-06T03:40:48","date_gmt":"2025-06-06T03:40:48","guid":{"rendered":"https:\/\/sinoextrud.com\/product\/extruded-aluminum-tubing-for-stair-rail\/"},"modified":"2025-06-24T06:12:24","modified_gmt":"2025-06-24T06:12:24","slug":"tubo-de-aluminio-extruido-para-barandilla-de-escalera","status":"publish","type":"product","link":"https:\/\/sinoextrud.com\/es\/product\/extruded-aluminum-tubing-for-stair-rail\/","title":{"rendered":"Tubo de aluminio extruido para barandilla de escalera"},"content":{"rendered":"<h2>Productos<\/h2>\n<table class=\"custom-table\">\n<tbody>\n<tr>\n<td> Nombre del producto<\/td>\n<td> perfil de aluminio con ranura en t<\/td>\n<\/tr>\n<tr>\n<td> Material<\/td>\n<td> 6063<\/td>\n<\/tr>\n<tr>\n<td> Temple<\/td>\n<td> T5, T6<\/td>\n<\/tr>\n<tr>\n<td> Espesor<\/td>\n<td> Espesor del perfil seg\u00fan custimize<\/td>\n<\/tr>\n<tr>\n<td> Longitud<\/td>\n<td> 5,8 m por pieza. A petici\u00f3n del cliente<\/td>\n<\/tr>\n<tr>\n<td> Forma<\/td>\n<td> cuadrado como en la foto. disponible a medida<\/td>\n<\/tr>\n<tr>\n<td> Tratamiento de superficies<\/td>\n<td> Espesor del color del recubrimiento en polvo: 80 micras.<\/td>\n<\/tr>\n<tr>\n<td> Color<\/td>\n<td> Blanco<\/td>\n<\/tr>\n<tr>\n<td> Aplicaci\u00f3n<\/td>\n<td> L\u00ednea de producci\u00f3n de maquinaria, transporte ferroviario<\/td>\n<\/tr>\n<tr>\n<td> Proceso profundo<\/td>\n<td> CNC, taladrado, corte, soldadura, montaje<\/td>\n<\/tr>\n<tr>\n<td> MOQ<\/td>\n<td> 200KGs para cada art\u00edculo<\/td>\n<\/tr>\n<tr>\n<td> Capacidad de producci\u00f3n<\/td>\n<td> M\u00e1s de 15.000 toneladas mensuales<\/td>\n<\/tr>\n<tr>\n<td> Certificado y norma<\/td>\n<td> 1) ISO9001-2008\/ISO 9001:2008;<br \/>\n2) Certificaci\u00f3n CQM;<br \/>\n3) SGS, BV, ROSH disponibles<\/td>\n<\/tr>\n<tr>\n<td> Garant\u00eda<\/td>\n<td> El color de la superficie puede ser estable durante 10~20 a\u00f1os de uso en interiores.<\/td>\n<\/tr>\n<tr>\n<td> Detalles del embalaje<\/td>\n<td> Interior : embalado con film de pl\u00e1stico para proteger cada pieza<\/td>\n<\/tr>\n<tr>\n<td> Plazos de entrega<\/td>\n<td> Desarrollo de matrices y pruebas de muestras: 12-18 d\u00edas .<\/td>\n<\/tr>\n<tr>\n<td> Puerto<\/td>\n<td> Shenzhen \/ Guangzhou \/ Foshan<\/td>\n<\/tr>\n<tr>\n<td> Condiciones de pago<\/td>\n<td> T\/T 30% para el dep\u00f3sito, saldo antes de la entrega.<\/td>\n<\/tr>\n<\/tbody>\n<\/table>\n<h2>Nuestra base de fabricaci\u00f3n<\/h2>\n<h3>Panorama de la f\u00e1brica<\/h3>\n<p><img decoding=\"async\" src=\"\/wp-content\/uploads\/factory-01.webp\"\/><\/p>\n<h3>Taller de fabricaci\u00f3n de barras de aluminio<\/h3>\n<p><img decoding=\"async\" src=\"\/wp-content\/uploads\/factory-02.webp\"\/><\/p>\n<\/p>\n<p><img decoding=\"async\" src=\"\/wp-content\/uploads\/factory-03.webp\"\/><\/p>\n<h3>Almac\u00e9n de moldes<\/h3>\n<p><img decoding=\"async\" src=\"\/wp-content\/uploads\/factory-04.webp\"\/><\/p>\n<h3>43 l\u00edneas de extrusi\u00f3n de aluminio (500-5500 toneladas)<\/h3>\n<p><img decoding=\"async\" src=\"\/wp-content\/uploads\/factory-05.webp\"\/><\/p>\n<p><img decoding=\"async\" src=\"\/wp-content\/uploads\/factory-06.webp\"\/><\/p>\n<p><img decoding=\"async\" src=\"\/wp-content\/uploads\/factory-07.webp\"\/><\/p>\n<h3>Taller de pintura en polvo<\/h3>\n<p><img decoding=\"async\" src=\"\/wp-content\/uploads\/factory-09.webp\"\/><\/p>\n<h3>Taller de anodizado<\/h3>\n<p><img decoding=\"async\" src=\"\/wp-content\/uploads\/factory-10.webp\"\/><\/p>\n<h3>Taller de procesamiento profundo<\/h3>\n<p><img decoding=\"async\" src=\"\/wp-content\/uploads\/factory-11.webp\"\/><\/p>\n<h3>Taller de mecanizado de precisi\u00f3n CNC<\/h3>\n<p><img decoding=\"async\" src=\"\/wp-content\/uploads\/factory-11.5.webp\"\/><\/p>\n<h3>Almac\u00e9n de productos acabados y de exportaci\u00f3n<\/h3>\n<p><img decoding=\"async\" src=\"\/wp-content\/uploads\/factory-12.webp\"\/><\/p>\n<p><img decoding=\"async\" src=\"\/wp-content\/uploads\/factory-13.webp\"\/><\/p>\n<p><img decoding=\"async\" src=\"\/wp-content\/uploads\/factory-14.webp\"\/><\/p>\n<h2>PREGUNTAS FRECUENTES<\/h2>\n<p><b>1. \u00bfQu\u00e9 es el tubo de aluminio extruido para baranda de escalera?<\/b><\/p>\n<p>Se trata de un perfil hueco de aluminio dise\u00f1ado espec\u00edficamente para sistemas de barandillas de escaleras, que ofrece resistencia, durabilidad y atractivo est\u00e9tico.\n<\/p>\n<p><\/p>\n<p><b>2. \u00bfPor qu\u00e9 utilizar tubos de aluminio para barandillas de escaleras?<\/b><\/p>\n<p>Los tubos de aluminio son ligeros, resistentes a la corrosi\u00f3n y f\u00e1ciles de instalar, por lo que resultan ideales para sistemas de barandillas residenciales y comerciales.\n<\/p>\n<p><\/p>\n<p><b>3.\u00bfEs el tubo de aluminio adecuado para barandillas de escaleras de exterior?<\/b><\/p>\n<p>S\u00ed, el tubo est\u00e1 recubierto para resistir la corrosi\u00f3n, la exposici\u00f3n a los rayos UV y la intemperie, por lo que es perfecto para uso exterior.\n<\/p>\n<p><\/p>\n<p><b>4.\u00bfCu\u00e1les son las medidas habituales de los tubos de aluminio para barandillas de escaleras?<\/b><\/p>\n<p>Est\u00e1 disponible en distintos di\u00e1metros y grosores de pared para adaptarse a diferentes requisitos de dise\u00f1o y seguridad.\n<\/p>\n<p><\/p>\n<p><b>5.\u00bfPueden personalizarse los tubos de aluminio para barandillas de escaleras?<\/b><\/p>\n<p>S\u00ed, puede cortarse a medida, moldearse y acabarse en varios colores o texturas para adaptarse a las necesidades del proyecto.\n<\/p>\n<p><\/p>\n<p><b>6.\u00bfEs compatible el tubo con los accesorios est\u00e1ndar de las barandillas?<\/b><\/p>\n<p>Por supuesto, funciona con la mayor\u00eda de los soportes, tapas y conectores para facilitar el montaje y la instalaci\u00f3n.\n<\/p>\n<p><\/p>\n<p><b>7.\u00bfLos tubos de aluminio requieren mantenimiento?<\/b><\/p>\n<p>Requiere un mantenimiento m\u00ednimo: basta con una limpieza peri\u00f3dica para conservar su aspecto y funcionalidad.\n<\/p>\n<p><\/p>\n<p><b>8.\u00bfLos tubos de aluminio para barandillas de escaleras son ecol\u00f3gicos?<\/b><\/p>\n<p>S\u00ed, el aluminio es 100% reciclable y contribuye a las pr\u00e1cticas de construcci\u00f3n sostenible.\n<\/p>\n<p><\/p>","protected":false},"featured_media":7267,"template":"","categories":[67],"class_list":["post-7268","product","type-product","status-publish","has-post-thumbnail","hentry","category-architectural-aluminium-profile"],"meta_box":{"hilight_text_group":{"product_hilight_text":"<li>High-strength aluminum provides secure support for stair rail systems<\/li>\r\r\n<li>Corrosion-resistant finish ensures long-term outdoor and indoor use<\/li>\r\r\n<li>Lightweight tubing allows for easy handling and installation<\/li>\r\r\n<li>Clean, modern appearance enhances architectural aesthetics<\/li>\r\r\n<li>Available in various sizes and finishes to meet design needs<\/li>\r\r\n<li>Low maintenance and highly durable in high-traffic areas<\/li>\r\r\n<li>Compatible with a wide range of railing connectors and accessories<\/li>","product_chanpin_blog":"<ul>\r\r\n<li><a href=\"https:\/\/sinoextrud.com\/t-slot-v-slot-differences\/\" target=\"_blank\">t slot vs v slot<\/a><\/li>\r\r\n<li><a href=\"https:\/\/sinoextrud.com\/what-is-4040-aluminium-extrud\/\" target=\"_blank\">4040 aluminium extrusion<\/a><\/li>\r\r\n<li><a href=\"https:\/\/sinoextrud.com\/what-is-4040-aluminium-extrud\/\" target=\"_blank\">aluminum extrusions for industrial racks<\/a><\/li>\r\r\n<li><a href=\"https:\/\/sinoextrud.com\/powder-coating-aluminium-process\/\" target=\"_blank\">powder coating aluminium<\/a><\/li>\r\r\n<li><a href=\"https:\/\/sinoextrud.com\/what-is-an-aluminium-strip-ceiling\/\" target=\"_blank\">aluminium strip ceiling<\/a><\/li>\r\r\n<li><a href=\"https:\/\/sinoextrud.com\/what-is-a-heat-sink\/\" target=\"_blank\">what is a heat sink<\/a><\/li>\r\r\n<\/ul>","product_chanpin_chanpin":"<li><a href=\"https:\/\/sinoextrud.com\/product\/aluminium-anodizing\/\" target=\"_blank\">Aluminium Anodizing<\/a><\/li>\r\n<li><a href=\"https:\/\/sinoextrud.com\/product\/extruded-aluminum-profiles\/\" target=\"_blank\">Extruded Aluminum Profiles<\/a><\/li>\r\n<li><a href=\"https:\/\/sinoextrud.com\/product\/aluminium-system-profile\/\" target=\"_blank\">Aluminium System Profile<\/a><\/li>\r\n<li><a href=\"https:\/\/sinoextrud.com\/product\/aluminium-extrusion-c-beam\/\" target=\"_blank\">Aluminium Extrusion C Beam<\/a><\/li>\r\n<li><a href=\"https:\/\/sinoextrud.com\/product\/extruded-aluminum-tubing-for-stair-rail\/\" target=\"_blank\">Extruded Aluminum Tubing For Stair Rail<\/a><\/li>\r\n<li><a href=\"https:\/\/sinoextrud.com\/product\/aluminium-extrusion-curtain-wall-profile-with-powder-coated-surface-manufacturer-direct-selling\/\" target=\"_blank\">Aluminium Extrusion Curtain Wall Profile With Powder Coated Surface Manufacturer Direct Selling<\/a><\/li>\r\n<li><a href=\"https:\/\/sinoextrud.com\/product\/customized-aluminium-heavy-duty-door-hinge\/\" target=\"_blank\">Customized Aluminium Heavy Duty Door Hinge<\/a><\/li>\r\n<li><a href=\"https:\/\/sinoextrud.com\/product\/extruded-aluminium-curtain-walls\/\" target=\"_blank\">Extruded Aluminium Curtain Walls<\/a><\/li>\r\n<li><a href=\"https:\/\/sinoextrud.com\/product\/aluminium-extrusion-handles-for-closet\/\" target=\"_blank\">Aluminium Extrusion Handles for Closet<\/a><\/li>\r\n<li><a href=\"https:\/\/sinoextrud.com\/product\/anodized-mill-finish-auminium-extrusion-angle\/\" target=\"_blank\">Anodized Mill Finish Auminium Extrusion Angle<\/a><\/li>\r\n<li><a href=\"https:\/\/sinoextrud.com\/product\/u-shaped-aluminum-extrusion\/\" target=\"_blank\">U Shaped Aluminum Extrusion<\/a><\/li>"},"feature_list":[]},"_links":{"self":[{"href":"https:\/\/sinoextrud.com\/es\/wp-json\/wp\/v2\/product\/7268","targetHints":{"allow":["GET"]}}],"collection":[{"href":"https:\/\/sinoextrud.com\/es\/wp-json\/wp\/v2\/product"}],"about":[{"href":"https:\/\/sinoextrud.com\/es\/wp-json\/wp\/v2\/types\/product"}],"wp:featuredmedia":[{"embeddable":true,"href":"https:\/\/sinoextrud.com\/es\/wp-json\/wp\/v2\/media\/7267"}],"wp:attachment":[{"href":"https:\/\/sinoextrud.com\/es\/wp-json\/wp\/v2\/media?parent=7268"}],"wp:term":[{"taxonomy":"category","embeddable":true,"href":"https:\/\/sinoextrud.com\/es\/wp-json\/wp\/v2\/categories?post=7268"}],"curies":[{"name":"wp","href":"https:\/\/api.w.org\/{rel}","templated":true}]}}