{"id":7266,"date":"2025-06-06T03:37:26","date_gmt":"2025-06-06T03:37:26","guid":{"rendered":"https:\/\/sinoextrud.com\/product\/aluminium-extrusion-c-beam\/"},"modified":"2025-06-24T06:12:24","modified_gmt":"2025-06-24T06:12:24","slug":"viga-en-c-de-extrusion-de-aluminio","status":"publish","type":"product","link":"https:\/\/sinoextrud.com\/es\/product\/aluminium-extrusion-c-beam\/","title":{"rendered":"Viga C de extrusi\u00f3n de aluminio"},"content":{"rendered":"<h2>Productos<\/h2>\n<table class=\"custom-table\">\n<tbody>\n<tr>\n<td> Nombre<\/td>\n<td> Viga en c de extrusi\u00f3n de aluminio<\/td>\n<\/tr>\n<tr>\n<td> Marca<\/td>\n<td> Sinoextrud\/Sinoextrud<\/td>\n<\/tr>\n<tr>\n<td> Categor\u00eda<\/td>\n<td> Extrusi\u00f3n de aluminio<\/td>\n<\/tr>\n<tr>\n<td> Material<\/td>\n<td> 6063 es ampliamente utilizado. 6061, 6463, 6005, 6082 tambi\u00e9n est\u00e1 disponible.<\/td>\n<\/tr>\n<tr>\n<td> Temple<\/td>\n<td> T5-T8<\/td>\n<\/tr>\n<tr>\n<td> Longitud<\/td>\n<td> Seg\u00fan el dibujo<\/td>\n<\/tr>\n<tr>\n<td> Tama\u00f1o (mm)<\/td>\n<td> Personalizado<\/td>\n<\/tr>\n<tr>\n<td> Forma<\/td>\n<td> Personalizaci\u00f3n<\/td>\n<\/tr>\n<tr>\n<td> Tratamiento de superficies<\/td>\n<td> Revestimiento de potencia; Mill acabado, anodizado, chorro de arena, electroforesis tambi\u00e9n est\u00e1 disponible<\/td>\n<\/tr>\n<tr>\n<td> Color<\/td>\n<td> Plata, negro, oro, Champange,Bronce, rojo. azul y podemos personalizar los colores basados en las muestras de los clientes.<\/td>\n<\/tr>\n<tr>\n<td> Garant\u00eda<\/td>\n<td> BV , TUV ,ISO<\/td>\n<\/tr>\n<tr>\n<td> Est\u00e1ndar<\/td>\n<td> Calidad media y alta<\/td>\n<\/tr>\n<tr>\n<td> MOQ<\/td>\n<td> 200KGS por cada art\u00edculo<\/td>\n<\/tr>\n<tr>\n<td> En<\/td>\n<td> Guangdong, China<\/td>\n<\/tr>\n<tr>\n<td> Aplicaci\u00f3n<\/td>\n<td> Industria, Construcci\u00f3n<\/td>\n<\/tr>\n<tr>\n<td> Tratamiento en profundidad<\/td>\n<td> Corte, taladrado, mecanizado, punzonado, plegado, roscado, etc.<\/td>\n<\/tr>\n<tr>\n<td> Paquete<\/td>\n<td> Interior con pel\u00edcula protectora, pl\u00e1stico retr\u00e1ctil o espuma de PE. Exterior con caja, cart\u00f3n o marco de madera, o personalizaci\u00f3n.<\/td>\n<\/tr>\n<tr>\n<td> Plazo de entrega<\/td>\n<td> El desarrollo del molde y la conformaci\u00f3n de la muestra es de 12-18 d\u00edas, luego la duraci\u00f3n de la producci\u00f3n es de 25-30 d\u00edas despu\u00e9s de la recepci\u00f3n del dep\u00f3sito del comprador.<\/td>\n<\/tr>\n<tr>\n<td> Capacidad del producto<\/td>\n<td> 3000 toneladas \/ mes<\/td>\n<\/tr>\n<\/tbody>\n<\/table>\n<h2>Nuestra base de fabricaci\u00f3n<\/h2>\n<h3>Panorama de la f\u00e1brica<\/h3>\n<p><img decoding=\"async\" src=\"\/wp-content\/uploads\/factory-01.webp\"\/><\/p>\n<h3>Taller de fabricaci\u00f3n de barras de aluminio<\/h3>\n<p><img decoding=\"async\" src=\"\/wp-content\/uploads\/factory-02.webp\"\/><\/p>\n<p><img decoding=\"async\" src=\"\/wp-content\/uploads\/factory-03.webp\"\/><\/p>\n<h3>Almac\u00e9n de moldes<\/h3>\n<p><img decoding=\"async\" src=\"\/wp-content\/uploads\/factory-04.webp\"\/><\/p>\n<h3>43 L\u00c3neas de extrusi\u00c3\u00b3n de aluminio (500\u00e2\u20ac\"5500 toneladas)<\/h3>\n<p><img decoding=\"async\" src=\"\/wp-content\/uploads\/factory-05.webp\"\/><\/p>\n<p><img decoding=\"async\" src=\"\/wp-content\/uploads\/factory-06.webp\"\/><\/p>\n<p><img decoding=\"async\" src=\"\/wp-content\/uploads\/factory-07.webp\"\/><\/p>\n<h3>Taller de pintura en polvo<\/h3>\n<p><img decoding=\"async\" src=\"\/wp-content\/uploads\/factory-09.webp\"\/><\/p>\n<h3>Taller de anodizado<\/h3>\n<p><img decoding=\"async\" src=\"\/wp-content\/uploads\/factory-10.webp\"\/><\/p>\n<h3>Taller de procesamiento profundo<\/h3>\n<p><img decoding=\"async\" src=\"\/wp-content\/uploads\/factory-11.webp\"\/><\/p>\n<h3>Taller de mecanizado de precisi\u00f3n CNC<\/h3>\n<p><img decoding=\"async\" src=\"\/wp-content\/uploads\/factory-11.5.webp\"\/><\/p>\n<h3>Almac\u00e9n de productos acabados y de exportaci\u00f3n<\/h3>\n<p><img decoding=\"async\" src=\"\/wp-content\/uploads\/factory-12.webp\"\/><\/p>\n<p><img decoding=\"async\" src=\"\/wp-content\/uploads\/factory-13.webp\"\/><\/p>\n<p><img decoding=\"async\" src=\"\/wp-content\/uploads\/factory-14.webp\"\/><\/p>\n<h2>PREGUNTAS FRECUENTES<\/h2>\n<p><p><b>1. \u00bfQu\u00e9 es una viga C de extrusi\u00f3n de aluminio?<\/b><\/p>\n<p>Una viga C de extrusi\u00f3n de aluminio es un perfil de aluminio en forma de C utilizado para aplicaciones de soporte estructural, enmarcado y deslizamiento en diversas industrias.<br \/>\n<\/p><br \/>\n<br \/>\n<p><b>2.\u00bfCu\u00e1les son las ventajas de utilizar extrusiones de aluminio de viga C?<\/b><\/p>\n<p>Ofrecen una elevada relaci\u00f3n resistencia-peso, resistencia a la corrosi\u00f3n y una integraci\u00f3n vers\u00e1til con otros sistemas de entramado.<br \/>\n<\/p><br \/>\n<br \/>\n<p><b>3.\u00bfSe pueden personalizar las vigas C de aluminio?<\/b><\/p>\n<p>S\u00ed, los fabricantes ofrecen longitudes personalizadas, perforaciones, grados de aleaci\u00f3n y tratamientos superficiales como el anodizado o el recubrimiento en polvo.<br \/>\n<\/p><br \/>\n<br \/>\n<p><b>4.\u00bfQu\u00e9 industrias utilizan perfiles de aluminio para vigas C?<\/b><\/p>\n<p>Entre las aplicaciones m\u00e1s comunes se encuentran los sistemas de automatizaci\u00f3n, los cerramientos de m\u00e1quinas, los bastidores de paneles solares y las estanter\u00edas industriales.<br \/>\n<\/p><br \/>\n<br \/>\n<p><b>5.\u00bfSon resistentes a la corrosi\u00f3n las vigas C de aluminio?<\/b><\/p>\n<p>S\u00ed, el aluminio tiene una resistencia natural a la corrosi\u00f3n, y acabados como el anodizado mejoran a\u00fan m\u00e1s su durabilidad en entornos dif\u00edciles.<br \/>\n<\/p><br \/>\n<br \/>\n<p><b>6.\u00bfEs compatible la viga C con los accesorios de ranura en T?<\/b><\/p>\n<p>Muchos perfiles de viga C est\u00e1n dise\u00f1ados para funcionar con componentes de ranura en T, lo que permite el montaje modular y la ampliaci\u00f3n del sistema.<br \/>\n<\/p><br \/>\n<br \/>\n<p><b>7.\u00bfOfrecen los proveedores producci\u00f3n OEM o a granel para perfiles de vigas C?<\/b><\/p>\n<p>S\u00ed, los servicios OEM y la fabricaci\u00f3n a granel est\u00e1n ampliamente disponibles para los requisitos personalizados de vigas C industriales de aluminio.<br \/>\n<\/p><br \/><\/p>","protected":false},"featured_media":7265,"template":"","categories":[67],"class_list":["post-7266","product","type-product","status-publish","has-post-thumbnail","hentry","category-architectural-aluminium-profile"],"meta_box":{"hilight_text_group":{"product_hilight_text":"<li>Strong C-shaped design offers high structural support with reduced weight<\/li>\r\r\n<li>Made from corrosion-resistant aluminum for indoor and outdoor use<\/li>\r\r\n<li>Ideal for framing, sliding systems, supports, and automation equipment<\/li>\r\r\n<li>Custom lengths, alloys, and finishes available for industrial applications<\/li>\r\r\n<li>Compatible with standard T-slot hardware for easy assembly<\/li>\r\r\n<li>Precision extrusion ensures dimensional accuracy and smooth installation<\/li>","product_chanpin_blog":"<ul>\r\r\n<li><a href=\"https:\/\/sinoextrud.com\/t-slot-v-slot-differences\/\" target=\"_blank\">t slot vs v slot<\/a><\/li>\r\r\n<li><a href=\"https:\/\/sinoextrud.com\/what-is-4040-aluminium-extrud\/\" target=\"_blank\">4040 aluminium extrusion<\/a><\/li>\r\r\n<li><a href=\"https:\/\/sinoextrud.com\/what-is-4040-aluminium-extrud\/\" target=\"_blank\">aluminum extrusions for industrial racks<\/a><\/li>\r\r\n<li><a href=\"https:\/\/sinoextrud.com\/powder-coating-aluminium-process\/\" target=\"_blank\">powder coating aluminium<\/a><\/li>\r\r\n<li><a href=\"https:\/\/sinoextrud.com\/what-is-an-aluminium-strip-ceiling\/\" target=\"_blank\">aluminium strip ceiling<\/a><\/li>\r\r\n<li><a href=\"https:\/\/sinoextrud.com\/what-is-a-heat-sink\/\" target=\"_blank\">what is a heat sink<\/a><\/li>\r\r\n<\/ul>","product_chanpin_chanpin":"<li><a href=\"https:\/\/sinoextrud.com\/product\/modular-framing-systems\/\" target=\"_blank\">Modular Framing Systems<\/a><\/li>\r\n<li><a href=\"https:\/\/sinoextrud.com\/product\/aluminium-anodizing\/\" target=\"_blank\">Aluminium Anodizing<\/a><\/li>\r\n<li><a href=\"https:\/\/sinoextrud.com\/product\/extruded-aluminum-profiles\/\" target=\"_blank\">Extruded Aluminum Profiles<\/a><\/li>\r\n<li><a href=\"https:\/\/sinoextrud.com\/product\/aluminium-system-profile\/\" target=\"_blank\">Aluminium System Profile<\/a><\/li>\r\n<li><a href=\"https:\/\/sinoextrud.com\/product\/aluminium-extrusion-c-beam\/\" target=\"_blank\">Aluminium Extrusion C Beam<\/a><\/li>\r\n<li><a href=\"https:\/\/sinoextrud.com\/product\/extruded-aluminum-tubing-for-stair-rail\/\" target=\"_blank\">Extruded Aluminum Tubing For Stair Rail<\/a><\/li>\r\n<li><a href=\"https:\/\/sinoextrud.com\/product\/aluminium-extrusion-curtain-wall-profile-with-powder-coated-surface-manufacturer-direct-selling\/\" target=\"_blank\">Aluminium Extrusion Curtain Wall Profile With Powder Coated Surface Manufacturer Direct Selling<\/a><\/li>\r\n<li><a href=\"https:\/\/sinoextrud.com\/product\/customized-aluminium-heavy-duty-door-hinge\/\" target=\"_blank\">Customized Aluminium Heavy Duty Door Hinge<\/a><\/li>\r\n<li><a href=\"https:\/\/sinoextrud.com\/product\/extruded-aluminium-curtain-walls\/\" target=\"_blank\">Extruded Aluminium Curtain Walls<\/a><\/li>\r\n<li><a href=\"https:\/\/sinoextrud.com\/product\/aluminum-extrusion-aluminium-profile-for-surface-oxidized-pipe\/\" target=\"_blank\">Aluminum Extrusion Aluminium Profile for Surface Oxidized Pipe<\/a><\/li>\r\n<li><a href=\"https:\/\/sinoextrud.com\/product\/polished-aluminum-u-channel\/\" target=\"_blank\">Polished Aluminum U Channel<\/a><\/li>"},"feature_list":[]},"_links":{"self":[{"href":"https:\/\/sinoextrud.com\/es\/wp-json\/wp\/v2\/product\/7266","targetHints":{"allow":["GET"]}}],"collection":[{"href":"https:\/\/sinoextrud.com\/es\/wp-json\/wp\/v2\/product"}],"about":[{"href":"https:\/\/sinoextrud.com\/es\/wp-json\/wp\/v2\/types\/product"}],"wp:featuredmedia":[{"embeddable":true,"href":"https:\/\/sinoextrud.com\/es\/wp-json\/wp\/v2\/media\/7265"}],"wp:attachment":[{"href":"https:\/\/sinoextrud.com\/es\/wp-json\/wp\/v2\/media?parent=7266"}],"wp:term":[{"taxonomy":"category","embeddable":true,"href":"https:\/\/sinoextrud.com\/es\/wp-json\/wp\/v2\/categories?post=7266"}],"curies":[{"name":"wp","href":"https:\/\/api.w.org\/{rel}","templated":true}]}}