{"id":7260,"date":"2025-06-06T03:29:40","date_gmt":"2025-06-06T03:29:40","guid":{"rendered":"https:\/\/sinoextrud.com\/product\/aluminium-anodizing\/"},"modified":"2025-06-24T06:12:22","modified_gmt":"2025-06-24T06:12:22","slug":"anodizado-de-aluminio","status":"publish","type":"product","link":"https:\/\/sinoextrud.com\/es\/product\/aluminium-anodizing\/","title":{"rendered":"Anodizado de aluminio"},"content":{"rendered":"<h2>Productos<\/h2>\n<table class=\"custom-table\">\n<tbody>\n<tr>\n<td> <\/td>\n<td>Perfil de aluminio anodizado<\/td>\n<\/tr>\n<tr>\n<td>Aleaci\u00f3n:<\/td>\n<td>Es aleaci\u00f3n<\/td>\n<\/tr>\n<tr>\n<td>Grado:<\/td>\n<td>Serie 6000<\/td>\n<\/tr>\n<tr>\n<td>Temperamento:<\/td>\n<td>T3-T8<\/td>\n<\/tr>\n<tr>\n<td>Longitud:<\/td>\n<td>1-9 metros o personalizado<\/td>\n<\/tr>\n<tr>\n<td>Certificaci\u00f3n:<\/td>\n<td>ISO<\/td>\n<\/tr>\n<tr>\n<td>Servicio:<\/td>\n<td>OEM\/ODM<\/td>\n<\/tr>\n<tr>\n<td>Desarrollo de moho:<\/td>\n<td>8-15 d\u00edas<\/td>\n<\/tr>\n<tr>\n<td>Plazo de entrega:<\/td>\n<td>25-30 d\u00edas tras la confirmaci\u00f3n de la muestra por parte del comprador<\/td>\n<\/tr>\n<tr>\n<td>Paquete de transporte:<\/td>\n<td>Film protector de pl\u00e1stico y papel impermeable para manualidades<\/td>\n<\/tr>\n<tr>\n<td>Control de calidad:<\/td>\n<td>100% Inspecci\u00f3n antes del env\u00edo<\/td>\n<\/tr>\n<tr>\n<td>Especificaci\u00f3n:<\/td>\n<td>ISO14001, ISO9001<\/td>\n<\/tr>\n<\/tbody>\n<\/table>\n<h2>Nuestra base de fabricaci\u00f3n<\/h2>\n<h3>Panorama de la f\u00e1brica<\/h3>\n<p><img decoding=\"async\" src=\"\/wp-content\/uploads\/factory-01.webp\"\/><\/p>\n<h3>Taller de fabricaci\u00f3n de barras de aluminio<\/h3>\n<p><img decoding=\"async\" src=\"\/wp-content\/uploads\/factory-02.webp\"\/><\/p>\n<p><img decoding=\"async\" src=\"\/wp-content\/uploads\/factory-03.webp\"\/><\/p>\n<h3>Almac\u00e9n de moldes<\/h3>\n<p><img decoding=\"async\" src=\"\/wp-content\/uploads\/factory-04.webp\"\/><\/p>\n<h3>43 L\u00c3neas de extrusi\u00c3\u00b3n de aluminio (500\u00e2\u20ac\"5500 toneladas)<\/h3>\n<p><img decoding=\"async\" src=\"\/wp-content\/uploads\/factory-05.webp\"\/><\/p>\n<p><img decoding=\"async\" src=\"\/wp-content\/uploads\/factory-06.webp\"\/><\/p>\n<p><img decoding=\"async\" src=\"\/wp-content\/uploads\/factory-07.webp\"\/><\/p>\n<h3>Taller de pintura en polvo<\/h3>\n<p><img decoding=\"async\" src=\"\/wp-content\/uploads\/factory-09.webp\"\/><\/p>\n<h3>Taller de anodizado<\/h3>\n<p><img decoding=\"async\" src=\"\/wp-content\/uploads\/factory-10.webp\"\/><\/p>\n<h3>Taller de procesamiento profundo<\/h3>\n<p><img decoding=\"async\" src=\"\/wp-content\/uploads\/factory-11.webp\"\/><\/p>\n<h3>Taller de mecanizado de precisi\u00f3n CNC<\/h3>\n<p><img decoding=\"async\" src=\"\/wp-content\/uploads\/factory-11.5.webp\"\/><\/p>\n<h3>Almac\u00e9n de productos acabados y de exportaci\u00f3n<\/h3>\n<p><img decoding=\"async\" src=\"\/wp-content\/uploads\/factory-12.webp\"\/><\/p>\n<p><img decoding=\"async\" src=\"\/wp-content\/uploads\/factory-13.webp\"\/><\/p>\n<p><img decoding=\"async\" src=\"\/wp-content\/uploads\/factory-14.webp\"\/><\/p>\n<h2>PREGUNTAS FRECUENTES<\/h2>\n<p><p><b>1.\u00bfQu\u00e9 es el anodizado del aluminio?<\/b><\/p>\n<p>El anodizado del aluminio es un proceso electroqu\u00edmico que engrosa la capa de \u00f3xido natural del aluminio, mejorando su durabilidad y aspecto.<br \/>\n<\/p><br \/>\n<br \/>\n<p><b>2.\u00bfQu\u00e9 ventajas tiene el anodizado del aluminio?<\/b><\/p>\n<p>El anodizado aumenta la resistencia a la corrosi\u00f3n, mejora las prestaciones frente al desgaste y permite obtener atractivos acabados de color.<br \/>\n<\/p><br \/>\n<br \/>\n<p><b>3.\u00bfEl aluminio anodizado es apto para exteriores?<\/b><\/p>\n<p>S\u00ed, las superficies anodizadas son muy resistentes a los rayos UV y a la intemperie, por lo que son ideales para aplicaciones exteriores.<br \/>\n<\/p><br \/>\n<br \/>\n<p><b>4.\u00bfSe puede colorear el aluminio anodizado?<\/b><\/p>\n<p>S\u00ed, el proceso de anodizado permite te\u00f1ir el aluminio de varios colores manteniendo un acabado met\u00e1lico.<br \/>\n<\/p><br \/>\n<br \/>\n<p><b>5.\u00bfAfecta el anodizado a la resistencia del aluminio?<\/b><\/p>\n<p>No, el anodizado mejora las propiedades superficiales sin comprometer la integridad estructural del metal base.<br \/>\n<\/p><br \/>\n<br \/>\n<p><b>6.\u00bfQu\u00e9 industrias utilizan aluminio anodizado?<\/b><\/p>\n<p>Industrias como la arquitectura, la electr\u00f3nica, el transporte y los bienes de consumo utilizan ampliamente el aluminio anodizado con fines funcionales y decorativos.<br \/>\n<\/p><br \/>\n<br \/>\n<p><b>7.\u00bfEs el anodizado de aluminio respetuoso con el medio ambiente?<\/b><\/p>\n<p>S\u00ed, el anodizado es un proceso seguro a base de agua que produce un m\u00ednimo de residuos y utiliza materiales no t\u00f3xicos.<br \/>\n<\/p><br \/>\n<br \/>\n<p><b>8.\u00bfCu\u00e1nto dura el acabado anodizado?<\/b><\/p>\n<p>Con los cuidados adecuados, los acabados anodizados pueden durar d\u00e9cadas, especialmente en entornos arquitect\u00f3nicos o marinos.<br \/>\n<\/p><br \/><\/p>","protected":false},"featured_media":7259,"template":"","categories":[67],"class_list":["post-7260","product","type-product","status-publish","has-post-thumbnail","hentry","category-architectural-aluminium-profile"],"meta_box":{"hilight_text_group":{"product_hilight_text":"<li>Enhances surface durability and corrosion resistance of aluminum<\/li>\r\r\n<li>Improves aesthetic appearance with a variety of color finishes<\/li>\r\r\n<li>Environmentally friendly and non-toxic surface treatment<\/li>\r\r\n<li>Provides excellent adhesion for paints and sealants<\/li>\r\r\n<li>Increases wear resistance for industrial and architectural applications<\/li>\r\r\n<li>Customizable anodizing thickness for specific performance needs<\/li>\r\r\n<li>UV-resistant finish maintains color and surface quality over time<\/li>","product_chanpin_blog":"<ul>\r\r\n<li><a href=\"https:\/\/sinoextrud.com\/t-slot-v-slot-differences\/\" target=\"_blank\">t slot vs v slot<\/a><\/li>\r\r\n<li><a href=\"https:\/\/sinoextrud.com\/what-is-4040-aluminium-extrud\/\" target=\"_blank\">4040 aluminium extrusion<\/a><\/li>\r\r\n<li><a href=\"https:\/\/sinoextrud.com\/what-is-4040-aluminium-extrud\/\" target=\"_blank\">aluminum extrusions for industrial racks<\/a><\/li>\r\r\n<li><a href=\"https:\/\/sinoextrud.com\/powder-coating-aluminium-process\/\" target=\"_blank\">powder coating aluminium<\/a><\/li>\r\r\n<li><a href=\"https:\/\/sinoextrud.com\/what-is-an-aluminium-strip-ceiling\/\" target=\"_blank\">aluminium strip ceiling<\/a><\/li>\r\r\n<li><a href=\"https:\/\/sinoextrud.com\/what-is-a-heat-sink\/\" target=\"_blank\">what is a heat sink<\/a><\/li>\r\r\n<\/ul>","product_chanpin_chanpin":"<li><a href=\"https:\/\/sinoextrud.com\/product\/customized-matt-electrophoresis-aluminum-extrusions-profile-for-building-material\/\" target=\"_blank\">Customized Matt Electrophoresis Aluminum Extrusions Profile For Building Material<\/a><\/li>\r\n<li><a href=\"https:\/\/sinoextrud.com\/product\/aluminium-profile-for-shower-room\/\" target=\"_blank\">Aluminium Profile For Shower Room<\/a><\/li>\r\n<li><a href=\"https:\/\/sinoextrud.com\/product\/bright-anodized-aluminum-profile\/\" target=\"_blank\">Bright Anodized Aluminum Profile<\/a><\/li>\r\n<li><a href=\"https:\/\/sinoextrud.com\/product\/modular-framing-systems\/\" target=\"_blank\">Modular Framing Systems<\/a><\/li>\r\n<li><a href=\"https:\/\/sinoextrud.com\/product\/aluminium-anodizing\/\" target=\"_blank\">Aluminium Anodizing<\/a><\/li>\r\n<li><a href=\"https:\/\/sinoextrud.com\/product\/extruded-aluminum-profiles\/\" target=\"_blank\">Extruded Aluminum Profiles<\/a><\/li>\r\n<li><a href=\"https:\/\/sinoextrud.com\/product\/aluminium-system-profile\/\" target=\"_blank\">Aluminium System Profile<\/a><\/li>\r\n<li><a href=\"https:\/\/sinoextrud.com\/product\/aluminium-extrusion-c-beam\/\" target=\"_blank\">Aluminium Extrusion C Beam<\/a><\/li>\r\n<li><a href=\"https:\/\/sinoextrud.com\/product\/extruded-aluminum-tubing-for-stair-rail\/\" target=\"_blank\">Extruded Aluminum Tubing For Stair Rail<\/a><\/li>\r\n<li><a href=\"https:\/\/sinoextrud.com\/product\/aluminum-extruded-handles\/\" target=\"_blank\">Aluminum Extruded Handles<\/a><\/li>\r\n<li><a href=\"https:\/\/sinoextrud.com\/product\/6063-t5-aluminum-extrusion-profile-for-windows-and-doors-and-curtain-walls\/\" target=\"_blank\">6063 T5 Aluminum Extrusion Profile for Windows and Doors and Curtain Walls<\/a><\/li>"},"feature_list":[]},"_links":{"self":[{"href":"https:\/\/sinoextrud.com\/es\/wp-json\/wp\/v2\/product\/7260","targetHints":{"allow":["GET"]}}],"collection":[{"href":"https:\/\/sinoextrud.com\/es\/wp-json\/wp\/v2\/product"}],"about":[{"href":"https:\/\/sinoextrud.com\/es\/wp-json\/wp\/v2\/types\/product"}],"wp:featuredmedia":[{"embeddable":true,"href":"https:\/\/sinoextrud.com\/es\/wp-json\/wp\/v2\/media\/7259"}],"wp:attachment":[{"href":"https:\/\/sinoextrud.com\/es\/wp-json\/wp\/v2\/media?parent=7260"}],"wp:term":[{"taxonomy":"category","embeddable":true,"href":"https:\/\/sinoextrud.com\/es\/wp-json\/wp\/v2\/categories?post=7260"}],"curies":[{"name":"wp","href":"https:\/\/api.w.org\/{rel}","templated":true}]}}