{"id":7256,"date":"2025-06-06T03:26:58","date_gmt":"2025-06-06T03:26:58","guid":{"rendered":"https:\/\/sinoextrud.com\/product\/bright-anodized-aluminum-profile\/"},"modified":"2025-06-24T06:12:22","modified_gmt":"2025-06-24T06:12:22","slug":"perfil-de-aluminio-anodizado-brillante","status":"publish","type":"product","link":"https:\/\/sinoextrud.com\/es\/product\/bright-anodized-aluminum-profile\/","title":{"rendered":"Perfil de aluminio anodizado brillante"},"content":{"rendered":"<h2>Productos<\/h2>\n<table class=\"custom-table\">\n<tbody>\n<tr>\n<td> Nombre del producto<\/td>\n<td> Perfil de aluminio anodizado brillante con color pulido<\/td>\n<\/tr>\n<tr>\n<td> Aplicaci\u00f3n<\/td>\n<td> Cuarto de ba\u00f1o, barandilla, construcci\u00f3n, etc.<\/td>\n<\/tr>\n<tr>\n<td> Aleaci\u00f3n<\/td>\n<td> 6063, 6463, 6061, etc.<\/td>\n<\/tr>\n<tr>\n<td> Temple<\/td>\n<td> T5, T6<\/td>\n<\/tr>\n<tr>\n<td> Superficie<\/td>\n<td> 1. Anodizado\/anodizado ( grosor: 8-25um)<br \/>\n2. Recubrimiento en polvo (grosor: 60-120um)<br \/>\n3. pintura por electroforesis<br \/>\n4. chorro de arena<br \/>\n5. Polaco<br \/>\n6. Cepillado<br \/>\n7. Revestimiento de PVDF<br \/>\n8. efecto madera<\/td>\n<\/tr>\n<tr>\n<td> Tolerancia<\/td>\n<td> GB 5237.1-2008, o personalizado<\/td>\n<\/tr>\n<tr>\n<td> Color<\/td>\n<td> Siver, oro, gris, champane, negro, cientos, como muestra del cliente o requisito<\/td>\n<\/tr>\n<tr>\n<td> Espesor<\/td>\n<td> Por encima de 0,7 mm, depende de la forma exacta; se recomienda a partir de 1,2 mm, o a medida.<\/td>\n<\/tr>\n<tr>\n<td> Longitud<\/td>\n<td> longitud m\u00e1xima de anodizado: 21ft\/6400mm<br \/>\nlongitud m\u00e1xima de recubrimiento en polvo: 21ft\/6400mm<\/td>\n<\/tr>\n<tr>\n<td> Forma del perfil<\/td>\n<td> 1, seg\u00fan los planos o requisitos del cliente<br \/>\n2, servicio de dise\u00f1o disponible<\/td>\n<\/tr>\n<tr>\n<td> Caracter\u00edsticas<\/td>\n<td> 1, Excelente impermeabilidad, resistencia al calor<br \/>\n2, Aislamiento ac\u00fastico, resistencia al viento, estanqueidad al aire<br \/>\n3, Comportamiento anticorrosi\u00f3n y antifricci\u00f3n<\/td>\n<\/tr>\n<\/tbody>\n<\/table>\n<h2>Nuestra base de fabricaci\u00f3n<\/h2>\n<h3>Panorama de la f\u00e1brica<\/h3>\n<p><img decoding=\"async\" src=\"\/wp-content\/uploads\/factory-01.webp\"\/><\/p>\n<h3>Taller de fabricaci\u00f3n de barras de aluminio<\/h3>\n<p><img decoding=\"async\" src=\"\/wp-content\/uploads\/factory-02.webp\"\/><\/p>\n<p><img decoding=\"async\" src=\"\/wp-content\/uploads\/factory-03.webp\"\/><\/p>\n<h3>Almac\u00e9n de moldes<\/h3>\n<p><img decoding=\"async\" src=\"\/wp-content\/uploads\/factory-04.webp\"\/><\/p>\n<h3>43 L\u00c3neas de extrusi\u00c3\u00b3n de aluminio (500\u00e2\u20ac\"5500 toneladas)<\/h3>\n<p><img decoding=\"async\" src=\"\/wp-content\/uploads\/factory-05.webp\"\/><\/p>\n<p><img decoding=\"async\" src=\"\/wp-content\/uploads\/factory-06.webp\"\/><\/p>\n<p><img decoding=\"async\" src=\"\/wp-content\/uploads\/factory-07.webp\"\/><\/p>\n<h3>Taller de pintura en polvo<\/h3>\n<p><img decoding=\"async\" src=\"\/wp-content\/uploads\/factory-09.webp\"\/><\/p>\n<h3>Taller de anodizado<\/h3>\n<p><img decoding=\"async\" src=\"\/wp-content\/uploads\/factory-10.webp\"\/><\/p>\n<h3>Taller de procesamiento profundo<\/h3>\n<p><img decoding=\"async\" src=\"\/wp-content\/uploads\/factory-11.webp\"\/><\/p>\n<h3>Taller de mecanizado de precisi\u00f3n CNC<\/h3>\n<p><img decoding=\"async\" src=\"\/wp-content\/uploads\/factory-11.5.webp\"\/><\/p>\n<h3>Almac\u00e9n de productos acabados y de exportaci\u00f3n<\/h3>\n<p><img decoding=\"async\" src=\"\/wp-content\/uploads\/factory-12.webp\"\/><\/p>\n<p><img decoding=\"async\" src=\"\/wp-content\/uploads\/factory-13.webp\"\/><\/p>\n<p><img decoding=\"async\" src=\"\/wp-content\/uploads\/factory-14.webp\"\/><\/p>\n<h2>PREGUNTAS FRECUENTES<\/h2>\n<p><p><b>1.\u00bfQu\u00e9 es el perfil de aluminio anodizado brillante? <\/b><\/p>\n<p>El perfil de aluminio anodizado brillante se refiere a las extrusiones de aluminio que han sido sometidas a anodizado por inmersi\u00f3n brillante, lo que da como resultado un acabado de alto brillo, similar a un espejo, ideal para aplicaciones decorativas.<br \/>\n<\/p><br \/>\n<br \/>\n<p><b>2.\u00bfC\u00f3mo mejora el anodizado brillante por inmersi\u00f3n los perfiles de aluminio? <\/b><\/p>\n<p>El anodizado brillante por inmersi\u00f3n pule qu\u00edmicamente la superficie de aluminio, creando un acabado reflectante al tiempo que a\u00f1ade una capa anodizada protectora que mejora la resistencia a la corrosi\u00f3n.<br \/>\n<\/p><br \/>\n<br \/>\n<p><b>3.\u00bfCu\u00e1les son las aplicaciones t\u00edpicas de los perfiles de aluminio anodizado brillante? <\/b><\/p>\n<p>Los perfiles de aluminio anodizado brillante se utilizan habitualmente en elementos arquitect\u00f3nicos, dise\u00f1o de interiores, se\u00f1alizaci\u00f3n y productos de consumo en los que se desea un aspecto elegante y pulido.<br \/>\n<\/p><br \/>\n<br \/>\n<p><b>4.\u00bfPueden personalizarse los perfiles de aluminio anodizado brillante en cuanto a forma y tama\u00f1o? <\/b><\/p>\n<p>S\u00ed, los perfiles de aluminio anodizado brillante pueden adaptarse a formas, tama\u00f1os y longitudes espec\u00edficas para satisfacer los requisitos de diversos proyectos.<br \/>\n<\/p><br \/>\n<br \/>\n<p><b>5.\u00bfLos perfiles de aluminio anodizado brillante son adecuados para su uso en exteriores? <\/b><\/p>\n<p>Por supuesto, la capa anodizada proporciona una excelente protecci\u00f3n contra la intemperie, lo que hace que estos perfiles sean ideales para aplicaciones tanto de interior como de exterior.<br \/>\n<\/p><br \/><\/p>","protected":false},"featured_media":7255,"template":"","categories":[67],"class_list":["post-7256","product","type-product","status-publish","has-post-thumbnail","hentry","category-architectural-aluminium-profile"],"meta_box":{"hilight_text_group":{"product_hilight_text":"<li>High-gloss mirror finish achieved through bright dip anodizing, enhancing aesthetic appeal for architectural and decorative applications<\/li>\r\r\n<li>Manufactured from premium 6063-T5 aluminum alloy, offering excellent corrosion resistance and durability<\/li>\r\r\n<li>Lightweight yet robust construction facilitates easy handling and installation, reducing labor costs and time<\/li>\r\r\n<li>Available in various profiles and customizable lengths to meet specific project requirements<\/li>\r\r\n<li>Eco-friendly anodizing process provides a non-toxic, UV-resistant, and maintenance-free surface<\/li>","product_chanpin_blog":"<ul>\r\r\n<li><a href=\"https:\/\/sinoextrud.com\/t-slot-v-slot-differences\/\" target=\"_blank\">t slot vs v slot<\/a><\/li>\r\r\n<li><a href=\"https:\/\/sinoextrud.com\/what-is-4040-aluminium-extrud\/\" target=\"_blank\">4040 aluminium extrusion<\/a><\/li>\r\r\n<li><a href=\"https:\/\/sinoextrud.com\/what-is-4040-aluminium-extrud\/\" target=\"_blank\">aluminum extrusions for industrial racks<\/a><\/li>\r\r\n<li><a href=\"https:\/\/sinoextrud.com\/powder-coating-aluminium-process\/\" target=\"_blank\">powder coating aluminium<\/a><\/li>\r\r\n<li><a href=\"https:\/\/sinoextrud.com\/what-is-an-aluminium-strip-ceiling\/\" target=\"_blank\">aluminium strip ceiling<\/a><\/li>\r\r\n<li><a href=\"https:\/\/sinoextrud.com\/what-is-a-heat-sink\/\" target=\"_blank\">what is a heat sink<\/a><\/li>\r\r\n<\/ul>","product_chanpin_chanpin":"<li><a href=\"https:\/\/sinoextrud.com\/product\/6463-electroplated-finish-shower-enclosure-aluminum-profile\/\" target=\"_blank\">6463 Electroplated Finish Shower Enclosure Aluminum Profile<\/a><\/li>\r\n<li><a href=\"https:\/\/sinoextrud.com\/product\/aluminium-glass-profile\/\" target=\"_blank\">Aluminium Glass Profile<\/a><\/li>\r\n<li><a href=\"https:\/\/sinoextrud.com\/product\/customized-matt-electrophoresis-aluminum-extrusions-profile-for-building-material\/\" target=\"_blank\">Customized Matt Electrophoresis Aluminum Extrusions Profile For Building Material<\/a><\/li>\r\n<li><a href=\"https:\/\/sinoextrud.com\/product\/aluminium-profile-for-shower-room\/\" target=\"_blank\">Aluminium Profile For Shower Room<\/a><\/li>\r\n<li><a href=\"https:\/\/sinoextrud.com\/product\/bright-anodized-aluminum-profile\/\" target=\"_blank\">Bright Anodized Aluminum Profile<\/a><\/li>\r\n<li><a href=\"https:\/\/sinoextrud.com\/product\/modular-framing-systems\/\" target=\"_blank\">Modular Framing Systems<\/a><\/li>\r\n<li><a href=\"https:\/\/sinoextrud.com\/product\/aluminium-anodizing\/\" target=\"_blank\">Aluminium Anodizing<\/a><\/li>\r\n<li><a href=\"https:\/\/sinoextrud.com\/product\/extruded-aluminum-profiles\/\" target=\"_blank\">Extruded Aluminum Profiles<\/a><\/li>\r\n<li><a href=\"https:\/\/sinoextrud.com\/product\/aluminium-system-profile\/\" target=\"_blank\">Aluminium System Profile<\/a><\/li>\r\n<li><a href=\"https:\/\/sinoextrud.com\/product\/aluminum-extrusion-alloys\/\" target=\"_blank\">Aluminum Extrusion Alloys<\/a><\/li>\r\n<li><a href=\"https:\/\/sinoextrud.com\/product\/building-materials-aluminium-profile-curtain-rod\/\" target=\"_blank\">Building Materials Aluminium Profile Curtain Rod<\/a><\/li>"},"feature_list":[]},"_links":{"self":[{"href":"https:\/\/sinoextrud.com\/es\/wp-json\/wp\/v2\/product\/7256","targetHints":{"allow":["GET"]}}],"collection":[{"href":"https:\/\/sinoextrud.com\/es\/wp-json\/wp\/v2\/product"}],"about":[{"href":"https:\/\/sinoextrud.com\/es\/wp-json\/wp\/v2\/types\/product"}],"wp:featuredmedia":[{"embeddable":true,"href":"https:\/\/sinoextrud.com\/es\/wp-json\/wp\/v2\/media\/7255"}],"wp:attachment":[{"href":"https:\/\/sinoextrud.com\/es\/wp-json\/wp\/v2\/media?parent=7256"}],"wp:term":[{"taxonomy":"category","embeddable":true,"href":"https:\/\/sinoextrud.com\/es\/wp-json\/wp\/v2\/categories?post=7256"}],"curies":[{"name":"wp","href":"https:\/\/api.w.org\/{rel}","templated":true}]}}