{"id":7252,"date":"2025-06-06T03:19:26","date_gmt":"2025-06-06T03:19:26","guid":{"rendered":"https:\/\/sinoextrud.com\/product\/customized-matt-electrophoresis-aluminum-extrusions-profile-for-building-material\/"},"modified":"2025-06-24T06:12:21","modified_gmt":"2025-06-24T06:12:21","slug":"electroforesis-mate-personalizado-perfil-de-extrusiones-de-aluminio-para-material-de-construccion","status":"publish","type":"product","link":"https:\/\/sinoextrud.com\/es\/product\/customized-matt-electrophoresis-aluminum-extrusions-profile-for-building-material\/","title":{"rendered":"Perfil de extrusi\u00f3n de aluminio de electroforesis mate personalizado para material de construcci\u00f3n"},"content":{"rendered":"<h2>Productos<\/h2>\n<table class=\"custom-table\">\n<tbody>\n<tr>\n<td> <\/td>\n<td>Art\u00edculo<\/td>\n<td>Perfil de extrusi\u00f3n de aluminio para electroforesis mate personalizado <br \/> Para material de construcci\u00f3n<\/td>\n<\/tr>\n<tr>\n<td>2<\/td>\n<td>Material<\/td>\n<td>Aleaci\u00f3n6063<\/td>\n<\/tr>\n<tr>\n<td>3<\/td>\n<td>Temple<\/td>\n<td>T5<\/td>\n<\/tr>\n<tr>\n<td>4<\/td>\n<td>Certificado<\/td>\n<td>ISO9001,ISO14001<\/td>\n<\/tr>\n<tr>\n<td>5<\/td>\n<td>Capacidad<\/td>\n<td>Producci\u00f3n anual superior a 200.000 toneladas<\/td>\n<\/tr>\n<tr>\n<td>6<\/td>\n<td>Color<\/td>\n<td>Disponible a medida<\/td>\n<\/tr>\n<tr>\n<td>7<\/td>\n<td>Longitud<\/td>\n<td>1-9 metros o personalizado<\/td>\n<\/tr>\n<tr>\n<td>8<\/td>\n<td>Espesor<\/td>\n<td>Personalizado<\/td>\n<\/tr>\n<tr>\n<td>9<\/td>\n<td>SuperficieAcabado<\/td>\n<td>Acabado de laminado, anodizado, electroforesis, recubrimiento en polvo, transferencia de grano de madera, recubrimiento de fluorocarbono, etc.<\/td>\n<\/tr>\n<tr>\n<td>10<\/td>\n<td>Aplicaci\u00f3n<\/td>\n<td>secci\u00f3n de ventanas y puertas, barandilla, muro cortina<\/td>\n<\/tr>\n<tr>\n<td>11<\/td>\n<td>Puerto de carga<\/td>\n<td>Shenzhen, Guangzhou, FoshanPort<\/td>\n<\/tr>\n<tr>\n<td>12<\/td>\n<td>Pago<\/td>\n<td>T\/T,301TP2Pago por adelantado; el resto se abonar\u00e1 antes de la entrega.<\/td>\n<\/tr>\n<tr>\n<td>13<\/td>\n<td>Paquete<\/td>\n<td>1.Interior: envasado con una pel\u00edcula protectora de pl\u00e1stico para proteger cada perfil.<br \/>\n2.Exterior: embalado con papel craft impermeable<\/td>\n<\/tr>\n<tr>\n<td>14<\/td>\n<td>Entrega<\/td>\n<td>25-30 d\u00edas despu\u00e9s del pago<\/td>\n<\/tr>\n<tr>\n<td>15<\/td>\n<td>Secuencia de \u00f3rdenes<\/td>\n<td>1. Confirme los planos, el tratamiento de la superficie y el precio;<br \/>\n2. Pague el canon y comience a fabricar los moldes;<br \/>\n3. Le enviaremos muestras para su confirmaci\u00f3n;<br \/>\n4.Makethepaymentof30%deposit,startproduction;<\/td>\n<\/tr>\n<\/tbody>\n<\/table>\n<h2>Nuestra base de fabricaci\u00f3n<\/h2>\n<h3>Panorama de la f\u00e1brica<\/h3>\n<p><img decoding=\"async\" src=\"\/wp-content\/uploads\/factory-01.webp\"\/><\/p>\n<h3>Taller de fabricaci\u00f3n de barras de aluminio<\/h3>\n<p><img decoding=\"async\" src=\"\/wp-content\/uploads\/factory-02.webp\"\/><\/p>\n<\/p>\n<p><img decoding=\"async\" src=\"\/wp-content\/uploads\/factory-03.webp\"\/><\/p>\n<h3>Almac\u00e9n de moldes<\/h3>\n<p><img decoding=\"async\" src=\"\/wp-content\/uploads\/factory-04.webp\"\/><\/p>\n<h3>43 L\u00c3neas de extrusi\u00c3\u00b3n de aluminio (500\u00e2\u20ac\"5500 toneladas)<\/h3>\n<p><img decoding=\"async\" src=\"\/wp-content\/uploads\/factory-05.webp\"\/><\/p>\n<p><img decoding=\"async\" src=\"\/wp-content\/uploads\/factory-06.webp\"\/><\/p>\n<p><img decoding=\"async\" src=\"\/wp-content\/uploads\/factory-07.webp\"\/><\/p>\n<h3>Taller de pintura en polvo<\/h3>\n<p><img decoding=\"async\" src=\"\/wp-content\/uploads\/factory-09.webp\"\/><\/p>\n<h3>Taller de anodizado<\/h3>\n<p><img decoding=\"async\" src=\"\/wp-content\/uploads\/factory-10.webp\"\/><\/p>\n<h3>Taller de procesamiento profundo<\/h3>\n<p><img decoding=\"async\" src=\"\/wp-content\/uploads\/factory-11.webp\"\/><\/p>\n<h3>Taller de mecanizado de precisi\u00f3n CNC<\/h3>\n<p><img decoding=\"async\" src=\"\/wp-content\/uploads\/factory-11.5.webp\"\/><\/p>\n<h3>Almac\u00e9n de productos acabados y de exportaci\u00f3n<\/h3>\n<p><img decoding=\"async\" src=\"\/wp-content\/uploads\/factory-12.webp\"\/><\/p>\n<p><img decoding=\"async\" src=\"\/wp-content\/uploads\/factory-13.webp\"\/><\/p>\n<p><img decoding=\"async\" src=\"\/wp-content\/uploads\/factory-14.webp\"\/><\/p>\n<h2>PREGUNTAS FRECUENTES<\/h2>\n<p><b>1.\u00bfQu\u00e9 ventajas ofrecen las extrusiones de aluminio por electroforesis mate para los materiales de construcci\u00f3n? <\/b><\/p>\n<p>Las extrusiones de aluminio por electroforesis mate proporcionan una mayor resistencia a la corrosi\u00f3n, un acabado mate uniforme y una mayor dureza superficial, lo que las hace ideales para diversas aplicaciones de materiales de construcci\u00f3n.\n<\/p>\n<p><\/p>\n<p><b>2.\u00bfPueden personalizarse estos perfiles de aluminio para dise\u00f1os arquitect\u00f3nicos espec\u00edficos? <\/b><\/p>\n<p>S\u00ed, las extrusiones de aluminio de electroforesis mate pueden adaptarse en cuanto a forma, tama\u00f1o y acabado para satisfacer requisitos arquitect\u00f3nicos y estructurales \u00fanicos.\n<\/p>\n<p><\/p>\n<p><b>3.\u00bfSon adecuados los perfiles de aluminio de electroforesis mate para aplicaciones exteriores? <\/b><\/p>\n<p>Por supuesto, el revestimiento electrofor\u00e9tico mejora la resistencia a la intemperie, lo que hace que estos perfiles sean adecuados para aplicaciones de materiales de construcci\u00f3n tanto en interiores como en exteriores.\n<\/p>\n<p><\/p>\n<p><b>4.\u00bfCu\u00e1l es el plazo de entrega habitual de las extrusiones de aluminio para electroforesis mate personalizadas? <\/b><\/p>\n<p>El plazo de entrega var\u00eda en funci\u00f3n de la complejidad y el volumen del pedido, pero los fabricantes suelen ofrecer plazos competitivos para los perfiles personalizados.\n<\/p>\n<p><\/p>\n<p><b>5.\u00bfEn qu\u00e9 beneficia el proceso de electroforesis a los perfiles de extrusi\u00f3n de aluminio? <\/b><\/p>\n<p>El proceso de electroforesis proporciona un revestimiento consistente y duradero, mejorando la resistencia a la corrosi\u00f3n y la dureza de la superficie, lo que prolonga la vida \u00fatil de los perfiles de extrusi\u00f3n de aluminio en materiales de construcci\u00f3n.\n<\/p>\n<p><\/p>","protected":false},"featured_media":7251,"template":"","categories":[67],"class_list":["post-7252","product","type-product","status-publish","has-post-thumbnail","hentry","category-architectural-aluminium-profile"],"meta_box":{"hilight_text_group":{"product_hilight_text":"<li>Manufactured from premium 6063-T5 aluminum alloy, ensuring superior strength and corrosion resistance for building material applications<\/li>\r\r\n<li>Matt electrophoresis finish provides a uniform, elegant appearance while enhancing surface hardness and durability<\/li>\r\r\n<li>Customizable profiles available in various shapes and sizes to meet specific architectural and structural requirements<\/li>\r\r\n<li>Lightweight yet robust construction facilitates easy handling and installation, reducing labor costs and time<\/li>\r\r\n<li>Environmentally friendly electrophoretic coating process offers enhanced weather resistance and long-lasting color retention<\/li>","product_chanpin_blog":"<ul>\r\r\n<li><a href=\"https:\/\/sinoextrud.com\/t-slot-v-slot-differences\/\" target=\"_blank\">t slot vs v slot<\/a><\/li>\r\r\n<li><a href=\"https:\/\/sinoextrud.com\/what-is-4040-aluminium-extrud\/\" target=\"_blank\">4040 aluminium extrusion<\/a><\/li>\r\r\n<li><a href=\"https:\/\/sinoextrud.com\/what-is-4040-aluminium-extrud\/\" target=\"_blank\">aluminum extrusions for industrial racks<\/a><\/li>\r\r\n<li><a href=\"https:\/\/sinoextrud.com\/powder-coating-aluminium-process\/\" target=\"_blank\">powder coating aluminium<\/a><\/li>\r\r\n<li><a href=\"https:\/\/sinoextrud.com\/what-is-an-aluminium-strip-ceiling\/\" target=\"_blank\">aluminium strip ceiling<\/a><\/li>\r\r\n<li><a href=\"https:\/\/sinoextrud.com\/what-is-a-heat-sink\/\" target=\"_blank\">what is a heat sink<\/a><\/li>\r\r\n<\/ul>","product_chanpin_chanpin":"<li><a href=\"https:\/\/sinoextrud.com\/product\/extruded-aluminum-trim-shapes\/\" target=\"_blank\">Extruded Aluminum Trim Shapes<\/a><\/li>\r\n<li><a href=\"https:\/\/sinoextrud.com\/product\/cnc-machined-6063-extruded-aluminum-fasteners\/\" target=\"_blank\">CNC Machined 6063 Extruded Aluminum Fasteners<\/a><\/li>\r\n<li><a href=\"https:\/\/sinoextrud.com\/product\/6463-electroplated-finish-shower-enclosure-aluminum-profile\/\" target=\"_blank\">6463 Electroplated Finish Shower Enclosure Aluminum Profile<\/a><\/li>\r\n<li><a href=\"https:\/\/sinoextrud.com\/product\/aluminium-glass-profile\/\" target=\"_blank\">Aluminium Glass Profile<\/a><\/li>\r\n<li><a href=\"https:\/\/sinoextrud.com\/product\/customized-matt-electrophoresis-aluminum-extrusions-profile-for-building-material\/\" target=\"_blank\">Customized Matt Electrophoresis Aluminum Extrusions Profile For Building Material<\/a><\/li>\r\n<li><a href=\"https:\/\/sinoextrud.com\/product\/aluminium-profile-for-shower-room\/\" target=\"_blank\">Aluminium Profile For Shower Room<\/a><\/li>\r\n<li><a href=\"https:\/\/sinoextrud.com\/product\/bright-anodized-aluminum-profile\/\" target=\"_blank\">Bright Anodized Aluminum Profile<\/a><\/li>\r\n<li><a href=\"https:\/\/sinoextrud.com\/product\/modular-framing-systems\/\" target=\"_blank\">Modular Framing Systems<\/a><\/li>\r\n<li><a href=\"https:\/\/sinoextrud.com\/product\/aluminium-anodizing\/\" target=\"_blank\">Aluminium Anodizing<\/a><\/li>\r\n<li><a href=\"https:\/\/sinoextrud.com\/product\/shining-electrophresis-and-crystal-electrophresis-aluminium-profiles\/\" target=\"_blank\">Shining Electrophresis and Crystal electrophresis aluminium profiles<\/a><\/li>\r\n<li><a href=\"https:\/\/sinoextrud.com\/product\/large-custom-aluminum-extrusions\/\" target=\"_blank\">Large Custom Aluminum Extrusions<\/a><\/li>"},"feature_list":[]},"_links":{"self":[{"href":"https:\/\/sinoextrud.com\/es\/wp-json\/wp\/v2\/product\/7252","targetHints":{"allow":["GET"]}}],"collection":[{"href":"https:\/\/sinoextrud.com\/es\/wp-json\/wp\/v2\/product"}],"about":[{"href":"https:\/\/sinoextrud.com\/es\/wp-json\/wp\/v2\/types\/product"}],"wp:featuredmedia":[{"embeddable":true,"href":"https:\/\/sinoextrud.com\/es\/wp-json\/wp\/v2\/media\/7251"}],"wp:attachment":[{"href":"https:\/\/sinoextrud.com\/es\/wp-json\/wp\/v2\/media?parent=7252"}],"wp:term":[{"taxonomy":"category","embeddable":true,"href":"https:\/\/sinoextrud.com\/es\/wp-json\/wp\/v2\/categories?post=7252"}],"curies":[{"name":"wp","href":"https:\/\/api.w.org\/{rel}","templated":true}]}}