{"id":7244,"date":"2025-06-06T03:11:34","date_gmt":"2025-06-06T03:11:34","guid":{"rendered":"https:\/\/sinoextrud.com\/product\/extruded-aluminum-trim-shapes\/"},"modified":"2025-06-24T06:12:20","modified_gmt":"2025-06-24T06:12:20","slug":"molduras-de-aluminio-extruido","status":"publish","type":"product","link":"https:\/\/sinoextrud.com\/es\/product\/extruded-aluminum-trim-shapes\/","title":{"rendered":"Perfiles de aluminio extruido"},"content":{"rendered":"<h2>Productos<\/h2>\n<table class=\"custom-table\">\n<tbody>\n<tr>\n<td> Art\u00edculo:<\/td>\n<td>  Perfiles de aluminio extruido<\/td>\n<\/tr>\n<tr>\n<td> Materila:<\/td>\n<td> Aleaci\u00f3n de aluminio 6063-t5<\/td>\n<\/tr>\n<tr>\n<td> Temperamento:<\/td>\n<td> T5-T6<\/td>\n<\/tr>\n<tr>\n<td> Forma:<\/td>\n<td> Forma de u plana, como en las fotos. Personalizado disponible.<\/td>\n<\/tr>\n<tr>\n<td> Espesor del perfil:<\/td>\n<td> 1,0 mm por encima.<\/td>\n<\/tr>\n<tr>\n<td> Tratamiento de la superficie:<\/td>\n<td> acabado de fresado<\/td>\n<\/tr>\n<tr>\n<td> Color:<\/td>\n<td> Plateado, color personalizado disponible.<\/td>\n<\/tr>\n<tr>\n<td> Uso:<\/td>\n<td> indurstrial, transporte, etc.<\/td>\n<\/tr>\n<tr>\n<td> MOQ:<\/td>\n<td> 200 kgs por cada art\u00edculo<\/td>\n<\/tr>\n<tr>\n<td> Tratamiento en profundidad<\/td>\n<td> taladrado, corte, punzonado, etc.<\/td>\n<\/tr>\n<tr>\n<td> Origen:<\/td>\n<td> Foshan, Guangdong.<\/td>\n<\/tr>\n<tr>\n<td> C\u00f3digo SA:<\/td>\n<td> 761699000<\/td>\n<\/tr>\n<\/tbody>\n<\/table>\n<h2>Nuestra base de fabricaci\u00f3n<\/h2>\n<h3>Panorama de la f\u00e1brica<\/h3>\n<p><img decoding=\"async\" src=\"\/wp-content\/uploads\/factory-01.webp\"\/><\/p>\n<h3>Taller de fabricaci\u00f3n de barras de aluminio<\/h3>\n<p><img decoding=\"async\" src=\"\/wp-content\/uploads\/factory-02.webp\"\/><\/p>\n<\/p>\n<p><img decoding=\"async\" src=\"\/wp-content\/uploads\/factory-03.webp\"\/><\/p>\n<h3>Almac\u00e9n de moldes<\/h3>\n<p><img decoding=\"async\" src=\"\/wp-content\/uploads\/factory-04.webp\"\/><\/p>\n<h3>43 L\u00c3neas de extrusi\u00c3\u00b3n de aluminio (500\u00e2\u20ac\"5500 toneladas)<\/h3>\n<p><img decoding=\"async\" src=\"\/wp-content\/uploads\/factory-05.webp\"\/><\/p>\n<p><img decoding=\"async\" src=\"\/wp-content\/uploads\/factory-06.webp\"\/><\/p>\n<p><img decoding=\"async\" src=\"\/wp-content\/uploads\/factory-07.webp\"\/><\/p>\n<h3>Taller de pintura en polvo<\/h3>\n<p><img decoding=\"async\" src=\"\/wp-content\/uploads\/factory-09.webp\"\/><\/p>\n<h3>Taller de anodizado<\/h3>\n<p><img decoding=\"async\" src=\"\/wp-content\/uploads\/factory-10.webp\"\/><\/p>\n<h3>Taller de procesamiento profundo<\/h3>\n<p><img decoding=\"async\" src=\"\/wp-content\/uploads\/factory-11.webp\"\/><\/p>\n<h3>Taller de mecanizado de precisi\u00f3n CNC<\/h3>\n<p><img decoding=\"async\" src=\"\/wp-content\/uploads\/factory-11.5.webp\"\/><\/p>\n<h3>Almac\u00e9n de productos acabados y de exportaci\u00f3n<\/h3>\n<p><img decoding=\"async\" src=\"\/wp-content\/uploads\/factory-12.webp\"\/><\/p>\n<p><img decoding=\"async\" src=\"\/wp-content\/uploads\/factory-13.webp\"\/><\/p>\n<p><img decoding=\"async\" src=\"\/wp-content\/uploads\/factory-14.webp\"\/><\/p>\n<h2>PREGUNTAS FRECUENTES<\/h2>\n<p><b>1. \u00bfCu\u00e1les son las ventajas de utilizar perfiles de aluminio extruido en la construcci\u00f3n? <\/b><\/p>\n<p>Las molduras de aluminio extruido ofrecen una soluci\u00f3n ligera, duradera y resistente a la corrosi\u00f3n que mejora tanto la funcionalidad como la est\u00e9tica de los proyectos de construcci\u00f3n.\n<\/p>\n<p><\/p>\n<p><b>2.\u00bfSe pueden personalizar las formas de las molduras de aluminio extruido para necesidades de dise\u00f1o espec\u00edficas? <\/b><\/p>\n<p>S\u00ed, las formas de las molduras de aluminio extruido pueden adaptarse en t\u00e9rminos de perfil, longitud y acabado para satisfacer requisitos \u00fanicos de dise\u00f1o arquitect\u00f3nico e industrial.\n<\/p>\n<p><\/p>\n<p><b>3.\u00bfSon adecuadas las molduras de aluminio extruido para aplicaciones exteriores? <\/b><\/p>\n<p>Por supuesto, las propiedades de resistencia a la corrosi\u00f3n de la aleaci\u00f3n de aluminio 6063 hacen que estos embellecedores sean ideales para aplicaciones tanto de interior como de exterior.\n<\/p>\n<p><\/p>\n<p><b>4.\u00bfQu\u00e9 tipos de acabados hay disponibles para las formas de embellecedores de aluminio extruido? <\/b><\/p>\n<p>Las molduras de aluminio extruido est\u00e1n disponibles en varios acabados, como anodizado, recubrimiento en polvo y fresado, para adaptarse a las distintas preferencias est\u00e9ticas y condiciones ambientales.\n<\/p>\n<p><\/p>\n<p><b>5.\u00bfC\u00f3mo mejoran las formas de los embellecedores de aluminio extruido la durabilidad de las instalaciones? <\/b><\/p>\n<p>Al proporcionar bordes protectores y soporte estructural, los perfiles de aluminio extruido aumentan la longevidad y resistencia de las instalaciones frente al desgaste y los factores ambientales.\n<\/p>\n<p><\/p>","protected":false},"featured_media":7243,"template":"","categories":[67],"class_list":["post-7244","product","type-product","status-publish","has-post-thumbnail","hentry","category-architectural-aluminium-profile"],"meta_box":{"hilight_text_group":{"product_hilight_text":"<li>Precision-engineered extruded aluminum trim shapes designed for seamless integration in architectural and industrial applications<\/li>\r\r\n<li>Manufactured from high-grade 6063 aluminum alloy, offering excellent corrosion resistance and durability<\/li>\r\r\n<li>Available in a variety of profiles including angles, channels, and edge trims to suit diverse design requirements<\/li>\r\r\n<li>Lightweight construction facilitates easy handling and installation without compromising structural integrity<\/li>\r\r\n<li>Customizable lengths and finishes, including anodized and powder-coated options, to match specific project aesthetics<\/li>","product_chanpin_blog":"<ul>\r\r\n<li><a href=\"https:\/\/sinoextrud.com\/t-slot-v-slot-differences\/\" target=\"_blank\">t slot vs v slot<\/a><\/li>\r\r\n<li><a href=\"https:\/\/sinoextrud.com\/what-is-4040-aluminium-extrud\/\" target=\"_blank\">4040 aluminium extrusion<\/a><\/li>\r\r\n<li><a href=\"https:\/\/sinoextrud.com\/what-is-4040-aluminium-extrud\/\" target=\"_blank\">aluminum extrusions for industrial racks<\/a><\/li>\r\r\n<li><a href=\"https:\/\/sinoextrud.com\/powder-coating-aluminium-process\/\" target=\"_blank\">powder coating aluminium<\/a><\/li>\r\r\n<li><a href=\"https:\/\/sinoextrud.com\/what-is-an-aluminium-strip-ceiling\/\" target=\"_blank\">aluminium strip ceiling<\/a><\/li>\r\r\n<li><a href=\"https:\/\/sinoextrud.com\/what-is-a-heat-sink\/\" target=\"_blank\">what is a heat sink<\/a><\/li>\r\r\n<\/ul>","product_chanpin_chanpin":"<li><a href=\"https:\/\/sinoextrud.com\/product\/aluminum-profile-for-kitchen-cabinet-accesory-manufacture-price\/\" target=\"_blank\">Aluminum Profile For Kitchen Cabinet Accesory Manufacture Price<\/a><\/li>\r\n<li><a href=\"https:\/\/sinoextrud.com\/product\/high-quality-aluminium-extrusion-profile-for-curtain-wall\/\" target=\"_blank\">High Quality Aluminium Extrusion Profile for Curtain Wall<\/a><\/li>\r\n<li><a href=\"https:\/\/sinoextrud.com\/product\/oem-precision-cnc-machining-for-aluminum-parts\/\" target=\"_blank\">OEM Precision CNC Machining For Aluminum Parts<\/a><\/li>\r\n<li><a href=\"https:\/\/sinoextrud.com\/product\/60x60-aluminium-extrusion\/\" target=\"_blank\">60\u00c3\u201460 Aluminium Extrusion<\/a><\/li>\r\n<li><a href=\"https:\/\/sinoextrud.com\/product\/extruded-aluminum-trim-shapes\/\" target=\"_blank\">Extruded Aluminum Trim Shapes<\/a><\/li>\r\n<li><a href=\"https:\/\/sinoextrud.com\/product\/cnc-machined-6063-extruded-aluminum-fasteners\/\" target=\"_blank\">CNC Machined 6063 Extruded Aluminum Fasteners<\/a><\/li>\r\n<li><a href=\"https:\/\/sinoextrud.com\/product\/6463-electroplated-finish-shower-enclosure-aluminum-profile\/\" target=\"_blank\">6463 Electroplated Finish Shower Enclosure Aluminum Profile<\/a><\/li>\r\n<li><a href=\"https:\/\/sinoextrud.com\/product\/aluminium-glass-profile\/\" target=\"_blank\">Aluminium Glass Profile<\/a><\/li>\r\n<li><a href=\"https:\/\/sinoextrud.com\/product\/customized-matt-electrophoresis-aluminum-extrusions-profile-for-building-material\/\" target=\"_blank\">Customized Matt Electrophoresis Aluminum Extrusions Profile For Building Material<\/a><\/li>\r\n<li><a href=\"https:\/\/sinoextrud.com\/product\/aluminum-extrusion-7003-7005-7020\/\" target=\"_blank\">Aluminum Extrusion 7003 7005 7020 High Hardness Anodized Aluminum Profile<\/a><\/li>\r\n<li><a href=\"https:\/\/sinoextrud.com\/product\/industrial-aluminum-brushed-polish-profile-for-railing-and-showroom-decoration\/\" target=\"_blank\">Industrial Aluminum Brushed Polish Profile For Railing And Showroom Decoration<\/a><\/li>"},"feature_list":[]},"_links":{"self":[{"href":"https:\/\/sinoextrud.com\/es\/wp-json\/wp\/v2\/product\/7244","targetHints":{"allow":["GET"]}}],"collection":[{"href":"https:\/\/sinoextrud.com\/es\/wp-json\/wp\/v2\/product"}],"about":[{"href":"https:\/\/sinoextrud.com\/es\/wp-json\/wp\/v2\/types\/product"}],"wp:featuredmedia":[{"embeddable":true,"href":"https:\/\/sinoextrud.com\/es\/wp-json\/wp\/v2\/media\/7243"}],"wp:attachment":[{"href":"https:\/\/sinoextrud.com\/es\/wp-json\/wp\/v2\/media?parent=7244"}],"wp:term":[{"taxonomy":"category","embeddable":true,"href":"https:\/\/sinoextrud.com\/es\/wp-json\/wp\/v2\/categories?post=7244"}],"curies":[{"name":"wp","href":"https:\/\/api.w.org\/{rel}","templated":true}]}}