{"id":7242,"date":"2025-06-06T03:10:00","date_gmt":"2025-06-06T03:10:00","guid":{"rendered":"https:\/\/sinoextrud.com\/product\/60x60-aluminium-extrusion\/"},"modified":"2025-06-24T06:12:20","modified_gmt":"2025-06-24T06:12:20","slug":"extrusion-de-aluminio-60x60","status":"publish","type":"product","link":"https:\/\/sinoextrud.com\/es\/product\/60x60-aluminium-extrusion\/","title":{"rendered":"Extrusi\u00f3n de aluminio 60\u00d760"},"content":{"rendered":"<h2>Productos<\/h2>\n<table class=\"custom-table\">\n<tbody>\n<tr>\n<td> Nombre del producto<\/td>\n<td> Extrusi\u00f3n de aluminio 60\u00d760<\/td>\n<td> <\/td>\n<\/tr>\n<tr>\n<td> Material<\/td>\n<td> 6063,6061,6005,6082 etc.<\/td>\n<td> <\/td>\n<\/tr>\n<tr>\n<td> Espesor<\/td>\n<td> 0,7 mm-10 mm<\/td>\n<td> <\/td>\n<\/tr>\n<tr>\n<td> Tolerancia<\/td>\n<td> Seg\u00fan dibujo solicitado<\/td>\n<td> <\/td>\n<\/tr>\n<tr>\n<td> Longitud<\/td>\n<td> Longitud est\u00e1ndar 1-9M, otras longitudes personalizadas disponibles.<\/td>\n<td> <\/td>\n<\/tr>\n<tr>\n<td> Aplicaciones t\u00edpicas<\/td>\n<td> Arquitectura, industria, etc.<\/td>\n<td> <\/td>\n<\/tr>\n<tr>\n<td> Proceso CNC<\/td>\n<td> Fresado CNC, taladrado, punzonado, perforaci\u00f3n, roscado, plegado<\/td>\n<td> <\/td>\n<\/tr>\n<tr>\n<td> Tratamiento de superficies<\/td>\n<td> Acabado de molino, anodizado, recubierto de polvo, grano de madera, etc.<\/td>\n<td> <\/td>\n<\/tr>\n<tr>\n<td> Certificados<\/td>\n<td> ISO9001,ISO4001,CQM,SGS,CE,BV etc.<\/td>\n<td> <\/td>\n<\/tr>\n<tr>\n<td> Lugar de origen<\/td>\n<td> Guangdong,China<\/td>\n<td> <\/td>\n<\/tr>\n<\/tbody>\n<\/table>\n<h2>Nuestra base de fabricaci\u00f3n<\/h2>\n<h3>Panorama de la f\u00e1brica<\/h3>\n<p><img decoding=\"async\" src=\"\/wp-content\/uploads\/factory-01.webp\"\/><\/p>\n<h3>Taller de fabricaci\u00f3n de barras de aluminio<\/h3>\n<p><img decoding=\"async\" src=\"\/wp-content\/uploads\/factory-02.webp\"\/><\/p>\n<\/p>\n<p><img decoding=\"async\" src=\"\/wp-content\/uploads\/factory-03.webp\"\/><\/p>\n<h3>Almac\u00e9n de moldes<\/h3>\n<p><img decoding=\"async\" src=\"\/wp-content\/uploads\/factory-04.webp\"\/><\/p>\n<h3>43 L\u00c3neas de extrusi\u00c3\u00b3n de aluminio (500\u00e2\u20ac\"5500 toneladas)<\/h3>\n<p><img decoding=\"async\" src=\"\/wp-content\/uploads\/factory-05.webp\"\/><\/p>\n<p><img decoding=\"async\" src=\"\/wp-content\/uploads\/factory-06.webp\"\/><\/p>\n<p><img decoding=\"async\" src=\"\/wp-content\/uploads\/factory-07.webp\"\/><\/p>\n<h3>Taller de pintura en polvo<\/h3>\n<p><img decoding=\"async\" src=\"\/wp-content\/uploads\/factory-09.webp\"\/><\/p>\n<h3>Taller de anodizado<\/h3>\n<p><img decoding=\"async\" src=\"\/wp-content\/uploads\/factory-10.webp\"\/><\/p>\n<h3>Taller de procesamiento profundo<\/h3>\n<p><img decoding=\"async\" src=\"\/wp-content\/uploads\/factory-11.webp\"\/><\/p>\n<h3>Taller de mecanizado de precisi\u00f3n CNC<\/h3>\n<p><img decoding=\"async\" src=\"\/wp-content\/uploads\/factory-11.5.webp\"\/><\/p>\n<h3>Almac\u00e9n de productos acabados y de exportaci\u00f3n<\/h3>\n<p><img decoding=\"async\" src=\"\/wp-content\/uploads\/factory-12.webp\"\/><\/p>\n<p><img decoding=\"async\" src=\"\/wp-content\/uploads\/factory-13.webp\"\/><\/p>\n<p><img decoding=\"async\" src=\"\/wp-content\/uploads\/factory-14.webp\"\/><\/p>\n<h2>PREGUNTAS FRECUENTES<\/h2>\n<p><b>1.\u00bfQu\u00e9 es una extrusi\u00f3n de aluminio 60\u00d760?<\/b><\/p>\n<p>Es un perfil de aluminio con una secci\u00f3n transversal de 60 mm por 60 mm, com\u00fanmente utilizado en estructuras industriales, automatizaci\u00f3n y maquinaria.\n<\/p>\n<p><\/p>\n<p><b>2.\u00bfPor qu\u00e9 elegir la extrusi\u00f3n de aluminio 60\u00d760 para la construcci\u00f3n?<\/b><\/p>\n<p>El perfil 60\u00d760 ofrece un equilibrio \u00f3ptimo entre resistencia y compatibilidad modular, por lo que resulta ideal para aplicaciones estructurales.\n<\/p>\n<p><\/p>\n<p><b>3.\u00bfEs la extrusi\u00f3n de aluminio 60\u00d760 ranurada en T?<\/b><\/p>\n<p>S\u00ed, suele contar con un dise\u00f1o de ranura en T para facilitar la fijaci\u00f3n de conectores, paneles y accesorios.\n<\/p>\n<p><\/p>\n<p><b>4.\u00bfCu\u00e1les son las ventajas de utilizar extrusiones de aluminio de 60\u00d760?<\/b><\/p>\n<p>Ofrecen durabilidad, resistencia a la corrosi\u00f3n, facilidad de instalaci\u00f3n y son adecuados para sistemas reconfigurables.\n<\/p>\n<p><\/p>\n<p><b>5.\u00bfSe puede personalizar el perfil de aluminio 60\u00d760?<\/b><\/p>\n<p>Por supuesto, se puede personalizar en t\u00e9rminos de longitud, tratamiento superficial, perforaci\u00f3n de agujeros y grado de aleaci\u00f3n para las necesidades espec\u00edficas del proyecto.\n<\/p>\n<p><\/p>\n<p><b>6.\u00bfQu\u00e9 acabados superficiales hay disponibles?<\/b><\/p>\n<p>Entre los acabados m\u00e1s habituales se encuentran el anodizado, el recubrimiento en polvo, el chorro de arena y el aluminio cepillado para mejorar la durabilidad y el aspecto.\n<\/p>\n<p><\/p>\n<p><b>7.\u00bfQu\u00e9 aplicaciones utilizan extrusiones de aluminio 60\u00d760?<\/b><\/p>\n<p>Los usos t\u00edpicos incluyen bastidores de m\u00e1quinas, estaciones de trabajo, armarios, l\u00edneas de automatizaci\u00f3n y sistemas de soporte estructural.\n<\/p>\n<p><\/p>","protected":false},"featured_media":7241,"template":"","categories":[67],"class_list":["post-7242","product","type-product","status-publish","has-post-thumbnail","hentry","category-architectural-aluminium-profile"],"meta_box":{"hilight_text_group":{"product_hilight_text":"<li>Standard 60x60 mm profile offers high compatibility with modular systems<\/li>\r\r\n<li>Strong and lightweight aluminum ensures structural integrity<\/li>\r\r\n<li>Excellent corrosion resistance for both indoor and outdoor applications<\/li>\r\r\n<li>Easy to assemble and reconfigure with T-slot design<\/li>\r\r\n<li>Supports heavy-duty industrial and automation frameworks<\/li>\r\r\n<li>Custom lengths, finishes, and machining available for OEM orders<\/li>","product_chanpin_blog":"<ul>\r\r\n<li><a href=\"https:\/\/sinoextrud.com\/t-slot-v-slot-differences\/\" target=\"_blank\">t slot vs v slot<\/a><\/li>\r\r\n<li><a href=\"https:\/\/sinoextrud.com\/what-is-4040-aluminium-extrud\/\" target=\"_blank\">4040 aluminium extrusion<\/a><\/li>\r\r\n<li><a href=\"https:\/\/sinoextrud.com\/what-is-4040-aluminium-extrud\/\" target=\"_blank\">aluminum extrusions for industrial racks<\/a><\/li>\r\r\n<li><a href=\"https:\/\/sinoextrud.com\/powder-coating-aluminium-process\/\" target=\"_blank\">powder coating aluminium<\/a><\/li>\r\r\n<li><a href=\"https:\/\/sinoextrud.com\/what-is-an-aluminium-strip-ceiling\/\" target=\"_blank\">aluminium strip ceiling<\/a><\/li>\r\r\n<li><a href=\"https:\/\/sinoextrud.com\/what-is-a-heat-sink\/\" target=\"_blank\">what is a heat sink<\/a><\/li>\r\r\n<\/ul>","product_chanpin_chanpin":"<li><a href=\"https:\/\/sinoextrud.com\/product\/industrial-aluminum-extrusions-aluminum-profile\/\" target=\"_blank\">Industrial Aluminum Extrusions Aluminum Profile<\/a><\/li>\r\n<li><a href=\"https:\/\/sinoextrud.com\/product\/aluminum-profile-for-kitchen-cabinet-accesory-manufacture-price\/\" target=\"_blank\">Aluminum Profile For Kitchen Cabinet Accesory Manufacture Price<\/a><\/li>\r\n<li><a href=\"https:\/\/sinoextrud.com\/product\/high-quality-aluminium-extrusion-profile-for-curtain-wall\/\" target=\"_blank\">High Quality Aluminium Extrusion Profile for Curtain Wall<\/a><\/li>\r\n<li><a href=\"https:\/\/sinoextrud.com\/product\/oem-precision-cnc-machining-for-aluminum-parts\/\" target=\"_blank\">OEM Precision CNC Machining For Aluminum Parts<\/a><\/li>\r\n<li><a href=\"https:\/\/sinoextrud.com\/product\/60x60-aluminium-extrusion\/\" target=\"_blank\">60\u00c3\u201460 Aluminium Extrusion<\/a><\/li>\r\n<li><a href=\"https:\/\/sinoextrud.com\/product\/extruded-aluminum-trim-shapes\/\" target=\"_blank\">Extruded Aluminum Trim Shapes<\/a><\/li>\r\n<li><a href=\"https:\/\/sinoextrud.com\/product\/cnc-machined-6063-extruded-aluminum-fasteners\/\" target=\"_blank\">CNC Machined 6063 Extruded Aluminum Fasteners<\/a><\/li>\r\n<li><a href=\"https:\/\/sinoextrud.com\/product\/6463-electroplated-finish-shower-enclosure-aluminum-profile\/\" target=\"_blank\">6463 Electroplated Finish Shower Enclosure Aluminum Profile<\/a><\/li>\r\n<li><a href=\"https:\/\/sinoextrud.com\/product\/aluminium-glass-profile\/\" target=\"_blank\">Aluminium Glass Profile<\/a><\/li>\r\n<li><a href=\"https:\/\/sinoextrud.com\/product\/6063-anodized-road-case-aluminum-extrusions\/\" target=\"_blank\">6063 Anodized Road Case Aluminum Extrusions<\/a><\/li>\r\n<li><a href=\"https:\/\/sinoextrud.com\/product\/golden-electrophoresis-aluminum-profile\/\" target=\"_blank\">Golden Electrophoresis Aluminum Profile<\/a><\/li>"},"feature_list":[]},"_links":{"self":[{"href":"https:\/\/sinoextrud.com\/es\/wp-json\/wp\/v2\/product\/7242","targetHints":{"allow":["GET"]}}],"collection":[{"href":"https:\/\/sinoextrud.com\/es\/wp-json\/wp\/v2\/product"}],"about":[{"href":"https:\/\/sinoextrud.com\/es\/wp-json\/wp\/v2\/types\/product"}],"wp:featuredmedia":[{"embeddable":true,"href":"https:\/\/sinoextrud.com\/es\/wp-json\/wp\/v2\/media\/7241"}],"wp:attachment":[{"href":"https:\/\/sinoextrud.com\/es\/wp-json\/wp\/v2\/media?parent=7242"}],"wp:term":[{"taxonomy":"category","embeddable":true,"href":"https:\/\/sinoextrud.com\/es\/wp-json\/wp\/v2\/categories?post=7242"}],"curies":[{"name":"wp","href":"https:\/\/api.w.org\/{rel}","templated":true}]}}