{"id":7214,"date":"2025-06-06T02:15:01","date_gmt":"2025-06-06T02:15:01","guid":{"rendered":"https:\/\/sinoextrud.com\/product\/10x10-aluminum-extrusion-for-decoration\/"},"modified":"2025-06-24T06:12:15","modified_gmt":"2025-06-24T06:12:15","slug":"extrusion-de-aluminio-10x10-para-decoracion","status":"publish","type":"product","link":"https:\/\/sinoextrud.com\/es\/product\/10x10-aluminum-extrusion-for-decoration\/","title":{"rendered":"Extrusi\u00f3n de aluminio 10\u00d710 para decoraci\u00f3n"},"content":{"rendered":"<h2>Productos<\/h2>\n<table class=\"custom-table\">\n<tbody>\n<tr>\n<td> Nombre del producto<\/td>\n<td> Extrusi\u00f3n de aluminio 10\u00d710 para decoraci\u00f3n<\/td>\n<\/tr>\n<tr>\n<td> Dimensiones<\/td>\n<td> 10 mm x 10 mm (perfil cuadrado)<\/td>\n<\/tr>\n<tr>\n<td> Material<\/td>\n<td> Aleaci\u00f3n de aluminio de alta calidad6063 T5<\/td>\n<\/tr>\n<tr>\n<td> Peso<\/td>\n<td> Ligero, f\u00e1cil de manejar e instalar<\/td>\n<\/tr>\n<tr>\n<td> Durabilidad<\/td>\n<td> Resistencia y durabilidad excepcionales, adecuadas para diversas aplicaciones<\/td>\n<\/tr>\n<tr>\n<td> Resistencia a la corrosi\u00f3n<\/td>\n<td> Naturalmente resistente a la corrosi\u00f3n, lo que garantiza su longevidad<\/td>\n<\/tr>\n<tr>\n<td> Opciones de personalizaci\u00f3n<\/td>\n<td> Disponible en varias longitudes, acabados y caracter\u00edsticas adicionales (servicios ODM\/OEM)<\/td>\n<\/tr>\n<tr>\n<td> Tratamientos superficiales<\/td>\n<td> Acabado de fresado, anodizado, pintura en polvo, madera, electroforesis o personalizado<\/td>\n<\/tr>\n<tr>\n<td> Garant\u00eda de calidad<\/td>\n<td> Riguroso control de calidad en todas las fases de producci\u00f3n, garantizando el cumplimiento de las normas internacionales.<\/td>\n<\/tr>\n<tr>\n<td> Certificaciones<\/td>\n<td> ISO 9001 y otras certificaciones industriales pertinentes<\/td>\n<\/tr>\n<tr>\n<td> Embalaje<\/td>\n<td> Materiales de embalaje de alta calidad para evitar da\u00f1os durante el transporte; opciones de embalaje personalizables disponibles<\/td>\n<\/tr>\n<tr>\n<td> Alcance mundial<\/td>\n<td> La confianza de clientes de todo el mundo, con comentarios positivos sobre la calidad de los productos y el servicio de atenci\u00f3n al cliente.<\/td>\n<\/tr>\n<tr>\n<td> Por qu\u00e9 elegirnos<\/td>\n<td> - M\u00e1s de 30 a\u00f1os de experiencia en el sector<br \/>\n- Servicio integral de producci\u00f3n y transformaci\u00f3n de aluminio<br \/>\n- Enfoque centrado en el cliente y en su satisfacci\u00f3n<\/td>\n<\/tr>\n<\/tbody>\n<\/table>\n<h2>Nuestra base de fabricaci\u00f3n<\/h2>\n<h3>Panorama de la f\u00e1brica<\/h3>\n<p><img decoding=\"async\" src=\"\/wp-content\/uploads\/factory-01.webp\"\/><\/p>\n<h3>Taller de fabricaci\u00f3n de barras de aluminio<\/h3>\n<p><img decoding=\"async\" src=\"\/wp-content\/uploads\/factory-02.webp\"\/><\/p>\n<\/p>\n<p><img decoding=\"async\" src=\"\/wp-content\/uploads\/factory-03.webp\"\/><\/p>\n<h3>Almac\u00e9n de moldes<\/h3>\n<p><img decoding=\"async\" src=\"\/wp-content\/uploads\/factory-04.webp\"\/><\/p>\n<h3>43 L\u00c3neas de extrusi\u00c3\u00b3n de aluminio (500\u00e2\u20ac\"5500 toneladas)<\/h3>\n<p><img decoding=\"async\" src=\"\/wp-content\/uploads\/factory-05.webp\"\/><\/p>\n<p><img decoding=\"async\" src=\"\/wp-content\/uploads\/factory-06.webp\"\/><\/p>\n<p><img decoding=\"async\" src=\"\/wp-content\/uploads\/factory-07.webp\"\/><\/p>\n<h3>Taller de pintura en polvo<\/h3>\n<p><img decoding=\"async\" src=\"\/wp-content\/uploads\/factory-09.webp\"\/><\/p>\n<h3>Taller de anodizado<\/h3>\n<p><img decoding=\"async\" src=\"\/wp-content\/uploads\/factory-10.webp\"\/><\/p>\n<h3>Taller de procesamiento profundo<\/h3>\n<p><img decoding=\"async\" src=\"\/wp-content\/uploads\/factory-11.webp\"\/><\/p>\n<h3>Taller de mecanizado de precisi\u00f3n CNC<\/h3>\n<p><img decoding=\"async\" src=\"\/wp-content\/uploads\/factory-11.5.webp\"\/><\/p>\n<h3>Almac\u00e9n de productos acabados y de exportaci\u00f3n<\/h3>\n<p><img decoding=\"async\" src=\"\/wp-content\/uploads\/factory-12.webp\"\/><\/p>\n<p><img decoding=\"async\" src=\"\/wp-content\/uploads\/factory-13.webp\"\/><\/p>\n<p><img decoding=\"async\" src=\"\/wp-content\/uploads\/factory-14.webp\"\/><\/p>\n<h2>PREGUNTAS FRECUENTES<\/h2>\n<p><b>1. \u00bfQu\u00e9 es una extrusi\u00f3n de aluminio 10\u00d710 para decoraci\u00f3n?<\/b><\/p>\n<p>La extrusi\u00f3n de aluminio 10\u00d710 para decoraci\u00f3n es un perfil de aluminio compacto dise\u00f1ado para un uso estructural est\u00e9tico y ligero en dise\u00f1os de interior y arquitect\u00f3nicos.\n<\/p>\n<p><\/p>\n<p><b>2. \u00bfEs adecuada la extrusi\u00f3n de aluminio 10\u00d710 para la decoraci\u00f3n de interiores?<\/b><\/p>\n<p>S\u00ed, la extrusi\u00f3n de aluminio 10\u00d710 es perfecta para la decoraci\u00f3n de interiores por su aspecto elegante, tama\u00f1o compacto y facilidad de instalaci\u00f3n.\n<\/p>\n<p><\/p>\n<p><b>3. \u00bfSe puede personalizar el color de las extrusiones de aluminio 10\u00d710?<\/b><\/p>\n<p>S\u00ed, ofrecemos opciones personalizadas de anodizado y recubrimiento en polvo para extrusiones de aluminio de 10\u00d710 que combinan con diversos temas decorativos.\n<\/p>\n<p><\/p>\n<p><b>4.\u00bfEs la extrusi\u00f3n de aluminio 10\u00d710 resistente a la corrosi\u00f3n?<\/b><\/p>\n<p>S\u00ed, la extrusi\u00f3n est\u00e1 fabricada en aluminio resistente a la corrosi\u00f3n, por lo que es apta para aplicaciones interiores y exteriores limitadas.\n<\/p>\n<p><\/p>\n<p><b>5. \u00bfCu\u00e1les son los principales beneficios de utilizar extrusi\u00f3n de aluminio 10\u00d710 para decoraci\u00f3n?<\/b><\/p>\n<p>Las principales ventajas son un acabado limpio, flexibilidad de dise\u00f1o, ligereza del material y resistencia al desgaste y la oxidaci\u00f3n.\n<\/p>\n<p><\/p>","protected":false},"featured_media":7213,"template":"","categories":[67],"class_list":["post-7214","product","type-product","status-publish","has-post-thumbnail","hentry","category-architectural-aluminium-profile"],"meta_box":{"hilight_text_group":{"product_hilight_text":"<li>Compact 10x10 size ideal for decorative and architectural use<\/li>\r\r\n<li>High-quality aluminum with smooth surface finish<\/li>\r\r\n<li>Lightweight and easy to install for interior applications<\/li>\r\r\n<li>Corrosion-resistant for both indoor and limited outdoor use<\/li>\r\r\n<li>Supports custom anodizing and color finishes for design flexibility<\/li>","product_chanpin_blog":"<ul>\r\r\n<li><a href=\"https:\/\/sinoextrud.com\/t-slot-v-slot-differences\/\" target=\"_blank\">t slot vs v slot<\/a><\/li>\r\r\n<li><a href=\"https:\/\/sinoextrud.com\/what-is-4040-aluminium-extrud\/\" target=\"_blank\">4040 aluminium extrusion<\/a><\/li>\r\r\n<li><a href=\"https:\/\/sinoextrud.com\/what-is-4040-aluminium-extrud\/\" target=\"_blank\">aluminum extrusions for industrial racks<\/a><\/li>\r\r\n<li><a href=\"https:\/\/sinoextrud.com\/powder-coating-aluminium-process\/\" target=\"_blank\">powder coating aluminium<\/a><\/li>\r\r\n<li><a href=\"https:\/\/sinoextrud.com\/what-is-an-aluminium-strip-ceiling\/\" target=\"_blank\">aluminium strip ceiling<\/a><\/li>\r\r\n<li><a href=\"https:\/\/sinoextrud.com\/what-is-a-heat-sink\/\" target=\"_blank\">what is a heat sink<\/a><\/li>\r\r\n<\/ul>","product_chanpin_chanpin":"<li><a href=\"https:\/\/sinoextrud.com\/product\/aluminum-partitioning-windows-doors-nigeria-design\/\" target=\"_blank\">Aluminum Partitioning Windows Doors Nigeria Design<\/a><\/li>\r\n<li><a href=\"https:\/\/sinoextrud.com\/product\/anodized-powder-coated-aluminum-extrusion-profile-for-outdoor-louver-shutter\/\" target=\"_blank\">Anodized Powder Coated Aluminum Extrusion Profile For Outdoor Louver Shutter<\/a><\/li>\r\n<li><a href=\"https:\/\/sinoextrud.com\/product\/extrusion-aluminium-tube-pipe-aluminum-polishing-style\/\" target=\"_blank\">Extrusion Aluminium Tube Pipe Aluminum Polishing Style<\/a><\/li>\r\n<li><a href=\"https:\/\/sinoextrud.com\/product\/10-series-golden-aluminum-extrusion-profiles\/\" target=\"_blank\">10 Series Golden Aluminum Extrusion Profiles<\/a><\/li>\r\n<li><a href=\"https:\/\/sinoextrud.com\/product\/10x10-aluminum-extrusion-for-decoration\/\" target=\"_blank\">10\u00c3\u201410 Aluminum Extrusion For Decoration<\/a><\/li>\r\n<li><a href=\"https:\/\/sinoextrud.com\/product\/12-to-20-mm-glass-aluminum-glass-railing-price-per-foot\/\" target=\"_blank\">12 To 20 MM Glass Aluminum Glass Railing Price Per Foot<\/a><\/li>\r\n<li><a href=\"https:\/\/sinoextrud.com\/product\/aluminum-extrusion-framing-systems\/\" target=\"_blank\">Aluminum Extrusion Framing Systems<\/a><\/li>\r\n<li><a href=\"https:\/\/sinoextrud.com\/product\/aluminium-door-frame-extrusions\/\" target=\"_blank\">Aluminium Door Frame Extrusions<\/a><\/li>\r\n<li><a href=\"https:\/\/sinoextrud.com\/product\/aluminium-fence-slats-aluminum-strips-aluminium-bean-and-aluminium-channel\/\" target=\"_blank\">Aluminium Fence Slats Aluminum Strips Aluminium Bean and Aluminium Channel<\/a><\/li>\r\n<li><a href=\"https:\/\/sinoextrud.com\/product\/anodized-aluminum-frame-profile-brushed-photo-aluminum-frame-modern-decorative-industrial-frame-profile\/\" target=\"_blank\">Anodized Aluminum Frame Profile Brushed Photo Aluminum Frame Modern Decorative Industrial Frame Profile<\/a><\/li>\r\n<li><a href=\"https:\/\/sinoextrud.com\/product\/3003-aluminum-tube-and-pipe\/\" target=\"_blank\">3003 Aluminum Tube And Pipe<\/a><\/li>"},"feature_list":[]},"_links":{"self":[{"href":"https:\/\/sinoextrud.com\/es\/wp-json\/wp\/v2\/product\/7214","targetHints":{"allow":["GET"]}}],"collection":[{"href":"https:\/\/sinoextrud.com\/es\/wp-json\/wp\/v2\/product"}],"about":[{"href":"https:\/\/sinoextrud.com\/es\/wp-json\/wp\/v2\/types\/product"}],"wp:featuredmedia":[{"embeddable":true,"href":"https:\/\/sinoextrud.com\/es\/wp-json\/wp\/v2\/media\/7213"}],"wp:attachment":[{"href":"https:\/\/sinoextrud.com\/es\/wp-json\/wp\/v2\/media?parent=7214"}],"wp:term":[{"taxonomy":"category","embeddable":true,"href":"https:\/\/sinoextrud.com\/es\/wp-json\/wp\/v2\/categories?post=7214"}],"curies":[{"name":"wp","href":"https:\/\/api.w.org\/{rel}","templated":true}]}}