{"id":7210,"date":"2025-06-06T01:58:03","date_gmt":"2025-06-06T01:58:03","guid":{"rendered":"https:\/\/sinoextrud.com\/product\/extrusion-aluminium-tube-pipe-aluminum-polishing-style\/"},"modified":"2025-06-24T06:12:13","modified_gmt":"2025-06-24T06:12:13","slug":"tubo-de-extrusion-de-aluminio-tubo-de-aluminio-estilo-de-pulido","status":"publish","type":"product","link":"https:\/\/sinoextrud.com\/es\/product\/extrusion-aluminium-tube-pipe-aluminum-polishing-style\/","title":{"rendered":"Tubo de extrusi\u00f3n de aluminio Estilo de pulido de aluminio"},"content":{"rendered":"<h2>Productos<\/h2>\n<table class=\"custom-table\">\n<tr>\n<td class=\"label\">Modelo NO.:<\/td>\n<td>Tubo\/tuber\u00eda de aluminio de extrusi\u00f3n\/estilo de pulido de aluminio\uff0c<\/td>\n<\/tr>\n<tr>\n<td class=\"label\">Art\u00edculo:<\/td>\n<td>Tubo de aluminio pulido\uff0c<\/td>\n<\/tr>\n<tr>\n<td class=\"label\">Tratamiento de la superficie:<\/td>\n<td>Pulido\uff0c<\/td>\n<\/tr>\n<tr>\n<td class=\"label\">Aleaci\u00f3n:<\/td>\n<td>Aleaci\u00f3n\uff0c<\/td>\n<\/tr>\n<tr>\n<td class=\"label\">Di\u00e1metro exterior:<\/td>\n<td>Od 2,6mm a 90mm\uff0c<\/td>\n<\/tr>\n<tr>\n<td class=\"label\">Grosor:<\/td>\n<td>De 0,1 mm a 10 mm\uff0c<\/td>\n<\/tr>\n<tr>\n<td class=\"label\">Lugar de origen:<\/td>\n<td>Foshan, China (continental)\uff0c<\/td>\n<\/tr>\n<tr>\n<td class=\"label\">N\u00famero de modelo:<\/td>\n<td>Tl\uff0c<\/td>\n<\/tr>\n<tr>\n<td class=\"label\">Al (Min):<\/td>\n<td>98.8%\uff0c<\/td>\n<\/tr>\n<tr>\n<td class=\"label\">Paquete de transporte:<\/td>\n<td>De acuerdo con los requisitos de los clientes<\/td>\n<\/tr>\n<tr>\n<td class=\"label\">Forma:<\/td>\n<td>Redondo\uff0c<\/td>\n<\/tr>\n<tr>\n<td class=\"label\">Grado:<\/td>\n<td>Serie 6000\uff0c<\/td>\n<\/tr>\n<tr>\n<td class=\"label\">Temperamento:<\/td>\n<td>T3 - T8\uff0c<\/td>\n<\/tr>\n<tr>\n<td class=\"label\">Espesor de pared:<\/td>\n<td>a petici\u00f3n suya\uff0c<\/td>\n<\/tr>\n<tr>\n<td class=\"label\">Longitud:<\/td>\n<td>1-9M\uff0c<\/td>\n<\/tr>\n<tr>\n<td class=\"label\">Marca:<\/td>\n<td>Sinoextrud\uff0c<\/td>\n<\/tr>\n<tr>\n<td class=\"label\">Dureza:<\/td>\n<td>Tubo de aleaci\u00f3n de aluminio\uff0c<\/td>\n<\/tr>\n<tr>\n<td class=\"label\">Especificaci\u00f3n:<\/td>\n<td>EN, ASTM, JIH y GB\uff0c<\/td>\n<\/tr>\n<tr>\n<td class=\"label\">C\u00f3digo SA:<\/td>\n<td>76082010\uff0c<\/td>\n<\/tr>\n<\/table>\n<h2>Nuestra base de fabricaci\u00f3n<\/h2>\n<h3>Panorama de la f\u00e1brica<\/h3>\n<p><img decoding=\"async\" src=\"\/wp-content\/uploads\/factory-01.webp\"\/><\/p>\n<h3>Taller de fabricaci\u00f3n de barras de aluminio<\/h3>\n<p><img decoding=\"async\" src=\"\/wp-content\/uploads\/factory-02.webp\"\/><\/p>\n<p><img decoding=\"async\" src=\"\/wp-content\/uploads\/factory-03.webp\"\/><\/p>\n<h3>Almac\u00e9n de moldes<\/h3>\n<p><img decoding=\"async\" src=\"\/wp-content\/uploads\/factory-04.webp\"\/><\/p>\n<h3>43 l\u00edneas de extrusi\u00f3n de aluminio (500-5500 toneladas)<\/h3>\n<p><img decoding=\"async\" src=\"\/wp-content\/uploads\/factory-05.webp\"\/><\/p>\n<p><img decoding=\"async\" src=\"\/wp-content\/uploads\/factory-06.webp\"\/><\/p>\n<p><img decoding=\"async\" src=\"\/wp-content\/uploads\/factory-07.webp\"\/><\/p>\n<h3>Taller de pintura en polvo<\/h3>\n<p><img decoding=\"async\" src=\"\/wp-content\/uploads\/factory-09.webp\"\/><\/p>\n<h3>Taller de anodizado<\/h3>\n<p><img decoding=\"async\" src=\"\/wp-content\/uploads\/factory-10.webp\"\/><\/p>\n<h3>Taller de procesamiento profundo<\/h3>\n<p><img decoding=\"async\" src=\"\/wp-content\/uploads\/factory-11.webp\"\/><\/p>\n<h3>Taller de mecanizado de precisi\u00f3n CNC<\/h3>\n<p><img decoding=\"async\" src=\"\/wp-content\/uploads\/factory-11.5.webp\"\/><\/p>\n<h3>Almac\u00e9n de productos acabados y de exportaci\u00f3n<\/h3>\n<p><img decoding=\"async\" src=\"\/wp-content\/uploads\/factory-12.webp\"\/><\/p>\n<p><img decoding=\"async\" src=\"\/wp-content\/uploads\/factory-13.webp\"\/><\/p>\n<p><img decoding=\"async\" src=\"\/wp-content\/uploads\/factory-14.webp\"\/><\/p>\n<h2>PREGUNTAS FRECUENTES<\/h2>\n<p><p><b>1. \u00bfCu\u00e1l es el material utilizado en la extrusi\u00f3n de tubos de aluminio?<\/b><\/p>\n<p>El producto est\u00e1 fabricado con aluminio de extrusi\u00f3n de alta calidad, que ofrece durabilidad e integridad estructural.<br \/>\n<\/p><br \/>\n<br \/>\n<p><b>2.\u00bfQu\u00e9 hace especial al estilo de pulido del aluminio?<\/b><\/p>\n<p>El estilo de pulido del aluminio proporciona una superficie lisa y brillante que mejora la est\u00e9tica y ofrece mayor resistencia al desgaste y la corrosi\u00f3n.<br \/>\n<\/p><br \/>\n<br \/>\n<p><b>3.\u00bfPuede utilizarse el tubo de aluminio en exteriores?<\/b><\/p>\n<p>S\u00ed, el tubo de aluminio de extrusi\u00f3n es resistente a la corrosi\u00f3n y muy adecuado para su uso en exteriores.<br \/>\n<\/p><br \/>\n<br \/>\n<p><b>4.\u00bfEst\u00e1 disponible el producto en tama\u00f1os personalizados?<\/b><\/p>\n<p>S\u00ed, disponemos de dimensiones y acabados personalizados para satisfacer los requisitos espec\u00edficos de cada proyecto.<br \/>\n<\/p><br \/>\n<br \/>\n<p><b>5.\u00bfEs f\u00e1cil trabajar con el tubo de aluminio extruido?<\/b><\/p>\n<p>Por supuesto, es f\u00e1cil de cortar, mecanizar, soldar y fabricar para una amplia gama de aplicaciones industriales.<br \/>\n<\/p><br \/>\n<br \/>\n<p><b>6.\u00bfQu\u00e9 industrias utilizan habitualmente tubos de aluminio pulido?<\/b><\/p>\n<p>Los tubos de extrusi\u00f3n de aluminio pulido se utilizan ampliamente en la construcci\u00f3n, la automoci\u00f3n, el mobiliario y la industria decorativa.<br \/>\n<\/p><br \/>\n<br \/>\n<p><b>7.\u00bfAfecta el aluminio pulido a la conductividad?<\/b><\/p>\n<p>No, el aluminio conserva una excelente conductividad t\u00e9rmica y el\u00e9ctrica incluso despu\u00e9s del pulido.<br \/>\n<\/p><br \/>\n<br \/>\n<p><b>8.\u00bfEste producto es adecuado para uso arquitect\u00f3nico?<\/b><\/p>\n<p>S\u00ed, su elegante acabado y su resistencia lo hacen ideal para proyectos arquitect\u00f3nicos y de dise\u00f1o.<br \/>\n<\/p><br \/>\n<br \/>\n<p><b>9.\u00bfC\u00f3mo se mantiene la superficie pulida?<\/b><\/p>\n<p>La superficie de aluminio pulido requiere poco mantenimiento y puede limpiarse f\u00e1cilmente con productos no abrasivos.<\/p>\n<p><\/p><br \/><\/p>","protected":false},"featured_media":7209,"template":"","categories":[67],"class_list":["post-7210","product","type-product","status-publish","has-post-thumbnail","hentry","category-architectural-aluminium-profile"],"meta_box":{"hilight_text_group":{"product_hilight_text":"<li>Manufactured using high-quality extrusion aluminum for enhanced strength and precision<\/li>\r\r\n<li>Polished surface finish delivers a sleek, professional appearance<\/li>\r\r\n<li>Corrosion-resistant material suitable for both indoor and outdoor applications<\/li>\r\r\n<li>Lightweight yet durable structure ideal for industrial and architectural use<\/li>\r\r\n<li>Customizable dimensions and finishes available to meet specific project needs<\/li>\r\r\n<li>Easy to machine, weld, and fabricate for various industrial applications<\/li>\r\r\n<li>Excellent thermal and electrical conductivity properties<\/li>","product_chanpin_blog":"<ul>\r\r\n<li><a href=\"https:\/\/sinoextrud.com\/t-slot-v-slot-differences\/\" target=\"_blank\">t slot vs v slot<\/a><\/li>\r\r\n<li><a href=\"https:\/\/sinoextrud.com\/what-is-4040-aluminium-extrud\/\" target=\"_blank\">4040 aluminium extrusion<\/a><\/li>\r\r\n<li><a href=\"https:\/\/sinoextrud.com\/what-is-4040-aluminium-extrud\/\" target=\"_blank\">aluminum extrusions for industrial racks<\/a><\/li>\r\r\n<li><a href=\"https:\/\/sinoextrud.com\/powder-coating-aluminium-process\/\" target=\"_blank\">powder coating aluminium<\/a><\/li>\r\r\n<li><a href=\"https:\/\/sinoextrud.com\/what-is-an-aluminium-strip-ceiling\/\" target=\"_blank\">aluminium strip ceiling<\/a><\/li>\r\r\n<li><a href=\"https:\/\/sinoextrud.com\/what-is-a-heat-sink\/\" target=\"_blank\">what is a heat sink<\/a><\/li>\r\r\n<\/ul>","product_chanpin_chanpin":"<li><a href=\"https:\/\/sinoextrud.com\/product\/the-world-most-popular-6000-series-aluminum-extrusion-profile-louver-shutter-for-adjustable-waterproof-louver-windows\/\" target=\"_blank\">The World Most Popular 6000 Series aluminum extrusion Profile louver shutter For Adjustable Waterproof Louver Windows<\/a><\/li>\r\n<li><a href=\"https:\/\/sinoextrud.com\/product\/aluminum-extrusion-solar-panel-frame\/\" target=\"_blank\">Aluminum extrusion solar panel frame<\/a><\/li>\r\n<li><a href=\"https:\/\/sinoextrud.com\/product\/aluminum-partitioning-windows-doors-nigeria-design\/\" target=\"_blank\">Aluminum Partitioning Windows Doors Nigeria Design<\/a><\/li>\r\n<li><a href=\"https:\/\/sinoextrud.com\/product\/anodized-powder-coated-aluminum-extrusion-profile-for-outdoor-louver-shutter\/\" target=\"_blank\">Anodized Powder Coated Aluminum Extrusion Profile For Outdoor Louver Shutter<\/a><\/li>\r\n<li><a href=\"https:\/\/sinoextrud.com\/product\/extrusion-aluminium-tube-pipe-aluminum-polishing-style\/\" target=\"_blank\">Extrusion Aluminium Tube Pipe Aluminum Polishing Style<\/a><\/li>\r\n<li><a href=\"https:\/\/sinoextrud.com\/product\/10-series-golden-aluminum-extrusion-profiles\/\" target=\"_blank\">10 Series Golden Aluminum Extrusion Profiles<\/a><\/li>\r\n<li><a href=\"https:\/\/sinoextrud.com\/product\/10x10-aluminum-extrusion-for-decoration\/\" target=\"_blank\">10\u00c3\u201410 Aluminum Extrusion For Decoration<\/a><\/li>\r\n<li><a href=\"https:\/\/sinoextrud.com\/product\/12-to-20-mm-glass-aluminum-glass-railing-price-per-foot\/\" target=\"_blank\">12 To 20 MM Glass Aluminum Glass Railing Price Per Foot<\/a><\/li>\r\n<li><a href=\"https:\/\/sinoextrud.com\/product\/aluminum-extrusion-framing-systems\/\" target=\"_blank\">Aluminum Extrusion Framing Systems<\/a><\/li>\r\n<li><a href=\"https:\/\/sinoextrud.com\/product\/aluminum-handrail-systems\/\" target=\"_blank\">Aluminum Handrail Systems<\/a><\/li>\r\n<li><a href=\"https:\/\/sinoextrud.com\/product\/extruded-aluminium-retangular-tube\/\" target=\"_blank\">Extruded Aluminium Retangular Tube<\/a><\/li>"},"feature_list":[]},"_links":{"self":[{"href":"https:\/\/sinoextrud.com\/es\/wp-json\/wp\/v2\/product\/7210","targetHints":{"allow":["GET"]}}],"collection":[{"href":"https:\/\/sinoextrud.com\/es\/wp-json\/wp\/v2\/product"}],"about":[{"href":"https:\/\/sinoextrud.com\/es\/wp-json\/wp\/v2\/types\/product"}],"wp:featuredmedia":[{"embeddable":true,"href":"https:\/\/sinoextrud.com\/es\/wp-json\/wp\/v2\/media\/7209"}],"wp:attachment":[{"href":"https:\/\/sinoextrud.com\/es\/wp-json\/wp\/v2\/media?parent=7210"}],"wp:term":[{"taxonomy":"category","embeddable":true,"href":"https:\/\/sinoextrud.com\/es\/wp-json\/wp\/v2\/categories?post=7210"}],"curies":[{"name":"wp","href":"https:\/\/api.w.org\/{rel}","templated":true}]}}