{"id":7208,"date":"2025-06-06T01:54:18","date_gmt":"2025-06-06T01:54:18","guid":{"rendered":"https:\/\/sinoextrud.com\/product\/anodized-powder-coated-aluminum-extrusion-profile-for-outdoor-louver-shutter\/"},"modified":"2025-06-24T06:12:14","modified_gmt":"2025-06-24T06:12:14","slug":"perfil-de-extrusion-de-aluminio-anodizado-con-recubrimiento-en-polvo-para-persiana-de-exterior","status":"publish","type":"product","link":"https:\/\/sinoextrud.com\/es\/product\/anodized-powder-coated-aluminum-extrusion-profile-for-outdoor-louver-shutter\/","title":{"rendered":"Perfil de extrusi\u00f3n de aluminio anodizado con recubrimiento en polvo para persianas de exterior"},"content":{"rendered":"<h2>Productos<\/h2>\n<table class=\"custom-table\">\n<tr>\n<td class=\"label\">Aplicaci\u00f3n:<\/td>\n<td>            Perfil de extrusi\u00f3n de aluminio anodizado con recubrimiento en polvo para persianas\/toldos de exterior\uff0c<\/td>\n<\/tr>\n<tr>\n<td class=\"label\">Grado:<\/td>\n<td>                     Serie 6000\uff0c<\/td>\n<\/tr>\n<tr>\n<td class=\"label\">T\u00e9cnica:<\/td>\n<td>               M\u00e1s de 1000 empleados<\/td>\n<\/tr>\n<tr>\n<td class=\"label\">Temperamento:<\/td>\n<td>                   T3 - T8\uff0c<\/td>\n<\/tr>\n<tr>\n<td class=\"label\">Art\u00edculo:<\/td>\n<td>                        Extrusiones de aluminio anodizado y recubierto de polvo\uff0c<\/td>\n<\/tr>\n<tr>\n<td class=\"label\">Control de calidad:<\/td>\n<td>       100% Inspecci\u00f3n antes del env\u00edo\uff0c<\/td>\n<\/tr>\n<tr>\n<td class=\"label\">Ubicaci\u00f3n de la f\u00e1brica:<\/td>\n<td>      Foshan, China\uff0c<\/td>\n<\/tr>\n<tr>\n<td class=\"label\">Especificaci\u00f3n:<\/td>\n<td>            RoHS\uff0c<\/td>\n<\/tr>\n<tr>\n<td class=\"label\">Tipo:<\/td>\n<td>                         Perfil de aluminio para persiana\uff0c<\/td>\n<\/tr>\n<tr>\n<td class=\"label\">Tratamiento de la superficie:<\/td>\n<td>   Oxidado\uff0c<\/td>\n<\/tr>\n<tr>\n<td class=\"label\">Aleaci\u00f3n:<\/td>\n<td>                        Aleaci\u00f3n \uff0c<\/td>\n<\/tr>\n<tr>\n<td class=\"label\">Tama\u00f1o:<\/td>\n<td>                          Custom\uff0c<\/td>\n<\/tr>\n<tr>\n<td class=\"label\">Plazo de entrega:<\/td>\n<td>  20-30 d\u00edas (seg\u00fan su cantidad)\uff0c<\/td>\n<\/tr>\n<tr>\n<td class=\"label\">Detalle del embalaje:<\/td>\n<td>          Embalaje est\u00e1ndar para exportaci\u00f3n\uff0c<\/td>\n<\/tr>\n<tr>\n<td class=\"label\">Origen:<\/td>\n<td>                       Foshan, China\uff0c<\/td>\n<\/tr>\n<\/table>\n<h2>Nuestra base de fabricaci\u00f3n<\/h2>\n<h3>Panorama de la f\u00e1brica<\/h3>\n<p><img decoding=\"async\" src=\"\/wp-content\/uploads\/factory-01.webp\"\/><\/p>\n<h3>Taller de fabricaci\u00f3n de barras de aluminio<\/h3>\n<p><img decoding=\"async\" src=\"\/wp-content\/uploads\/factory-02.webp\"\/><\/p>\n<p><img decoding=\"async\" src=\"\/wp-content\/uploads\/factory-03.webp\"\/><\/p>\n<h3>Almac\u00e9n de moldes<\/h3>\n<p><img decoding=\"async\" src=\"\/wp-content\/uploads\/factory-04.webp\"\/><\/p>\n<h3>43 l\u00edneas de extrusi\u00f3n de aluminio (500-5500 toneladas)<\/h3>\n<p><img decoding=\"async\" src=\"\/wp-content\/uploads\/factory-05.webp\"\/><\/p>\n<p><img decoding=\"async\" src=\"\/wp-content\/uploads\/factory-06.webp\"\/><\/p>\n<p><img decoding=\"async\" src=\"\/wp-content\/uploads\/factory-07.webp\"\/><\/p>\n<h3>Taller de pintura en polvo<\/h3>\n<p><img decoding=\"async\" src=\"\/wp-content\/uploads\/factory-09.webp\"\/><\/p>\n<h3>Taller de anodizado<\/h3>\n<p><img decoding=\"async\" src=\"\/wp-content\/uploads\/factory-10.webp\"\/><\/p>\n<h3>Taller de procesamiento profundo<\/h3>\n<p><img decoding=\"async\" src=\"\/wp-content\/uploads\/factory-11.webp\"\/><\/p>\n<h3>Taller de mecanizado de precisi\u00f3n CNC<\/h3>\n<p><img decoding=\"async\" src=\"\/wp-content\/uploads\/factory-11.5.webp\"\/><\/p>\n<h3>Almac\u00e9n de productos acabados y de exportaci\u00f3n<\/h3>\n<p><img decoding=\"async\" src=\"\/wp-content\/uploads\/factory-12.webp\"\/><\/p>\n<p><img decoding=\"async\" src=\"\/wp-content\/uploads\/factory-13.webp\"\/><\/p>\n<p><img decoding=\"async\" src=\"\/wp-content\/uploads\/factory-14.webp\"\/><\/p>\n<h2>PREGUNTAS FRECUENTES<\/h2>\n<p><p><b>1. \u00bfQu\u00e9 es un perfil de extrusi\u00f3n de aluminio anodizado con recubrimiento en polvo para persianas de exterior?<\/b><\/p>\n<p>Se trata de un perfil de aluminio especialmente tratado que se utiliza para construir persianas y contraventanas de exterior duraderas y resistentes a la intemperie.<br \/>\n<\/p><br \/>\n<br \/>\n<p><b>2.\u00bfPor qu\u00e9 combinar el anodizado y el recubrimiento en polvo en perfiles de aluminio?<\/b><\/p>\n<p>La combinaci\u00f3n de anodizado y recubrimiento en polvo proporciona una protecci\u00f3n superior contra la corrosi\u00f3n, una mayor resistencia a los rayos UV y un acabado m\u00e1s duradero.<br \/>\n<\/p><br \/>\n<br \/>\n<p><b>3.\u00bfEste perfil de aluminio es adecuado para condiciones extremas en exteriores?<\/b><\/p>\n<p>S\u00ed, est\u00e1 dise\u00f1ado para soportar la lluvia, la luz solar, la humedad y las fluctuaciones de temperatura sin degradarse.<br \/>\n<\/p><br \/>\n<br \/>\n<p><b>4.\u00bfPueden personalizarse estos perfiles para dise\u00f1os espec\u00edficos de persianas o celos\u00edas?<\/b><\/p>\n<p>Por supuesto, los perfiles pueden adaptarse en tama\u00f1o, forma y acabado para satisfacer los requisitos espec\u00edficos de cada proyecto.<br \/>\n<\/p><br \/>\n<br \/>\n<p><b>5.\u00bfCu\u00e1les son las ventajas de utilizar aluminio para lamas y persianas?<\/b><\/p>\n<p>El aluminio es ligero, resistente a la oxidaci\u00f3n y f\u00e1cil de instalar, por lo que resulta ideal para aplicaciones arquitect\u00f3nicas exteriores.<br \/>\n<\/p><br \/>\n<br \/>\n<p><b>6.\u00bfNecesitan mantenimiento los perfiles con recubrimiento de polvo anodizado?<\/b><\/p>\n<p>Su mantenimiento es m\u00ednimo: basta con limpiarlas de vez en cuando para que conserven su aspecto y sus cualidades protectoras.<br \/>\n<\/p><br \/>\n<br \/>\n<p><b>7.\u00bfEste perfil est\u00e1 disponible en diferentes colores y texturas?<\/b><\/p>\n<p>S\u00ed, se puede aplicar una amplia gama de colores RAL, acabados mates o brillantes y texturas para adaptarse a las preferencias est\u00e9ticas.<br \/>\n<\/p><br \/>\n<br \/>\n<p><b>8.\u00bfEl aluminio anodizado y con recubrimiento en polvo es respetuoso con el medio ambiente?<\/b><\/p>\n<p>S\u00ed, el aluminio es 100% reciclable, y los revestimientos son de bajo COV, lo que los convierte en una opci\u00f3n de material de construcci\u00f3n sostenible.<br \/>\n<\/p><br \/><\/p>","protected":false},"featured_media":7207,"template":"","categories":[67],"class_list":["post-7208","product","type-product","status-publish","has-post-thumbnail","hentry","category-architectural-aluminium-profile"],"meta_box":{"hilight_text_group":{"product_hilight_text":"<li>Durable anodized and powder-coated surface for enhanced weather resistance<\/li>\r\r\n<li>High-strength aluminum extrusion ideal for long-term outdoor use<\/li>\r\r\n<li>Low-maintenance finish resistant to corrosion, fading, and chipping<\/li>\r\r\n<li>Customizable profiles for various louver and shutter designs<\/li>\r\r\n<li>Lightweight for easy handling and quick installation<\/li>\r\r\n<li>Available in multiple colors and textures to match architectural styles<\/li>\r\r\n<li>Eco-friendly and fully recyclable material for sustainable projects<\/li>","product_chanpin_blog":"<ul>\r\r\n<li><a href=\"https:\/\/sinoextrud.com\/t-slot-v-slot-differences\/\" target=\"_blank\">t slot vs v slot<\/a><\/li>\r\r\n<li><a href=\"https:\/\/sinoextrud.com\/what-is-4040-aluminium-extrud\/\" target=\"_blank\">4040 aluminium extrusion<\/a><\/li>\r\r\n<li><a href=\"https:\/\/sinoextrud.com\/what-is-4040-aluminium-extrud\/\" target=\"_blank\">aluminum extrusions for industrial racks<\/a><\/li>\r\r\n<li><a href=\"https:\/\/sinoextrud.com\/powder-coating-aluminium-process\/\" target=\"_blank\">powder coating aluminium<\/a><\/li>\r\r\n<li><a href=\"https:\/\/sinoextrud.com\/what-is-an-aluminium-strip-ceiling\/\" target=\"_blank\">aluminium strip ceiling<\/a><\/li>\r\r\n<li><a href=\"https:\/\/sinoextrud.com\/what-is-a-heat-sink\/\" target=\"_blank\">what is a heat sink<\/a><\/li>\r\r\n<\/ul>","product_chanpin_chanpin":"<li><a href=\"https:\/\/sinoextrud.com\/product\/aluminum-curtain-wall-profile-extrusion-profiles-aluminum-tubing-catalog\/\" target=\"_blank\">aluminum curtain wall profile extrusion profiles aluminum tubing catalog<\/a><\/li>\r\n<li><a href=\"https:\/\/sinoextrud.com\/product\/the-world-most-popular-6000-series-aluminum-extrusion-profile-louver-shutter-for-adjustable-waterproof-louver-windows\/\" target=\"_blank\">The World Most Popular 6000 Series aluminum extrusion Profile louver shutter For Adjustable Waterproof Louver Windows<\/a><\/li>\r\n<li><a href=\"https:\/\/sinoextrud.com\/product\/aluminum-extrusion-solar-panel-frame\/\" target=\"_blank\">Aluminum extrusion solar panel frame<\/a><\/li>\r\n<li><a href=\"https:\/\/sinoextrud.com\/product\/aluminum-partitioning-windows-doors-nigeria-design\/\" target=\"_blank\">Aluminum Partitioning Windows Doors Nigeria Design<\/a><\/li>\r\n<li><a href=\"https:\/\/sinoextrud.com\/product\/anodized-powder-coated-aluminum-extrusion-profile-for-outdoor-louver-shutter\/\" target=\"_blank\">Anodized Powder Coated Aluminum Extrusion Profile For Outdoor Louver Shutter<\/a><\/li>\r\n<li><a href=\"https:\/\/sinoextrud.com\/product\/extrusion-aluminium-tube-pipe-aluminum-polishing-style\/\" target=\"_blank\">Extrusion Aluminium Tube Pipe Aluminum Polishing Style<\/a><\/li>\r\n<li><a href=\"https:\/\/sinoextrud.com\/product\/10-series-golden-aluminum-extrusion-profiles\/\" target=\"_blank\">10 Series Golden Aluminum Extrusion Profiles<\/a><\/li>\r\n<li><a href=\"https:\/\/sinoextrud.com\/product\/10x10-aluminum-extrusion-for-decoration\/\" target=\"_blank\">10\u00c3\u201410 Aluminum Extrusion For Decoration<\/a><\/li>\r\n<li><a href=\"https:\/\/sinoextrud.com\/product\/12-to-20-mm-glass-aluminum-glass-railing-price-per-foot\/\" target=\"_blank\">12 To 20 MM Glass Aluminum Glass Railing Price Per Foot<\/a><\/li>\r\n<li><a href=\"https:\/\/sinoextrud.com\/product\/anodized-aluminum-manufacturer-supply-anodized-aluminium-extrusion-tube-6063\/\" target=\"_blank\">anodized aluminum Manufacturer Supply anodized Aluminium Extrusion Tube 6063<\/a><\/li>\r\n<li><a href=\"https:\/\/sinoextrud.com\/product\/wood-look-aluminium-slats\/\" target=\"_blank\">Wood Look Aluminium Slats<\/a><\/li>"},"feature_list":[]},"_links":{"self":[{"href":"https:\/\/sinoextrud.com\/es\/wp-json\/wp\/v2\/product\/7208","targetHints":{"allow":["GET"]}}],"collection":[{"href":"https:\/\/sinoextrud.com\/es\/wp-json\/wp\/v2\/product"}],"about":[{"href":"https:\/\/sinoextrud.com\/es\/wp-json\/wp\/v2\/types\/product"}],"wp:featuredmedia":[{"embeddable":true,"href":"https:\/\/sinoextrud.com\/es\/wp-json\/wp\/v2\/media\/7207"}],"wp:attachment":[{"href":"https:\/\/sinoextrud.com\/es\/wp-json\/wp\/v2\/media?parent=7208"}],"wp:term":[{"taxonomy":"category","embeddable":true,"href":"https:\/\/sinoextrud.com\/es\/wp-json\/wp\/v2\/categories?post=7208"}],"curies":[{"name":"wp","href":"https:\/\/api.w.org\/{rel}","templated":true}]}}