{"id":7206,"date":"2025-06-06T01:52:24","date_gmt":"2025-06-06T01:52:24","guid":{"rendered":"https:\/\/sinoextrud.com\/product\/aluminum-partitioning-windows-doors-nigeria-design\/"},"modified":"2025-06-24T06:12:14","modified_gmt":"2025-06-24T06:12:14","slug":"mamparas-de-aluminio-ventanas-puertas-nigeria-diseno","status":"publish","type":"product","link":"https:\/\/sinoextrud.com\/es\/product\/aluminum-partitioning-windows-doors-nigeria-design\/","title":{"rendered":"Particiones de aluminio Ventanas Puertas Nigeria Dise\u00f1o"},"content":{"rendered":"<h2>Productos<\/h2>\n<table class=\"custom-table\">\n<tr>\n<td class=\"label\">Material<\/td>\n<td>Cristal o cristal y marco de aluminio<\/td>\n<\/tr>\n<tr>\n<td class=\"label\">Marca<\/td>\n<td>Sinoextrud\/Sinoextrud Aluminio Particiones \/Ventanas Puertas Nigeria Design\uff0c<\/td>\n<\/tr>\n<tr>\n<td class=\"label\">Vidrio<\/td>\n<td>1: Color:Tintado(Gris\/Verde\/Azul\/T\u00e9\/Otros) O Transparente<br \/>\n2: Especial:Low-E Glass\/Cristal reflectante\/Cristal templado\/Clase flotante\/Cristal art\u00edstico<br \/>\n3. Color:Cualquier color\uff0c<\/td>\n<\/tr>\n<tr>\n<td class=\"label\">Soluci\u00f3n integral<\/td>\n<td>Dise\u00f1o profesional, fabricaci\u00f3n de alta calidad e instalaci\u00f3n experimentada.<\/td>\n<\/tr>\n<tr>\n<td class=\"label\">Tipo<\/td>\n<td>Mampara de cristal sin marco o mampara de cristal con marco\uff0c<\/td>\n<\/tr>\n<tr>\n<td class=\"label\">T\u00e9rmino comercial<\/td>\n<td>EXW, FOB y CIF<\/td>\n<\/tr>\n<tr>\n<td class=\"label\">MOQ<\/td>\n<td>M\u00e1s de 200 metros cuadrados<\/td>\n<\/tr>\n<tr>\n<td class=\"label\">Plazo de pago<\/td>\n<td>T\/T,L\/C Etc\uff0c<\/td>\n<\/tr>\n<tr>\n<td class=\"label\">Embalaje<\/td>\n<td>Caja de madera de exportaci\u00f3n\uff0c<\/td>\n<\/tr>\n<tr>\n<td class=\"label\">Puerto de exportaci\u00f3n<\/td>\n<td>Guangzhou O Shenzhen FOSHAN\uff0c<\/td>\n<\/tr>\n<tr>\n<td class=\"label\">Plazo de entrega<\/td>\n<td>Dentro de 20-25 d\u00edas despu\u00e9s de confirmar el dibujo de la tienda.\uff0c<\/td>\n<\/tr>\n<\/table>\n<h2>Nuestra base de fabricaci\u00f3n<\/h2>\n<h3>Panorama de la f\u00e1brica<\/h3>\n<p><img decoding=\"async\" src=\"\/wp-content\/uploads\/factory-01.webp\"\/><\/p>\n<h3>Taller de fabricaci\u00f3n de barras de aluminio<\/h3>\n<p><img decoding=\"async\" src=\"\/wp-content\/uploads\/factory-02.webp\"\/><\/p>\n<p><img decoding=\"async\" src=\"\/wp-content\/uploads\/factory-03.webp\"\/><\/p>\n<h3>Almac\u00e9n de moldes<\/h3>\n<p><img decoding=\"async\" src=\"\/wp-content\/uploads\/factory-04.webp\"\/><\/p>\n<h3>43 l\u00edneas de extrusi\u00f3n de aluminio (500-5500 toneladas)<\/h3>\n<p><img decoding=\"async\" src=\"\/wp-content\/uploads\/factory-05.webp\"\/><\/p>\n<p><img decoding=\"async\" src=\"\/wp-content\/uploads\/factory-06.webp\"\/><\/p>\n<p><img decoding=\"async\" src=\"\/wp-content\/uploads\/factory-07.webp\"\/><\/p>\n<h3>Taller de pintura en polvo<\/h3>\n<p><img decoding=\"async\" src=\"\/wp-content\/uploads\/factory-09.webp\"\/><\/p>\n<h3>Taller de anodizado<\/h3>\n<p><img decoding=\"async\" src=\"\/wp-content\/uploads\/factory-10.webp\"\/><\/p>\n<h3>Taller de procesamiento profundo<\/h3>\n<p><img decoding=\"async\" src=\"\/wp-content\/uploads\/factory-11.webp\"\/><\/p>\n<h3>Taller de mecanizado de precisi\u00f3n CNC<\/h3>\n<p><img decoding=\"async\" src=\"\/wp-content\/uploads\/factory-11.5.webp\"\/><\/p>\n<h3>Almac\u00e9n de productos acabados y de exportaci\u00f3n<\/h3>\n<p><img decoding=\"async\" src=\"\/wp-content\/uploads\/factory-12.webp\"\/><\/p>\n<p><img decoding=\"async\" src=\"\/wp-content\/uploads\/factory-13.webp\"\/><\/p>\n<p><img decoding=\"async\" src=\"\/wp-content\/uploads\/factory-14.webp\"\/><\/p>\n<h2>PREGUNTAS FRECUENTES<\/h2>\n<p><p><b>1. \u00bfQu\u00e9 es el dise\u00f1o de tabiques\/ventanas de aluminio de Nigeria?<\/b><\/p>\n<p>Se refiere a sistemas de aluminio a medida dise\u00f1ados para tabiques, ventanas y puertas que cumplen los requisitos est\u00e9ticos y clim\u00e1ticos locales de Nigeria.<br \/>\n<\/p><br \/>\n<br \/>\n<p><b>2.\u00bfPor qu\u00e9 elegir aluminio para tabiques, ventanas y puertas?<\/b><\/p>\n<p>El aluminio ofrece una gran durabilidad, resistencia a la intemperie y un aspecto elegante, por lo que es ideal para la moderna construcci\u00f3n nigeriana.<br \/>\n<\/p><br \/>\n<br \/>\n<p><b>3.\u00bfSon estos sistemas de aluminio adecuados para el clima de Nigeria?<\/b><\/p>\n<p>S\u00ed, son resistentes a la corrosi\u00f3n y funcionan bien en entornos h\u00famedos, costeros y tropicales, habituales en Nigeria.<br \/>\n<\/p><br \/>\n<br \/>\n<p><b>4.\u00bfSe pueden personalizar las mamparas y puertas de aluminio?<\/b><\/p>\n<p>Por supuesto, est\u00e1n disponibles en varios colores, tama\u00f1os y configuraciones para adaptarse a las necesidades residenciales y comerciales.<br \/>\n<\/p><br \/>\n<br \/>\n<p><b>5. \u00bfQu\u00e9 tipos de dise\u00f1os existen para aplicaciones espec\u00edficas de Nigeria?<\/b><\/p>\n<p>Los dise\u00f1os incluyen sistemas correderos, abatibles, plegables y fijos optimizados para la ventilaci\u00f3n, la seguridad y el estilo.<br \/>\n<\/p><br \/>\n<br \/>\n<p><b>6.\u00bfLas mamparas de aluminio son f\u00e1ciles de instalar?<\/b><\/p>\n<p>S\u00ed, su ligereza y su dise\u00f1o modular permiten una instalaci\u00f3n r\u00e1pida y eficaz.<br \/>\n<\/p><br \/>\n<br \/>\n<p><b>7. \u00bfSon sistemas de bajo mantenimiento?<\/b><\/p>\n<p>S\u00ed, los sistemas de aluminio requieren un mantenimiento m\u00ednimo y conservan su acabado y rendimiento durante a\u00f1os.<br \/>\n<\/p><br \/>\n<br \/>\n<p><b>8.\u00bfEs el aluminio un material ecol\u00f3gico?<\/b><\/p>\n<p>S\u00ed, el aluminio es 100% reciclable y apoya las pr\u00e1cticas de construcci\u00f3n ecol\u00f3gica.<br \/>\n<\/p><br \/><\/p>","protected":false},"featured_media":7205,"template":"","categories":[67],"class_list":["post-7206","product","type-product","status-publish","has-post-thumbnail","hentry","category-architectural-aluminium-profile"],"meta_box":{"hilight_text_group":{"product_hilight_text":"<li>Durable aluminum construction ideal for high-traffic residential and commercial spaces<\/li>\r\r\n<li>Corrosion-resistant surface perfect for Nigeria\u00e2\u20ac\u2122s humid and tropical climate<\/li>\r\r\n<li>Modern, elegant designs tailored to local architectural preferences<\/li>\r\r\n<li>Lightweight profiles simplify transportation and installation<\/li>\r\r\n<li>Customizable for partitions, windows, and door systems<\/li>\r\r\n<li>Available in sliding, swing, and fixed configurations<\/li>\r\r\n<li>Low-maintenance and long-lasting performance in all weather conditions<\/li>","product_chanpin_blog":"<ul>\r\r\n<li><a href=\"https:\/\/sinoextrud.com\/t-slot-v-slot-differences\/\" target=\"_blank\">t slot vs v slot<\/a><\/li>\r\r\n<li><a href=\"https:\/\/sinoextrud.com\/what-is-4040-aluminium-extrud\/\" target=\"_blank\">4040 aluminium extrusion<\/a><\/li>\r\r\n<li><a href=\"https:\/\/sinoextrud.com\/what-is-4040-aluminium-extrud\/\" target=\"_blank\">aluminum extrusions for industrial racks<\/a><\/li>\r\r\n<li><a href=\"https:\/\/sinoextrud.com\/powder-coating-aluminium-process\/\" target=\"_blank\">powder coating aluminium<\/a><\/li>\r\r\n<li><a href=\"https:\/\/sinoextrud.com\/what-is-an-aluminium-strip-ceiling\/\" target=\"_blank\">aluminium strip ceiling<\/a><\/li>\r\r\n<li><a href=\"https:\/\/sinoextrud.com\/what-is-a-heat-sink\/\" target=\"_blank\">what is a heat sink<\/a><\/li>\r\r\n<\/ul>","product_chanpin_chanpin":"<li><a href=\"https:\/\/sinoextrud.com\/product\/aluminum-windows-and-doors-for-nigeria\/\" target=\"_blank\">Aluminum windows And Doors For Nigeria<\/a><\/li>\r\n<li><a href=\"https:\/\/sinoextrud.com\/product\/aluminum-curtain-wall-profile-extrusion-profiles-aluminum-tubing-catalog\/\" target=\"_blank\">aluminum curtain wall profile extrusion profiles aluminum tubing catalog<\/a><\/li>\r\n<li><a href=\"https:\/\/sinoextrud.com\/product\/the-world-most-popular-6000-series-aluminum-extrusion-profile-louver-shutter-for-adjustable-waterproof-louver-windows\/\" target=\"_blank\">The World Most Popular 6000 Series aluminum extrusion Profile louver shutter For Adjustable Waterproof Louver Windows<\/a><\/li>\r\n<li><a href=\"https:\/\/sinoextrud.com\/product\/aluminum-extrusion-solar-panel-frame\/\" target=\"_blank\">Aluminum extrusion solar panel frame<\/a><\/li>\r\n<li><a href=\"https:\/\/sinoextrud.com\/product\/aluminum-partitioning-windows-doors-nigeria-design\/\" target=\"_blank\">Aluminum Partitioning Windows Doors Nigeria Design<\/a><\/li>\r\n<li><a href=\"https:\/\/sinoextrud.com\/product\/anodized-powder-coated-aluminum-extrusion-profile-for-outdoor-louver-shutter\/\" target=\"_blank\">Anodized Powder Coated Aluminum Extrusion Profile For Outdoor Louver Shutter<\/a><\/li>\r\n<li><a href=\"https:\/\/sinoextrud.com\/product\/extrusion-aluminium-tube-pipe-aluminum-polishing-style\/\" target=\"_blank\">Extrusion Aluminium Tube Pipe Aluminum Polishing Style<\/a><\/li>\r\n<li><a href=\"https:\/\/sinoextrud.com\/product\/10-series-golden-aluminum-extrusion-profiles\/\" target=\"_blank\">10 Series Golden Aluminum Extrusion Profiles<\/a><\/li>\r\n<li><a href=\"https:\/\/sinoextrud.com\/product\/10x10-aluminum-extrusion-for-decoration\/\" target=\"_blank\">10\u00c3\u201410 Aluminum Extrusion For Decoration<\/a><\/li>\r\n<li><a href=\"https:\/\/sinoextrud.com\/product\/aluminum-tube-coated-powder-price-per-kg-for-lowes-aluminum-pipe-fence-china\/\" target=\"_blank\">aluminum tube coated powder price per kg for lowes aluminum pipe fence china<\/a><\/li>\r\n<li><a href=\"https:\/\/sinoextrud.com\/product\/aluminum-price-per-ton\/\" target=\"_blank\">Aluminum Price Per Ton<\/a><\/li>"},"feature_list":[]},"_links":{"self":[{"href":"https:\/\/sinoextrud.com\/es\/wp-json\/wp\/v2\/product\/7206","targetHints":{"allow":["GET"]}}],"collection":[{"href":"https:\/\/sinoextrud.com\/es\/wp-json\/wp\/v2\/product"}],"about":[{"href":"https:\/\/sinoextrud.com\/es\/wp-json\/wp\/v2\/types\/product"}],"wp:featuredmedia":[{"embeddable":true,"href":"https:\/\/sinoextrud.com\/es\/wp-json\/wp\/v2\/media\/7205"}],"wp:attachment":[{"href":"https:\/\/sinoextrud.com\/es\/wp-json\/wp\/v2\/media?parent=7206"}],"wp:term":[{"taxonomy":"category","embeddable":true,"href":"https:\/\/sinoextrud.com\/es\/wp-json\/wp\/v2\/categories?post=7206"}],"curies":[{"name":"wp","href":"https:\/\/api.w.org\/{rel}","templated":true}]}}