{"id":7048,"date":"2025-06-05T03:26:59","date_gmt":"2025-06-05T03:26:59","guid":{"rendered":"https:\/\/sinoextrud.com\/product\/aluminum-curtain-wall-profile-extrusion-profiles-aluminum-tubing-catalog\/"},"modified":"2025-06-24T06:12:12","modified_gmt":"2025-06-24T06:12:12","slug":"perfiles-de-aluminio-para-muros-cortina-perfiles-de-extrusion-catalogo-de-tubos-de-aluminio","status":"publish","type":"product","link":"https:\/\/sinoextrud.com\/es\/product\/aluminum-curtain-wall-profile-extrusion-profiles-aluminum-tubing-catalog\/","title":{"rendered":"perfiles de aluminio para muros cortina perfiles de extrusi\u00f3n cat\u00e1logo de tubos de aluminio"},"content":{"rendered":"<h2>Productos<\/h2>\n<table class=\"custom-table\">\n<tr>\n<td class=\"label\">Modelo NO.:<\/td>\n<td> perfiles de muro cortina de aluminio perfiles de extrusi\u00f3n tubos de aluminio cat\u00e1logo\uff0c<\/td>\n<\/tr>\n<tr>\n<td class=\"label\">Aplicaci\u00f3n:<\/td>\n<td> perfil de muro cortina de aluminio\uff0c<\/td>\n<\/tr>\n<tr>\n<td class=\"label\">Grado:<\/td>\n<td> Serie 6000\uff0c<\/td>\n<\/tr>\n<tr>\n<td class=\"label\">T\u00e9cnica:<\/td>\n<td> Extruido\uff0c<\/td>\n<\/tr>\n<tr>\n<td class=\"label\">Temperamento:<\/td>\n<td> T3 - T8\uff0c<\/td>\n<\/tr>\n<tr>\n<td class=\"label\">Tallas:<\/td>\n<td> Personalizado\uff0c<\/td>\n<\/tr>\n<tr>\n<td class=\"label\">Servicios de mecanizado:<\/td>\n<td> Taladrado, roscado, remachado, montaje, etc\uff0c<\/td>\n<\/tr>\n<tr>\n<td class=\"label\">Especificaci\u00f3n:<\/td>\n<td> SGS, Rohs, ISO\uff0c<\/td>\n<\/tr>\n<tr>\n<td class=\"label\">C\u00f3digo SA:<\/td>\n<td> 76042990\uff0c<\/td>\n<\/tr>\n<tr>\n<td class=\"label\">Tipo:<\/td>\n<td> Perfiles de aluminio\uff0c<\/td>\n<\/tr>\n<tr>\n<td class=\"label\">Forma:<\/td>\n<td> tubo de aluminio\uff0c<\/td>\n<\/tr>\n<tr>\n<td class=\"label\">Tratamiento de la superficie:<\/td>\n<td> Anodizado, recubrimiento en polvo, etc\uff0c<\/td>\n<\/tr>\n<tr>\n<td class=\"label\">Aleaci\u00f3n:<\/td>\n<td> Aleaci\u00f3n\uff0c<\/td>\n<\/tr>\n<tr>\n<td class=\"label\">Certificaci\u00f3n:<\/td>\n<td> ISO, RoHS\uff0c<\/td>\n<\/tr>\n<tr>\n<td class=\"label\">Longitud:<\/td>\n<td> 1-9m o personalizado\uff0c<\/td>\n<\/tr>\n<tr>\n<td class=\"label\">Colores:<\/td>\n<td> Fabricado seg\u00fan n\u00famero de color proporcionado\uff0c<\/td>\n<\/tr>\n<tr>\n<td class=\"label\">Origen:<\/td>\n<td> Foshan, Guangdong\uff0c<\/td>\n<\/tr>\n<\/table>\n<h2>Nuestra base de fabricaci\u00f3n<\/h2>\n<h3>Panorama de la f\u00e1brica<\/h3>\n<p><img decoding=\"async\" src=\"\/wp-content\/uploads\/factory-01.webp\"\/><\/p>\n<h3>Taller de fabricaci\u00f3n de barras de aluminio<\/h3>\n<p><img decoding=\"async\" src=\"\/wp-content\/uploads\/factory-02.webp\"\/><\/p>\n<\/p>\n<p><img decoding=\"async\" src=\"\/wp-content\/uploads\/factory-03.webp\"\/><\/p>\n<h3>Almac\u00e9n de moldes<\/h3>\n<p><img decoding=\"async\" src=\"\/wp-content\/uploads\/factory-04.webp\"\/><\/p>\n<h3>43 l\u00edneas de extrusi\u00f3n de aluminio (500-5500 toneladas)<\/h3>\n<p><img decoding=\"async\" src=\"\/wp-content\/uploads\/factory-05.webp\"\/><\/p>\n<p><img decoding=\"async\" src=\"\/wp-content\/uploads\/factory-06.webp\"\/><\/p>\n<p><img decoding=\"async\" src=\"\/wp-content\/uploads\/factory-07.webp\"\/><\/p>\n<h3>Taller de pintura en polvo<\/h3>\n<p><img decoding=\"async\" src=\"\/wp-content\/uploads\/factory-09.webp\"\/><\/p>\n<h3>Taller de anodizado<\/h3>\n<p><img decoding=\"async\" src=\"\/wp-content\/uploads\/factory-10.webp\"\/><\/p>\n<h3>Taller de procesamiento profundo<\/h3>\n<p><img decoding=\"async\" src=\"\/wp-content\/uploads\/factory-11.webp\"\/><\/p>\n<h3>Taller de mecanizado de precisi\u00f3n CNC<\/h3>\n<p><img decoding=\"async\" src=\"\/wp-content\/uploads\/factory-11.5.webp\"\/><\/p>\n<h3>Almac\u00e9n de productos acabados y de exportaci\u00f3n<\/h3>\n<p><img decoding=\"async\" src=\"\/wp-content\/uploads\/factory-12.webp\"\/><\/p>\n<p><img decoding=\"async\" src=\"\/wp-content\/uploads\/factory-13.webp\"\/><\/p>\n<p><img decoding=\"async\" src=\"\/wp-content\/uploads\/factory-14.webp\"\/><\/p>\n<h2>PREGUNTAS FRECUENTES<\/h2>\n<p><b>1.\u00bfQu\u00e9 es un perfil de aluminio para muro cortina?<\/b><\/p>\n<p>Un perfil de muro cortina de aluminio es un componente estructural ligero utilizado en las fachadas de los edificios modernos para soportar paneles de vidrio y mejorar la eficiencia energ\u00e9tica.\n<\/p>\n<p><\/p>\n<p><b>2.\u00bfCu\u00e1les son las ventajas de los perfiles de extrusi\u00f3n de aluminio?<\/b><\/p>\n<p>Los perfiles de extrusi\u00f3n de aluminio ofrecen una gran resistencia, un dise\u00f1o ligero y formas personalizables perfectas para aplicaciones arquitect\u00f3nicas e industriales.\n<\/p>\n<p><\/p>\n<p><b>3.\u00bfSe pueden personalizar los tubos de aluminio en su cat\u00e1logo?<\/b><\/p>\n<p>S\u00ed, nuestro cat\u00e1logo de tubos de aluminio incluye opciones personalizables para satisfacer los requisitos espec\u00edficos del proyecto en cuanto a tama\u00f1o, forma y tratamiento superficial.\n<\/p>\n<p><\/p>\n<p><b>4. \u00bfQu\u00e9 acabados superficiales hay disponibles para los perfiles de aluminio para muros cortina?<\/b><\/p>\n<p>Ofrecemos acabados de anodizado, recubrimiento en polvo y electroforesis para mejorar el aspecto y la resistencia a la corrosi\u00f3n.\n<\/p>\n<p><\/p>\n<p><b>5.\u00bfQu\u00e9 durabilidad tienen sus perfiles de extrusi\u00f3n de aluminio?<\/b><\/p>\n<p>Nuestros perfiles de extrusi\u00f3n de aluminio se fabrican con aleaciones de alta resistencia y se someten a estrictos controles de calidad para garantizar su durabilidad a largo plazo.\n<\/p>\n<p><\/p>\n<p><b>6.\u00bfProporcionan asistencia t\u00e9cnica para la instalaci\u00f3n de perfiles de aluminio?<\/b><\/p>\n<p>S\u00ed, proporcionamos asistencia t\u00e9cnica y planos CAD para ayudar en la instalaci\u00f3n y garantizar la correcta aplicaci\u00f3n de nuestros perfiles de aluminio.\n<\/p>\n<p><\/p>\n<p><b>7.\u00bfSon sus perfiles de aluminio respetuosos con el medio ambiente?<\/b><\/p>\n<p>S\u00ed, el aluminio es un material reciclable y nuestro proceso de producci\u00f3n prioriza la sostenibilidad y las pr\u00e1cticas ecol\u00f3gicas.\n<\/p>\n<p><\/p>\n<p><b>8.\u00bfQu\u00e9 industrias utilizan habitualmente tubos de aluminio de su cat\u00e1logo?<\/b><\/p>\n<p>Nuestros tubos de aluminio se utilizan ampliamente en la construcci\u00f3n, el transporte, la industria aeroespacial y aplicaciones arquitect\u00f3nicas debido a su resistencia y versatilidad.\n<\/p>\n<p><\/p>","protected":false},"featured_media":7047,"template":"","categories":[67],"class_list":["post-7048","product","type-product","status-publish","has-post-thumbnail","hentry","category-architectural-aluminium-profile"],"meta_box":{"hilight_text_group":{"product_hilight_text":"<li>High-strength aluminum alloy for superior durability and structural integrity<\/li>\r\r\n<li>Custom extrusion profiles tailored to architectural curtain wall systems<\/li>\r\r\n<li>Precision manufacturing ensures consistent dimensions and seamless installation<\/li>\r\r\n<li>Corrosion-resistant finish ideal for long-term outdoor use<\/li>\r\r\n<li>Wide range of standard and custom tubing options available<\/li>\r\r\n<li>Supports anodizing, powder coating, and other surface treatments<\/li>\r\r\n<li>Lightweight design reduces transportation and installation costs<\/li>\r\r\n<li>Strict quality control for excellent performance and longevity<\/li>","product_chanpin_blog":"<ul>\r\r\n<li><a href=\"https:\/\/sinoextrud.com\/t-slot-v-slot-differences\/\" target=\"_blank\">t slot vs v slot<\/a><\/li>\r\r\n<li><a href=\"https:\/\/sinoextrud.com\/what-is-4040-aluminium-extrud\/\" target=\"_blank\">4040 aluminium extrusion<\/a><\/li>\r\r\n<li><a href=\"https:\/\/sinoextrud.com\/what-is-4040-aluminium-extrud\/\" target=\"_blank\">aluminum extrusions for industrial racks<\/a><\/li>\r\r\n<li><a href=\"https:\/\/sinoextrud.com\/powder-coating-aluminium-process\/\" target=\"_blank\">powder coating aluminium<\/a><\/li>\r\r\n<li><a href=\"https:\/\/sinoextrud.com\/what-is-an-aluminium-strip-ceiling\/\" target=\"_blank\">aluminium strip ceiling<\/a><\/li>\r\r\n<li><a href=\"https:\/\/sinoextrud.com\/what-is-a-heat-sink\/\" target=\"_blank\">what is a heat sink<\/a><\/li>\r\r\n<\/ul>","product_chanpin_chanpin":"<li><a href=\"https:\/\/sinoextrud.com\/product\/h-section-aluminium-extrusion-foshan-factory\/\" target=\"_blank\">H Section Aluminium Extrusion Foshan Factory<\/a><\/li>\r\n<li><a href=\"https:\/\/sinoextrud.com\/product\/6061-extruded-aluminum\/\" target=\"_blank\">6061 Extruded Aluminum<\/a><\/li>\r\n<li><a href=\"https:\/\/sinoextrud.com\/product\/powder-coating-aluminum-window-profile\/\" target=\"_blank\">Powder Coating Aluminum Window Profile<\/a><\/li>\r\n<li><a href=\"https:\/\/sinoextrud.com\/product\/aluminum-windows-and-doors-for-nigeria\/\" target=\"_blank\">Aluminum windows And Doors For Nigeria<\/a><\/li>\r\n<li><a href=\"https:\/\/sinoextrud.com\/product\/aluminum-curtain-wall-profile-extrusion-profiles-aluminum-tubing-catalog\/\" target=\"_blank\">aluminum curtain wall profile extrusion profiles aluminum tubing catalog<\/a><\/li>\r\n<li><a href=\"https:\/\/sinoextrud.com\/product\/the-world-most-popular-6000-series-aluminum-extrusion-profile-louver-shutter-for-adjustable-waterproof-louver-windows\/\" target=\"_blank\">The World Most Popular 6000 Series aluminum extrusion Profile louver shutter For Adjustable Waterproof Louver Windows<\/a><\/li>\r\n<li><a href=\"https:\/\/sinoextrud.com\/product\/aluminum-extrusion-solar-panel-frame\/\" target=\"_blank\">Aluminum extrusion solar panel frame<\/a><\/li>\r\n<li><a href=\"https:\/\/sinoextrud.com\/product\/aluminum-partitioning-windows-doors-nigeria-design\/\" target=\"_blank\">Aluminum Partitioning Windows Doors Nigeria Design<\/a><\/li>\r\n<li><a href=\"https:\/\/sinoextrud.com\/product\/anodized-powder-coated-aluminum-extrusion-profile-for-outdoor-louver-shutter\/\" target=\"_blank\">Anodized Powder Coated Aluminum Extrusion Profile For Outdoor Louver Shutter<\/a><\/li>\r\n<li><a href=\"https:\/\/sinoextrud.com\/product\/aluminum-window-extrusion-profiles\/\" target=\"_blank\">Aluminum Window Extrusion Profiles<\/a><\/li>\r\n<li><a href=\"https:\/\/sinoextrud.com\/product\/powder-coated-aluminium-extrusion\/\" target=\"_blank\">Powder Coated Aluminium Extrusion<\/a><\/li>"},"feature_list":[]},"_links":{"self":[{"href":"https:\/\/sinoextrud.com\/es\/wp-json\/wp\/v2\/product\/7048","targetHints":{"allow":["GET"]}}],"collection":[{"href":"https:\/\/sinoextrud.com\/es\/wp-json\/wp\/v2\/product"}],"about":[{"href":"https:\/\/sinoextrud.com\/es\/wp-json\/wp\/v2\/types\/product"}],"wp:featuredmedia":[{"embeddable":true,"href":"https:\/\/sinoextrud.com\/es\/wp-json\/wp\/v2\/media\/7047"}],"wp:attachment":[{"href":"https:\/\/sinoextrud.com\/es\/wp-json\/wp\/v2\/media?parent=7048"}],"wp:term":[{"taxonomy":"category","embeddable":true,"href":"https:\/\/sinoextrud.com\/es\/wp-json\/wp\/v2\/categories?post=7048"}],"curies":[{"name":"wp","href":"https:\/\/api.w.org\/{rel}","templated":true}]}}