{"id":7046,"date":"2025-06-05T03:23:36","date_gmt":"2025-06-05T03:23:36","guid":{"rendered":"https:\/\/sinoextrud.com\/product\/aluminum-windows-and-doors-for-nigeria\/"},"modified":"2025-06-24T06:12:12","modified_gmt":"2025-06-24T06:12:12","slug":"ventanas-y-puertas-de-aluminio-para-nigeria","status":"publish","type":"product","link":"https:\/\/sinoextrud.com\/es\/product\/aluminum-windows-and-doors-for-nigeria\/","title":{"rendered":"Ventanas y puertas de aluminio para Nigeria"},"content":{"rendered":"<h2>Productos<\/h2>\n<table class=\"custom-table\">\n<tr>\n<td class=\"label\">Art\u00edculo:<\/td>\n<td> Piezas de punzonado de aluminio CNC\uff0c<\/td>\n<\/tr>\n<tr>\n<td class=\"label\">Temperamento:<\/td>\n<td> T3-T8\uff0c<\/td>\n<\/tr>\n<tr>\n<td class=\"label\">Material:<\/td>\n<td> 6063-T5, 6063-T6, 6061-T5, 6061-T6, 6463-T5\uff0c<\/td>\n<\/tr>\n<tr>\n<td class=\"label\">Aleaci\u00f3n:<\/td>\n<td> Aleaci\u00f3n\uff0c<\/td>\n<\/tr>\n<tr>\n<td class=\"label\">Grado:<\/td>\n<td> Serie 6000\uff0c<\/td>\n<\/tr>\n<tr>\n<td class=\"label\">Tama\u00f1o:<\/td>\n<td> Custom\uff0c<\/td>\n<\/tr>\n<tr>\n<td class=\"label\">Longitud:<\/td>\n<td> 1-9 metros, o personalizado\uff0c<\/td>\n<\/tr>\n<tr>\n<td class=\"label\">Producci\u00f3n mensual:<\/td>\n<td> M\u00e1s de 15.000 toneladas<\/td>\n<\/tr>\n<tr>\n<td class=\"label\">Tipo:<\/td>\n<td> Perfiles CNC de extrusi\u00f3n de aluminio \uff0c<\/td>\n<\/tr>\n<tr>\n<td class=\"label\">Especificaci\u00f3n:<\/td>\n<td> ISO9001, ISO14001\uff0c<\/td>\n<\/tr>\n<tr>\n<td class=\"label\">Control de calidad:<\/td>\n<td> 100% Inspecci\u00f3n antes del env\u00edo\uff0c<\/td>\n<\/tr>\n<tr>\n<td class=\"label\">Tolerancia:<\/td>\n<td> +\/-0,1 mm\uff0c<\/td>\n<\/tr>\n<tr>\n<td class=\"label\">Garant\u00eda:<\/td>\n<td> El color de la superficie puede ser estable durante 10-20 a\u00f1os en interiores\uff0c<\/td>\n<\/tr>\n<tr>\n<td class=\"label\">Servicio:<\/td>\n<td> OEM\/ODM\uff0c<\/td>\n<\/tr>\n<tr>\n<td class=\"label\">Origen:<\/td>\n<td> Foshan, China\uff0c<\/td>\n<\/tr>\n<tr>\n<td class=\"label\">Marca registrada:<\/td>\n<td> Sinoextrud(Sinoextrud)\/ OEM\uff0c<\/td>\n<\/tr>\n<\/table>\n<h2>Nuestra base de fabricaci\u00f3n<\/h2>\n<h3>Panorama de la f\u00e1brica<\/h3>\n<p><img decoding=\"async\" src=\"\/wp-content\/uploads\/factory-01.webp\"\/><\/p>\n<h3>Taller de fabricaci\u00f3n de barras de aluminio<\/h3>\n<p><img decoding=\"async\" src=\"\/wp-content\/uploads\/factory-02.webp\"\/><\/p>\n<p><img decoding=\"async\" src=\"\/wp-content\/uploads\/factory-03.webp\"\/><\/p>\n<h3>Almac\u00e9n de moldes<\/h3>\n<p><img decoding=\"async\" src=\"\/wp-content\/uploads\/factory-04.webp\"\/><\/p>\n<h3>43 l\u00edneas de extrusi\u00f3n de aluminio (500-5500 toneladas)<\/h3>\n<p><img decoding=\"async\" src=\"\/wp-content\/uploads\/factory-05.webp\"\/><\/p>\n<p><img decoding=\"async\" src=\"\/wp-content\/uploads\/factory-06.webp\"\/><\/p>\n<p><img decoding=\"async\" src=\"\/wp-content\/uploads\/factory-07.webp\"\/><\/p>\n<h3>Taller de pintura en polvo<\/h3>\n<p><img decoding=\"async\" src=\"\/wp-content\/uploads\/factory-09.webp\"\/><\/p>\n<h3>Taller de anodizado<\/h3>\n<p><img decoding=\"async\" src=\"\/wp-content\/uploads\/factory-10.webp\"\/><\/p>\n<h3>Taller de procesamiento profundo<\/h3>\n<p><img decoding=\"async\" src=\"\/wp-content\/uploads\/factory-11.webp\"\/><\/p>\n<h3>Taller de mecanizado de precisi\u00f3n CNC<\/h3>\n<p><img decoding=\"async\" src=\"\/wp-content\/uploads\/factory-11.5.webp\"\/><\/p>\n<h3>Almac\u00e9n de productos acabados y de exportaci\u00f3n<\/h3>\n<p><img decoding=\"async\" src=\"\/wp-content\/uploads\/factory-12.webp\"\/><\/p>\n<p><img decoding=\"async\" src=\"\/wp-content\/uploads\/factory-13.webp\"\/><\/p>\n<p><img decoding=\"async\" src=\"\/wp-content\/uploads\/factory-14.webp\"\/><\/p>\n<h2>PREGUNTAS FRECUENTES<\/h2>\n<p><p><b>1.\u00bfQu\u00e9 son las ventanas y puertas de aluminio para Nigeria?<\/b><\/p>\n<p>Son sistemas de marcos de aluminio especialmente dise\u00f1ados para satisfacer las necesidades clim\u00e1ticas, arquitect\u00f3nicas y funcionales de los edificios de Nigeria.<br \/>\n<\/p><br \/>\n<br \/>\n<p><b>2.\u00bfPor qu\u00e9 elegir ventanas y puertas de aluminio en Nigeria?<\/b><\/p>\n<p>El aluminio es resistente a la corrosi\u00f3n, duradero e ideal para las condiciones clim\u00e1ticas h\u00famedas y lluviosas habituales en Nigeria.<br \/>\n<\/p><br \/>\n<br \/>\n<p><b>3.\u00bfSon adecuadas las puertas y ventanas de aluminio tanto para viviendas como para oficinas?<\/b><\/p>\n<p>S\u00ed, se utilizan mucho en edificios residenciales, comerciales e institucionales por su aspecto elegante y su durabilidad.<br \/>\n<\/p><br \/>\n<br \/>\n<p><b>4.\u00bfLas estructuras de aluminio requieren mucho mantenimiento?<\/b><\/p>\n<p>No, requieren poco mantenimiento y s\u00f3lo necesitan una limpieza ocasional para conservar su aspecto.<br \/>\n<\/p><br \/>\n<br \/>\n<p><b>5.\u00bfPuedo obtener colores y estilos personalizados para las puertas y ventanas de aluminio?<\/b><\/p>\n<p>Por supuesto, hay disponible una amplia gama de colores con recubrimiento en polvo y configuraciones de dise\u00f1o para adaptarse a la est\u00e9tica de su edificio.<br \/>\n<\/p><br \/>\n<br \/>\n<p><b>6.\u00bfSon las ventanas de aluminio eficientes energ\u00e9ticamente en climas c\u00e1lidos?<\/b><\/p>\n<p>S\u00ed, los perfiles de aluminio con rotura de puente t\u00e9rmico ayudan a reducir la transferencia de calor, mejorando el confort interior y el ahorro de energ\u00eda.<br \/>\n<\/p><br \/>\n<br \/>\n<p><b>7.\u00bfLas ventanas y puertas de aluminio resisten el \u00f3xido y la corrosi\u00f3n?<\/b><\/p>\n<p>S\u00ed, el material es naturalmente resistente al \u00f3xido y a menudo se mejora con acabados anodizados o con recubrimiento de polvo para una mayor durabilidad.<br \/>\n<\/p><br \/>\n<br \/>\n<p><b>8.\u00bfEs el aluminio una opci\u00f3n mejor que la madera o el acero en Nigeria?<\/b><\/p>\n<p>S\u00ed, el aluminio es m\u00e1s ligero, m\u00e1s duradero y est\u00e1 mejor adaptado al clima, lo que lo convierte en una soluci\u00f3n m\u00e1s pr\u00e1ctica y rentable.<br \/>\n<\/p><br \/><\/p>","protected":false},"featured_media":7045,"template":"","categories":[67],"class_list":["post-7046","product","type-product","status-publish","has-post-thumbnail","hentry","category-architectural-aluminium-profile"],"meta_box":{"hilight_text_group":{"product_hilight_text":"<li>Designed to withstand Nigeria\u00e2\u20ac\u2122s hot, humid, and rainy climate<\/li>\r\r\n<li>Corrosion-resistant aluminum ensures long-lasting performance<\/li>\r\r\n<li>Modern designs available for residential and commercial properties<\/li>\r\r\n<li>Low maintenance and easy to clean compared to wood or steel<\/li>\r\r\n<li>Lightweight material allows for smooth operation and installation<\/li>\r\r\n<li>Customizable colors, styles, and glass options<\/li>\r\r\n<li>Energy-efficient profiles available with thermal insulation options<\/li>","product_chanpin_blog":"<ul>\r\r\n<li><a href=\"https:\/\/sinoextrud.com\/t-slot-v-slot-differences\/\" target=\"_blank\">t slot vs v slot<\/a><\/li>\r\r\n<li><a href=\"https:\/\/sinoextrud.com\/what-is-4040-aluminium-extrud\/\" target=\"_blank\">4040 aluminium extrusion<\/a><\/li>\r\r\n<li><a href=\"https:\/\/sinoextrud.com\/what-is-4040-aluminium-extrud\/\" target=\"_blank\">aluminum extrusions for industrial racks<\/a><\/li>\r\r\n<li><a href=\"https:\/\/sinoextrud.com\/powder-coating-aluminium-process\/\" target=\"_blank\">powder coating aluminium<\/a><\/li>\r\r\n<li><a href=\"https:\/\/sinoextrud.com\/what-is-an-aluminium-strip-ceiling\/\" target=\"_blank\">aluminium strip ceiling<\/a><\/li>\r\r\n<li><a href=\"https:\/\/sinoextrud.com\/what-is-a-heat-sink\/\" target=\"_blank\">what is a heat sink<\/a><\/li>\r\r\n<\/ul>","product_chanpin_chanpin":"<li><a href=\"https:\/\/sinoextrud.com\/product\/l-shaped-aluminum-extrusion-6063-t5-aluminum-angle-bar-alloy-profile\/\" target=\"_blank\">L Shaped Aluminum Extrusion  6063 T5 Aluminum Angle Bar Alloy Profile<\/a><\/li>\r\n<li><a href=\"https:\/\/sinoextrud.com\/product\/h-section-aluminium-extrusion-foshan-factory\/\" target=\"_blank\">H Section Aluminium Extrusion Foshan Factory<\/a><\/li>\r\n<li><a href=\"https:\/\/sinoextrud.com\/product\/6061-extruded-aluminum\/\" target=\"_blank\">6061 Extruded Aluminum<\/a><\/li>\r\n<li><a href=\"https:\/\/sinoextrud.com\/product\/powder-coating-aluminum-window-profile\/\" target=\"_blank\">Powder Coating Aluminum Window Profile<\/a><\/li>\r\n<li><a href=\"https:\/\/sinoextrud.com\/product\/aluminum-windows-and-doors-for-nigeria\/\" target=\"_blank\">Aluminum windows And Doors For Nigeria<\/a><\/li>\r\n<li><a href=\"https:\/\/sinoextrud.com\/product\/aluminum-curtain-wall-profile-extrusion-profiles-aluminum-tubing-catalog\/\" target=\"_blank\">aluminum curtain wall profile extrusion profiles aluminum tubing catalog<\/a><\/li>\r\n<li><a href=\"https:\/\/sinoextrud.com\/product\/the-world-most-popular-6000-series-aluminum-extrusion-profile-louver-shutter-for-adjustable-waterproof-louver-windows\/\" target=\"_blank\">The World Most Popular 6000 Series aluminum extrusion Profile louver shutter For Adjustable Waterproof Louver Windows<\/a><\/li>\r\n<li><a href=\"https:\/\/sinoextrud.com\/product\/aluminum-extrusion-solar-panel-frame\/\" target=\"_blank\">Aluminum extrusion solar panel frame<\/a><\/li>\r\n<li><a href=\"https:\/\/sinoextrud.com\/product\/aluminum-partitioning-windows-doors-nigeria-design\/\" target=\"_blank\">Aluminum Partitioning Windows Doors Nigeria Design<\/a><\/li>\r\n<li><a href=\"https:\/\/sinoextrud.com\/product\/modular-aluminum-profiles-machine-hand-robot-hand-manipulator\/\" target=\"_blank\">Modular Aluminum Profiles Machine Hand Robot Hand Manipulator<\/a><\/li>\r\n<li><a href=\"https:\/\/sinoextrud.com\/product\/aluminum-extrusion-7003-7075-aluminum-profile-cnc\/\" target=\"_blank\">Aluminum Extrusion 7003 7075 Pilates Equipment Aluminum Profile CNC Precision Aluminum Profile<\/a><\/li>"},"feature_list":[]},"_links":{"self":[{"href":"https:\/\/sinoextrud.com\/es\/wp-json\/wp\/v2\/product\/7046","targetHints":{"allow":["GET"]}}],"collection":[{"href":"https:\/\/sinoextrud.com\/es\/wp-json\/wp\/v2\/product"}],"about":[{"href":"https:\/\/sinoextrud.com\/es\/wp-json\/wp\/v2\/types\/product"}],"wp:featuredmedia":[{"embeddable":true,"href":"https:\/\/sinoextrud.com\/es\/wp-json\/wp\/v2\/media\/7045"}],"wp:attachment":[{"href":"https:\/\/sinoextrud.com\/es\/wp-json\/wp\/v2\/media?parent=7046"}],"wp:term":[{"taxonomy":"category","embeddable":true,"href":"https:\/\/sinoextrud.com\/es\/wp-json\/wp\/v2\/categories?post=7046"}],"curies":[{"name":"wp","href":"https:\/\/api.w.org\/{rel}","templated":true}]}}