{"id":7040,"date":"2025-06-05T03:13:49","date_gmt":"2025-06-05T03:13:49","guid":{"rendered":"https:\/\/sinoextrud.com\/product\/h-section-aluminium-extrusion-foshan-factory\/"},"modified":"2025-06-24T06:12:11","modified_gmt":"2025-06-24T06:12:11","slug":"perfil-h-extrusion-de-aluminio-fabrica-de-foshan","status":"publish","type":"product","link":"https:\/\/sinoextrud.com\/es\/product\/h-section-aluminium-extrusion-foshan-factory\/","title":{"rendered":"Extrusi\u00f3n de aluminio perfil H F\u00e1brica de Foshan"},"content":{"rendered":"<h2>Productos<\/h2>\n<table class=\"custom-table\">\n<tr>\n<td class=\"label\">Nombre del producto:<\/td>\n<td> Extrusi\u00f3n de aluminio de secci\u00f3n H F\u00e1brica de Foshan\uff0c<\/td>\n<\/tr>\n<tr>\n<td class=\"label\">Material:<\/td>\n<td> Aleaci\u00f3n, 6063-T5\uff0c<\/td>\n<\/tr>\n<tr>\n<td class=\"label\">Acabado:<\/td>\n<td> GB Plata anodizada\uff0c<\/td>\n<\/tr>\n<tr>\n<td class=\"label\">Est\u00e1ndar:<\/td>\n<td> GB5237-2008<br \/>\nDise\u00f1o personalizado es welcome.\uff0c<\/td>\n<\/tr>\n<\/table>\n<h2>Nuestra base de fabricaci\u00f3n<\/h2>\n<h3>Panorama de la f\u00e1brica<\/h3>\n<p><img decoding=\"async\" src=\"\/wp-content\/uploads\/factory-01.webp\"\/><\/p>\n<h3>Taller de fabricaci\u00f3n de barras de aluminio<\/h3>\n<p><img decoding=\"async\" src=\"\/wp-content\/uploads\/factory-02.webp\"\/><\/p>\n<p><img decoding=\"async\" src=\"\/wp-content\/uploads\/factory-03.webp\"\/><\/p>\n<h3>Almac\u00e9n de moldes<\/h3>\n<p><img decoding=\"async\" src=\"\/wp-content\/uploads\/factory-04.webp\"\/><\/p>\n<h3>43 l\u00edneas de extrusi\u00f3n de aluminio (500-5500 toneladas)<\/h3>\n<p><img decoding=\"async\" src=\"\/wp-content\/uploads\/factory-05.webp\"\/><\/p>\n<p><img decoding=\"async\" src=\"\/wp-content\/uploads\/factory-06.webp\"\/><\/p>\n<p><img decoding=\"async\" src=\"\/wp-content\/uploads\/factory-07.webp\"\/><\/p>\n<h3>Taller de pintura en polvo<\/h3>\n<p><img decoding=\"async\" src=\"\/wp-content\/uploads\/factory-09.webp\"\/><\/p>\n<h3>Taller de anodizado<\/h3>\n<p><img decoding=\"async\" src=\"\/wp-content\/uploads\/factory-10.webp\"\/><\/p>\n<h3>Taller de procesamiento profundo<\/h3>\n<p><img decoding=\"async\" src=\"\/wp-content\/uploads\/factory-11.webp\"\/><\/p>\n<h3>Taller de mecanizado de precisi\u00f3n CNC<\/h3>\n<p><img decoding=\"async\" src=\"\/wp-content\/uploads\/factory-11.5.webp\"\/><\/p>\n<h3>Almac\u00e9n de productos acabados y de exportaci\u00f3n<\/h3>\n<p><img decoding=\"async\" src=\"\/wp-content\/uploads\/factory-12.webp\"\/><\/p>\n<p><img decoding=\"async\" src=\"\/wp-content\/uploads\/factory-13.webp\"\/><\/p>\n<p><img decoding=\"async\" src=\"\/wp-content\/uploads\/factory-14.webp\"\/><\/p>\n<h2>PREGUNTAS FRECUENTES<\/h2>\n<p><p><b>1. \u00bfQu\u00e9 es la extrusi\u00f3n de aluminio de secci\u00f3n H de la f\u00e1brica de Foshan?<\/b><\/p>\n<p>Es un perfil de aluminio de alta resistencia con secci\u00f3n transversal en forma de H, fabricado en Foshan, muy utilizado para aplicaciones estructurales y arquitect\u00f3nicas.<br \/>\n<\/p><br \/>\n<br \/>\n<p><b>2.\u00bfPor qu\u00e9 elegir una f\u00e1brica de Foshan para los perfiles de aluminio de secci\u00f3n en H?<\/b><\/p>\n<p>Foshan es conocida por su avanzada fabricaci\u00f3n de aluminio, que ofrece productos de alta calidad con un suministro fiable y precios competitivos.<br \/>\n<\/p><br \/>\n<br \/>\n<p><b>3.\u00bfCu\u00e1les son las ventajas de utilizar extrusiones de aluminio de secci\u00f3n en H?<\/b><\/p>\n<p>Proporcionan una excelente capacidad de carga, resistencia a la corrosi\u00f3n y son f\u00e1ciles de instalar en estructuras de construcci\u00f3n e industriales.<br \/>\n<\/p><br \/>\n<br \/>\n<p><b>4.\u00bfPueden las f\u00e1bricas de Foshan ofrecer personalizaci\u00f3n OEM?<\/b><\/p>\n<p>S\u00ed, los fabricantes de Foshan ofrecen servicios OEM\/ODM que incluyen dimensiones personalizadas, acabados y selecci\u00f3n de aleaciones.<br \/>\n<\/p><br \/>\n<br \/>\n<p><b>5.\u00bfQu\u00e9 acabados est\u00e1n disponibles para las extrusiones de aluminio de secci\u00f3n en H?<\/b><\/p>\n<p>Entre los acabados m\u00e1s comunes se incluyen el anodizado, el recubrimiento en polvo, el PVDF y el acabado de fresado para diversas necesidades de aplicaci\u00f3n y preferencias visuales.<br \/>\n<\/p><br \/>\n<br \/>\n<p><b>6.\u00bfSon aptos estos perfiles de aluminio para su uso en exteriores?<\/b><\/p>\n<p>Por supuesto, sus propiedades de resistencia a la corrosi\u00f3n y sus tratamientos superficiales los hacen ideales para entornos exteriores.<br \/>\n<\/p><br \/>\n<br \/>\n<p><b>7.\u00bfQu\u00e9 industrias utilizan extrusiones de aluminio de secci\u00f3n en H?<\/b><\/p>\n<p>Se utilizan habitualmente en la construcci\u00f3n, maquinaria, sistemas de montaje solar, entramado de tabiques y proyectos de infraestructuras.<br \/>\n<\/p><br \/><\/p>","protected":false},"featured_media":7039,"template":"","categories":[67],"class_list":["post-7040","product","type-product","status-publish","has-post-thumbnail","hentry","category-architectural-aluminium-profile"],"meta_box":{"hilight_text_group":{"product_hilight_text":"<li>Manufactured by experienced Foshan factory with strict quality control<\/li>\r\r\n<li>High-strength H section aluminum provides excellent structural support<\/li>\r\r\n<li>Precision extrusion ensures dimensional accuracy and smooth surface<\/li>\r\r\n<li>Corrosion-resistant finish suitable for indoor and outdoor applications<\/li>\r\r\n<li>Available in various sizes, lengths, and surface treatments<\/li>\r\r\n<li>OEM\/ODM services with competitive factory-direct pricing<\/li>","product_chanpin_blog":"<ul>\r\r\n<li><a href=\"https:\/\/sinoextrud.com\/t-slot-v-slot-differences\/\" target=\"_blank\">t slot vs v slot<\/a><\/li>\r\r\n<li><a href=\"https:\/\/sinoextrud.com\/what-is-4040-aluminium-extrud\/\" target=\"_blank\">4040 aluminium extrusion<\/a><\/li>\r\r\n<li><a href=\"https:\/\/sinoextrud.com\/what-is-4040-aluminium-extrud\/\" target=\"_blank\">aluminum extrusions for industrial racks<\/a><\/li>\r\r\n<li><a href=\"https:\/\/sinoextrud.com\/powder-coating-aluminium-process\/\" target=\"_blank\">powder coating aluminium<\/a><\/li>\r\r\n<li><a href=\"https:\/\/sinoextrud.com\/what-is-an-aluminium-strip-ceiling\/\" target=\"_blank\">aluminium strip ceiling<\/a><\/li>\r\r\n<li><a href=\"https:\/\/sinoextrud.com\/what-is-a-heat-sink\/\" target=\"_blank\">what is a heat sink<\/a><\/li>\r\r\n<\/ul>","product_chanpin_chanpin":"<li><a href=\"https:\/\/sinoextrud.com\/product\/wood-grain-aluminium-frame-composite-used\/\" target=\"_blank\">Wood Grain Aluminium Frame Composite used<\/a><\/li>\r\n<li><a href=\"https:\/\/sinoextrud.com\/product\/half-round-aluminum-extrusion\/\" target=\"_blank\">Half Round Aluminum Extrusion<\/a><\/li>\r\n<li><a href=\"https:\/\/sinoextrud.com\/product\/u-channel-aluminium-extrusion\/\" target=\"_blank\">U Channel Aluminium Extrusion<\/a><\/li>\r\n<li><a href=\"https:\/\/sinoextrud.com\/product\/l-shaped-aluminum-extrusion-6063-t5-aluminum-angle-bar-alloy-profile\/\" target=\"_blank\">L Shaped Aluminum Extrusion  6063 T5 Aluminum Angle Bar Alloy Profile<\/a><\/li>\r\n<li><a href=\"https:\/\/sinoextrud.com\/product\/h-section-aluminium-extrusion-foshan-factory\/\" target=\"_blank\">H Section Aluminium Extrusion Foshan Factory<\/a><\/li>\r\n<li><a href=\"https:\/\/sinoextrud.com\/product\/6061-extruded-aluminum\/\" target=\"_blank\">6061 Extruded Aluminum<\/a><\/li>\r\n<li><a href=\"https:\/\/sinoextrud.com\/product\/powder-coating-aluminum-window-profile\/\" target=\"_blank\">Powder Coating Aluminum Window Profile<\/a><\/li>\r\n<li><a href=\"https:\/\/sinoextrud.com\/product\/aluminum-windows-and-doors-for-nigeria\/\" target=\"_blank\">Aluminum windows And Doors For Nigeria<\/a><\/li>\r\n<li><a href=\"https:\/\/sinoextrud.com\/product\/aluminum-curtain-wall-profile-extrusion-profiles-aluminum-tubing-catalog\/\" target=\"_blank\">aluminum curtain wall profile extrusion profiles aluminum tubing catalog<\/a><\/li>\r\n<li><a href=\"https:\/\/sinoextrud.com\/product\/customized-extruded-aluminum-trailer-flooring\/\" target=\"_blank\">Customized Extruded Aluminum Trailer Flooring<\/a><\/li>\r\n<li><a href=\"https:\/\/sinoextrud.com\/product\/aluminum-decorative-timber-batten-3d-aluminum-profiles-timber-ceilings-u-shaped-baffle-ceiling\/\" target=\"_blank\">Aluminum Decorative Timber Batten 3D Aluminum Profiles Timber Ceilings U-shaped Baffle Ceiling<\/a><\/li>"},"feature_list":[]},"_links":{"self":[{"href":"https:\/\/sinoextrud.com\/es\/wp-json\/wp\/v2\/product\/7040","targetHints":{"allow":["GET"]}}],"collection":[{"href":"https:\/\/sinoextrud.com\/es\/wp-json\/wp\/v2\/product"}],"about":[{"href":"https:\/\/sinoextrud.com\/es\/wp-json\/wp\/v2\/types\/product"}],"wp:featuredmedia":[{"embeddable":true,"href":"https:\/\/sinoextrud.com\/es\/wp-json\/wp\/v2\/media\/7039"}],"wp:attachment":[{"href":"https:\/\/sinoextrud.com\/es\/wp-json\/wp\/v2\/media?parent=7040"}],"wp:term":[{"taxonomy":"category","embeddable":true,"href":"https:\/\/sinoextrud.com\/es\/wp-json\/wp\/v2\/categories?post=7040"}],"curies":[{"name":"wp","href":"https:\/\/api.w.org\/{rel}","templated":true}]}}