{"id":7038,"date":"2025-06-05T03:09:00","date_gmt":"2025-06-05T03:09:00","guid":{"rendered":"https:\/\/sinoextrud.com\/product\/l-shaped-aluminum-extrusion-6063-t5-aluminum-angle-bar-alloy-profile\/"},"modified":"2025-06-24T06:12:11","modified_gmt":"2025-06-24T06:12:11","slug":"l-en-forma-de-extrusion-de-aluminio-6063-t5-angulo-de-aluminio-barra-de-aleacion-de-perfil","status":"publish","type":"product","link":"https:\/\/sinoextrud.com\/es\/product\/l-shaped-aluminum-extrusion-6063-t5-aluminum-angle-bar-alloy-profile\/","title":{"rendered":"Extrusi\u00f3n de aluminio en forma de L Perfil de aleaci\u00f3n de aluminio en \u00e1ngulo 6063 T5"},"content":{"rendered":"<h2>Productos<\/h2>\n<table class=\"custom-table\">\n<tr>\n<td class=\"label\">Art\u00edculo:<\/td>\n<td> Extrusi\u00f3n de aluminio en forma de L \/ Perfil de aleaci\u00f3n de aluminio en \u00e1ngulo 6063 T5\uff0c<\/td>\n<\/tr>\n<tr>\n<td class=\"label\">Temperamento:<\/td>\n<td> T3-T8\uff0c<\/td>\n<\/tr>\n<tr>\n<td class=\"label\">Aleaci\u00f3n:<\/td>\n<td> Aleaci\u00f3n\uff0c<\/td>\n<\/tr>\n<tr>\n<td class=\"label\">Ingrediente de aleaci\u00f3n:<\/td>\n<td> 6063 T5\uff0c<\/td>\n<\/tr>\n<tr>\n<td class=\"label\">Perfil de aluminio pulido:<\/td>\n<td> Pulido mec\u00e1nico\uff0c<\/td>\n<\/tr>\n<tr>\n<td class=\"label\">Garant\u00eda:<\/td>\n<td> Garant\u00eda de color de 15-20 a\u00f1os<\/td>\n<\/tr>\n<tr>\n<td class=\"label\">Centrarse en:<\/td>\n<td> Arquitectura,Industria,Electrodom\u00e9sticos\uff0c<\/td>\n<\/tr>\n<tr>\n<td class=\"label\">Tama\u00f1o:<\/td>\n<td> a medida\uff0c<\/td>\n<\/tr>\n<tr>\n<td class=\"label\">Material:<\/td>\n<td> 6063\/6061\/6005\/6060 T5\/T6\uff0c<\/td>\n<\/tr>\n<tr>\n<td class=\"label\">Tipo de productos:<\/td>\n<td> Industria de extrusiones de aleaci\u00f3n de aluminio Perfil\uff0c<\/td>\n<\/tr>\n<tr>\n<td class=\"label\">Uso:<\/td>\n<td>Perfil de aleaci\u00f3n de aluminio en \u00e1ngulo\uff0c<\/td>\n<\/tr>\n<tr>\n<td class=\"label\">Paquete de transporte:<\/td>\n<td> Pel\u00edcula de pl\u00e1stico y papel kraft\uff0c<\/td>\n<\/tr>\n<tr>\n<td class=\"label\">Origen:<\/td>\n<td> China, Foshan\uff0c<\/td>\n<\/tr>\n<tr>\n<td class=\"label\">Tipo:<\/td>\n<td> Perfil de aluminio para puertas y ventanas, Perfil de aluminio para decoraci\u00f3n, Perfil de aluminio para disipadores de calor, Perfil de aluminio para paredes de vidrio, Perfil de aluminio para transporte\uff0c<\/td>\n<\/tr>\n<tr>\n<td class=\"label\">Certificaci\u00f3n:<\/td>\n<td> CE, SONCAP, ISO, CIQ, RoHS, TUV\uff0c<\/td>\n<\/tr>\n<tr>\n<td class=\"label\">Hornors:<\/td>\n<td> China Top 10 proveedor de calidad garantizada de f\u00e1brica de extrusi\u00f3n de \u00e1ngulo de aluminio\uff0c<\/td>\n<\/tr>\n<tr>\n<td class=\"label\">Color:<\/td>\n<td> Plata, bronce, negro, oro, seg\u00fan se solicite\uff0c<\/td>\n<\/tr>\n<tr>\n<td class=\"label\">Acabado:<\/td>\n<td> Anodizado, revestimiento en polvo, color de la madera, pulido\uff0c<\/td>\n<\/tr>\n<tr>\n<td class=\"label\">Especificaci\u00f3n:<\/td>\n<td> A petici\u00f3n del cliente<\/td>\n<\/tr>\n<tr>\n<td class=\"label\">C\u00f3digo SA:<\/td>\n<td> 7604299000\uff0c<\/td>\n<\/tr>\n<\/table>\n<h2>Nuestra base de fabricaci\u00f3n<\/h2>\n<h3>Panorama de la f\u00e1brica<\/h3>\n<p><img decoding=\"async\" src=\"\/wp-content\/uploads\/factory-01.webp\"\/><\/p>\n<h3>Taller de fabricaci\u00f3n de barras de aluminio<\/h3>\n<p><img decoding=\"async\" src=\"\/wp-content\/uploads\/factory-02.webp\"\/><\/p>\n<\/p>\n<p><img decoding=\"async\" src=\"\/wp-content\/uploads\/factory-03.webp\"\/><\/p>\n<h3>Almac\u00e9n de moldes<\/h3>\n<p><img decoding=\"async\" src=\"\/wp-content\/uploads\/factory-04.webp\"\/><\/p>\n<h3>43 l\u00edneas de extrusi\u00f3n de aluminio (500-5500 toneladas)<\/h3>\n<p><img decoding=\"async\" src=\"\/wp-content\/uploads\/factory-05.webp\"\/><\/p>\n<p><img decoding=\"async\" src=\"\/wp-content\/uploads\/factory-06.webp\"\/><\/p>\n<p><img decoding=\"async\" src=\"\/wp-content\/uploads\/factory-07.webp\"\/><\/p>\n<h3>Taller de pintura en polvo<\/h3>\n<p><img decoding=\"async\" src=\"\/wp-content\/uploads\/factory-09.webp\"\/><\/p>\n<h3>Taller de anodizado<\/h3>\n<p><img decoding=\"async\" src=\"\/wp-content\/uploads\/factory-10.webp\"\/><\/p>\n<h3>Taller de procesamiento profundo<\/h3>\n<p><img decoding=\"async\" src=\"\/wp-content\/uploads\/factory-11.webp\"\/><\/p>\n<h3>Taller de mecanizado de precisi\u00f3n CNC<\/h3>\n<p><img decoding=\"async\" src=\"\/wp-content\/uploads\/factory-11.5.webp\"\/><\/p>\n<h3>Almac\u00e9n de productos acabados y de exportaci\u00f3n<\/h3>\n<p><img decoding=\"async\" src=\"\/wp-content\/uploads\/factory-12.webp\"\/><\/p>\n<p><img decoding=\"async\" src=\"\/wp-content\/uploads\/factory-13.webp\"\/><\/p>\n<p><img decoding=\"async\" src=\"\/wp-content\/uploads\/factory-14.webp\"\/><\/p>\n<h2>PREGUNTAS FRECUENTES<\/h2>\n<p><b>1. \u00bfQu\u00e9 es una extrusi\u00f3n de aluminio en forma de L \/ \u00e1ngulo de aluminio 6063 T5?<\/b><\/p>\n<p>Es un perfil de aluminio con secci\u00f3n transversal en forma de L, fabricado con aleaci\u00f3n 6063 T5, que se utiliza para soporte estructural, entramado y protecci\u00f3n de bordes.\n<\/p>\n<p><\/p>\n<p><b>2.\u00bfPor qu\u00e9 elegir aluminio 6063 T5 para perfiles angulares?<\/b><\/p>\n<p>El aluminio 6063 T5 ofrece un s\u00f3lido equilibrio entre solidez, resistencia a la corrosi\u00f3n y trabajabilidad, lo que lo hace ideal para las barras angulares extruidas.\n<\/p>\n<p><\/p>\n<p><b>3.\u00bfCu\u00e1les son las aplicaciones habituales de los perfiles de aluminio en forma de L?<\/b><\/p>\n<p>Estos perfiles se utilizan ampliamente en entramados, remates arquitect\u00f3nicos, m\u00e9nsulas de refuerzo, maquinaria y estructuras de construcci\u00f3n.\n<\/p>\n<p><\/p>\n<p><b>4.\u00bfEs la barra angular de aluminio adecuada para uso en exteriores?<\/b><\/p>\n<p>S\u00ed, gracias a su resistencia a la corrosi\u00f3n, los angulares de aluminio 6063 T5 funcionan bien tanto en interiores como en exteriores.\n<\/p>\n<p><\/p>\n<p><b>5.\u00bfSe puede personalizar la extrusi\u00f3n de aluminio en forma de L?<\/b><\/p>\n<p>Por supuesto, puede adaptarse en longitud, \u00e1ngulo, grosor y acabado para satisfacer requisitos espec\u00edficos de OEM o arquitect\u00f3nicos.\n<\/p>\n<p><\/p>\n<p><b>6.\u00bfQu\u00e9 acabados est\u00e1n disponibles para los angulares de aluminio 6063 T5?<\/b><\/p>\n<p>Los acabados t\u00edpicos incluyen acabado de fresado, anodizado, recubrimiento en polvo y superficie cepillada para una mayor durabilidad y apariencia.\n<\/p>\n<p><\/p>\n<p><b>7.\u00bfEs f\u00e1cil trabajar con extrusiones de aluminio en forma de L?<\/b><\/p>\n<p>S\u00ed, son ligeros, f\u00e1ciles de cortar y taladrar, y compatibles con sistemas de soldadura y fijaci\u00f3n.\n<\/p>\n<p><\/p>","protected":false},"featured_media":7037,"template":"","categories":[67],"class_list":["post-7038","product","type-product","status-publish","has-post-thumbnail","hentry","category-architectural-aluminium-profile"],"meta_box":{"hilight_text_group":{"product_hilight_text":"<li>Manufactured from 6063 T5 aluminum alloy for excellent strength and corrosion resistance<\/li>\r\r\n<li>L shaped design provides structural reinforcement and edge protection<\/li>\r\r\n<li>Lightweight yet durable for both industrial and architectural applications<\/li>\r\r\n<li>Easy to cut, machine, and assemble for customized fabrication<\/li>\r\r\n<li>Available in multiple sizes and finishes to meet diverse project needs<\/li>\r\r\n<li>Ideal for framing, brackets, supports, and trim solutions<\/li>","product_chanpin_blog":"<ul>\r\r\n<li><a href=\"https:\/\/sinoextrud.com\/t-slot-v-slot-differences\/\" target=\"_blank\">t slot vs v slot<\/a><\/li>\r\r\n<li><a href=\"https:\/\/sinoextrud.com\/what-is-4040-aluminium-extrud\/\" target=\"_blank\">4040 aluminium extrusion<\/a><\/li>\r\r\n<li><a href=\"https:\/\/sinoextrud.com\/what-is-4040-aluminium-extrud\/\" target=\"_blank\">aluminum extrusions for industrial racks<\/a><\/li>\r\r\n<li><a href=\"https:\/\/sinoextrud.com\/powder-coating-aluminium-process\/\" target=\"_blank\">powder coating aluminium<\/a><\/li>\r\r\n<li><a href=\"https:\/\/sinoextrud.com\/what-is-an-aluminium-strip-ceiling\/\" target=\"_blank\">aluminium strip ceiling<\/a><\/li>\r\r\n<li><a href=\"https:\/\/sinoextrud.com\/what-is-a-heat-sink\/\" target=\"_blank\">what is a heat sink<\/a><\/li>\r\r\n<\/ul>","product_chanpin_chanpin":"<li><a href=\"https:\/\/sinoextrud.com\/product\/color-polishing-aluminium-for-sliding-door\/\" target=\"_blank\">Color Polishing Aluminium For Sliding Door<\/a><\/li>\r\n<li><a href=\"https:\/\/sinoextrud.com\/product\/wood-grain-aluminium-frame-composite-used\/\" target=\"_blank\">Wood Grain Aluminium Frame Composite used<\/a><\/li>\r\n<li><a href=\"https:\/\/sinoextrud.com\/product\/half-round-aluminum-extrusion\/\" target=\"_blank\">Half Round Aluminum Extrusion<\/a><\/li>\r\n<li><a href=\"https:\/\/sinoextrud.com\/product\/u-channel-aluminium-extrusion\/\" target=\"_blank\">U Channel Aluminium Extrusion<\/a><\/li>\r\n<li><a href=\"https:\/\/sinoextrud.com\/product\/l-shaped-aluminum-extrusion-6063-t5-aluminum-angle-bar-alloy-profile\/\" target=\"_blank\">L Shaped Aluminum Extrusion  6063 T5 Aluminum Angle Bar Alloy Profile<\/a><\/li>\r\n<li><a href=\"https:\/\/sinoextrud.com\/product\/h-section-aluminium-extrusion-foshan-factory\/\" target=\"_blank\">H Section Aluminium Extrusion Foshan Factory<\/a><\/li>\r\n<li><a href=\"https:\/\/sinoextrud.com\/product\/6061-extruded-aluminum\/\" target=\"_blank\">6061 Extruded Aluminum<\/a><\/li>\r\n<li><a href=\"https:\/\/sinoextrud.com\/product\/powder-coating-aluminum-window-profile\/\" target=\"_blank\">Powder Coating Aluminum Window Profile<\/a><\/li>\r\n<li><a href=\"https:\/\/sinoextrud.com\/product\/aluminum-windows-and-doors-for-nigeria\/\" target=\"_blank\">Aluminum windows And Doors For Nigeria<\/a><\/li>\r\n<li><a href=\"https:\/\/sinoextrud.com\/product\/f-channel-aluminum-extrusion\/\" target=\"_blank\">F Channel Aluminum Extrusion<\/a><\/li>\r\n<li><a href=\"https:\/\/sinoextrud.com\/product\/curtain-aluminum-profile-extrusion-for-window\/\" target=\"_blank\">Curtain Aluminum Profile Extrusion For Window<\/a><\/li>"},"feature_list":[]},"_links":{"self":[{"href":"https:\/\/sinoextrud.com\/es\/wp-json\/wp\/v2\/product\/7038","targetHints":{"allow":["GET"]}}],"collection":[{"href":"https:\/\/sinoextrud.com\/es\/wp-json\/wp\/v2\/product"}],"about":[{"href":"https:\/\/sinoextrud.com\/es\/wp-json\/wp\/v2\/types\/product"}],"wp:featuredmedia":[{"embeddable":true,"href":"https:\/\/sinoextrud.com\/es\/wp-json\/wp\/v2\/media\/7037"}],"wp:attachment":[{"href":"https:\/\/sinoextrud.com\/es\/wp-json\/wp\/v2\/media?parent=7038"}],"wp:term":[{"taxonomy":"category","embeddable":true,"href":"https:\/\/sinoextrud.com\/es\/wp-json\/wp\/v2\/categories?post=7038"}],"curies":[{"name":"wp","href":"https:\/\/api.w.org\/{rel}","templated":true}]}}