{"id":7036,"date":"2025-06-05T03:06:27","date_gmt":"2025-06-05T03:06:27","guid":{"rendered":"https:\/\/sinoextrud.com\/product\/u-channel-aluminium-extrusion\/"},"modified":"2025-06-24T06:12:10","modified_gmt":"2025-06-24T06:12:10","slug":"canal-en-u-extrusion-de-aluminio","status":"publish","type":"product","link":"https:\/\/sinoextrud.com\/es\/product\/u-channel-aluminium-extrusion\/","title":{"rendered":"Canal en U Extrusi\u00f3n de aluminio"},"content":{"rendered":"<h2>Productos<\/h2>\n<table class=\"custom-table\">\n<tr>\n<td class=\"label\">Forma:<\/td>\n<td> Forma de U\uff0c<\/td>\n<\/tr>\n<tr>\n<td class=\"label\">Art\u00edculo:<\/td>\n<td> Canal en U de extrusi\u00f3n de aluminio\uff0c<\/td>\n<\/tr>\n<tr>\n<td class=\"label\">Temperamento:<\/td>\n<td> T3-T8\uff0c<\/td>\n<\/tr>\n<tr>\n<td class=\"label\">Aleaci\u00f3n:<\/td>\n<td> Aleaci\u00f3n\uff0c<\/td>\n<\/tr>\n<tr>\n<td class=\"label\">Ingrediente de aleaci\u00f3n:<\/td>\n<td> 6063\uff0c<\/td>\n<\/tr>\n<tr>\n<td class=\"label\">Nuestra promesa:<\/td>\n<td> 100% Buenos productos antes del env\u00edo\uff0c<\/td>\n<\/tr>\n<tr>\n<td class=\"label\">Hornors:<\/td>\n<td> China Top 10 proveedor de calidad garantizada\uff0c<\/td>\n<\/tr>\n<tr>\n<td class=\"label\">Se acepta OEM\/ODM:<\/td>\n<td> \u00bfSe acepta OEM\/ODM?<\/td>\n<\/tr>\n<tr>\n<td class=\"label\">Origen:<\/td>\n<td> China, Foshan, Guangdong, seg\u00fan lo solicitado\uff0c<\/td>\n<\/tr>\n<tr>\n<td class=\"label\">Grado:<\/td>\n<td> Serie 6000\uff0c<\/td>\n<\/tr>\n<tr>\n<td class=\"label\">Acabado superficial:<\/td>\n<td> Anodizado, pulido, recubierto de polvo, etc\uff0c<\/td>\n<\/tr>\n<tr>\n<td class=\"label\">Certificaci\u00f3n:<\/td>\n<td> CE, ISO, ISO9001, TUV\uff0c<\/td>\n<\/tr>\n<tr>\n<td class=\"label\">Colores:<\/td>\n<td> Cualquiera est\u00e1 disponible\uff0c<\/td>\n<\/tr>\n<tr>\n<td class=\"label\">Centrarse en:<\/td>\n<td> Arquitectura, Industria, Electrodom\u00e9sticos\uff0c<\/td>\n<\/tr>\n<tr>\n<td class=\"label\">Nuestra calidad:<\/td>\n<td> 100% Pruebas de control de calidad\uff0c<\/td>\n<\/tr>\n<tr>\n<td class=\"label\">Nuestra ventaja:<\/td>\n<td> S\u00f3lido soporte t\u00e9cnico\uff0c<\/td>\n<\/tr>\n<tr>\n<td class=\"label\">C\u00f3digo SA:<\/td>\n<td> 7604299000\uff0c<\/td>\n<\/tr>\n<\/table>\n<h2>Nuestra base de fabricaci\u00f3n<\/h2>\n<h3>Panorama de la f\u00e1brica<\/h3>\n<p><img decoding=\"async\" src=\"\/wp-content\/uploads\/factory-01.webp\"\/><\/p>\n<h3>Taller de fabricaci\u00f3n de barras de aluminio<\/h3>\n<p><img decoding=\"async\" src=\"\/wp-content\/uploads\/factory-02.webp\"\/><\/p>\n<p><img decoding=\"async\" src=\"\/wp-content\/uploads\/factory-03.webp\"\/><\/p>\n<h3>Almac\u00e9n de moldes<\/h3>\n<p><img decoding=\"async\" src=\"\/wp-content\/uploads\/factory-04.webp\"\/><\/p>\n<h3>43 l\u00edneas de extrusi\u00f3n de aluminio (500-5500 toneladas)<\/h3>\n<p><img decoding=\"async\" src=\"\/wp-content\/uploads\/factory-05.webp\"\/><\/p>\n<p><img decoding=\"async\" src=\"\/wp-content\/uploads\/factory-06.webp\"\/><\/p>\n<p><img decoding=\"async\" src=\"\/wp-content\/uploads\/factory-07.webp\"\/><\/p>\n<h3>Taller de pintura en polvo<\/h3>\n<p><img decoding=\"async\" src=\"\/wp-content\/uploads\/factory-09.webp\"\/><\/p>\n<h3>Taller de anodizado<\/h3>\n<p><img decoding=\"async\" src=\"\/wp-content\/uploads\/factory-10.webp\"\/><\/p>\n<h3>Taller de procesamiento profundo<\/h3>\n<p><img decoding=\"async\" src=\"\/wp-content\/uploads\/factory-11.webp\"\/><\/p>\n<h3>Taller de mecanizado de precisi\u00f3n CNC<\/h3>\n<p><img decoding=\"async\" src=\"\/wp-content\/uploads\/factory-11.5.webp\"\/><\/p>\n<h3>Almac\u00e9n de productos acabados y de exportaci\u00f3n<\/h3>\n<p><img decoding=\"async\" src=\"\/wp-content\/uploads\/factory-12.webp\"\/><\/p>\n<p><img decoding=\"async\" src=\"\/wp-content\/uploads\/factory-13.webp\"\/><\/p>\n<p><img decoding=\"async\" src=\"\/wp-content\/uploads\/factory-14.webp\"\/><\/p>\n<h2>PREGUNTAS FRECUENTES<\/h2>\n<p><p><b>1. \u00bfQu\u00e9 es la extrusi\u00f3n de aluminio en U?<\/b><\/p>\n<p>La extrusi\u00f3n de aluminio de canal en U es un perfil de aluminio en forma de U que se utiliza para marcos estructurales, protecci\u00f3n de bordes y remates en aplicaciones industriales y arquitect\u00f3nicas.<br \/>\n<\/p><br \/>\n<br \/>\n<p><b>2. \u00bfPor qu\u00e9 utilizar extrusiones de aluminio en U?<\/b><\/p>\n<p>Ofrecen ligereza, resistencia a la corrosi\u00f3n y facilidad de fabricaci\u00f3n, por lo que son ideales para una amplia gama de usos.<br \/>\n<\/p><br \/>\n<br \/>\n<p><b>3. \u00bfPueden personalizarse las extrusiones de aluminio en U?<\/b><\/p>\n<p>S\u00ed, pueden fabricarse en varias dimensiones, acabados y aleaciones para adaptarse a los requisitos espec\u00edficos de cada aplicaci\u00f3n.<br \/>\n<\/p><br \/>\n<br \/>\n<p><b>4. \u00bfEs el canal en U de aluminio apto para exteriores?<\/b><\/p>\n<p>S\u00ed, sus propiedades de resistencia a la corrosi\u00f3n lo hacen ideal tanto para interiores como para exteriores.<br \/>\n<\/p><br \/>\n<br \/>\n<p><b>5.\u00bfCu\u00e1les son las aplicaciones habituales de los canales en U de aluminio?<\/b><\/p>\n<p>Se utilizan en construcci\u00f3n, ebanister\u00eda, expositores, se\u00f1alizaci\u00f3n, sistemas de entramado, etc.<br \/>\n<\/p><br \/>\n<br \/>\n<p><b>6.\u00bfSon f\u00e1ciles de instalar las extrusiones de aluminio en U?<\/b><\/p>\n<p>Desde luego, son ligeros y f\u00e1ciles de cortar, taladrar y fijar, lo que simplifica la instalaci\u00f3n.<br \/>\n<\/p><br \/>\n<br \/>\n<p><b>7.\u00bfEs el canal en U de aluminio respetuoso con el medio ambiente?<\/b><\/p>\n<p>S\u00ed, el aluminio es 100% reciclable, lo que favorece las pr\u00e1cticas de construcci\u00f3n y fabricaci\u00f3n respetuosas con el medio ambiente.<br \/>\n<\/p><br \/>\n<br \/>\n<p><b>8.\u00bfQu\u00e9 acabados est\u00e1n disponibles para las extrusiones de aluminio en U?<\/b><\/p>\n<p>Entre los acabados m\u00e1s habituales se encuentran el anodizado, el recubrimiento en polvo, el cepillado y el fresado, que se adaptan a diversas necesidades funcionales y est\u00e9ticas.<br \/>\n<\/p><br \/><\/p>","protected":false},"featured_media":7035,"template":"","categories":[67],"class_list":["post-7036","product","type-product","status-publish","has-post-thumbnail","hentry","category-architectural-aluminium-profile"],"meta_box":{"hilight_text_group":{"product_hilight_text":"<li>Made from high-strength aluminum for reliable structural support<\/li>\r\r\n<li>Corrosion-resistant surface ideal for indoor and outdoor applications<\/li>\r\r\n<li>Lightweight design allows for easy handling and installation<\/li>\r\r\n<li>Available in various sizes and finishes to meet diverse project needs<\/li>\r\r\n<li>Suitable for framing, edge protection, and mounting applications<\/li>\r\r\n<li>Customizable lengths and profiles for OEM and industrial use<\/li>\r\r\n<li>Low-maintenance material with long-lasting performance<\/li>","product_chanpin_blog":"<ul>\r\r\n<li><a href=\"https:\/\/sinoextrud.com\/t-slot-v-slot-differences\/\" target=\"_blank\">t slot vs v slot<\/a><\/li>\r\r\n<li><a href=\"https:\/\/sinoextrud.com\/what-is-4040-aluminium-extrud\/\" target=\"_blank\">4040 aluminium extrusion<\/a><\/li>\r\r\n<li><a href=\"https:\/\/sinoextrud.com\/what-is-4040-aluminium-extrud\/\" target=\"_blank\">aluminum extrusions for industrial racks<\/a><\/li>\r\r\n<li><a href=\"https:\/\/sinoextrud.com\/powder-coating-aluminium-process\/\" target=\"_blank\">powder coating aluminium<\/a><\/li>\r\r\n<li><a href=\"https:\/\/sinoextrud.com\/what-is-an-aluminium-strip-ceiling\/\" target=\"_blank\">aluminium strip ceiling<\/a><\/li>\r\r\n<li><a href=\"https:\/\/sinoextrud.com\/what-is-a-heat-sink\/\" target=\"_blank\">what is a heat sink<\/a><\/li>\r\r\n<\/ul>","product_chanpin_chanpin":"<li><a href=\"https:\/\/sinoextrud.com\/product\/sell-well-window-and-door-aluminium-profile\/\" target=\"_blank\">Sell Well Window And Door Aluminium Profile<\/a><\/li>\r\n<li><a href=\"https:\/\/sinoextrud.com\/product\/color-polishing-aluminium-for-sliding-door\/\" target=\"_blank\">Color Polishing Aluminium For Sliding Door<\/a><\/li>\r\n<li><a href=\"https:\/\/sinoextrud.com\/product\/wood-grain-aluminium-frame-composite-used\/\" target=\"_blank\">Wood Grain Aluminium Frame Composite used<\/a><\/li>\r\n<li><a href=\"https:\/\/sinoextrud.com\/product\/half-round-aluminum-extrusion\/\" target=\"_blank\">Half Round Aluminum Extrusion<\/a><\/li>\r\n<li><a href=\"https:\/\/sinoextrud.com\/product\/u-channel-aluminium-extrusion\/\" target=\"_blank\">U Channel Aluminium Extrusion<\/a><\/li>\r\n<li><a href=\"https:\/\/sinoextrud.com\/product\/l-shaped-aluminum-extrusion-6063-t5-aluminum-angle-bar-alloy-profile\/\" target=\"_blank\">L Shaped Aluminum Extrusion  6063 T5 Aluminum Angle Bar Alloy Profile<\/a><\/li>\r\n<li><a href=\"https:\/\/sinoextrud.com\/product\/h-section-aluminium-extrusion-foshan-factory\/\" target=\"_blank\">H Section Aluminium Extrusion Foshan Factory<\/a><\/li>\r\n<li><a href=\"https:\/\/sinoextrud.com\/product\/6061-extruded-aluminum\/\" target=\"_blank\">6061 Extruded Aluminum<\/a><\/li>\r\n<li><a href=\"https:\/\/sinoextrud.com\/product\/powder-coating-aluminum-window-profile\/\" target=\"_blank\">Powder Coating Aluminum Window Profile<\/a><\/li>\r\n<li><a href=\"https:\/\/sinoextrud.com\/product\/power-coating-standard-aluminium-profiles\/\" target=\"_blank\">Power Coating Standard Aluminium Profiles<\/a><\/li>\r\n<li><a href=\"https:\/\/sinoextrud.com\/product\/aluminium-extruded-products\/\" target=\"_blank\">Aluminium Extruded Products<\/a><\/li>"},"feature_list":[]},"_links":{"self":[{"href":"https:\/\/sinoextrud.com\/es\/wp-json\/wp\/v2\/product\/7036","targetHints":{"allow":["GET"]}}],"collection":[{"href":"https:\/\/sinoextrud.com\/es\/wp-json\/wp\/v2\/product"}],"about":[{"href":"https:\/\/sinoextrud.com\/es\/wp-json\/wp\/v2\/types\/product"}],"wp:featuredmedia":[{"embeddable":true,"href":"https:\/\/sinoextrud.com\/es\/wp-json\/wp\/v2\/media\/7035"}],"wp:attachment":[{"href":"https:\/\/sinoextrud.com\/es\/wp-json\/wp\/v2\/media?parent=7036"}],"wp:term":[{"taxonomy":"category","embeddable":true,"href":"https:\/\/sinoextrud.com\/es\/wp-json\/wp\/v2\/categories?post=7036"}],"curies":[{"name":"wp","href":"https:\/\/api.w.org\/{rel}","templated":true}]}}