{"id":6999,"date":"2025-06-05T01:57:47","date_gmt":"2025-06-05T01:57:47","guid":{"rendered":"https:\/\/sinoextrud.com\/product\/machined-aluminium-profiles-for-windows-and-doors\/"},"modified":"2025-06-24T06:12:04","modified_gmt":"2025-06-24T06:12:04","slug":"perfiles-de-aluminio-mecanizado-para-ventanas-y-puertas","status":"publish","type":"product","link":"https:\/\/sinoextrud.com\/es\/product\/machined-aluminium-profiles-for-windows-and-doors\/","title":{"rendered":"Perfiles de aluminio mecanizados para ventanas y puertas"},"content":{"rendered":"<h2>Productos<\/h2>\n<table class=\"custom-table\">\n<tr>\n<td class=\"label\">1. Nombre del producto:<\/td>\n<td> Perfiles de aluminio mecanizado para ventanas y puertas\uff0c<\/td>\n<\/tr>\n<tr>\n<td class=\"label\">2. Material :<\/td>\n<td> Aleaci\u00f3n de aluminio 6063-T5\uff0c<\/td>\n<\/tr>\n<tr>\n<td class=\"label\">3. Tratamiento de la superficie:<\/td>\n<td> Est\u00e1ndar internacional anodizado, arenado, rojo\uff0c<\/td>\n<\/tr>\n<tr>\n<td class=\"label\">4. Norma ejecutiva:<\/td>\n<td> GB5237-2008\uff0c<\/td>\n<\/tr>\n<tr>\n<td class=\"label\">5. Certificados:<\/td>\n<td> ISO9001\uff0c<\/td>\n<\/tr>\n<tr>\n<td class=\"label\">6. Modelo:<\/td>\n<td> Dise\u00f1o seg\u00fan el dibujo de la costumbre y la costumbre lleva la tarifa del molde\uff0c<\/td>\n<\/tr>\n<\/table>\n<h2>Nuestra base de fabricaci\u00f3n<\/h2>\n<h3>Panorama de la f\u00e1brica<\/h3>\n<p><img decoding=\"async\" src=\"\/wp-content\/uploads\/factory-01.webp\"\/><\/p>\n<h3>Taller de fabricaci\u00f3n de barras de aluminio<\/h3>\n<p><img decoding=\"async\" src=\"\/wp-content\/uploads\/factory-02.webp\"\/><\/p>\n<p><img decoding=\"async\" src=\"\/wp-content\/uploads\/factory-03.webp\"\/><\/p>\n<h3>Almac\u00e9n de moldes<\/h3>\n<p><img decoding=\"async\" src=\"\/wp-content\/uploads\/factory-04.webp\"\/><\/p>\n<h3>43 l\u00edneas de extrusi\u00f3n de aluminio (500-5500 toneladas)<\/h3>\n<p><img decoding=\"async\" src=\"\/wp-content\/uploads\/factory-05.webp\"\/><\/p>\n<p><img decoding=\"async\" src=\"\/wp-content\/uploads\/factory-06.webp\"\/><\/p>\n<p><img decoding=\"async\" src=\"\/wp-content\/uploads\/factory-07.webp\"\/><\/p>\n<h3>Taller de pintura en polvo<\/h3>\n<p><img decoding=\"async\" src=\"\/wp-content\/uploads\/factory-09.webp\"\/><\/p>\n<h3>Taller de anodizado<\/h3>\n<p><img decoding=\"async\" src=\"\/wp-content\/uploads\/factory-10.webp\"\/><\/p>\n<h3>Taller de procesamiento profundo<\/h3>\n<p><img decoding=\"async\" src=\"\/wp-content\/uploads\/factory-11.webp\"\/><\/p>\n<h3>Taller de mecanizado de precisi\u00f3n CNC<\/h3>\n<p><img decoding=\"async\" src=\"\/wp-content\/uploads\/factory-11.5.webp\"\/><\/p>\n<h3>Almac\u00e9n de productos acabados y de exportaci\u00f3n<\/h3>\n<p><img decoding=\"async\" src=\"\/wp-content\/uploads\/factory-12.webp\"\/><\/p>\n<p><img decoding=\"async\" src=\"\/wp-content\/uploads\/factory-13.webp\"\/><\/p>\n<p><img decoding=\"async\" src=\"\/wp-content\/uploads\/factory-14.webp\"\/><\/p>\n<h2>PREGUNTAS FRECUENTES<\/h2>\n<p><p><b>1. \u00bfQu\u00e9 son los perfiles de aluminio mecanizados para ventanas y puertas?<\/b><\/p>\n<p>Se trata de extrusiones de aluminio mecanizadas con precisi\u00f3n para integrarse perfectamente en los marcos de puertas y ventanas, garantizando precisi\u00f3n y rendimiento.<br \/>\n<\/p><br \/>\n<br \/>\n<p><b>2.\u00bfPor qu\u00e9 utilizar perfiles de aluminio mecanizado en ventanas y puertas?<\/b><\/p>\n<p>Ofrecen solidez, resistencia a la corrosi\u00f3n y un ajuste perfecto, mejorando la durabilidad y la eficiencia energ\u00e9tica de los proyectos de construcci\u00f3n.<br \/>\n<\/p><br \/>\n<br \/>\n<p><b>3. \u00bfSon estos perfiles resistentes a la intemperie?<\/b><\/p>\n<p>S\u00ed, las superficies anodizadas o con recubrimiento de polvo protegen contra la corrosi\u00f3n, los rayos UV y la humedad, por lo que son ideales para aplicaciones exteriores.<br \/>\n<\/p><br \/>\n<br \/>\n<p><b>4.\u00bfPuedo solicitar mecanizados a medida para dise\u00f1os de ventanas especiales?<\/b><\/p>\n<p>S\u00ed, ofrecemos mecanizado CNC para satisfacer requisitos de dise\u00f1o exclusivos, incluidas ranuras, orificios y muescas de conectores.<br \/>\n<\/p><br \/>\n<br \/>\n<p><b>5. \u00bfQu\u00e9 tipos de acabado hay disponibles?<\/b><\/p>\n<p>Entre los acabados m\u00e1s habituales se encuentran el anodizado, el recubrimiento en polvo, el cepillado y el veteado de madera, para adaptarse a las distintas necesidades est\u00e9ticas.<br \/>\n<\/p><br \/>\n<br \/>\n<p><b>6.\u00bfSon adecuados estos perfiles para los sistemas de rotura de puente t\u00e9rmico?<\/b><\/p>\n<p>S\u00ed, nuestros perfiles mecanizados pueden integrarse con tecnolog\u00edas de rotura de puente t\u00e9rmico para mejorar el aislamiento de puertas y ventanas.<br \/>\n<\/p><br \/>\n<br \/>\n<p><b>7.\u00bfEs f\u00e1cil la instalaci\u00f3n con perfiles mecanizados?<\/b><\/p>\n<p>S\u00ed, los perfiles est\u00e1n premecanizados para un montaje r\u00e1pido, lo que reduce el tiempo de instalaci\u00f3n y garantiza una alineaci\u00f3n precisa.<br \/>\n<\/p><br \/>\n<br \/>\n<p><b>8.\u00bfQu\u00e9 industrias utilizan perfiles de aluminio mecanizado?<\/b><\/p>\n<p>Se utilizan ampliamente en la construcci\u00f3n, la promoci\u00f3n inmobiliaria, las viviendas prefabricadas y las reformas arquitect\u00f3nicas.<br \/>\n<\/p><br \/><\/p>","protected":false},"featured_media":6998,"template":"","categories":[67],"class_list":["post-6999","product","type-product","status-publish","has-post-thumbnail","hentry","category-architectural-aluminium-profile"],"meta_box":{"hilight_text_group":{"product_hilight_text":"<li>Precision-machined aluminum profiles ensure accurate fit for windows and doors<\/li>\r\r\n<li>High strength-to-weight ratio improves structural integrity without adding bulk<\/li>\r\r\n<li>Corrosion-resistant finish suitable for all weather conditions<\/li>\r\r\n<li>Customizable shapes and cutouts for various architectural designs<\/li>\r\r\n<li>Ready-to-install profiles reduce labor time on-site<\/li>\r\r\n<li>Enhanced thermal and acoustic insulation performance<\/li>\r\r\n<li>Ideal for both residential and commercial construction projects<\/li>","product_chanpin_blog":"<ul>\r\r\n<li><a href=\"https:\/\/sinoextrud.com\/t-slot-v-slot-differences\/\" target=\"_blank\">t slot vs v slot<\/a><\/li>\r\r\n<li><a href=\"https:\/\/sinoextrud.com\/what-is-4040-aluminium-extrud\/\" target=\"_blank\">4040 aluminium extrusion<\/a><\/li>\r\r\n<li><a href=\"https:\/\/sinoextrud.com\/what-is-4040-aluminium-extrud\/\" target=\"_blank\">aluminum extrusions for industrial racks<\/a><\/li>\r\r\n<li><a href=\"https:\/\/sinoextrud.com\/powder-coating-aluminium-process\/\" target=\"_blank\">powder coating aluminium<\/a><\/li>\r\r\n<li><a href=\"https:\/\/sinoextrud.com\/what-is-an-aluminium-strip-ceiling\/\" target=\"_blank\">aluminium strip ceiling<\/a><\/li>\r\r\n<li><a href=\"https:\/\/sinoextrud.com\/what-is-a-heat-sink\/\" target=\"_blank\">what is a heat sink<\/a><\/li>\r\r\n<\/ul>","product_chanpin_chanpin":"<li><a href=\"https:\/\/sinoextrud.com\/product\/anodized-aluminum-profile-kitchen-cabinet-frame\/\" target=\"_blank\">Anodized Aluminum Profile Kitchen Cabinet Frame<\/a><\/li>\r\n<li><a href=\"https:\/\/sinoextrud.com\/product\/aluminum-extrusions-for-wall-panels-u-shape\/\" target=\"_blank\">Aluminum Extrusions For Wall Panels U Shape<\/a><\/li>\r\n<li><a href=\"https:\/\/sinoextrud.com\/product\/polished-sliver-aluminium-profile-like-mirror\/\" target=\"_blank\">Polished Sliver Aluminium Profile Like Mirror<\/a><\/li>\r\n<li><a href=\"https:\/\/sinoextrud.com\/product\/modular-aluminium-frame\/\" target=\"_blank\">Modular Aluminium Frame<\/a><\/li>\r\n<li><a href=\"https:\/\/sinoextrud.com\/product\/machined-aluminium-profiles-for-windows-and-doors\/\" target=\"_blank\">Machined Aluminium Profiles For Windows And Doors<\/a><\/li>\r\n<li><a href=\"https:\/\/sinoextrud.com\/product\/aluminum-trailer-door-frame-extrusions\/\" target=\"_blank\">Aluminum Trailer Door Frame Extrusions<\/a><\/li>\r\n<li><a href=\"https:\/\/sinoextrud.com\/product\/aluminium-shower-extrusions\/\" target=\"_blank\">Aluminium Shower Extrusions<\/a><\/li>\r\n<li><a href=\"https:\/\/sinoextrud.com\/product\/aluminium-profile-material\/\" target=\"_blank\">Aluminium Profile Material<\/a><\/li>\r\n<li><a href=\"https:\/\/sinoextrud.com\/product\/aluminium-frame-extrusion-profile-picture-frame-profile-for-interior-decoration\/\" target=\"_blank\">Aluminium Frame Extrusion Profile Picture Frame Profile For Interior Decoration<\/a><\/li>\r\n<li><a href=\"https:\/\/sinoextrud.com\/product\/wardrobe-cabinet-sliding-aluminum-profile\/\" target=\"_blank\">Wardrobe Cabinet Sliding Aluminum Profile<\/a><\/li>\r\n<li><a href=\"https:\/\/sinoextrud.com\/product\/20-year-warranty-6061-6063-aluminum-wood-grain-look-aluminum-extruded-square-rectangular-tube\/\" target=\"_blank\">20-Year Warranty 6061 6063 Aluminum Wood Grain Look Aluminum Extruded Square Rectangular Tube<\/a><\/li>"},"feature_list":[]},"_links":{"self":[{"href":"https:\/\/sinoextrud.com\/es\/wp-json\/wp\/v2\/product\/6999","targetHints":{"allow":["GET"]}}],"collection":[{"href":"https:\/\/sinoextrud.com\/es\/wp-json\/wp\/v2\/product"}],"about":[{"href":"https:\/\/sinoextrud.com\/es\/wp-json\/wp\/v2\/types\/product"}],"wp:featuredmedia":[{"embeddable":true,"href":"https:\/\/sinoextrud.com\/es\/wp-json\/wp\/v2\/media\/6998"}],"wp:attachment":[{"href":"https:\/\/sinoextrud.com\/es\/wp-json\/wp\/v2\/media?parent=6999"}],"wp:term":[{"taxonomy":"category","embeddable":true,"href":"https:\/\/sinoextrud.com\/es\/wp-json\/wp\/v2\/categories?post=6999"}],"curies":[{"name":"wp","href":"https:\/\/api.w.org\/{rel}","templated":true}]}}