{"id":6989,"date":"2025-06-05T01:33:47","date_gmt":"2025-06-05T01:33:47","guid":{"rendered":"https:\/\/sinoextrud.com\/product\/aluminium-oxide\/"},"modified":"2025-06-24T06:12:02","modified_gmt":"2025-06-24T06:12:02","slug":"oxido-de-aluminio","status":"publish","type":"product","link":"https:\/\/sinoextrud.com\/es\/product\/aluminium-oxide\/","title":{"rendered":"\u00d3xido de aluminio"},"content":{"rendered":"<h2>Productos<\/h2>\n<table class=\"custom-table\">\n<tr>\n<td class=\"label\">Tipo:<\/td>\n<td> Oxido de aluminio\uff0c<\/td>\n<\/tr>\n<tr>\n<td class=\"label\">Grado:<\/td>\n<td> Serie 6000\uff0c<\/td>\n<\/tr>\n<tr>\n<td class=\"label\">Temperamento:<\/td>\n<td> T3-T8\uff0c<\/td>\n<\/tr>\n<tr>\n<td class=\"label\">Aleaci\u00f3n:<\/td>\n<td> Es Alloy\uff0c<\/td>\n<\/tr>\n<tr>\n<td class=\"label\">Longitud:<\/td>\n<td> 1-9 metros o personalizado\uff0c<\/td>\n<\/tr>\n<tr>\n<td class=\"label\">Certificaci\u00f3n:<\/td>\n<td> ISO9001, TUV, SGS\uff0c<\/td>\n<\/tr>\n<tr>\n<td class=\"label\">Paquete de transporte:<\/td>\n<td> Pel\u00edcula protectora de pl\u00e1stico y papel impermeable para manualidades\uff0c<\/td>\n<\/tr>\n<tr>\n<td class=\"label\">Desarrollo de moldes:<\/td>\n<td> 8-15 d\u00edas\uff0c<\/td>\n<\/tr>\n<tr>\n<td class=\"label\">Tiempo de producci\u00f3n en masa:<\/td>\n<td> 25-30 d\u00edas despu\u00e9s de confirmar la muestra por el comprador\uff0c<\/td>\n<\/tr>\n<tr>\n<td class=\"label\">Control de calidad:<\/td>\n<td> 100% Inspecci\u00f3n antes del env\u00edo\uff0c<\/td>\n<\/tr>\n<\/table>\n<h2>Nuestra base de fabricaci\u00f3n<\/h2>\n<h3>Panorama de la f\u00e1brica<\/h3>\n<p><img decoding=\"async\" src=\"\/wp-content\/uploads\/factory-01.webp\"\/><\/p>\n<h3>Taller de fabricaci\u00f3n de barras de aluminio<\/h3>\n<p><img decoding=\"async\" src=\"\/wp-content\/uploads\/factory-02.webp\"\/><\/p>\n<\/p>\n<p><img decoding=\"async\" src=\"\/wp-content\/uploads\/factory-03.webp\"\/><\/p>\n<h3>Almac\u00e9n de moldes<\/h3>\n<p><img decoding=\"async\" src=\"\/wp-content\/uploads\/factory-04.webp\"\/><\/p>\n<h3>43 l\u00edneas de extrusi\u00f3n de aluminio (500-5500 toneladas)<\/h3>\n<p><img decoding=\"async\" src=\"\/wp-content\/uploads\/factory-05.webp\"\/><\/p>\n<p><img decoding=\"async\" src=\"\/wp-content\/uploads\/factory-06.webp\"\/><\/p>\n<p><img decoding=\"async\" src=\"\/wp-content\/uploads\/factory-07.webp\"\/><\/p>\n<h3>Taller de pintura en polvo<\/h3>\n<p><img decoding=\"async\" src=\"\/wp-content\/uploads\/factory-09.webp\"\/><\/p>\n<h3>Taller de anodizado<\/h3>\n<p><img decoding=\"async\" src=\"\/wp-content\/uploads\/factory-10.webp\"\/><\/p>\n<h3>Taller de procesamiento profundo<\/h3>\n<p><img decoding=\"async\" src=\"\/wp-content\/uploads\/factory-11.webp\"\/><\/p>\n<h3>Taller de mecanizado de precisi\u00f3n CNC<\/h3>\n<p><img decoding=\"async\" src=\"\/wp-content\/uploads\/factory-11.5.webp\"\/><\/p>\n<h3>Almac\u00e9n de productos acabados y de exportaci\u00f3n<\/h3>\n<p><img decoding=\"async\" src=\"\/wp-content\/uploads\/factory-12.webp\"\/><\/p>\n<p><img decoding=\"async\" src=\"\/wp-content\/uploads\/factory-13.webp\"\/><\/p>\n<p><img decoding=\"async\" src=\"\/wp-content\/uploads\/factory-14.webp\"\/><\/p>\n<h2>PREGUNTAS FRECUENTES<\/h2>\n<p><b>1. \u00bfQu\u00e9 es el \u00f3xido de aluminio?<\/b><\/p>\n<p>El \u00f3xido de aluminio es un compuesto qu\u00edmico de aluminio y ox\u00edgeno, ampliamente utilizado como abrasivo, en cer\u00e1mica y revestimientos industriales.\n<\/p>\n<p><\/p>\n<p><b>2.\u00bfPor qu\u00e9 se utiliza el \u00f3xido de aluminio en los productos abrasivos?<\/b><\/p>\n<p>Tiene una gran dureza y tenacidad, por lo que es ideal para operaciones de amolado, lijado y corte.\n<\/p>\n<p><\/p>\n<p><b>3.\u00bfEs qu\u00edmicamente estable el \u00f3xido de aluminio?<\/b><\/p>\n<p>S\u00ed, ofrece una excelente estabilidad qu\u00edmica y t\u00e9rmica, adecuada para entornos reactivos y a altas temperaturas.\n<\/p>\n<p><\/p>\n<p><b>4.\u00bfQu\u00e9 industrias utilizan habitualmente el \u00f3xido de aluminio?<\/b><\/p>\n<p>Industrias como la metal\u00fargica, la cer\u00e1mica, la electr\u00f3nica y la aeroespacial utilizan el \u00f3xido de aluminio por su durabilidad y rendimiento.\n<\/p>\n<p><\/p>\n<p><b>5. \u00bfEs seguro utilizar \u00f3xido de aluminio?<\/b><\/p>\n<p>S\u00ed, no es t\u00f3xico y es inerte, por lo que es seguro para aplicaciones industriales y comerciales con una manipulaci\u00f3n adecuada.\n<\/p>\n<p><\/p>\n<p><b>6.\u00bfSe puede utilizar \u00f3xido de aluminio para pulir?<\/b><\/p>\n<p>Por supuesto, se suele utilizar en polvos finos y compuestos para pulir vidrio, metales y piedras preciosas.\n<\/p>\n<p><\/p>\n<p><b>7. \u00bfExisten diferentes grados de \u00f3xido de aluminio?<\/b><\/p>\n<p>S\u00ed, est\u00e1 disponible en una gama de purezas y tama\u00f1os de part\u00edcula para satisfacer las necesidades espec\u00edficas de cada aplicaci\u00f3n.\n<\/p>\n<p><\/p>\n<p><b>8.\u00bfEs el \u00f3xido de aluminio respetuoso con el medio ambiente?<\/b><\/p>\n<p>S\u00ed, es natural, reciclable y no peligroso, lo que lo convierte en un material industrial sostenible.\n<\/p>\n<p><\/p>","protected":false},"featured_media":6988,"template":"","categories":[67],"class_list":["post-6989","product","type-product","status-publish","has-post-thumbnail","hentry","category-architectural-aluminium-profile"],"meta_box":{"hilight_text_group":{"product_hilight_text":"<li>High hardness and strength ideal for abrasive and cutting applications<\/li>\r\r\n<li>Excellent thermal and chemical stability for industrial processing<\/li>\r\r\n<li>Used in coatings, ceramics, and polishing compounds<\/li>\r\r\n<li>Available in multiple grades for specific industrial uses<\/li>\r\r\n<li>Non-toxic and environmentally friendly material<\/li>\r\r\n<li>Consistent particle size for precision applications<\/li>\r\r\n<li>Highly durable and wear-resistant for long service life<\/li>","product_chanpin_blog":"<ul>\r\r\n<li><a href=\"https:\/\/sinoextrud.com\/t-slot-v-slot-differences\/\" target=\"_blank\">t slot vs v slot<\/a><\/li>\r\r\n<li><a href=\"https:\/\/sinoextrud.com\/what-is-4040-aluminium-extrud\/\" target=\"_blank\">4040 aluminium extrusion<\/a><\/li>\r\r\n<li><a href=\"https:\/\/sinoextrud.com\/what-is-4040-aluminium-extrud\/\" target=\"_blank\">aluminum extrusions for industrial racks<\/a><\/li>\r\r\n<li><a href=\"https:\/\/sinoextrud.com\/powder-coating-aluminium-process\/\" target=\"_blank\">powder coating aluminium<\/a><\/li>\r\r\n<li><a href=\"https:\/\/sinoextrud.com\/what-is-an-aluminium-strip-ceiling\/\" target=\"_blank\">aluminium strip ceiling<\/a><\/li>\r\r\n<li><a href=\"https:\/\/sinoextrud.com\/what-is-a-heat-sink\/\" target=\"_blank\">what is a heat sink<\/a><\/li>\r\r\n<\/ul>","product_chanpin_chanpin":"<li><a href=\"https:\/\/sinoextrud.com\/product\/aluminum-door-jamb-extrusions\/\" target=\"_blank\">Aluminum Door Jamb Extrusions<\/a><\/li>\r\n<li><a href=\"https:\/\/sinoextrud.com\/product\/aluminum-rail-profile\/\" target=\"_blank\">Aluminum Rail Profile<\/a><\/li>\r\n<li><a href=\"https:\/\/sinoextrud.com\/product\/fluorocarbon-coated-heavy-duty-exposed-aluminium-frame-glazed-building-curtain-wall-aluminium-profile\/\" target=\"_blank\">Fluorocarbon coated heavy duty exposed aluminium frame glazed building curtain wall aluminium profile<\/a><\/li>\r\n<li><a href=\"https:\/\/sinoextrud.com\/product\/extruded-aluminum-channel-stock\/\" target=\"_blank\">Extruded Aluminum Channel Stock<\/a><\/li>\r\n<li><a href=\"https:\/\/sinoextrud.com\/product\/aluminium-oxide\/\" target=\"_blank\">Aluminium Oxide<\/a><\/li>\r\n<li><a href=\"https:\/\/sinoextrud.com\/product\/anodized-aluminum-profile-kitchen-cabinet-frame\/\" target=\"_blank\">Anodized Aluminum Profile Kitchen Cabinet Frame<\/a><\/li>\r\n<li><a href=\"https:\/\/sinoextrud.com\/product\/aluminum-extrusions-for-wall-panels-u-shape\/\" target=\"_blank\">Aluminum Extrusions For Wall Panels U Shape<\/a><\/li>\r\n<li><a href=\"https:\/\/sinoextrud.com\/product\/polished-sliver-aluminium-profile-like-mirror\/\" target=\"_blank\">Polished Sliver Aluminium Profile Like Mirror<\/a><\/li>\r\n<li><a href=\"https:\/\/sinoextrud.com\/product\/modular-aluminium-frame\/\" target=\"_blank\">Modular Aluminium Frame<\/a><\/li>\r\n<li><a href=\"https:\/\/sinoextrud.com\/product\/aluminum-wall-washer-aluminum-heat-sink-profiles-wit\/\" target=\"_blank\">Aluminum Wall Washer Aluminum Heat Sink Profiles Wit<\/a><\/li>\r\n<li><a href=\"https:\/\/sinoextrud.com\/product\/aluminium-shelf-extrusion\/\" target=\"_blank\">Aluminium Shelf Extrusion<\/a><\/li>"},"feature_list":[]},"_links":{"self":[{"href":"https:\/\/sinoextrud.com\/es\/wp-json\/wp\/v2\/product\/6989","targetHints":{"allow":["GET"]}}],"collection":[{"href":"https:\/\/sinoextrud.com\/es\/wp-json\/wp\/v2\/product"}],"about":[{"href":"https:\/\/sinoextrud.com\/es\/wp-json\/wp\/v2\/types\/product"}],"wp:featuredmedia":[{"embeddable":true,"href":"https:\/\/sinoextrud.com\/es\/wp-json\/wp\/v2\/media\/6988"}],"wp:attachment":[{"href":"https:\/\/sinoextrud.com\/es\/wp-json\/wp\/v2\/media?parent=6989"}],"wp:term":[{"taxonomy":"category","embeddable":true,"href":"https:\/\/sinoextrud.com\/es\/wp-json\/wp\/v2\/categories?post=6989"}],"curies":[{"name":"wp","href":"https:\/\/api.w.org\/{rel}","templated":true}]}}