{"id":6940,"date":"2025-06-04T03:14:59","date_gmt":"2025-06-04T03:14:59","guid":{"rendered":"https:\/\/sinoextrud.com\/product\/aluminum-rail-profile\/"},"modified":"2025-06-24T06:12:02","modified_gmt":"2025-06-24T06:12:02","slug":"perfil-de-aluminio-2","status":"publish","type":"product","link":"https:\/\/sinoextrud.com\/es\/product\/aluminum-rail-profile\/","title":{"rendered":"Perfil de riel de aluminio"},"content":{"rendered":"<h2>Productos<\/h2>\n<table class=\"custom-table\">\n<tr>\n<td class=\"label\">Nombre del art\u00edculo<\/td>\n<td>Perfil de carril de aluminio\uff0c<\/td>\n<\/tr>\n<tr>\n<td class=\"label\">Calidad del material<\/td>\n<td>6063, 6061\uff0c<\/td>\n<\/tr>\n<tr>\n<td class=\"label\">Temple<\/td>\n<td>T5-T6\uff0c<\/td>\n<\/tr>\n<tr>\n<td class=\"label\">Tecnolog\u00eda<\/td>\n<td>Extrusi\u00f3n de aluminio\uff0c<\/td>\n<\/tr>\n<tr>\n<td class=\"label\">Tratamiento de superficies<\/td>\n<td>Anodizado, recubrimiento en polvo, chorro de arena, electroforesis, fluorocarbono, etc.<\/td>\n<\/tr>\n<tr>\n<td class=\"label\">Color<\/td>\n<td>Personalizado\uff0c<\/td>\n<\/tr>\n<tr>\n<td class=\"label\">Espesor de anodizado<\/td>\n<td>8-25 um\uff0c<\/td>\n<\/tr>\n<tr>\n<td class=\"label\">Potencia Espesor del revestimiento<\/td>\n<td>40-120 um\uff0c<\/td>\n<\/tr>\n<tr>\n<td class=\"label\">Forma<\/td>\n<td>Personalizado\uff0c<\/td>\n<\/tr>\n<tr>\n<td class=\"label\">Dimensi\u00f3n<\/td>\n<td>Personalizado\uff0c<\/td>\n<\/tr>\n<tr>\n<td class=\"label\">Tratamiento en profundidad<\/td>\n<td>cortar, taladrar, punzonar, doblar, etc.\uff0c<\/td>\n<\/tr>\n<tr>\n<td class=\"label\">Dise\u00f1o 2D y 3D<\/td>\n<td>Auto CAD, 3D, AI, SLD, PRT. IGS, PDF, JPEG, etc.<\/td>\n<\/tr>\n<tr>\n<td class=\"label\">Ingenier\u00eda y herramientas<\/td>\n<td>1: 8 ingenieros en el taller de moldes.<br \/>\n2: Utilice extrusora de alto tonelaje, electroerosi\u00f3n por hilo, CNC, m\u00e1quinas de perforaci\u00f3n, etc.<\/td>\n<\/tr>\n<tr>\n<td class=\"label\">Control de calidad<\/td>\n<td>1.SO Aprobado.<br \/>\n2.Aprobado por la CE<br \/>\n3.Inspecci\u00f3n in situ.<br \/>\n4.Inspecci\u00f3n antes del env\u00edo.<br \/>\n5.M\u00e1quina de pruebas\uff0c<\/td>\n<\/tr>\n<tr>\n<td class=\"label\">Detalles del embalaje<\/td>\n<td>(1) Interior: envasado con una pel\u00edcula protectora de pl\u00e1stico para proteger cada pieza.<br \/>\n(2) Exterior: Envolver a ser paquetes por waterproofcraftpaper\uff0c.<\/td>\n<\/tr>\n<tr>\n<td class=\"label\">Entrega<\/td>\n<td>(1) Desarrollo de matrices y prueba de muestras: 12-18 d\u00edas.<br \/>\n(2) Producci\u00f3n en serie: 20-30daysaftersampleisconfirmedpor Buyer.\uff0c<\/td>\n<\/tr>\n<tr>\n<td class=\"label\">Plazo de pago<\/td>\n<td>T\/T 30%for dep\u00f3sito, saldo antes de shipping.\uff0c<\/td>\n<\/tr>\n<\/table>\n<h2>Nuestra base de fabricaci\u00f3n<\/h2>\n<h3>Panorama de la f\u00e1brica<\/h3>\n<p><img decoding=\"async\" src=\"\/wp-content\/uploads\/factory-01.webp\"\/><\/p>\n<h3>Taller de fabricaci\u00f3n de barras de aluminio<\/h3>\n<p><img decoding=\"async\" src=\"\/wp-content\/uploads\/factory-02.webp\"\/><\/p>\n<p><img decoding=\"async\" src=\"\/wp-content\/uploads\/factory-03.webp\"\/><\/p>\n<h3>Almac\u00e9n de moldes<\/h3>\n<p><img decoding=\"async\" src=\"\/wp-content\/uploads\/factory-04.webp\"\/><\/p>\n<h3>43 l\u00edneas de extrusi\u00f3n de aluminio (500-5500 toneladas)<\/h3>\n<p><img decoding=\"async\" src=\"\/wp-content\/uploads\/factory-05.webp\"\/><\/p>\n<p><img decoding=\"async\" src=\"\/wp-content\/uploads\/factory-06.webp\"\/><\/p>\n<p><img decoding=\"async\" src=\"\/wp-content\/uploads\/factory-07.webp\"\/><\/p>\n<h3>Taller de pintura en polvo<\/h3>\n<p><img decoding=\"async\" src=\"\/wp-content\/uploads\/factory-09.webp\"\/><\/p>\n<h3>Taller de anodizado<\/h3>\n<p><img decoding=\"async\" src=\"\/wp-content\/uploads\/factory-10.webp\"\/><\/p>\n<h3>Taller de procesamiento profundo<\/h3>\n<p><img decoding=\"async\" src=\"\/wp-content\/uploads\/factory-11.webp\"\/><\/p>\n<h3>Taller de mecanizado de precisi\u00f3n CNC<\/h3>\n<p><img decoding=\"async\" src=\"\/wp-content\/uploads\/factory-11.5.webp\"\/><\/p>\n<h3>Almac\u00e9n de productos acabados y de exportaci\u00f3n<\/h3>\n<p><img decoding=\"async\" src=\"\/wp-content\/uploads\/factory-12.webp\"\/><\/p>\n<p><img decoding=\"async\" src=\"\/wp-content\/uploads\/factory-13.webp\"\/><\/p>\n<p><img decoding=\"async\" src=\"\/wp-content\/uploads\/factory-14.webp\"\/><\/p>\n<h2>PREGUNTAS FRECUENTES<\/h2>\n<p><p><b>1. \u00bfQu\u00e9 son los perfiles de aluminio para rieles?<\/b><\/p>\n<p>Los perfiles de aluminio para ra\u00edles son extrusiones de aluminio especialmente dise\u00f1adas para construir sistemas de ra\u00edles, que ofrecen resistencia, durabilidad y atractivo est\u00e9tico.<br \/>\n<\/p><br \/>\n<br \/>\n<p><b>2.\u00bfPor qu\u00e9 elegir aluminio para los perfiles de los ra\u00edles?<\/b><\/p>\n<p>El aluminio ofrece una elevada relaci\u00f3n resistencia-peso, resistencia a la corrosi\u00f3n y flexibilidad de dise\u00f1o, por lo que resulta ideal para sistemas de ra\u00edles duraderos y elegantes.<br \/>\n<\/p><br \/>\n<br \/>\n<p><b>3.\u00bfQu\u00e9 aleaciones de aluminio se utilizan habitualmente para los perfiles de los ra\u00edles?<\/b><\/p>\n<p>Las aleaciones m\u00e1s comunes son la 6061-T6, por su alta resistencia y resistencia a la corrosi\u00f3n, y la 6063-T5, por su excelente acabado superficial y conformabilidad.<br \/>\n<\/p><br \/>\n<br \/>\n<p><b>4.\u00bfQu\u00e9 acabados superficiales hay disponibles para los perfiles de aluminio para ra\u00edles?<\/b><\/p>\n<p>Los acabados disponibles incluyen anodizado, recubrimiento en polvo y acabado fresado, ofreciendo una gama de colores y texturas para complementar diversos dise\u00f1os arquitect\u00f3nicos.<br \/>\n<\/p><br \/>\n<br \/>\n<p><b>5.\u00bfSe pueden personalizar los perfiles de aluminio para rieles?<\/b><\/p>\n<p>S\u00ed, los fabricantes ofrecen personalizaci\u00f3n en t\u00e9rminos de tama\u00f1o, forma y acabado para satisfacer los requisitos espec\u00edficos del proyecto y las preferencias de dise\u00f1o.<br \/>\n<\/p><br \/>\n<br \/>\n<p><b>6. \u00bfSon estos perfiles adecuados tanto para aplicaciones residenciales como comerciales?<\/b><\/p>\n<p>Por supuesto, los perfiles de barandilla de aluminio son ideales para una amplia gama de entornos, incluidos hogares, oficinas, hoteles y espacios comerciales.<br \/>\n<\/p><br \/>\n<br \/>\n<p><b>7.\u00bfEs el aluminio un material respetuoso con el medio ambiente para los sistemas ferroviarios?<\/b><\/p>\n<p>S\u00ed, el aluminio es totalmente reciclable sin p\u00e9rdida de propiedades, lo que lo convierte en una opci\u00f3n sostenible para proyectos de construcci\u00f3n concienciados con el medio ambiente.<br \/>\n<\/p><br \/><\/p>","protected":false},"featured_media":6939,"template":"","categories":[67],"class_list":["post-6940","product","type-product","status-publish","has-post-thumbnail","hentry","category-architectural-aluminium-profile"],"meta_box":{"hilight_text_group":{"product_hilight_text":"<li>Manufactured from high-strength aluminum alloys such as 6061-T6 and 6063-T5, offering excellent durability and corrosion resistance.<\/li>\r\r\n<li>Designed specifically for rail applications, providing precise dimensions and tight tolerances for seamless integration.<\/li>\r\r\n<li>Available in various finishes including anodized, powder-coated, and mill finish to match diverse architectural styles.<\/li>\r\r\n<li>Lightweight construction facilitates easy handling and installation, reducing labor costs.<\/li>\r\r\n<li>Excellent thermal conductivity and compatibility with thermal break systems enhance energy efficiency.<\/li>\r\r\n<li>Customizable profiles to meet specific design requirements and project specifications.<\/li>\r\r\n<li>Environmentally friendly and fully recyclable, supporting sustainable construction practices.<\/li>","product_chanpin_blog":"<ul>\r\r\n<li><a href=\"https:\/\/sinoextrud.com\/t-slot-v-slot-differences\/\" target=\"_blank\">t slot vs v slot<\/a><\/li>\r\r\n<li><a href=\"https:\/\/sinoextrud.com\/what-is-4040-aluminium-extrud\/\" target=\"_blank\">4040 aluminium extrusion<\/a><\/li>\r\r\n<li><a href=\"https:\/\/sinoextrud.com\/what-is-4040-aluminium-extrud\/\" target=\"_blank\">aluminum extrusions for industrial racks<\/a><\/li>\r\r\n<li><a href=\"https:\/\/sinoextrud.com\/powder-coating-aluminium-process\/\" target=\"_blank\">powder coating aluminium<\/a><\/li>\r\r\n<li><a href=\"https:\/\/sinoextrud.com\/what-is-an-aluminium-strip-ceiling\/\" target=\"_blank\">aluminium strip ceiling<\/a><\/li>\r\r\n<li><a href=\"https:\/\/sinoextrud.com\/what-is-a-heat-sink\/\" target=\"_blank\">what is a heat sink<\/a><\/li>\r\r\n<\/ul>","product_chanpin_chanpin":"<li><a href=\"https:\/\/sinoextrud.com\/product\/rectangular-aluminum-extrusions\/\" target=\"_blank\">Rectangular Aluminum Extrusions<\/a><\/li>\r\n<li><a href=\"https:\/\/sinoextrud.com\/product\/aluminium-extrusion-profiles-for-the-windows\/\" target=\"_blank\">Aluminium Extrusion Profiles For The Windows<\/a><\/li>\r\n<li><a href=\"https:\/\/sinoextrud.com\/product\/aluminum-extrusion-polished-square-tupe\/\" target=\"_blank\">Aluminum Extrusion Polished Square Tupe<\/a><\/li>\r\n<li><a href=\"https:\/\/sinoextrud.com\/product\/aluminum-door-jamb-extrusions\/\" target=\"_blank\">Aluminum Door Jamb Extrusions<\/a><\/li>\r\n<li><a href=\"https:\/\/sinoextrud.com\/product\/aluminum-rail-profile\/\" target=\"_blank\">Aluminum Rail Profile<\/a><\/li>\r\n<li><a href=\"https:\/\/sinoextrud.com\/product\/fluorocarbon-coated-heavy-duty-exposed-aluminium-frame-glazed-building-curtain-wall-aluminium-profile\/\" target=\"_blank\">Fluorocarbon coated heavy duty exposed aluminium frame glazed building curtain wall aluminium profile<\/a><\/li>\r\n<li><a href=\"https:\/\/sinoextrud.com\/product\/extruded-aluminum-channel-stock\/\" target=\"_blank\">Extruded Aluminum Channel Stock<\/a><\/li>\r\n<li><a href=\"https:\/\/sinoextrud.com\/product\/aluminium-oxide\/\" target=\"_blank\">Aluminium Oxide<\/a><\/li>\r\n<li><a href=\"https:\/\/sinoextrud.com\/product\/anodized-aluminum-profile-kitchen-cabinet-frame\/\" target=\"_blank\">Anodized Aluminum Profile Kitchen Cabinet Frame<\/a><\/li>\r\n<li><a href=\"https:\/\/sinoextrud.com\/product\/aluminum-partitioning-windows-doors-nigeria-design\/\" target=\"_blank\">Aluminum Partitioning Windows Doors Nigeria Design<\/a><\/li>\r\n<li><a href=\"https:\/\/sinoextrud.com\/product\/aluminium-profiles-and-accessories\/\" target=\"_blank\">Aluminium Profiles And Accessories<\/a><\/li>"},"feature_list":[]},"_links":{"self":[{"href":"https:\/\/sinoextrud.com\/es\/wp-json\/wp\/v2\/product\/6940","targetHints":{"allow":["GET"]}}],"collection":[{"href":"https:\/\/sinoextrud.com\/es\/wp-json\/wp\/v2\/product"}],"about":[{"href":"https:\/\/sinoextrud.com\/es\/wp-json\/wp\/v2\/types\/product"}],"wp:featuredmedia":[{"embeddable":true,"href":"https:\/\/sinoextrud.com\/es\/wp-json\/wp\/v2\/media\/6939"}],"wp:attachment":[{"href":"https:\/\/sinoextrud.com\/es\/wp-json\/wp\/v2\/media?parent=6940"}],"wp:term":[{"taxonomy":"category","embeddable":true,"href":"https:\/\/sinoextrud.com\/es\/wp-json\/wp\/v2\/categories?post=6940"}],"curies":[{"name":"wp","href":"https:\/\/api.w.org\/{rel}","templated":true}]}}