{"id":6916,"date":"2025-06-04T02:12:54","date_gmt":"2025-06-04T02:12:54","guid":{"rendered":"https:\/\/sinoextrud.com\/product\/aluminum-t-bar-extrusion\/"},"modified":"2025-06-24T06:11:58","modified_gmt":"2025-06-24T06:11:58","slug":"extrusion-de-barra-t-de-aluminio","status":"publish","type":"product","link":"https:\/\/sinoextrud.com\/es\/product\/aluminum-t-bar-extrusion\/","title":{"rendered":"Extrusi\u00f3n de barra en T de aluminio"},"content":{"rendered":"<h2>Productos<\/h2>\n<table class=\"custom-table\">\n<tr>\n<td class=\"label\">Modelo NO.:<\/td>\n<td>Extrusi\u00f3n de barra en T de aluminio 6063\uff0c<\/td>\n<\/tr>\n<tr>\n<td class=\"label\">Temperamento:<\/td>\n<td>T3 - T8\uff0c<\/td>\n<\/tr>\n<tr>\n<td class=\"label\">Tratamiento de la superficie:<\/td>\n<td>anodizado sliver\uff0c<\/td>\n<\/tr>\n<tr>\n<td class=\"label\">Aleaci\u00f3n:<\/td>\n<td>Aleaci\u00f3n\uff0c<\/td>\n<\/tr>\n<tr>\n<td class=\"label\">Tipo:<\/td>\n<td>Perfiles de aluminio para embellecedores de ventanas\uff0c<\/td>\n<\/tr>\n<tr>\n<td class=\"label\">T\u00e9cnica:<\/td>\n<td>Extruido\uff0c<\/td>\n<\/tr>\n<tr>\n<td class=\"label\">Marca registrada:<\/td>\n<td>OEM\uff0c<\/td>\n<\/tr>\n<tr>\n<td class=\"label\">Origen:<\/td>\n<td>Guangdong China\uff0c<\/td>\n<\/tr>\n<tr>\n<td class=\"label\">Forma:<\/td>\n<td>igual que en el dibujo\uff0c<\/td>\n<\/tr>\n<tr>\n<td class=\"label\">Certificaci\u00f3n:<\/td>\n<td>EN, ASTM, GB\/T\uff0c<\/td>\n<\/tr>\n<tr>\n<td class=\"label\">Tama\u00f1o:<\/td>\n<td>100*20 mm\uff0c<\/td>\n<\/tr>\n<tr>\n<td class=\"label\">C\u00f3digo SA:<\/td>\n<td>7604299000\uff0c<\/td>\n<\/tr>\n<tr>\n<td class=\"label\">Espesor de pared:<\/td>\n<td>1.2mm. Personalizado disponible\uff0c<\/td>\n<\/tr>\n<\/table>\n<h2>Nuestra base de fabricaci\u00f3n<\/h2>\n<h3>Panorama de la f\u00e1brica<\/h3>\n<p><img decoding=\"async\" src=\"\/wp-content\/uploads\/factory-01.webp\"\/><\/p>\n<h3>Taller de fabricaci\u00f3n de barras de aluminio<\/h3>\n<p><img decoding=\"async\" src=\"\/wp-content\/uploads\/factory-02.webp\"\/><\/p>\n<p><img decoding=\"async\" src=\"\/wp-content\/uploads\/factory-03.webp\"\/><\/p>\n<h3>Almac\u00e9n de moldes<\/h3>\n<p><img decoding=\"async\" src=\"\/wp-content\/uploads\/factory-04.webp\"\/><\/p>\n<h3>43 l\u00edneas de extrusi\u00f3n de aluminio (500-5500 toneladas)<\/h3>\n<p><img decoding=\"async\" src=\"\/wp-content\/uploads\/factory-05.webp\"\/><\/p>\n<p><img decoding=\"async\" src=\"\/wp-content\/uploads\/factory-06.webp\"\/><\/p>\n<p><img decoding=\"async\" src=\"\/wp-content\/uploads\/factory-07.webp\"\/><\/p>\n<h3>Taller de pintura en polvo<\/h3>\n<p><img decoding=\"async\" src=\"\/wp-content\/uploads\/factory-09.webp\"\/><\/p>\n<h3>Taller de anodizado<\/h3>\n<p><img decoding=\"async\" src=\"\/wp-content\/uploads\/factory-10.webp\"\/><\/p>\n<h3>Taller de procesamiento profundo<\/h3>\n<p><img decoding=\"async\" src=\"\/wp-content\/uploads\/factory-11.webp\"\/><\/p>\n<h3>Taller de mecanizado de precisi\u00f3n CNC<\/h3>\n<p><img decoding=\"async\" src=\"\/wp-content\/uploads\/factory-11.5.webp\"\/><\/p>\n<h3>Almac\u00e9n de productos acabados y de exportaci\u00f3n<\/h3>\n<p><img decoding=\"async\" src=\"\/wp-content\/uploads\/factory-12.webp\"\/><\/p>\n<p><img decoding=\"async\" src=\"\/wp-content\/uploads\/factory-13.webp\"\/><\/p>\n<p><img decoding=\"async\" src=\"\/wp-content\/uploads\/factory-14.webp\"\/><\/p>\n<h2>PREGUNTAS FRECUENTES<\/h2>\n<p><p><b>1. \u00bfQu\u00e9 es una extrusi\u00f3n de aluminio en forma de H?<\/b><\/p>\n<p>Una extrusi\u00f3n de aluminio en forma de H es un perfil con una secci\u00f3n transversal en forma de H, com\u00fanmente utilizado en la construcci\u00f3n y en aplicaciones industriales para soporte estructural y enmarcado.<br \/>\n<\/p><br \/>\n<br \/>\n<p><b>2.\u00bfPor qu\u00e9 elegir aluminio para los perfiles en forma de H?<\/b><\/p>\n<p>El aluminio ofrece una elevada relaci\u00f3n resistencia-peso, resistencia a la corrosi\u00f3n y facilidad de fabricaci\u00f3n, lo que lo hace ideal para perfiles en forma de H en diversas aplicaciones.<br \/>\n<\/p><br \/>\n<br \/>\n<p><b>3. \u00bfCu\u00e1les son las aplicaciones m\u00e1s comunes de las extrusiones de aluminio en forma de H?<\/b><\/p>\n<p>Se utilizan ampliamente en marcos de construcci\u00f3n, molduras arquitect\u00f3nicas, bordes protectores, chasis de veh\u00edculos, sistemas de estanter\u00edas y mobiliario para tiendas.<br \/>\n<\/p><br \/>\n<br \/>\n<p><b>4. \u00bfSe pueden personalizar las dimensiones de las extrusiones de aluminio en forma de H?<\/b><\/p>\n<p>S\u00ed, los fabricantes ofrecen la posibilidad de personalizar el tama\u00f1o, el grosor y el acabado para satisfacer los requisitos espec\u00edficos de cada proyecto.<br \/>\n<\/p><br \/>\n<br \/>\n<p><b>5. \u00bfC\u00f3mo afecta el tipo de aleaci\u00f3n al rendimiento de las extrusiones de aluminio en forma de H?<\/b><\/p>\n<p>Aleaciones como la 6061 proporcionan mayor resistencia, mientras que la 6063 ofrece mejor acabado superficial y resistencia a la corrosi\u00f3n, lo que permite una selecci\u00f3n basada en las necesidades de la aplicaci\u00f3n.<br \/>\n<\/p><br \/>\n<br \/>\n<p><b>6.\u00bfSon adecuados estos perfiles para aplicaciones exteriores?<\/b><\/p>\n<p>Por supuesto, la naturaleza resistente a la corrosi\u00f3n del aluminio hace que los perfiles en H sean ideales para estructuras e instalaciones exteriores.<br \/>\n<\/p><br \/>\n<br \/>\n<p><b>7.\u00bfEs el aluminio respetuoso con el medio ambiente?<\/b><\/p>\n<p>S\u00ed, el aluminio es totalmente reciclable sin p\u00e9rdida de propiedades, lo que lo convierte en una opci\u00f3n sostenible para diversas aplicaciones.<br \/>\n<\/p><br \/><\/p>","protected":false},"featured_media":6915,"template":"","categories":[67],"class_list":["post-6916","product","type-product","status-publish","has-post-thumbnail","hentry","category-architectural-aluminium-profile"],"meta_box":{"hilight_text_group":{"product_hilight_text":"<li>High strength-to-weight ratio ensures robust structural support while minimizing overall weight.<\/li>\r\r\n<li>Exceptional corrosion resistance makes it suitable for both indoor and outdoor applications.<\/li>\r\r\n<li>Customizable dimensions and finishes to meet specific architectural and industrial requirements.<\/li>\r\r\n<li>Versatile applications including framing, partitions, enclosures, and support structures.<\/li>\r\r\n<li>Low-maintenance surface that resists wear, reducing long-term upkeep costs.<\/li>\r\r\n<li>Easy to fabricate and assemble, allowing for efficient construction and installation.<\/li>\r\r\n<li>Environmentally friendly and fully recyclable, supporting sustainable construction practices.<\/li>","product_chanpin_blog":"<ul>\r\r\n<li><a href=\"https:\/\/sinoextrud.com\/t-slot-v-slot-differences\/\" target=\"_blank\">t slot vs v slot<\/a><\/li>\r\r\n<li><a href=\"https:\/\/sinoextrud.com\/what-is-4040-aluminium-extrud\/\" target=\"_blank\">4040 aluminium extrusion<\/a><\/li>\r\r\n<li><a href=\"https:\/\/sinoextrud.com\/what-is-4040-aluminium-extrud\/\" target=\"_blank\">aluminum extrusions for industrial racks<\/a><\/li>\r\r\n<li><a href=\"https:\/\/sinoextrud.com\/powder-coating-aluminium-process\/\" target=\"_blank\">powder coating aluminium<\/a><\/li>\r\r\n<li><a href=\"https:\/\/sinoextrud.com\/what-is-an-aluminium-strip-ceiling\/\" target=\"_blank\">aluminium strip ceiling<\/a><\/li>\r\r\n<li><a href=\"https:\/\/sinoextrud.com\/what-is-a-heat-sink\/\" target=\"_blank\">what is a heat sink<\/a><\/li>\r\r\n<\/ul>","product_chanpin_chanpin":"<li><a href=\"https:\/\/sinoextrud.com\/product\/6063-6061aluminum-extrusions-for-door-frames\/\" target=\"_blank\">6063 6061Aluminum Extrusions For Door Frames<\/a><\/li>\r\n<li><a href=\"https:\/\/sinoextrud.com\/product\/aluminium-window-trim-profiles\/\" target=\"_blank\">Aluminium Window Trim Profiles<\/a><\/li>\r\n<li><a href=\"https:\/\/sinoextrud.com\/product\/aluminium-window-and-door-profiles\/\" target=\"_blank\">Aluminium Window And Door Profiles<\/a><\/li>\r\n<li><a href=\"https:\/\/sinoextrud.com\/product\/aluminum-cnc-machined-part-custom-aluminum-machining\/\" target=\"_blank\">Aluminum CNC Machined Part Custom Aluminum Machining<\/a><\/li>\r\n<li><a href=\"https:\/\/sinoextrud.com\/product\/aluminum-t-bar-extrusion\/\" target=\"_blank\">Aluminum T Bar Extrusion<\/a><\/li>\r\n<li><a href=\"https:\/\/sinoextrud.com\/product\/aluminium-profile-for-fold-rack-aluminum-alloy-clothes-drying-rack-and-aluminium-frame-clotheshorse\/\" target=\"_blank\">Aluminium profile for Fold rack Aluminum alloy Clothes drying rack and aluminium frame Clotheshorse<\/a><\/li>\r\n<li><a href=\"https:\/\/sinoextrud.com\/product\/custom-precision-cnc-machining-for-aluminum-parts\/\" target=\"_blank\">Custom Precision CNC Machining for Aluminum Parts<\/a><\/li>\r\n<li><a href=\"https:\/\/sinoextrud.com\/product\/anodized-extruded-c-section-aluminium-profile\/\" target=\"_blank\">Anodized Extruded C Section Aluminium Profile<\/a><\/li>\r\n<li><a href=\"https:\/\/sinoextrud.com\/product\/matte-champagne-floor-and-stair-step-parquet-tile-carpet-trim-transition-aluminium-profile\/\" target=\"_blank\">Matte champagne floor and stair step parquet tile carpet trim transition aluminium profile<\/a><\/li>\r\n<li><a href=\"https:\/\/sinoextrud.com\/product\/aluminium-sliding-door-champagne-colour\/\" target=\"_blank\">Aluminium Sliding Door Champagne colour<\/a><\/li>\r\n<li><a href=\"https:\/\/sinoextrud.com\/product\/medical-instrument-aluminum-profile\/\" target=\"_blank\">Medical Instrument Aluminum Profile<\/a><\/li>"},"feature_list":[]},"_links":{"self":[{"href":"https:\/\/sinoextrud.com\/es\/wp-json\/wp\/v2\/product\/6916","targetHints":{"allow":["GET"]}}],"collection":[{"href":"https:\/\/sinoextrud.com\/es\/wp-json\/wp\/v2\/product"}],"about":[{"href":"https:\/\/sinoextrud.com\/es\/wp-json\/wp\/v2\/types\/product"}],"wp:featuredmedia":[{"embeddable":true,"href":"https:\/\/sinoextrud.com\/es\/wp-json\/wp\/v2\/media\/6915"}],"wp:attachment":[{"href":"https:\/\/sinoextrud.com\/es\/wp-json\/wp\/v2\/media?parent=6916"}],"wp:term":[{"taxonomy":"category","embeddable":true,"href":"https:\/\/sinoextrud.com\/es\/wp-json\/wp\/v2\/categories?post=6916"}],"curies":[{"name":"wp","href":"https:\/\/api.w.org\/{rel}","templated":true}]}}