{"id":6907,"date":"2025-06-04T01:53:13","date_gmt":"2025-06-04T01:53:13","guid":{"rendered":"https:\/\/sinoextrud.com\/product\/6063-6061aluminum-extrusions-for-door-frames\/"},"modified":"2025-06-24T06:11:57","modified_gmt":"2025-06-24T06:11:57","slug":"6063-6061extrusiones-de-aluminio-para-marcos-de-puertas","status":"publish","type":"product","link":"https:\/\/sinoextrud.com\/es\/product\/6063-6061aluminum-extrusions-for-door-frames\/","title":{"rendered":"6063 6061Extrusiones de aluminio para marcos de puertas"},"content":{"rendered":"<h2>Productos<\/h2>\n<table class=\"custom-table\">\n<tr>\n<td class=\"label\">Grado:<\/td>\n<td>6063 -t5\uff0c<\/td>\n<\/tr>\n<tr>\n<td class=\"label\">T\u00e9cnica:<\/td>\n<td>6063 6061Extrusiones de aluminio para marcos de puertas\uff0c<\/td>\n<\/tr>\n<tr>\n<td class=\"label\">Temperamento:<\/td>\n<td>T3 - T8\uff0c<\/td>\n<\/tr>\n<tr>\n<td class=\"label\">Servicios de mecanizado:<\/td>\n<td>Taladrado, roscado, remachado, montaje, etc\uff0c<\/td>\n<\/tr>\n<tr>\n<td class=\"label\">Marca registrada:<\/td>\n<td>Sinoextrud Sinoextrud \uff0c<\/td>\n<\/tr>\n<tr>\n<td class=\"label\">Tipo:<\/td>\n<td>6063 6061Extrusiones de aluminio para marcos de puertas\uff0c<\/td>\n<\/tr>\n<tr>\n<td class=\"label\">Forma:<\/td>\n<td>Fabricado seg\u00fan el dise\u00f1o del cliente\uff0c<\/td>\n<\/tr>\n<tr>\n<td class=\"label\">Tratamiento de la superficie:<\/td>\n<td>Acabado fresado anodizado cepillado\uff0c<\/td>\n<\/tr>\n<tr>\n<td class=\"label\">Longitud:<\/td>\n<td>De 1 a 9 m de longitud<\/td>\n<\/tr>\n<tr>\n<td class=\"label\">Colores:<\/td>\n<td>Plata Negra\uff0c<\/td>\n<\/tr>\n<tr>\n<td class=\"label\">C\u00f3digo SA:<\/td>\n<td>76042990\uff0c<\/td>\n<\/tr>\n<\/table>\n<h2>Nuestra base de fabricaci\u00f3n<\/h2>\n<h3>Panorama de la f\u00e1brica<\/h3>\n<p><img decoding=\"async\" src=\"\/wp-content\/uploads\/factory-01.webp\"\/><\/p>\n<h3>Taller de fabricaci\u00f3n de barras de aluminio<\/h3>\n<p><img decoding=\"async\" src=\"\/wp-content\/uploads\/factory-02.webp\"\/><\/p>\n<\/p>\n<p><img decoding=\"async\" src=\"\/wp-content\/uploads\/factory-03.webp\"\/><\/p>\n<h3>Almac\u00e9n de moldes<\/h3>\n<p><img decoding=\"async\" src=\"\/wp-content\/uploads\/factory-04.webp\"\/><\/p>\n<h3>43 l\u00edneas de extrusi\u00f3n de aluminio (500-5500 toneladas)<\/h3>\n<p><img decoding=\"async\" src=\"\/wp-content\/uploads\/factory-05.webp\"\/><\/p>\n<p><img decoding=\"async\" src=\"\/wp-content\/uploads\/factory-06.webp\"\/><\/p>\n<p><img decoding=\"async\" src=\"\/wp-content\/uploads\/factory-07.webp\"\/><\/p>\n<h3>Taller de pintura en polvo<\/h3>\n<p><img decoding=\"async\" src=\"\/wp-content\/uploads\/factory-09.webp\"\/><\/p>\n<h3>Taller de anodizado<\/h3>\n<p><img decoding=\"async\" src=\"\/wp-content\/uploads\/factory-10.webp\"\/><\/p>\n<h3>Taller de procesamiento profundo<\/h3>\n<p><img decoding=\"async\" src=\"\/wp-content\/uploads\/factory-11.webp\"\/><\/p>\n<h3>Taller de mecanizado de precisi\u00f3n CNC<\/h3>\n<p><img decoding=\"async\" src=\"\/wp-content\/uploads\/factory-11.5.webp\"\/><\/p>\n<h3>Almac\u00e9n de productos acabados y de exportaci\u00f3n<\/h3>\n<p><img decoding=\"async\" src=\"\/wp-content\/uploads\/factory-12.webp\"\/><\/p>\n<p><img decoding=\"async\" src=\"\/wp-content\/uploads\/factory-13.webp\"\/><\/p>\n<p><img decoding=\"async\" src=\"\/wp-content\/uploads\/factory-14.webp\"\/><\/p>\n<h2>PREGUNTAS FRECUENTES<\/h2>\n<p><b>1.\u00bfCu\u00e1l es la diferencia entre las extrusiones de aluminio 6063 y 6061 para marcos de puertas?<\/b><\/p>\n<p>El 6063 ofrece un mejor acabado superficial y es ideal para marcos de puertas decorativos, mientras que el 6061 proporciona una mayor resistencia adecuada para aplicaciones estructurales.\n<\/p>\n<p><\/p>\n<p><b>2.\u00bfSon resistentes a la corrosi\u00f3n las extrusiones de aluminio 6063 y 6061?<\/b><\/p>\n<p>S\u00ed, tanto las extrusiones de aluminio 6063 como 6061 ofrecen una excelente resistencia a la corrosi\u00f3n, lo que las hace ideales para su uso en marcos de puertas exteriores.\n<\/p>\n<p><\/p>\n<p><b>3.\u00bfSe pueden anodizar o pintar los perfiles de aluminio de los marcos de las puertas?<\/b><\/p>\n<p>S\u00ed, tanto las extrusiones de aluminio 6063 como 6061 admiten anodizado y recubrimiento en polvo, lo que mejora la est\u00e9tica y la durabilidad.\n<\/p>\n<p><\/p>\n<p><b>4.\u00bfCu\u00e1l es m\u00e1s resistente para marcos de puertas, el aluminio 6061 o el 6063?<\/b><\/p>\n<p>Las extrusiones de aluminio 6061 tienen mayor resistencia a la tracci\u00f3n que las 6063, por lo que son mejores para aplicaciones de marcos de puertas portantes.\n<\/p>\n<p><\/p>\n<p><b>5.\u00bfSon ecol\u00f3gicas las extrusiones de aluminio 6063 y 6061?<\/b><\/p>\n<p>S\u00ed, ambas calidades son totalmente reciclables, lo que convierte a las extrusiones de aluminio para marcos de puertas en una opci\u00f3n sostenible desde el punto de vista medioambiental.\n<\/p>\n<p><\/p>\n<p><b>6.\u00bfLos perfiles de aluminio para marcos de puertas vienen en tama\u00f1os est\u00e1ndar?<\/b><\/p>\n<p>S\u00ed, las extrusiones de aluminio 6063 y 6061 est\u00e1n disponibles en perfiles est\u00e1ndar y personalizables para varios dise\u00f1os de marcos de puertas.\n<\/p>\n<p><\/p>\n<p><b>7.\u00bfEs adecuado el aluminio para marcos de puertas comerciales y residenciales?<\/b><\/p>\n<p>Por supuesto, las extrusiones de aluminio 6063 y 6061 se utilizan ampliamente en instalaciones de marcos de puertas tanto comerciales como residenciales debido a su resistencia, aspecto y resistencia al desgaste.\n<\/p>\n<p><\/p>\n<p><b>8.\u00bfPuedo utilizar el mismo perfil de extrusi\u00f3n de aluminio para marcos de puertas interiores y exteriores?<\/b><\/p>\n<p>S\u00ed, las extrusiones de aluminio 6063 y 6061 son adecuadas para marcos de puertas de interior y exterior gracias a su resistencia a la corrosi\u00f3n y durabilidad.\n<\/p>\n<p><\/p>","protected":false},"featured_media":6906,"template":"","categories":[67],"class_list":["post-6907","product","type-product","status-publish","has-post-thumbnail","hentry","category-architectural-aluminium-profile"],"meta_box":{"hilight_text_group":{"product_hilight_text":"<li>High strength and durability suitable for heavy-duty door frame applications<\/li>\r\r\n<li>Excellent corrosion resistance ideal for outdoor or humid environments<\/li>\r\r\n<li>Smooth surface finish allows for easy anodizing and powder coating<\/li>\r\r\n<li>Lightweight material reduces transportation and installation costs<\/li>\r\r\n<li>Accurate dimensional tolerance ensures easy assembly and consistency<\/li>\r\r\n<li>Available in both 6063 and 6061 grades for versatile application needs<\/li>\r\r\n<li>Eco-friendly and fully recyclable aluminum material<\/li","product_chanpin_blog":"<ul>\r\r\n<li><a href=\"https:\/\/sinoextrud.com\/t-slot-v-slot-differences\/\" target=\"_blank\">t slot vs v slot<\/a><\/li>\r\r\n<li><a href=\"https:\/\/sinoextrud.com\/what-is-4040-aluminium-extrud\/\" target=\"_blank\">4040 aluminium extrusion<\/a><\/li>\r\r\n<li><a href=\"https:\/\/sinoextrud.com\/what-is-4040-aluminium-extrud\/\" target=\"_blank\">aluminum extrusions for industrial racks<\/a><\/li>\r\r\n<li><a href=\"https:\/\/sinoextrud.com\/powder-coating-aluminium-process\/\" target=\"_blank\">powder coating aluminium<\/a><\/li>\r\r\n<li><a href=\"https:\/\/sinoextrud.com\/what-is-an-aluminium-strip-ceiling\/\" target=\"_blank\">aluminium strip ceiling<\/a><\/li>\r\r\n<li><a href=\"https:\/\/sinoextrud.com\/what-is-a-heat-sink\/\" target=\"_blank\">what is a heat sink<\/a><\/li>\r\r\n<\/ul>","product_chanpin_chanpin":"<li><a href=\"https:\/\/sinoextrud.com\/product\/anodized-extruded-u-shaped-aluminium-profile\/\" target=\"_blank\">Anodized Extruded U Shaped Aluminium Profile<\/a><\/li>\r\n<li><a href=\"https:\/\/sinoextrud.com\/product\/aluminium-c-channel-profiles\/\" target=\"_blank\">Aluminium C Channel Profiles<\/a><\/li>\r\n<li><a href=\"https:\/\/sinoextrud.com\/product\/aluminum-z-extrusion\/\" target=\"_blank\">Aluminum Z Extrusion<\/a><\/li>\r\n<li><a href=\"https:\/\/sinoextrud.com\/product\/h-shaped-aluminum-extrusion\/\" target=\"_blank\">H Shaped Aluminum Extrusion<\/a><\/li>\r\n<li><a href=\"https:\/\/sinoextrud.com\/product\/6063-6061aluminum-extrusions-for-door-frames\/\" target=\"_blank\">6063 6061Aluminum Extrusions For Door Frames<\/a><\/li>\r\n<li><a href=\"https:\/\/sinoextrud.com\/product\/aluminium-window-trim-profiles\/\" target=\"_blank\">Aluminium Window Trim Profiles<\/a><\/li>\r\n<li><a href=\"https:\/\/sinoextrud.com\/product\/aluminium-window-and-door-profiles\/\" target=\"_blank\">Aluminium Window And Door Profiles<\/a><\/li>\r\n<li><a href=\"https:\/\/sinoextrud.com\/product\/aluminum-cnc-machined-part-custom-aluminum-machining\/\" target=\"_blank\">Aluminum CNC Machined Part Custom Aluminum Machining<\/a><\/li>\r\n<li><a href=\"https:\/\/sinoextrud.com\/product\/aluminum-t-bar-extrusion\/\" target=\"_blank\">Aluminum T Bar Extrusion<\/a><\/li>\r\n<li><a href=\"https:\/\/sinoextrud.com\/product\/aluminum-extrusion-telescopic-tube-octagon-tube\/\" target=\"_blank\">Aluminum Extrusion Telescopic Tube Octagon Tube<\/a><\/li>\r\n<li><a href=\"https:\/\/sinoextrud.com\/product\/h-shaped-closed-linear-ceiling-system\/\" target=\"_blank\">H-Shaped Closed Linear Ceiling System<\/a><\/li>"},"feature_list":[]},"_links":{"self":[{"href":"https:\/\/sinoextrud.com\/es\/wp-json\/wp\/v2\/product\/6907","targetHints":{"allow":["GET"]}}],"collection":[{"href":"https:\/\/sinoextrud.com\/es\/wp-json\/wp\/v2\/product"}],"about":[{"href":"https:\/\/sinoextrud.com\/es\/wp-json\/wp\/v2\/types\/product"}],"wp:featuredmedia":[{"embeddable":true,"href":"https:\/\/sinoextrud.com\/es\/wp-json\/wp\/v2\/media\/6906"}],"wp:attachment":[{"href":"https:\/\/sinoextrud.com\/es\/wp-json\/wp\/v2\/media?parent=6907"}],"wp:term":[{"taxonomy":"category","embeddable":true,"href":"https:\/\/sinoextrud.com\/es\/wp-json\/wp\/v2\/categories?post=6907"}],"curies":[{"name":"wp","href":"https:\/\/api.w.org\/{rel}","templated":true}]}}