{"id":6897,"date":"2025-06-04T01:42:17","date_gmt":"2025-06-04T01:42:17","guid":{"rendered":"https:\/\/sinoextrud.com\/product\/custom-made-modern-wood-grain-color-kitchen-cabinet-aluminium-extrusion-profile\/"},"modified":"2025-06-24T06:11:56","modified_gmt":"2025-06-24T06:11:56","slug":"a-medida-moderno-color-de-grano-de-madera-gabinete-de-cocina-perfil-de-extrusion-de-aluminio","status":"publish","type":"product","link":"https:\/\/sinoextrud.com\/es\/product\/custom-made-modern-wood-grain-color-kitchen-cabinet-aluminium-extrusion-profile\/","title":{"rendered":"A medida moderno color de grano de madera gabinete de cocina perfil de extrusi\u00f3n de aluminio"},"content":{"rendered":"<h2>Productos<\/h2>\n<table class=\"custom-table\">\n<tr>\n<td class=\"label\">Nombre<\/td>\n<td>Por encargo moderno color de grano de madera gabinete de cocina perfil de extrusi\u00f3n de aluminio\uff0c<\/td>\n<\/tr>\n<\/table>\n<h2>Nuestra base de fabricaci\u00f3n<\/h2>\n<h3>Panorama de la f\u00e1brica<\/h3>\n<p><img decoding=\"async\" src=\"\/wp-content\/uploads\/factory-01.webp\"\/><\/p>\n<h3>Taller de fabricaci\u00f3n de barras de aluminio<\/h3>\n<p><img decoding=\"async\" src=\"\/wp-content\/uploads\/factory-02.webp\"\/><\/p>\n<p><img decoding=\"async\" src=\"\/wp-content\/uploads\/factory-03.webp\"\/><\/p>\n<h3>Almac\u00e9n de moldes<\/h3>\n<p><img decoding=\"async\" src=\"\/wp-content\/uploads\/factory-04.webp\"\/><\/p>\n<h3>43 l\u00edneas de extrusi\u00f3n de aluminio (500-5500 toneladas)<\/h3>\n<p><img decoding=\"async\" src=\"\/wp-content\/uploads\/factory-05.webp\"\/><\/p>\n<p><img decoding=\"async\" src=\"\/wp-content\/uploads\/factory-06.webp\"\/><\/p>\n<p><img decoding=\"async\" src=\"\/wp-content\/uploads\/factory-07.webp\"\/><\/p>\n<h3>Taller de pintura en polvo<\/h3>\n<p><img decoding=\"async\" src=\"\/wp-content\/uploads\/factory-09.webp\"\/><\/p>\n<h3>Taller de anodizado<\/h3>\n<p><img decoding=\"async\" src=\"\/wp-content\/uploads\/factory-10.webp\"\/><\/p>\n<h3>Taller de procesamiento profundo<\/h3>\n<p><img decoding=\"async\" src=\"\/wp-content\/uploads\/factory-11.webp\"\/><\/p>\n<h3>Taller de mecanizado de precisi\u00f3n CNC<\/h3>\n<p><img decoding=\"async\" src=\"\/wp-content\/uploads\/factory-11.5.webp\"\/><\/p>\n<h3>Almac\u00e9n de productos acabados y de exportaci\u00f3n<\/h3>\n<p><img decoding=\"async\" src=\"\/wp-content\/uploads\/factory-12.webp\"\/><\/p>\n<p><img decoding=\"async\" src=\"\/wp-content\/uploads\/factory-13.webp\"\/><\/p>\n<p><img decoding=\"async\" src=\"\/wp-content\/uploads\/factory-14.webp\"\/><\/p>\n<h2>PREGUNTAS FRECUENTES<\/h2>\n<p><p><b>1. \u00bfQu\u00e9 son los perfiles de extrusi\u00f3n de aluminio para gabinetes de cocina modernos de color de grano de madera hechos a medida?<\/b><\/p>\n<p>Se trata de perfiles de aluminio dise\u00f1ados para armarios de cocina, con acabados de grano de madera para combinar el atractivo est\u00e9tico de la madera con la durabilidad y las propiedades ligeras del aluminio.<br \/>\n<\/p><br \/>\n<br \/>\n<p><b>2.\u00bfPor qu\u00e9 elegir perfiles de extrusi\u00f3n de aluminio para armarios de cocina?<\/b><\/p>\n<p>Los perfiles de extrusi\u00f3n de aluminio ofrecen solidez, resistencia a la corrosi\u00f3n y flexibilidad de dise\u00f1o, por lo que son ideales para los armarios de cocina modernos que requieren funcionalidad y estilo.<br \/>\n<\/p><br \/>\n<br \/>\n<p><b>3.\u00bfC\u00f3mo se aplica el acabado de grano de madera a los perfiles de aluminio?<\/b><\/p>\n<p>El efecto de veta de madera se consigue normalmente mediante un recubrimiento en polvo seguido de un proceso de transferencia t\u00e9rmica, que da como resultado un aspecto duradero y realista de madera en la superficie de aluminio.<br \/>\n<\/p><br \/>\n<br \/>\n<p><b>4.\u00bfPueden personalizarse estos perfiles de aluminio para dise\u00f1os de cocina espec\u00edficos?<\/b><\/p>\n<p>S\u00ed, los perfiles pueden adaptarse en cuanto a forma, tama\u00f1o y acabado para satisfacer los requisitos de dise\u00f1o de cada cocina, garantizando un ajuste perfecto y un aspecto cohesionado.<br \/>\n<\/p><br \/>\n<br \/>\n<p><b>5.\u00bfSon los perfiles de extrusi\u00f3n de aluminio con vetas de madera respetuosos con el medio ambiente?<\/b><\/p>\n<p>S\u00ed, el aluminio es un material reciclable, y los procesos de fabricaci\u00f3n de estos perfiles est\u00e1n dise\u00f1ados para ser responsables con el medio ambiente, apoyando pr\u00e1cticas de construcci\u00f3n sostenibles.<br \/>\n<\/p><br \/>\n<br \/>\n<p><b>6.\u00bfQu\u00e9 mantenimiento requieren los perfiles de aluminio de grano de madera para armarios de cocina?<\/b><\/p>\n<p>Estos perfiles requieren poco mantenimiento; basta con limpiarlos regularmente con agua y jab\u00f3n suave para mantenerlos como nuevos, ya que son resistentes a la humedad y las manchas.<br \/>\n<\/p><br \/>\n<br \/>\n<p><b>7.\u00bfCumplen estos perfiles las normas internacionales de calidad?<\/b><\/p>\n<p>S\u00ed, los fabricantes de renombre se aseguran de que sus perfiles de extrusi\u00f3n de aluminio cumplen normas internacionales como las certificaciones CE e ISO, que garantizan la calidad y la seguridad.<br \/>\n<\/p><br \/><\/p>","protected":false},"featured_media":6896,"template":"","categories":[67],"class_list":["post-6897","product","type-product","status-publish","has-post-thumbnail","hentry","category-architectural-aluminium-profile"],"meta_box":{"hilight_text_group":{"product_hilight_text":"<li>Realistic wood grain finishes achieved through advanced powder coating and thermal transfer techniques.<\/li>\r\r\n<li>Constructed from 6063 T5 aluminum alloy, offering lightweight strength and corrosion resistance.<\/li>\r\r\n<li>Customizable profiles tailored to specific kitchen cabinet dimensions and design requirements.<\/li>\r\r\n<li>Low-maintenance surfaces resistant to moisture, warping, and fading, ensuring long-term durability.<\/li>\r\r\n<li>Eco-friendly and recyclable materials supporting sustainable building practices.<\/li>\r\r\n<li>Available in various finishes, including anodized, powder-coated, and wood grain, to match diverse interior styles.<\/li>\r\r\n<li>Precision CNC machining allows for intricate designs and seamless integration into modern kitchen layouts.<\/li>","product_chanpin_blog":"<ul>\r\r\n<li><a href=\"https:\/\/sinoextrud.com\/t-slot-v-slot-differences\/\" target=\"_blank\">t slot vs v slot<\/a><\/li>\r\r\n<li><a href=\"https:\/\/sinoextrud.com\/what-is-4040-aluminium-extrud\/\" target=\"_blank\">4040 aluminium extrusion<\/a><\/li>\r\r\n<li><a href=\"https:\/\/sinoextrud.com\/what-is-4040-aluminium-extrud\/\" target=\"_blank\">aluminum extrusions for industrial racks<\/a><\/li>\r\r\n<li><a href=\"https:\/\/sinoextrud.com\/powder-coating-aluminium-process\/\" target=\"_blank\">powder coating aluminium<\/a><\/li>\r\r\n<li><a href=\"https:\/\/sinoextrud.com\/what-is-an-aluminium-strip-ceiling\/\" target=\"_blank\">aluminium strip ceiling<\/a><\/li>\r\r\n<li><a href=\"https:\/\/sinoextrud.com\/what-is-a-heat-sink\/\" target=\"_blank\">what is a heat sink<\/a><\/li>\r\r\n<\/ul>","product_chanpin_chanpin":"<li><a href=\"https:\/\/sinoextrud.com\/product\/h-channel-aluminum-extrusion\/\" target=\"_blank\">H Channel Aluminum Extrusion<\/a><\/li>\r\n<li><a href=\"https:\/\/sinoextrud.com\/product\/cnc-anodized-6063-curved-aluminum-extrusions\/\" target=\"_blank\">CNC Anodized 6063 Curved Aluminum Extrusions<\/a><\/li>\r\n<li><a href=\"https:\/\/sinoextrud.com\/product\/6063-multiple-size-extruded-aluminium-t-slot\/\" target=\"_blank\">6063 Multiple Size Extruded Aluminium T Slot<\/a><\/li>\r\n<li><a href=\"https:\/\/sinoextrud.com\/product\/commercial-glass-aluminium-railing-systems\/\" target=\"_blank\">Commercial Glass Aluminium Railing Systems<\/a><\/li>\r\n<li><a href=\"https:\/\/sinoextrud.com\/product\/custom-made-modern-wood-grain-color-kitchen-cabinet-aluminium-extrusion-profile\/\" target=\"_blank\">Custom made modern wood grain color kitchen cabinet aluminium extrusion profile<\/a><\/li>\r\n<li><a href=\"https:\/\/sinoextrud.com\/product\/anodized-extruded-u-shaped-aluminium-profile\/\" target=\"_blank\">Anodized Extruded U Shaped Aluminium Profile<\/a><\/li>\r\n<li><a href=\"https:\/\/sinoextrud.com\/product\/aluminium-c-channel-profiles\/\" target=\"_blank\">Aluminium C Channel Profiles<\/a><\/li>\r\n<li><a href=\"https:\/\/sinoextrud.com\/product\/aluminum-z-extrusion\/\" target=\"_blank\">Aluminum Z Extrusion<\/a><\/li>\r\n<li><a href=\"https:\/\/sinoextrud.com\/product\/h-shaped-aluminum-extrusion\/\" target=\"_blank\">H Shaped Aluminum Extrusion<\/a><\/li>\r\n<li><a href=\"https:\/\/sinoextrud.com\/product\/solar-aluminium-profile-2\/\" target=\"_blank\">Solar Aluminium Profile<\/a><\/li>\r\n<li><a href=\"https:\/\/sinoextrud.com\/product\/extruded-aluminum-heatsink-enclosure\/\" target=\"_blank\">Extruded Aluminum Heatsink Enclosure<\/a><\/li>"},"feature_list":[]},"_links":{"self":[{"href":"https:\/\/sinoextrud.com\/es\/wp-json\/wp\/v2\/product\/6897","targetHints":{"allow":["GET"]}}],"collection":[{"href":"https:\/\/sinoextrud.com\/es\/wp-json\/wp\/v2\/product"}],"about":[{"href":"https:\/\/sinoextrud.com\/es\/wp-json\/wp\/v2\/types\/product"}],"wp:featuredmedia":[{"embeddable":true,"href":"https:\/\/sinoextrud.com\/es\/wp-json\/wp\/v2\/media\/6896"}],"wp:attachment":[{"href":"https:\/\/sinoextrud.com\/es\/wp-json\/wp\/v2\/media?parent=6897"}],"wp:term":[{"taxonomy":"category","embeddable":true,"href":"https:\/\/sinoextrud.com\/es\/wp-json\/wp\/v2\/categories?post=6897"}],"curies":[{"name":"wp","href":"https:\/\/api.w.org\/{rel}","templated":true}]}}