{"id":6893,"date":"2025-06-04T01:37:28","date_gmt":"2025-06-04T01:37:28","guid":{"rendered":"https:\/\/sinoextrud.com\/product\/6063-multiple-size-extruded-aluminium-t-slot\/"},"modified":"2025-06-24T06:11:55","modified_gmt":"2025-06-24T06:11:55","slug":"6063-ranura-en-t-de-aluminio-extruido-de-varios-tamanos","status":"publish","type":"product","link":"https:\/\/sinoextrud.com\/es\/product\/6063-multiple-size-extruded-aluminium-t-slot\/","title":{"rendered":"6063 Ranura en T de aluminio extruido de varios tama\u00f1os"},"content":{"rendered":"<h2>Productos<\/h2>\n<table class=\"custom-table\">\n<tr>\n<td class=\"label\">Grado:<\/td>\n<td>6063 -t5\uff0c<\/td>\n<\/tr>\n<tr>\n<td class=\"label\">T\u00e9cnica:<\/td>\n<td>6063 Ranura en T de aluminio extruido de m\u00faltiples tama\u00f1os\uff0c<\/td>\n<\/tr>\n<tr>\n<td class=\"label\">Temperamento:<\/td>\n<td>T3 - T8\uff0c<\/td>\n<\/tr>\n<tr>\n<td class=\"label\">Servicios de mecanizado:<\/td>\n<td>Taladrado, roscado, remachado, montaje, etc\uff0c<\/td>\n<\/tr>\n<tr>\n<td class=\"label\">Marca registrada:<\/td>\n<td>Sinoextrud Sinoextrud \uff0c<\/td>\n<\/tr>\n<tr>\n<td class=\"label\">Tipo:<\/td>\n<td>6063 Ranura en T de aluminio extruido de m\u00faltiples tama\u00f1os\uff0c<\/td>\n<\/tr>\n<tr>\n<td class=\"label\">Forma:<\/td>\n<td>Fabricado seg\u00fan el dise\u00f1o del cliente\uff0c<\/td>\n<\/tr>\n<tr>\n<td class=\"label\">Tratamiento de la superficie:<\/td>\n<td>Acabado fresado anodizado cepillado\uff0c<\/td>\n<\/tr>\n<tr>\n<td class=\"label\">Longitud:<\/td>\n<td>De 1 a 9 m de longitud<\/td>\n<\/tr>\n<tr>\n<td class=\"label\">Colores:<\/td>\n<td>Plata Negra\uff0c<\/td>\n<\/tr>\n<tr>\n<td class=\"label\">C\u00f3digo SA:<\/td>\n<td>76042990\uff0c<\/td>\n<\/tr>\n<\/table>\n<h2>Nuestra base de fabricaci\u00f3n<\/h2>\n<h3>Panorama de la f\u00e1brica<\/h3>\n<p><img decoding=\"async\" src=\"\/wp-content\/uploads\/factory-01.webp\"\/><\/p>\n<h3>Taller de fabricaci\u00f3n de barras de aluminio<\/h3>\n<p><img decoding=\"async\" src=\"\/wp-content\/uploads\/factory-02.webp\"\/><\/p>\n<p><img decoding=\"async\" src=\"\/wp-content\/uploads\/factory-03.webp\"\/><\/p>\n<h3>Almac\u00e9n de moldes<\/h3>\n<p><img decoding=\"async\" src=\"\/wp-content\/uploads\/factory-04.webp\"\/><\/p>\n<h3>43 l\u00edneas de extrusi\u00f3n de aluminio (500-5500 toneladas)<\/h3>\n<p><img decoding=\"async\" src=\"\/wp-content\/uploads\/factory-05.webp\"\/><\/p>\n<p><img decoding=\"async\" src=\"\/wp-content\/uploads\/factory-06.webp\"\/><\/p>\n<p><img decoding=\"async\" src=\"\/wp-content\/uploads\/factory-07.webp\"\/><\/p>\n<h3>Taller de pintura en polvo<\/h3>\n<p><img decoding=\"async\" src=\"\/wp-content\/uploads\/factory-09.webp\"\/><\/p>\n<h3>Taller de anodizado<\/h3>\n<p><img decoding=\"async\" src=\"\/wp-content\/uploads\/factory-10.webp\"\/><\/p>\n<h3>Taller de procesamiento profundo<\/h3>\n<p><img decoding=\"async\" src=\"\/wp-content\/uploads\/factory-11.webp\"\/><\/p>\n<h3>Taller de mecanizado de precisi\u00f3n CNC<\/h3>\n<p><img decoding=\"async\" src=\"\/wp-content\/uploads\/factory-11.5.webp\"\/><\/p>\n<h3>Almac\u00e9n de productos acabados y de exportaci\u00f3n<\/h3>\n<p><img decoding=\"async\" src=\"\/wp-content\/uploads\/factory-12.webp\"\/><\/p>\n<p><img decoding=\"async\" src=\"\/wp-content\/uploads\/factory-13.webp\"\/><\/p>\n<p><img decoding=\"async\" src=\"\/wp-content\/uploads\/factory-14.webp\"\/><\/p>\n<h2>PREGUNTAS FRECUENTES<\/h2>\n<p><p><b>1. \u00bfQu\u00e9 es la ranura en T de aluminio extruido 6063 de m\u00faltiples tama\u00f1os?<\/b><\/p>\n<p>La ranura en T de aluminio extruido 6063 de m\u00faltiples tama\u00f1os es un perfil de marco modular fabricado en aleaci\u00f3n de aluminio 6063-T5, dise\u00f1ado para el montaje industrial flexible.<br \/>\n<\/p><br \/>\n<br \/>\n<p><b>2.\u00bfCu\u00e1les son las ventajas de utilizar aluminio 6063 en perfiles de ranura en T?<\/b><\/p>\n<p>El aluminio 6063 ofrece una gran resistencia a la corrosi\u00f3n, solidez y un excelente acabado superficial, por lo que resulta ideal para el entramado estructural de ranuras en T.<br \/>\n<\/p><br \/>\n<br \/>\n<p><b>3.\u00bfPor qu\u00e9 elegir varias opciones de tama\u00f1o para los perfiles de ranura en T?<\/b><\/p>\n<p>Las m\u00faltiples opciones de tama\u00f1o garantizan la compatibilidad con diversas capacidades de carga y requisitos del proyecto, mejorando la flexibilidad del dise\u00f1o.<br \/>\n<\/p><br \/>\n<br \/>\n<p><b>4.\u00bfC\u00f3mo funciona el dise\u00f1o de la ranura en T?<\/b><\/p>\n<p>El dise\u00f1o de ranura en T permite un montaje r\u00e1pido y sin herramientas de soportes, paneles y accesorios mediante conectores est\u00e1ndar.<br \/>\n<\/p><br \/>\n<br \/>\n<p><b>5. \u00bfEs adecuada la extrusi\u00f3n 6063 T-Slot para uso intensivo?<\/b><\/p>\n<p>S\u00ed, los perfiles 6063 T-Slot proporcionan un fuerte soporte estructural a la vez que mantienen un dise\u00f1o ligero, ideal para muchas aplicaciones industriales.<br \/>\n<\/p><br \/>\n<br \/>\n<p><b>6.\u00bfPueden reutilizarse estos perfiles de aluminio con ranura en T?<\/b><\/p>\n<p>S\u00ed, el car\u00e1cter modular de los perfiles los hace reutilizables y rentables para proyectos en evoluci\u00f3n o temporales.<br \/>\n<\/p><br \/>\n<br \/>\n<p><b>7.\u00bfQu\u00e9 industrias utilizan perfiles 6063 T-Slot?<\/b><\/p>\n<p>Sectores como la automatizaci\u00f3n, la rob\u00f3tica, la fabricaci\u00f3n y las salas blancas utilizan habitualmente perfiles de aluminio 6063 con ranura en T para estructuras personalizadas.<br \/>\n<\/p><br \/>\n<br \/>\n<p><b>8.\u00bfSon compatibles los accesorios con todos los tama\u00f1os de perfil?<\/b><\/p>\n<p>La mayor\u00eda de los conectores y accesorios est\u00e1n dise\u00f1ados para ajustarse a los tama\u00f1os est\u00e1ndar, lo que permite una integraci\u00f3n perfecta en diferentes perfiles de ranura en T.<br \/>\n<\/p><br \/><\/p>","protected":false},"featured_media":6892,"template":"","categories":[67],"class_list":["post-6893","product","type-product","status-publish","has-post-thumbnail","hentry","category-architectural-aluminium-profile"],"meta_box":{"hilight_text_group":{"product_hilight_text":"<li>Made from 6063-T5 aluminum alloy for excellent strength and corrosion resistance<\/li>\r\r\n<li>Available in multiple sizes to suit various structural and assembly needs<\/li>\r\r\n<li>T-Slot design allows flexible and tool-free mounting of components<\/li>\r\r\n<li>Lightweight yet robust, ideal for industrial framing applications<\/li>\r\r\n<li>Precise extrusion ensures easy compatibility with connectors and accessories<\/li>\r\r\n<li>Reusable and modular, reducing long-term system costs<\/li>\r\r\n<li>Perfect for automation systems, workstations, and custom enclosures<\/li>","product_chanpin_blog":"<ul>\r\r\n<li><a href=\"https:\/\/sinoextrud.com\/t-slot-v-slot-differences\/\" target=\"_blank\">t slot vs v slot<\/a><\/li>\r\r\n<li><a href=\"https:\/\/sinoextrud.com\/what-is-4040-aluminium-extrud\/\" target=\"_blank\">4040 aluminium extrusion<\/a><\/li>\r\r\n<li><a href=\"https:\/\/sinoextrud.com\/what-is-4040-aluminium-extrud\/\" target=\"_blank\">aluminum extrusions for industrial racks<\/a><\/li>\r\r\n<li><a href=\"https:\/\/sinoextrud.com\/powder-coating-aluminium-process\/\" target=\"_blank\">powder coating aluminium<\/a><\/li>\r\r\n<li><a href=\"https:\/\/sinoextrud.com\/what-is-an-aluminium-strip-ceiling\/\" target=\"_blank\">aluminium strip ceiling<\/a><\/li>\r\r\n<li><a href=\"https:\/\/sinoextrud.com\/what-is-a-heat-sink\/\" target=\"_blank\">what is a heat sink<\/a><\/li>\r\r\n<\/ul>","product_chanpin_chanpin":"<li><a href=\"https:\/\/sinoextrud.com\/product\/aluminium-track-extrusions\/\" target=\"_blank\">Aluminium Track Extrusions<\/a><\/li>\r\n<li><a href=\"https:\/\/sinoextrud.com\/product\/aluminum-extrusion-aluminium-profile-for-surface-oxidized-pipe\/\" target=\"_blank\">Aluminum Extrusion Aluminium Profile for Surface Oxidized Pipe<\/a><\/li>\r\n<li><a href=\"https:\/\/sinoextrud.com\/product\/h-channel-aluminum-extrusion\/\" target=\"_blank\">H Channel Aluminum Extrusion<\/a><\/li>\r\n<li><a href=\"https:\/\/sinoextrud.com\/product\/cnc-anodized-6063-curved-aluminum-extrusions\/\" target=\"_blank\">CNC Anodized 6063 Curved Aluminum Extrusions<\/a><\/li>\r\n<li><a href=\"https:\/\/sinoextrud.com\/product\/6063-multiple-size-extruded-aluminium-t-slot\/\" target=\"_blank\">6063 Multiple Size Extruded Aluminium T Slot<\/a><\/li>\r\n<li><a href=\"https:\/\/sinoextrud.com\/product\/commercial-glass-aluminium-railing-systems\/\" target=\"_blank\">Commercial Glass Aluminium Railing Systems<\/a><\/li>\r\n<li><a href=\"https:\/\/sinoextrud.com\/product\/custom-made-modern-wood-grain-color-kitchen-cabinet-aluminium-extrusion-profile\/\" target=\"_blank\">Custom made modern wood grain color kitchen cabinet aluminium extrusion profile<\/a><\/li>\r\n<li><a href=\"https:\/\/sinoextrud.com\/product\/anodized-extruded-u-shaped-aluminium-profile\/\" target=\"_blank\">Anodized Extruded U Shaped Aluminium Profile<\/a><\/li>\r\n<li><a href=\"https:\/\/sinoextrud.com\/product\/aluminium-c-channel-profiles\/\" target=\"_blank\">Aluminium C Channel Profiles<\/a><\/li>\r\n<li><a href=\"https:\/\/sinoextrud.com\/product\/fluorocarbon-coating-aluminium-extrusions-anti-fluorite-pvdf-aluminium-profile\/\" target=\"_blank\">Fluorocarbon coating aluminium extrusions Anti fluorite PVDF aluminium profile<\/a><\/li>\r\n<li><a href=\"https:\/\/sinoextrud.com\/product\/6063-t5-alloy-industrial-aluminum-extrusions-aluminum-profile-with-anodized-surface-treatment\/\" target=\"_blank\">6063 T5 Alloy Industrial Aluminum Extrusions Aluminum Profile With Anodized Surface Treatment<\/a><\/li>"},"feature_list":[]},"_links":{"self":[{"href":"https:\/\/sinoextrud.com\/es\/wp-json\/wp\/v2\/product\/6893","targetHints":{"allow":["GET"]}}],"collection":[{"href":"https:\/\/sinoextrud.com\/es\/wp-json\/wp\/v2\/product"}],"about":[{"href":"https:\/\/sinoextrud.com\/es\/wp-json\/wp\/v2\/types\/product"}],"wp:featuredmedia":[{"embeddable":true,"href":"https:\/\/sinoextrud.com\/es\/wp-json\/wp\/v2\/media\/6892"}],"wp:attachment":[{"href":"https:\/\/sinoextrud.com\/es\/wp-json\/wp\/v2\/media?parent=6893"}],"wp:term":[{"taxonomy":"category","embeddable":true,"href":"https:\/\/sinoextrud.com\/es\/wp-json\/wp\/v2\/categories?post=6893"}],"curies":[{"name":"wp","href":"https:\/\/api.w.org\/{rel}","templated":true}]}}