{"id":6889,"date":"2025-06-04T01:26:07","date_gmt":"2025-06-04T01:26:07","guid":{"rendered":"https:\/\/sinoextrud.com\/product\/h-channel-aluminum-extrusion\/"},"modified":"2025-06-24T06:11:54","modified_gmt":"2025-06-24T06:11:54","slug":"canal-h-extrusion-de-aluminio","status":"publish","type":"product","link":"https:\/\/sinoextrud.com\/es\/product\/h-channel-aluminum-extrusion\/","title":{"rendered":"Extrusi\u00f3n de aluminio en canal H"},"content":{"rendered":"<h2>Productos<\/h2>\n<table class=\"custom-table\">\n<tr>\n<td class=\"label\">Nombre del producto<\/td>\n<td>Canal H de extrusi\u00f3n de aluminio\uff0c<\/td>\n<\/tr>\n<tr>\n<td class=\"label\">Material<\/td>\n<td>6061\/6063-T5 T6\uff0c<\/td>\n<\/tr>\n<tr>\n<td class=\"label\">Tratamiento de superficies<\/td>\n<td>Grano de madera,Anodizado,Recubrimiento en polvo,Electroforesis,PVDF etc.\uff0c<\/td>\n<\/tr>\n<tr>\n<td class=\"label\">Color<\/td>\n<td>Todos los colores disponibles\uff0c<\/td>\n<\/tr>\n<tr>\n<td class=\"label\">MOQ<\/td>\n<td>200KG para cada art\u00edculo, una tonelada m\u00e9trica para cada color\uff0c<\/td>\n<\/tr>\n<tr>\n<td class=\"label\">Talla<\/td>\n<td>A medida\uff0c<\/td>\n<\/tr>\n<tr>\n<td class=\"label\">Proceso profundo<\/td>\n<td>Fresado CNC, punzonado, taladrado, roscado, plegado, etc.<\/td>\n<\/tr>\n<tr>\n<td class=\"label\">Garant\u00eda<\/td>\n<td>ISO 9001:2008;CQM,SGS,CE,BV,SONCAP\/GB,ISO,JIS,AS,NZS,QUALICOAT\uff0c<\/td>\n<\/tr>\n<tr>\n<td class=\"label\">Plazos de entrega<\/td>\n<td>Apertura del molde y prueba de la muestra 10-12 d\u00edas<br \/>\nProducci\u00f3n en serie 20-25 d\u00edas\uff0c<\/td>\n<\/tr>\n<tr>\n<td class=\"label\">Plazo de entrega<\/td>\n<td>FOB Foshan\/Guangzhou\/Shenzhen\uff0c<\/td>\n<\/tr>\n<tr>\n<td class=\"label\">Plazo de pago<\/td>\n<td>LC o TT 30% dep\u00f3sito,70% saldo antes de la carga\uff0c<\/td>\n<\/tr>\n<\/table>\n<h2>Nuestra base de fabricaci\u00f3n<\/h2>\n<h3>Panorama de la f\u00e1brica<\/h3>\n<p><img decoding=\"async\" src=\"\/wp-content\/uploads\/factory-01.webp\"\/><\/p>\n<h3>Taller de fabricaci\u00f3n de barras de aluminio<\/h3>\n<p><img decoding=\"async\" src=\"\/wp-content\/uploads\/factory-02.webp\"\/><\/p>\n<\/p>\n<p><img decoding=\"async\" src=\"\/wp-content\/uploads\/factory-03.webp\"\/><\/p>\n<h3>Almac\u00e9n de moldes<\/h3>\n<p><img decoding=\"async\" src=\"\/wp-content\/uploads\/factory-04.webp\"\/><\/p>\n<h3>43 l\u00edneas de extrusi\u00f3n de aluminio (500-5500 toneladas)<\/h3>\n<p><img decoding=\"async\" src=\"\/wp-content\/uploads\/factory-05.webp\"\/><\/p>\n<p><img decoding=\"async\" src=\"\/wp-content\/uploads\/factory-06.webp\"\/><\/p>\n<p><img decoding=\"async\" src=\"\/wp-content\/uploads\/factory-07.webp\"\/><\/p>\n<h3>Taller de pintura en polvo<\/h3>\n<p><img decoding=\"async\" src=\"\/wp-content\/uploads\/factory-09.webp\"\/><\/p>\n<h3>Taller de anodizado<\/h3>\n<p><img decoding=\"async\" src=\"\/wp-content\/uploads\/factory-10.webp\"\/><\/p>\n<h3>Taller de procesamiento profundo<\/h3>\n<p><img decoding=\"async\" src=\"\/wp-content\/uploads\/factory-11.webp\"\/><\/p>\n<h3>Taller de mecanizado de precisi\u00f3n CNC<\/h3>\n<p><img decoding=\"async\" src=\"\/wp-content\/uploads\/factory-11.5.webp\"\/><\/p>\n<h3>Almac\u00e9n de productos acabados y de exportaci\u00f3n<\/h3>\n<p><img decoding=\"async\" src=\"\/wp-content\/uploads\/factory-12.webp\"\/><\/p>\n<p><img decoding=\"async\" src=\"\/wp-content\/uploads\/factory-13.webp\"\/><\/p>\n<p><img decoding=\"async\" src=\"\/wp-content\/uploads\/factory-14.webp\"\/><\/p>\n<h2>PREGUNTAS FRECUENTES<\/h2>\n<p><b>1.\u00bfQu\u00e9 es una extrusi\u00f3n de aluminio de canal en H? <\/b><\/p>\n<p> Se trata de un perfil de aluminio con una secci\u00f3n transversal en forma de \"H\" que se utiliza en aplicaciones estructurales, de entramado y de soporte en todos los sectores.\n<\/p>\n<p><\/p>\n<p><b>2.\u00bfCu\u00e1les son los usos comunes de las extrusiones de aluminio en canal H? <\/b><\/p>\n<p> Estos perfiles se utilizan en tabiques, marcos de puertas y ventanas, muros cortina, estructuras de se\u00f1alizaci\u00f3n y como conectores en estructuras de aluminio.\n<\/p>\n<p><\/p>\n<p><b>3.\u00bfQu\u00e9 aleaciones se utilizan para los perfiles de aluminio de canal en H? <\/b><\/p>\n<p> Los materiales 6063-T5 y 6061 se utilizan habitualmente por sus excelentes propiedades mec\u00e1nicas, su resistencia a la corrosi\u00f3n y su facilidad de extrusi\u00f3n.\n<\/p>\n<p><\/p>\n<p><b>4.\u00bfSe pueden personalizar los perfiles de aluminio de canal H? <\/b><\/p>\n<p> S\u00ed, los fabricantes ofrecen personalizaci\u00f3n OEM que incluye la anchura, la altura, el grosor de la brida, la colocaci\u00f3n de las ranuras y la perforaci\u00f3n de orificios para satisfacer requisitos de dise\u00f1o espec\u00edficos.\n<\/p>\n<p><\/p>\n<p><b>5. \u00bfQu\u00e9 tratamientos superficiales hay disponibles? <\/b><\/p>\n<p> Los acabados m\u00e1s comunes son el anodizado para resistir la corrosi\u00f3n, el recubrimiento en polvo para dar color y durabilidad, y el acabado de fresado para uso industrial est\u00e1ndar.\n<\/p>\n<p><\/p>\n<p><b>6.\u00bfLos canales H son adecuados para aplicaciones en exteriores? <\/b><\/p>\n<p> S\u00ed, con un acabado superficial adecuado, los perfiles de aluminio de canal en H son ideales para aplicaciones estructurales y decorativas exteriores.\n<\/p>\n<p><\/p>\n<p><b>7.\u00bfC\u00f3mo se instalan normalmente los perfiles en H? <\/b><\/p>\n<p> Se montan mediante tornillos, escuadras o se insertan en sistemas de entramado modular en funci\u00f3n de la aplicaci\u00f3n.\n<\/p>\n<p><\/p>\n<p><b>8.\u00bfPuedo obtener perfiles de aluminio de canal H a granel de China? <\/b><\/p>\n<p> Por supuesto, los principales fabricantes chinos ofrecen una producci\u00f3n de gran volumen, precios competitivos y servicios de exportaci\u00f3n con apoyo OEM.\n<\/p>\n<p><\/p>","protected":false},"featured_media":6888,"template":"","categories":[67],"class_list":["post-6889","product","type-product","status-publish","has-post-thumbnail","hentry","category-architectural-aluminium-profile"],"meta_box":{"hilight_text_group":{"product_hilight_text":"<li>H channel aluminum extrusion designed for structural framing, partitions, and architectural cladding systems<\/li>\r\r\n<li>Manufactured from durable 6061 or 6063 alloy offering excellent corrosion resistance and strength-to-weight ratio<\/li>\r\r\n<li>Available in various widths, flange thicknesses, and slot configurations for versatile applications<\/li>\r\r\n<li>Surface finishes include anodized, powder-coated, and mill finish for enhanced durability and aesthetics<\/li>\r\r\n<li>OEM customization supported for profile size, cut length, and special fabrication needs<\/li>","product_chanpin_blog":"<ul>\r\r\n<li><a href=\"https:\/\/sinoextrud.com\/t-slot-v-slot-differences\/\" target=\"_blank\">t slot vs v slot<\/a><\/li>\r\r\n<li><a href=\"https:\/\/sinoextrud.com\/what-is-4040-aluminium-extrud\/\" target=\"_blank\">4040 aluminium extrusion<\/a><\/li>\r\r\n<li><a href=\"https:\/\/sinoextrud.com\/what-is-4040-aluminium-extrud\/\" target=\"_blank\">aluminum extrusions for industrial racks<\/a><\/li>\r\r\n<li><a href=\"https:\/\/sinoextrud.com\/powder-coating-aluminium-process\/\" target=\"_blank\">powder coating aluminium<\/a><\/li>\r\r\n<li><a href=\"https:\/\/sinoextrud.com\/what-is-an-aluminium-strip-ceiling\/\" target=\"_blank\">aluminium strip ceiling<\/a><\/li>\r\r\n<li><a href=\"https:\/\/sinoextrud.com\/what-is-a-heat-sink\/\" target=\"_blank\">what is a heat sink<\/a><\/li>\r\r\n<\/ul>","product_chanpin_chanpin":"<li><a href=\"https:\/\/sinoextrud.com\/product\/aluminum-window-frame-extrusions\/\" target=\"_blank\">Aluminum Window Frame Extrusions<\/a><\/li>\r\n<li><a href=\"https:\/\/sinoextrud.com\/product\/6063-cnc-machining-aluminum-extrusion-hinge\/\" target=\"_blank\">6063 CNC Machining Aluminum Extrusion Hinge<\/a><\/li>\r\n<li><a href=\"https:\/\/sinoextrud.com\/product\/aluminium-track-extrusions\/\" target=\"_blank\">Aluminium Track Extrusions<\/a><\/li>\r\n<li><a href=\"https:\/\/sinoextrud.com\/product\/aluminum-extrusion-aluminium-profile-for-surface-oxidized-pipe\/\" target=\"_blank\">Aluminum Extrusion Aluminium Profile for Surface Oxidized Pipe<\/a><\/li>\r\n<li><a href=\"https:\/\/sinoextrud.com\/product\/h-channel-aluminum-extrusion\/\" target=\"_blank\">H Channel Aluminum Extrusion<\/a><\/li>\r\n<li><a href=\"https:\/\/sinoextrud.com\/product\/cnc-anodized-6063-curved-aluminum-extrusions\/\" target=\"_blank\">CNC Anodized 6063 Curved Aluminum Extrusions<\/a><\/li>\r\n<li><a href=\"https:\/\/sinoextrud.com\/product\/6063-multiple-size-extruded-aluminium-t-slot\/\" target=\"_blank\">6063 Multiple Size Extruded Aluminium T Slot<\/a><\/li>\r\n<li><a href=\"https:\/\/sinoextrud.com\/product\/commercial-glass-aluminium-railing-systems\/\" target=\"_blank\">Commercial Glass Aluminium Railing Systems<\/a><\/li>\r\n<li><a href=\"https:\/\/sinoextrud.com\/product\/custom-made-modern-wood-grain-color-kitchen-cabinet-aluminium-extrusion-profile\/\" target=\"_blank\">Custom made modern wood grain color kitchen cabinet aluminium extrusion profile<\/a><\/li>\r\n<li><a href=\"https:\/\/sinoextrud.com\/product\/extruded-aluminium-skirting-aluminium-skirting-board\/\" target=\"_blank\">Extruded Aluminium Skirting Aluminium Skirting Board<\/a><\/li>\r\n<li><a href=\"https:\/\/sinoextrud.com\/product\/6063-t5-extruded-aluminum-t-slot\/\" target=\"_blank\">6063 T5 Extruded Aluminum T Slot<\/a><\/li>"},"feature_list":[]},"_links":{"self":[{"href":"https:\/\/sinoextrud.com\/es\/wp-json\/wp\/v2\/product\/6889","targetHints":{"allow":["GET"]}}],"collection":[{"href":"https:\/\/sinoextrud.com\/es\/wp-json\/wp\/v2\/product"}],"about":[{"href":"https:\/\/sinoextrud.com\/es\/wp-json\/wp\/v2\/types\/product"}],"wp:featuredmedia":[{"embeddable":true,"href":"https:\/\/sinoextrud.com\/es\/wp-json\/wp\/v2\/media\/6888"}],"wp:attachment":[{"href":"https:\/\/sinoextrud.com\/es\/wp-json\/wp\/v2\/media?parent=6889"}],"wp:term":[{"taxonomy":"category","embeddable":true,"href":"https:\/\/sinoextrud.com\/es\/wp-json\/wp\/v2\/categories?post=6889"}],"curies":[{"name":"wp","href":"https:\/\/api.w.org\/{rel}","templated":true}]}}