{"id":6864,"date":"2025-06-03T02:58:31","date_gmt":"2025-06-03T02:58:31","guid":{"rendered":"https:\/\/sinoextrud.com\/product\/anodized-aluminium-industrial-profile-aluminum-extrusion-2\/"},"modified":"2025-06-24T06:11:53","modified_gmt":"2025-06-24T06:11:53","slug":"aluminio-anodizado-perfil-industrial-extrusion-de-aluminio-2","status":"publish","type":"product","link":"https:\/\/sinoextrud.com\/es\/product\/anodized-aluminium-industrial-profile-aluminum-extrusion-2\/","title":{"rendered":"Perfil industrial de aluminio anodizado Extrusi\u00f3n de aluminio"},"content":{"rendered":"<h2>Productos<\/h2>\n<table class=\"custom-table\">\n<tr>\n<td class=\"label\">Art\u00edculo:<\/td>\n<td> Perfil industrial de aluminio anodizado y extrusi\u00f3n de aluminio\uff0c<\/td>\n<\/tr>\n<tr>\n<td class=\"label\">Modelo NO.:<\/td>\n<td> Serie 6000\uff0c<\/td>\n<\/tr>\n<tr>\n<td class=\"label\">Forma:<\/td>\n<td> \u00c1ngulo, cuadrado, redondo, plano, perfil en T, personalizado\uff0c<\/td>\n<\/tr>\n<tr>\n<td class=\"label\">Temperamento:<\/td>\n<td> T3-T8\uff0c<\/td>\n<\/tr>\n<tr>\n<td class=\"label\">Aleaci\u00f3n:<\/td>\n<td> Aleaci\u00f3n\uff0c<\/td>\n<\/tr>\n<tr>\n<td class=\"label\">Ingrediente de aleaci\u00f3n:<\/td>\n<td> 6063-T5, 6061-T6, 6463-T5, 7075-T6, 6082\uff0c<\/td>\n<\/tr>\n<tr>\n<td class=\"label\">Perfil de aluminio pulido:<\/td>\n<td> Pulido mec\u00e1nico\uff0c<\/td>\n<\/tr>\n<tr>\n<td class=\"label\">Puerto:<\/td>\n<td> Shenzhen, Guangzhou, Foshan\uff0c<\/td>\n<\/tr>\n<tr>\n<td class=\"label\">MOQ:<\/td>\n<td> 200KG para cada art\u00edculo\uff0c<\/td>\n<\/tr>\n<tr>\n<td class=\"label\">Capacidad de producci\u00f3n:<\/td>\n<td> 15000+ Toneladas Mensuales\uff0c<\/td>\n<\/tr>\n<tr>\n<td class=\"label\">Paquete de transporte:<\/td>\n<td> Interior:\uff0c Embalado con pel\u00edcula protectora de pl\u00e1stico, Exterior\uff1a\uff0cEmbalado con papel craft impermeable\uff0c<\/td>\n<\/tr>\n<tr>\n<td class=\"label\">Origen:<\/td>\n<td> Foshan, China\uff0c<\/td>\n<\/tr>\n<tr>\n<td class=\"label\">Grado:<\/td>\n<td> Serie 6000\uff0c<\/td>\n<\/tr>\n<tr>\n<td class=\"label\">Acabado superficial:<\/td>\n<td> Anodizado,Grano de madera,Pulido,Cepillado,Electroforo\uff0c<\/td>\n<\/tr>\n<tr>\n<td class=\"label\">Certificaci\u00f3n:<\/td>\n<td> CE, ISO, RoHS, TUV\uff0c<\/td>\n<\/tr>\n<tr>\n<td class=\"label\">Plazo de entrega:<\/td>\n<td> 20-30 d\u00edas despu\u00e9s de recibir el dep\u00f3sito\uff0c<\/td>\n<\/tr>\n<tr>\n<td class=\"label\">Plazo de pago:<\/td>\n<td> T\/T, anticipo 30% mientras que el saldo se pagar\u00e1 antes de la entrega \uff0c<\/td>\n<\/tr>\n<tr>\n<td class=\"label\">Garant\u00eda:<\/td>\n<td> El color de la superficie se mantiene durante 10~20 a\u00f1os \uff0c<\/td>\n<\/tr>\n<tr>\n<td class=\"label\">Art\u00edculo:<\/td>\n<td> Perfil de extrusi\u00f3n de aluminio\uff0c<\/td>\n<\/tr>\n<tr>\n<td class=\"label\">Especificaci\u00f3n:<\/td>\n<td> 1m-9m o tama\u00f1o personalizado\uff0c<\/td>\n<\/tr>\n<\/table>\n<h2>Nuestra base de fabricaci\u00f3n<\/h2>\n<h3>Panorama de la f\u00e1brica<\/h3>\n<p><img decoding=\"async\" src=\"\/wp-content\/uploads\/factory-01.webp\"\/><\/p>\n<h3>Taller de fabricaci\u00f3n de barras de aluminio<\/h3>\n<p><img decoding=\"async\" src=\"\/wp-content\/uploads\/factory-02.webp\"\/><\/p>\n<\/p>\n<p><img decoding=\"async\" src=\"\/wp-content\/uploads\/factory-03.webp\"\/><\/p>\n<h3>Almac\u00e9n de moldes<\/h3>\n<p><img decoding=\"async\" src=\"\/wp-content\/uploads\/factory-04.webp\"\/><\/p>\n<h3>43 l\u00edneas de extrusi\u00f3n de aluminio (500-5500 toneladas)<\/h3>\n<p><img decoding=\"async\" src=\"\/wp-content\/uploads\/factory-05.webp\"\/><\/p>\n<p><img decoding=\"async\" src=\"\/wp-content\/uploads\/factory-06.webp\"\/><\/p>\n<p><img decoding=\"async\" src=\"\/wp-content\/uploads\/factory-07.webp\"\/><\/p>\n<h3>Taller de pintura en polvo<\/h3>\n<p><img decoding=\"async\" src=\"\/wp-content\/uploads\/factory-09.webp\"\/><\/p>\n<h3>Taller de anodizado<\/h3>\n<p><img decoding=\"async\" src=\"\/wp-content\/uploads\/factory-10.webp\"\/><\/p>\n<h3>Taller de procesamiento profundo<\/h3>\n<p><img decoding=\"async\" src=\"\/wp-content\/uploads\/factory-11.webp\"\/><\/p>\n<h3>Taller de mecanizado de precisi\u00f3n CNC<\/h3>\n<p><img decoding=\"async\" src=\"\/wp-content\/uploads\/factory-11.5.webp\"\/><\/p>\n<h3>Almac\u00e9n de productos acabados y de exportaci\u00f3n<\/h3>\n<p><img decoding=\"async\" src=\"\/wp-content\/uploads\/factory-12.webp\"\/><\/p>\n<p><img decoding=\"async\" src=\"\/wp-content\/uploads\/factory-13.webp\"\/><\/p>\n<p><img decoding=\"async\" src=\"\/wp-content\/uploads\/factory-14.webp\"\/><\/p>\n<h2>PREGUNTAS FRECUENTES<\/h2>\n<p><b>1.\u00bfQu\u00e9 es un perfil industrial de aluminio anodizado?<\/b><\/p>\n<p>Un perfil industrial de aluminio anodizado es una extrusi\u00f3n de aluminio tratada con una capa an\u00f3dica para mejorar la resistencia a la corrosi\u00f3n, la durabilidad y la est\u00e9tica de la superficie.\n<\/p>\n<p><\/p>\n<p><b>2.\u00bfPor qu\u00e9 elegir la extrusi\u00f3n de aluminio para aplicaciones industriales?<\/b><\/p>\n<p>La extrusi\u00f3n de aluminio proporciona una resistencia ligera, precisi\u00f3n y flexibilidad, lo que la hace ideal para usos estructurales y mec\u00e1nicos industriales.\n<\/p>\n<p><\/p>\n<p><b>3.\u00bfCu\u00e1les son las ventajas de la extrusi\u00f3n de aluminio anodizado?<\/b><\/p>\n<p>La extrusi\u00f3n de aluminio anodizado ofrece una resistencia superior a la corrosi\u00f3n, un aspecto mejorado y una mayor vida \u00fatil del producto.\n<\/p>\n<p><\/p>\n<p><b>4.\u00bfEl aluminio anodizado es apto para exteriores?<\/b><\/p>\n<p>S\u00ed, los perfiles industriales de aluminio anodizado son muy resistentes a la intemperie, por lo que resultan ideales para aplicaciones en exteriores.\n<\/p>\n<p><\/p>\n<p><b>5.\u00bfPuedo personalizar la forma del perfil de aluminio?<\/b><\/p>\n<p>S\u00ed, los perfiles de extrusi\u00f3n de aluminio pueden dise\u00f1arse a medida para adaptarse a requisitos y dimensiones industriales espec\u00edficos.\n<\/p>\n<p><\/p>\n<p><b>6.\u00bfQu\u00e9 resistencia tiene un perfil de aluminio anodizado?<\/b><\/p>\n<p>Los perfiles de aluminio anodizado proporcionan una excelente integridad estructural sin dejar de ser ligeros, ideales para aplicaciones de carga.\n<\/p>\n<p><\/p>\n<p><b>7.\u00bfSon ecol\u00f3gicos los perfiles de aluminio anodizado?<\/b><\/p>\n<p>S\u00ed, el aluminio anodizado no es t\u00f3xico, es reciclable y tiene un bajo impacto ambiental, lo que lo convierte en una opci\u00f3n sostenible.\n<\/p>\n<p><\/p>\n<p><b>8.\u00bfC\u00f3mo mejora el anodizado el rendimiento del aluminio?<\/b><\/p>\n<p>El anodizado crea una capa protectora de \u00f3xido sobre el aluminio que aumenta la dureza, la resistencia a la corrosi\u00f3n y el desgaste.\n<\/p>\n<p><\/p>","protected":false},"featured_media":6863,"template":"","categories":[67],"class_list":["post-6864","product","type-product","status-publish","has-post-thumbnail","hentry","category-architectural-aluminium-profile"],"meta_box":{"hilight_text_group":{"product_hilight_text":"<li>High corrosion resistance for long-lasting durability<\/li>\r\r\n<li>Precision extruded for consistent performance and fit<\/li>\r\r\n<li>Lightweight yet strong for structural applications<\/li>\r\r\n<li>Customizable profiles to meet specific industrial needs<\/li>\r\r\n<li>Excellent surface finish with anodized coating<\/li>\r\r\n<li>Eco-friendly and recyclable material<\/li>\r\r\n<li>Ideal for automation, construction, and machinery frameworks<\/li>","product_chanpin_blog":"<ul>\r\r\n<li><a href=\"https:\/\/sinoextrud.com\/t-slot-v-slot-differences\/\" target=\"_blank\">t slot vs v slot<\/a><\/li>\r\r\n<li><a href=\"https:\/\/sinoextrud.com\/what-is-4040-aluminium-extrud\/\" target=\"_blank\">4040 aluminium extrusion<\/a><\/li>\r\r\n<li><a href=\"https:\/\/sinoextrud.com\/what-is-4040-aluminium-extrud\/\" target=\"_blank\">aluminum extrusions for industrial racks<\/a><\/li>\r\r\n<li><a href=\"https:\/\/sinoextrud.com\/powder-coating-aluminium-process\/\" target=\"_blank\">powder coating aluminium<\/a><\/li>\r\r\n<li><a href=\"https:\/\/sinoextrud.com\/what-is-an-aluminium-strip-ceiling\/\" target=\"_blank\">aluminium strip ceiling<\/a><\/li>\r\r\n<li><a href=\"https:\/\/sinoextrud.com\/what-is-a-heat-sink\/\" target=\"_blank\">what is a heat sink<\/a><\/li>\r\r\n<\/ul>","product_chanpin_chanpin":"<li><a href=\"https:\/\/sinoextrud.com\/product\/aluminum-sunshading-profile\/\" target=\"_blank\">Aluminum Sunshading Profile<\/a><\/li>\r\n<li><a href=\"https:\/\/sinoextrud.com\/product\/industrial-customized-6063-t5-alloy-aluminium-extrusion-profile\/\" target=\"_blank\">Industrial Customized 6063-T5 Alloy Aluminium Extrusion Profile<\/a><\/li>\r\n<li><a href=\"https:\/\/sinoextrud.com\/product\/aluminium-round-tube-extrusion-profile-with-anodized-powder-coating-surface-treatment-oem-customized-extruded-aluminium-tube-profile\/\" target=\"_blank\">Aluminium Round Tube Extrusion Profile With Anodized Powder Coating Surface Treatment OEM Customized  Extruded Aluminium Tube Profile<\/a><\/li>\r\n<li><a href=\"https:\/\/sinoextrud.com\/product\/anodized-aluminium-industrial-profile-aluminum-extrusion\/\" target=\"_blank\">Anodized Aluminium Industrial Profile & Aluminum Extrusion<\/a><\/li>\r\n<li><a href=\"https:\/\/sinoextrud.com\/product\/anodized-aluminium-industrial-profile-aluminum-extrusion-2\/\" target=\"_blank\">Anodized Aluminium Industrial Profile  Aluminum Extrusion<\/a><\/li>\r\n<li><a href=\"https:\/\/sinoextrud.com\/product\/aluminium-frame-extrusion-profile-picture-frame-profile-for-interior-decoration-supplied-by-china-manufacturer\/\" target=\"_blank\">Aluminium Frame Extrusion Profile Picture Frame Profile for Interior Decoration Supplied By China Manufacturer<\/a><\/li>\r\n<li><a href=\"https:\/\/sinoextrud.com\/product\/aluminum-window-frame-extrusions\/\" target=\"_blank\">Aluminum Window Frame Extrusions<\/a><\/li>\r\n<li><a href=\"https:\/\/sinoextrud.com\/product\/6063-cnc-machining-aluminum-extrusion-hinge\/\" target=\"_blank\">6063 CNC Machining Aluminum Extrusion Hinge<\/a><\/li>\r\n<li><a href=\"https:\/\/sinoextrud.com\/product\/aluminium-track-extrusions\/\" target=\"_blank\">Aluminium Track Extrusions<\/a><\/li>\r\n<li><a href=\"https:\/\/sinoextrud.com\/product\/thin-wall-extruded-aluminum-tubing\/\" target=\"_blank\">Thin Wall Extruded Aluminum Tubing<\/a><\/li>\r\n<li><a href=\"https:\/\/sinoextrud.com\/product\/customize-extruded-aluminium-shower-profiles\/\" target=\"_blank\">Customize Extruded Aluminium Shower Profiles<\/a><\/li>"},"feature_list":[]},"_links":{"self":[{"href":"https:\/\/sinoextrud.com\/es\/wp-json\/wp\/v2\/product\/6864","targetHints":{"allow":["GET"]}}],"collection":[{"href":"https:\/\/sinoextrud.com\/es\/wp-json\/wp\/v2\/product"}],"about":[{"href":"https:\/\/sinoextrud.com\/es\/wp-json\/wp\/v2\/types\/product"}],"wp:featuredmedia":[{"embeddable":true,"href":"https:\/\/sinoextrud.com\/es\/wp-json\/wp\/v2\/media\/6863"}],"wp:attachment":[{"href":"https:\/\/sinoextrud.com\/es\/wp-json\/wp\/v2\/media?parent=6864"}],"wp:term":[{"taxonomy":"category","embeddable":true,"href":"https:\/\/sinoextrud.com\/es\/wp-json\/wp\/v2\/categories?post=6864"}],"curies":[{"name":"wp","href":"https:\/\/api.w.org\/{rel}","templated":true}]}}