{"id":6860,"date":"2025-06-03T02:48:04","date_gmt":"2025-06-03T02:48:04","guid":{"rendered":"https:\/\/sinoextrud.com\/product\/aluminium-round-tube-extrusion-profile-with-anodized-powder-coating-surface-treatment-oem-customized-extruded-aluminium-tube-profile\/"},"modified":"2025-06-24T06:11:52","modified_gmt":"2025-06-24T06:11:52","slug":"perfil-de-extrusion-de-tubo-redondo-de-aluminio-con-tratamiento-superficial-de-recubrimiento-en-polvo-anodizado-oem-personalizado-perfil-de-tubo-de-aluminio-extruido","status":"publish","type":"product","link":"https:\/\/sinoextrud.com\/es\/product\/aluminium-round-tube-extrusion-profile-with-anodized-powder-coating-surface-treatment-oem-customized-extruded-aluminium-tube-profile\/","title":{"rendered":"Perfil de extrusi\u00f3n de tubo redondo de aluminio con tratamiento de superficie de revestimiento en polvo anodizado Perfil de extrusi\u00f3n de tubo de aluminio personalizado OEM"},"content":{"rendered":"<h2>Productos<\/h2>\n<table class=\"custom-table\">\n<tr>\n<td class=\"label\">Art\u00edculo:<\/td>\n<td> Perfil de extrusi\u00f3n de tubo redondo de aluminio con tratamiento de superficie de revestimiento en polvo anodizado OEM personalizado \/ Perfil de tubo de aluminio extruido\uff0c<\/td>\n<\/tr>\n<tr>\n<td class=\"label\">Materiales:<\/td>\n<td> 6063\/6061\uff0c<\/td>\n<\/tr>\n<tr>\n<td class=\"label\">Temperamento:<\/td>\n<td> T4, T5, T6\uff0c<\/td>\n<\/tr>\n<tr>\n<td class=\"label\">Grosor de la pared:<\/td>\n<td> de 0,8 a 1,2 mm, o a medida\uff0c<\/td>\n<\/tr>\n<tr>\n<td class=\"label\">Longitud general:<\/td>\n<td> 1-9m, o personalizado\uff0c<\/td>\n<\/tr>\n<tr>\n<td class=\"label\">Grado:<\/td>\n<td> Serie 6000\uff0c<\/td>\n<\/tr>\n<tr>\n<td class=\"label\">Aleaci\u00f3n:<\/td>\n<td> Aleaci\u00f3n\uff0c<\/td>\n<\/tr>\n<tr>\n<td class=\"label\">Origen:<\/td>\n<td> Foshan, China\uff0c<\/td>\n<\/tr>\n<tr>\n<td class=\"label\">Acabado superficial:<\/td>\n<td> como requisito\uff0c<\/td>\n<\/tr>\n<tr>\n<td class=\"label\">Marca registrada:<\/td>\n<td> Sinoextrud(Sinoextrud)\/ OEM\uff0c<\/td>\n<\/tr>\n<tr>\n<td class=\"label\">Tipo:<\/td>\n<td> Perfil de tubo redondo de aluminio\uff0c<\/td>\n<\/tr>\n<\/table>\n<h2>Nuestra base de fabricaci\u00f3n<\/h2>\n<h3>Panorama de la f\u00e1brica<\/h3>\n<p><img decoding=\"async\" src=\"\/wp-content\/uploads\/factory-01.webp\"\/><\/p>\n<h3>Taller de fabricaci\u00f3n de barras de aluminio<\/h3>\n<p><img decoding=\"async\" src=\"\/wp-content\/uploads\/factory-02.webp\"\/><\/p>\n<\/p>\n<p><img decoding=\"async\" src=\"\/wp-content\/uploads\/factory-03.webp\"\/><\/p>\n<h3>Almac\u00e9n de moldes<\/h3>\n<p><img decoding=\"async\" src=\"\/wp-content\/uploads\/factory-04.webp\"\/><\/p>\n<h3>43 l\u00edneas de extrusi\u00f3n de aluminio (500-5500 toneladas)<\/h3>\n<p><img decoding=\"async\" src=\"\/wp-content\/uploads\/factory-05.webp\"\/><\/p>\n<p><img decoding=\"async\" src=\"\/wp-content\/uploads\/factory-06.webp\"\/><\/p>\n<p><img decoding=\"async\" src=\"\/wp-content\/uploads\/factory-07.webp\"\/><\/p>\n<h3>Taller de pintura en polvo<\/h3>\n<p><img decoding=\"async\" src=\"\/wp-content\/uploads\/factory-09.webp\"\/><\/p>\n<h3>Taller de anodizado<\/h3>\n<p><img decoding=\"async\" src=\"\/wp-content\/uploads\/factory-10.webp\"\/><\/p>\n<h3>Taller de procesamiento profundo<\/h3>\n<p><img decoding=\"async\" src=\"\/wp-content\/uploads\/factory-11.webp\"\/><\/p>\n<h3>Taller de mecanizado de precisi\u00f3n CNC<\/h3>\n<p><img decoding=\"async\" src=\"\/wp-content\/uploads\/factory-11.5.webp\"\/><\/p>\n<h3>Almac\u00e9n de productos acabados y de exportaci\u00f3n<\/h3>\n<p><img decoding=\"async\" src=\"\/wp-content\/uploads\/factory-12.webp\"\/><\/p>\n<p><img decoding=\"async\" src=\"\/wp-content\/uploads\/factory-13.webp\"\/><\/p>\n<p><img decoding=\"async\" src=\"\/wp-content\/uploads\/factory-14.webp\"\/><\/p>\n<h2>PREGUNTAS FRECUENTES<\/h2>\n<p><b>1.\u00bfQu\u00e9 es un perfil de extrusi\u00f3n de tubo redondo de aluminio? <\/b><\/p>\n<p> Es una secci\u00f3n cil\u00edndrica hueca de aluminio creada mediante extrusi\u00f3n, que se utiliza para soporte estructural, transferencia de fluidos y elementos decorativos.\n<\/p>\n<p><\/p>\n<p><b>2.\u00bfQu\u00e9 tratamientos superficiales existen para los perfiles tubulares de aluminio? <\/b><\/p>\n<p> Entre los tratamientos m\u00e1s comunes se encuentran el anodizado (para aumentar la resistencia a la corrosi\u00f3n y el color) y el recubrimiento en polvo (para mejorar la durabilidad y la est\u00e9tica personalizada).\n<\/p>\n<p><\/p>\n<p><b>3.\u00bfQu\u00e9 aleaciones se suelen utilizar para los tubos redondos de aluminio? <\/b><\/p>\n<p> Las aleaciones 6063 y 6061 son las m\u00e1s utilizadas debido a su excelente resistencia, mecanizabilidad y resistencia a la corrosi\u00f3n.\n<\/p>\n<p><\/p>\n<p><b>4.\u00bfPuedo personalizar el tama\u00f1o de los tubos redondos de aluminio extruido? <\/b><\/p>\n<p> S\u00ed, los fabricantes de equipos originales ofrecen di\u00e1metros, grosores de pared y longitudes personalizados para adaptarse a requisitos estructurales o de dise\u00f1o espec\u00edficos.\n<\/p>\n<p><\/p>\n<p><b>5.\u00bfSon adecuados los tubos de aluminio anodizado para su uso en exteriores? <\/b><\/p>\n<p> Por supuesto, los tubos anodizados y con recubrimiento en polvo ofrecen una excelente resistencia a los rayos UV y a la intemperie, ideal para aplicaciones exteriores.\n<\/p>\n<p><\/p>\n<p><b>6.\u00bfCu\u00e1les son las aplicaciones t\u00edpicas de los perfiles de tubo redondo de aluminio? <\/b><\/p>\n<p> Estos perfiles se utilizan en marcos de muebles, barras de cortinas, equipamiento deportivo, marcos estructurales y sistemas de tuber\u00edas industriales.\n<\/p>\n<p><\/p>\n<p><b>7.\u00bfC\u00f3mo se instalan o unen los perfiles tubulares de aluminio? <\/b><\/p>\n<p> Pueden cortarse, taladrarse, soldarse o conectarse mediante fijaciones mec\u00e1nicas o conectores de aluminio en funci\u00f3n de la aplicaci\u00f3n.\n<\/p>\n<p><\/p>\n<p><b>8.\u00bfD\u00f3nde puedo conseguir tubos redondos de aluminio extruido OEM? <\/b><\/p>\n<p> Los principales fabricantes chinos suministran perfiles tubulares de aluminio personalizados a granel con una gran variedad de tratamientos superficiales y env\u00edo a todo el mundo.\n<\/p>\n<p><\/p>","protected":false},"featured_media":6859,"template":"","categories":[67],"class_list":["post-6860","product","type-product","status-publish","has-post-thumbnail","hentry","category-architectural-aluminium-profile"],"meta_box":{"hilight_text_group":{"product_hilight_text":"<li>High-quality aluminium round tube extrusion profiles with anodized or powder-coated surface treatments<\/li>\r\r\n<li>Manufactured using 6061 or 6063 alloy for strength, corrosion resistance, and formability<\/li>\r\r\n<li>OEM customized dimensions, wall thicknesses, and lengths for structural, decorative, and mechanical uses<\/li>\r\r\n<li>Available in a variety of finishes including clear anodized, black, bronze, silver, and custom powder coating<\/li>\r\r\n<li>Widely used in construction, furniture, transportation, and industrial piping systems<\/li>","product_chanpin_blog":"<ul>\r\r\n<li><a href=\"https:\/\/sinoextrud.com\/t-slot-v-slot-differences\/\" target=\"_blank\">t slot vs v slot<\/a><\/li>\r\r\n<li><a href=\"https:\/\/sinoextrud.com\/what-is-4040-aluminium-extrud\/\" target=\"_blank\">4040 aluminium extrusion<\/a><\/li>\r\r\n<li><a href=\"https:\/\/sinoextrud.com\/what-is-4040-aluminium-extrud\/\" target=\"_blank\">aluminum extrusions for industrial racks<\/a><\/li>\r\r\n<li><a href=\"https:\/\/sinoextrud.com\/powder-coating-aluminium-process\/\" target=\"_blank\">powder coating aluminium<\/a><\/li>\r\r\n<li><a href=\"https:\/\/sinoextrud.com\/what-is-an-aluminium-strip-ceiling\/\" target=\"_blank\">aluminium strip ceiling<\/a><\/li>\r\r\n<li><a href=\"https:\/\/sinoextrud.com\/what-is-a-heat-sink\/\" target=\"_blank\">what is a heat sink<\/a><\/li>\r\r\n<\/ul>","product_chanpin_chanpin":"<li><a href=\"https:\/\/sinoextrud.com\/product\/aluminium-z-section-extrusions\/\" target=\"_blank\">Aluminium Z Section Extrusions<\/a><\/li>\r\n<li><a href=\"https:\/\/sinoextrud.com\/product\/6063-t5-aluminum-extruded-profiles\/\" target=\"_blank\">6063 T5 Aluminum Extruded Profiles<\/a><\/li>\r\n<li><a href=\"https:\/\/sinoextrud.com\/product\/aluminum-sunshading-profile\/\" target=\"_blank\">Aluminum Sunshading Profile<\/a><\/li>\r\n<li><a href=\"https:\/\/sinoextrud.com\/product\/industrial-customized-6063-t5-alloy-aluminium-extrusion-profile\/\" target=\"_blank\">Industrial Customized 6063-T5 Alloy Aluminium Extrusion Profile<\/a><\/li>\r\n<li><a href=\"https:\/\/sinoextrud.com\/product\/aluminium-round-tube-extrusion-profile-with-anodized-powder-coating-surface-treatment-oem-customized-extruded-aluminium-tube-profile\/\" target=\"_blank\">Aluminium Round Tube Extrusion Profile With Anodized Powder Coating Surface Treatment OEM Customized  Extruded Aluminium Tube Profile<\/a><\/li>\r\n<li><a href=\"https:\/\/sinoextrud.com\/product\/anodized-aluminium-industrial-profile-aluminum-extrusion\/\" target=\"_blank\">Anodized Aluminium Industrial Profile & Aluminum Extrusion<\/a><\/li>\r\n<li><a href=\"https:\/\/sinoextrud.com\/product\/anodized-aluminium-industrial-profile-aluminum-extrusion-2\/\" target=\"_blank\">Anodized Aluminium Industrial Profile  Aluminum Extrusion<\/a><\/li>\r\n<li><a href=\"https:\/\/sinoextrud.com\/product\/aluminium-frame-extrusion-profile-picture-frame-profile-for-interior-decoration-supplied-by-china-manufacturer\/\" target=\"_blank\">Aluminium Frame Extrusion Profile Picture Frame Profile for Interior Decoration Supplied By China Manufacturer<\/a><\/li>\r\n<li><a href=\"https:\/\/sinoextrud.com\/product\/aluminum-window-frame-extrusions\/\" target=\"_blank\">Aluminum Window Frame Extrusions<\/a><\/li>\r\n<li><a href=\"https:\/\/sinoextrud.com\/product\/aluminum-extrusion-electrophoresis-aluminum-tube\/\" target=\"_blank\">Aluminum Extrusion Electrophoresis Aluminum Tube<\/a><\/li>\r\n<li><a href=\"https:\/\/sinoextrud.com\/product\/v-slot-rail-aluminum-profile-extrusion\/\" target=\"_blank\">V Slot Rail Aluminum Profile Extrusion<\/a><\/li>"},"feature_list":[]},"_links":{"self":[{"href":"https:\/\/sinoextrud.com\/es\/wp-json\/wp\/v2\/product\/6860","targetHints":{"allow":["GET"]}}],"collection":[{"href":"https:\/\/sinoextrud.com\/es\/wp-json\/wp\/v2\/product"}],"about":[{"href":"https:\/\/sinoextrud.com\/es\/wp-json\/wp\/v2\/types\/product"}],"wp:featuredmedia":[{"embeddable":true,"href":"https:\/\/sinoextrud.com\/es\/wp-json\/wp\/v2\/media\/6859"}],"wp:attachment":[{"href":"https:\/\/sinoextrud.com\/es\/wp-json\/wp\/v2\/media?parent=6860"}],"wp:term":[{"taxonomy":"category","embeddable":true,"href":"https:\/\/sinoextrud.com\/es\/wp-json\/wp\/v2\/categories?post=6860"}],"curies":[{"name":"wp","href":"https:\/\/api.w.org\/{rel}","templated":true}]}}