{"id":6853,"date":"2025-06-03T02:29:10","date_gmt":"2025-06-03T02:29:10","guid":{"rendered":"https:\/\/sinoextrud.com\/product\/6063-t5-aluminum-extruded-profiles\/"},"modified":"2025-06-24T06:11:51","modified_gmt":"2025-06-24T06:11:51","slug":"perfiles-extruidos-de-aluminio-6063-t5","status":"publish","type":"product","link":"https:\/\/sinoextrud.com\/es\/product\/6063-t5-aluminum-extruded-profiles\/","title":{"rendered":"Perfiles extruidos de aluminio 6063 T5"},"content":{"rendered":"<h2>Productos<\/h2>\n<table class=\"custom-table\">\n<tr>\n<td class=\"label\">Modelo NO.:<\/td>\n<td>Perfiles extruidos de aluminio 6063 t5<\/td>\n<\/tr>\n<tr>\n<td class=\"label\">Forma:<\/td>\n<td>Perfil en forma de H, Personalizado<\/td>\n<\/tr>\n<tr>\n<td class=\"label\">Temperamento:<\/td>\n<td>T3-T8<\/td>\n<\/tr>\n<tr>\n<td class=\"label\">Aleaci\u00f3n:<\/td>\n<td>Aleaci\u00f3n<\/td>\n<\/tr>\n<tr>\n<td class=\"label\">Ingrediente de aleaci\u00f3n:<\/td>\n<td>6063-T5, 6061-T6, 6463-T5, 7075-T6, 6082<\/td>\n<\/tr>\n<tr>\n<td class=\"label\">Perfil de aluminio pulido:<\/td>\n<td>Pulido mec\u00e1nico<\/td>\n<\/tr>\n<tr>\n<td class=\"label\">Puerto:<\/td>\n<td>Shenzhen, Guangzhou, Foshan<\/td>\n<\/tr>\n<tr>\n<td class=\"label\">Colores:<\/td>\n<td>astilla<\/td>\n<\/tr>\n<tr>\n<td class=\"label\">MOQ:<\/td>\n<td>200KG para cada art\u00edculo<\/td>\n<\/tr>\n<tr>\n<td class=\"label\">Paquete de transporte:<\/td>\n<td>Film de pl\u00e1stico o bolsa de polietileno, papel impermeable para manualidades<\/td>\n<\/tr>\n<tr>\n<td class=\"label\">Origen:<\/td>\n<td>Foshan, China<\/td>\n<\/tr>\n<tr>\n<td class=\"label\">Tipo:<\/td>\n<td>Perfil de aluminio decorativo<\/td>\n<\/tr>\n<tr>\n<td class=\"label\">Acabado superficial:<\/td>\n<td>Perfil cepillado<\/td>\n<\/tr>\n<tr>\n<td class=\"label\">Certificaci\u00f3n:<\/td>\n<td>CE, ISO, RoHS, TUV<\/td>\n<\/tr>\n<tr>\n<td class=\"label\">Plazo de entrega:<\/td>\n<td>20 d\u00edas despu\u00e9s de la recepci\u00f3n del dep\u00f3sito<\/td>\n<\/tr>\n<tr>\n<td class=\"label\">Plazo de pago:<\/td>\n<td>T\/T, 30% Pago a cuenta mientras que el saldo se pagar\u00e1<\/td>\n<\/tr>\n<tr>\n<td class=\"label\">Garant\u00eda:<\/td>\n<td>El color de la superficie puede durar entre 10 y 20 a\u00f1os <\/td>\n<\/tr>\n<tr>\n<td class=\"label\">Especificaci\u00f3n:<\/td>\n<td>12*25mm<\/td>\n<\/tr>\n<tr>\n<td class=\"label\">C\u00f3digo SA:<\/td>\n<td>76042100<\/td>\n<\/tr>\n<\/table>\n<h2>Nuestra base de fabricaci\u00f3n<\/h2>\n<h3>Panorama de la f\u00e1brica<\/h3>\n<p><img decoding=\"async\" src=\"\/wp-content\/uploads\/factory-01.webp\"\/><\/p>\n<h3>Taller de fabricaci\u00f3n de barras de aluminio<\/h3>\n<p><img decoding=\"async\" src=\"\/wp-content\/uploads\/factory-02.webp\"\/><\/p>\n<\/p>\n<p><img decoding=\"async\" src=\"\/wp-content\/uploads\/factory-03.webp\"\/><\/p>\n<h3>Almac\u00e9n de moldes<\/h3>\n<p><img decoding=\"async\" src=\"\/wp-content\/uploads\/factory-04.webp\"\/><\/p>\n<h3>43 L\u00c3neas de extrusi\u00c3\u00b3n de aluminio (500\u00e2\u20ac\"5500 toneladas)<\/h3>\n<p><img decoding=\"async\" src=\"\/wp-content\/uploads\/factory-05.webp\"\/><\/p>\n<p><img decoding=\"async\" src=\"\/wp-content\/uploads\/factory-06.webp\"\/><\/p>\n<p><img decoding=\"async\" src=\"\/wp-content\/uploads\/factory-07.webp\"\/><\/p>\n<h3>Taller de pintura en polvo<\/h3>\n<p><img decoding=\"async\" src=\"\/wp-content\/uploads\/factory-09.webp\"\/><\/p>\n<h3>Taller de anodizado<\/h3>\n<p><img decoding=\"async\" src=\"\/wp-content\/uploads\/factory-10.webp\"\/><\/p>\n<h3>Taller de procesamiento profundo<\/h3>\n<p><img decoding=\"async\" src=\"\/wp-content\/uploads\/factory-11.webp\"\/><\/p>\n<h3>Taller de mecanizado de precisi\u00f3n CNC<\/h3>\n<p><img decoding=\"async\" src=\"\/wp-content\/uploads\/factory-11.5.webp\"\/><\/p>\n<h3>Almac\u00e9n de productos acabados y de exportaci\u00f3n<\/h3>\n<p><img decoding=\"async\" src=\"\/wp-content\/uploads\/factory-12.webp\"\/><\/p>\n<p><img decoding=\"async\" src=\"\/wp-content\/uploads\/factory-13.webp\"\/><\/p>\n<p><img decoding=\"async\" src=\"\/wp-content\/uploads\/factory-14.webp\"\/><\/p>\n<h2>PREGUNTAS FRECUENTES<\/h2>\n<p><b>1. \u00bfQu\u00e9 son los perfiles extruidos de aluminio 6063 T5? <\/b><\/p>\n<p> Se trata de perfiles de aluminio fabricados con la aleaci\u00f3n 6063 y el temple T5, que ofrecen un equilibrio de conformabilidad, resistencia y calidad superficial para la construcci\u00f3n en general y el uso industrial.\n<\/p>\n<p><\/p>\n<p><b>2.\u00bfQu\u00e9 hace que el 6063 T5 sea una opci\u00f3n popular? <\/b><\/p>\n<p> El 6063 T5 ofrece un acabado superficial liso, una resistencia mec\u00e1nica moderada, resistencia a la corrosi\u00f3n y una excelente extrudibilidad, ideal para aplicaciones decorativas y estructurales.\n<\/p>\n<p><\/p>\n<p><b>3.\u00bfQu\u00e9 aplicaciones utilizan los perfiles de aluminio 6063 T5? <\/b><\/p>\n<p> Los usos m\u00e1s comunes son marcos de puertas y ventanas, muros cortina, marcos de muebles, tabiques, pasamanos y sistemas de montaje de paneles solares.\n<\/p>\n<p><\/p>\n<p><b>4.\u00bfQu\u00e9 acabados est\u00e1n disponibles para los perfiles 6063 T5? <\/b><\/p>\n<p> Las opciones incluyen anodizado, recubrimiento en polvo, veteado de madera, cepillado, arenado y acabado de fresado con fines funcionales o est\u00e9ticos.\n<\/p>\n<p><\/p>\n<p><b>5.\u00bfSon adecuados los perfiles 6063 T5 para su uso en exteriores? <\/b><\/p>\n<p> S\u00ed, son resistentes a la corrosi\u00f3n y a la intemperie cuando se recubren adecuadamente, lo que los hace perfectos para sistemas arquitect\u00f3nicos exteriores.\n<\/p>\n<p><\/p>\n<p><b>6.\u00bfPueden personalizarse estos perfiles para proyectos espec\u00edficos? <\/b><\/p>\n<p> Por supuesto, los fabricantes de equipos originales ofrecen formas, espesores de pared, longitudes y caracter\u00edsticas premecanizadas a medida seg\u00fan las necesidades del proyecto.\n<\/p>\n<p><\/p>\n<p><b>7.\u00bfQu\u00e9 normas cumplen los extruidos 6063 T5? <\/b><\/p>\n<p> Suelen cumplir normas internacionales como ASTM B221, EN755 o GB5237 para perfiles de aluminio.\n<\/p>\n<p><\/p>\n<p><b>8.\u00bfD\u00f3nde puedo conseguir perfiles de aluminio 6063 T5 a granel? <\/b><\/p>\n<p> Las principales f\u00e1bricas chinas ofrecen precios competitivos y fabricaci\u00f3n OEM a gran escala para perfiles 6063 T5 con soporte de env\u00edo global.\n<\/p>\n<p><\/p>","protected":false},"featured_media":6852,"template":"","categories":[67],"class_list":["post-6853","product","type-product","status-publish","has-post-thumbnail","hentry","category-architectural-aluminium-profile"],"meta_box":{"hilight_text_group":{"product_hilight_text":"<li>High-quality 6063 T5 aluminum extruded profiles designed for architectural, industrial, and commercial use<\/li>\r\r\n<li>Excellent corrosion resistance, surface finish, and moderate strength suitable for diverse applications<\/li>\r\r\n<li>Ideal for window frames, door frames, curtain walls, furniture, and solar panel structures<\/li>\r\r\n<li>Available in custom shapes, sizes, and finishes including anodized, powder-coated, and brushed<\/li>\r\r\n<li>Manufactured with precision extrusion techniques for consistent quality and tight tolerances<\/li>","product_chanpin_blog":"<ul>\r\r\n<li><a href=\"https:\/\/sinoextrud.com\/t-slot-v-slot-differences\/\" target=\"_blank\">t slot vs v slot<\/a><\/li>\r\r\n<li><a href=\"https:\/\/sinoextrud.com\/what-is-4040-aluminium-extrud\/\" target=\"_blank\">4040 aluminium extrusion<\/a><\/li>\r\r\n<li><a href=\"https:\/\/sinoextrud.com\/what-is-4040-aluminium-extrud\/\" target=\"_blank\">aluminum extrusions for industrial racks<\/a><\/li>\r\r\n<li><a href=\"https:\/\/sinoextrud.com\/powder-coating-aluminium-process\/\" target=\"_blank\">powder coating aluminium<\/a><\/li>\r\r\n<li><a href=\"https:\/\/sinoextrud.com\/what-is-an-aluminium-strip-ceiling\/\" target=\"_blank\">aluminium strip ceiling<\/a><\/li>\r\r\n<li><a href=\"https:\/\/sinoextrud.com\/what-is-a-heat-sink\/\" target=\"_blank\">what is a heat sink<\/a><\/li>\r\r\n<\/ul>","product_chanpin_chanpin":"<li><a href=\"https:\/\/sinoextrud.com\/product\/aluminium-sliding-door-matt-grey\/\" target=\"_blank\">Aluminium Sliding Door Matt Grey<\/a><\/li>\r\n<li><a href=\"https:\/\/sinoextrud.com\/product\/oem-aluminium-extrusion-profile-for-furniture-knobs-door-pull-handle\/\" target=\"_blank\">OEM Aluminium Extrusion Profile For Furniture Knobs Door Pull Handle<\/a><\/li>\r\n<li><a href=\"https:\/\/sinoextrud.com\/product\/aluminium-profile-for-glass-roof\/\" target=\"_blank\">Aluminium Profile For Glass Roof<\/a><\/li>\r\n<li><a href=\"https:\/\/sinoextrud.com\/product\/aluminium-z-section-extrusions\/\" target=\"_blank\">Aluminium Z Section Extrusions<\/a><\/li>\r\n<li><a href=\"https:\/\/sinoextrud.com\/product\/6063-t5-aluminum-extruded-profiles\/\" target=\"_blank\">6063 T5 Aluminum Extruded Profiles<\/a><\/li>\r\n<li><a href=\"https:\/\/sinoextrud.com\/product\/aluminum-sunshading-profile\/\" target=\"_blank\">Aluminum Sunshading Profile<\/a><\/li>\r\n<li><a href=\"https:\/\/sinoextrud.com\/product\/industrial-customized-6063-t5-alloy-aluminium-extrusion-profile\/\" target=\"_blank\">Industrial Customized 6063-T5 Alloy Aluminium Extrusion Profile<\/a><\/li>\r\n<li><a href=\"https:\/\/sinoextrud.com\/product\/aluminium-round-tube-extrusion-profile-with-anodized-powder-coating-surface-treatment-oem-customized-extruded-aluminium-tube-profile\/\" target=\"_blank\">Aluminium Round Tube Extrusion Profile With Anodized Powder Coating Surface Treatment OEM Customized  Extruded Aluminium Tube Profile<\/a><\/li>\r\n<li><a href=\"https:\/\/sinoextrud.com\/product\/anodized-aluminium-industrial-profile-aluminum-extrusion\/\" target=\"_blank\">Anodized Aluminium Industrial Profile & Aluminum Extrusion<\/a><\/li>\r\n<li><a href=\"https:\/\/sinoextrud.com\/product\/80-x-80-aluminum-extrusion\/\" target=\"_blank\">80 X 80 Aluminum Extrusion<\/a><\/li>\r\n<li><a href=\"https:\/\/sinoextrud.com\/product\/anodized-brushed-black-extruded-frame-profile\/\" target=\"_blank\">Anodized Brushed Black Extruded Frame Profile<\/a><\/li>"},"feature_list":[]},"_links":{"self":[{"href":"https:\/\/sinoextrud.com\/es\/wp-json\/wp\/v2\/product\/6853","targetHints":{"allow":["GET"]}}],"collection":[{"href":"https:\/\/sinoextrud.com\/es\/wp-json\/wp\/v2\/product"}],"about":[{"href":"https:\/\/sinoextrud.com\/es\/wp-json\/wp\/v2\/types\/product"}],"wp:featuredmedia":[{"embeddable":true,"href":"https:\/\/sinoextrud.com\/es\/wp-json\/wp\/v2\/media\/6852"}],"wp:attachment":[{"href":"https:\/\/sinoextrud.com\/es\/wp-json\/wp\/v2\/media?parent=6853"}],"wp:term":[{"taxonomy":"category","embeddable":true,"href":"https:\/\/sinoextrud.com\/es\/wp-json\/wp\/v2\/categories?post=6853"}],"curies":[{"name":"wp","href":"https:\/\/api.w.org\/{rel}","templated":true}]}}