{"id":6845,"date":"2025-06-03T02:13:27","date_gmt":"2025-06-03T02:13:27","guid":{"rendered":"https:\/\/sinoextrud.com\/product\/aluminium-sliding-door-matt-grey\/"},"modified":"2025-06-24T06:11:49","modified_gmt":"2025-06-24T06:11:49","slug":"puerta-corredera-de-aluminio-gris-mate","status":"publish","type":"product","link":"https:\/\/sinoextrud.com\/es\/product\/aluminium-sliding-door-matt-grey\/","title":{"rendered":"Puerta Corredera Aluminio Gris Mate"},"content":{"rendered":"<h2>Productos<\/h2>\n<table class=\"custom-table\">\n<tr>\n<td class=\"label\">Puerta Corredera Aluminio Gris Mate<\/td>\n<td>Material: aleaci\u00f3n de aluminio<br \/>\nTratamiento superficial: recubrimiento en polvo de grano de madera, electroforesis, anodizado, chorro de arena, etc.<br \/>\nColor : gris \/champagne , \/wood grain\/ blanco \/verde \/negro y personalizado<br \/>\nEspesor: 1,0 mm\/1,2 mm\/1,4 mm\/2,0 mm<\/td>\n<\/tr>\n<tr>\n<td class=\"label\">Vidrio<\/td>\n<td>Material : vidrio templado, vidrio flotante, vidrio aislante, vidrio reflectante<br \/>\nColor : transparente \/gris \/verde\/esmerilado<br \/>\nEspesor :vidrio aislante 5+9A+5 6+12A+6<br \/>\nSencillo: de 3 mm a 12 mm<br \/>\nTriple : 5+6A+5+6A+5<\/td>\n<\/tr>\n<tr>\n<td class=\"label\">Sellado<\/td>\n<td>Caucho EPDM<\/td>\n<\/tr>\n<tr>\n<td class=\"label\">Hardware<\/td>\n<td>1) Hope , Kinlong famosa marca china<br \/>\n2)La marca de fama internacional<br \/>\n3) personalizado<\/td>\n<\/tr>\n<tr>\n<td class=\"label\">Paquete<\/td>\n<td>1) pel\u00edcula, papel kraft<br \/>\n2) caja de madera<br \/>\n3) personalizado<\/td>\n<\/tr>\n<\/table>\n<h2>Nuestra base de fabricaci\u00f3n<\/h2>\n<h3>Panorama de la f\u00e1brica<\/h3>\n<p><img decoding=\"async\" src=\"\/wp-content\/uploads\/factory-01.webp\"\/><\/p>\n<h3>Taller de fabricaci\u00f3n de barras de aluminio<\/h3>\n<p><img decoding=\"async\" src=\"\/wp-content\/uploads\/factory-02.webp\"\/><\/p>\n<p><img decoding=\"async\" src=\"\/wp-content\/uploads\/factory-03.webp\"\/><\/p>\n<h3>Almac\u00e9n de moldes<\/h3>\n<p><img decoding=\"async\" src=\"\/wp-content\/uploads\/factory-04.webp\"\/><\/p>\n<h3>43 L\u00c3neas de extrusi\u00c3\u00b3n de aluminio (500\u00e2\u20ac\"5500 toneladas)<\/h3>\n<p><img decoding=\"async\" src=\"\/wp-content\/uploads\/factory-05.webp\"\/><\/p>\n<p><img decoding=\"async\" src=\"\/wp-content\/uploads\/factory-06.webp\"\/><\/p>\n<p><img decoding=\"async\" src=\"\/wp-content\/uploads\/factory-07.webp\"\/><\/p>\n<h3>Taller de pintura en polvo<\/h3>\n<p><img decoding=\"async\" src=\"\/wp-content\/uploads\/factory-09.webp\"\/><\/p>\n<h3>Taller de anodizado<\/h3>\n<p><img decoding=\"async\" src=\"\/wp-content\/uploads\/factory-10.webp\"\/><\/p>\n<h3>Taller de procesamiento profundo<\/h3>\n<p><img decoding=\"async\" src=\"\/wp-content\/uploads\/factory-11.webp\"\/><\/p>\n<h3>Taller de mecanizado de precisi\u00f3n CNC<\/h3>\n<p><img decoding=\"async\" src=\"\/wp-content\/uploads\/factory-11.5.webp\"\/><\/p>\n<h3>Almac\u00e9n de productos acabados y de exportaci\u00f3n<\/h3>\n<p><img decoding=\"async\" src=\"\/wp-content\/uploads\/factory-12.webp\"\/><\/p>\n<p><img decoding=\"async\" src=\"\/wp-content\/uploads\/factory-13.webp\"\/><\/p>\n<p><img decoding=\"async\" src=\"\/wp-content\/uploads\/factory-14.webp\"\/><\/p>\n<h2>PREGUNTAS FRECUENTES<\/h2>\n<p><p><b>1.\u00bfQu\u00e9 es un perfil de puerta corredera de aluminio gris mate? <\/b><\/p>\n<p> Se trata de una extrusi\u00f3n de aluminio con un acabado superficial gris no brillante, que se utiliza en modernos sistemas de puertas correderas para aplicaciones residenciales y comerciales.<br \/>\n<\/p><br \/>\n<br \/>\n<p><b>2.\u00bfQu\u00e9 ventajas tiene el acabado mate en las puertas correderas de aluminio? <\/b><\/p>\n<p> Los acabados mate ofrecen un aspecto suave y elegante a la vez que ocultan las huellas dactilares y resisten los ara\u00f1azos, por lo que son adecuados para superficies de alto contacto.<br \/>\n<\/p><br \/>\n<br \/>\n<p><b>3.\u00bfQu\u00e9 aleaci\u00f3n se utiliza para estos perfiles de puertas correderas? <\/b><\/p>\n<p> Los perfiles suelen ser de aluminio 6063-T5, conocido por su solidez, resistencia a la corrosi\u00f3n y acabado superficial de alta calidad.<br \/>\n<\/p><br \/>\n<br \/>\n<p><b>4.\u00bfC\u00f3mo se consigue el color gris mate? <\/b><\/p>\n<p> El acabado suele aplicarse mediante recubrimiento en polvo o anodizado, ambos ofrecen una textura mate duradera y resistente a la decoloraci\u00f3n.<br \/>\n<\/p><br \/>\n<br \/>\n<p><b>5.\u00bfSon adecuados estos perfiles para puertas correderas de exterior? <\/b><\/p>\n<p> S\u00ed, el acabado mate es resistente a los rayos UV y a la intemperie, por lo que son ideales para patios, balcones y otras instalaciones exteriores.<br \/>\n<\/p><br \/>\n<br \/>\n<p><b>6.\u00bfPuedo obtener dimensiones y dise\u00f1os de perfil personalizados? <\/b><\/p>\n<p> Por supuesto, los fabricantes ofrecen servicios OEM para adaptar el tama\u00f1o, el grosor y la secci\u00f3n transversal del perfil a las necesidades espec\u00edficas del proyecto.<br \/>\n<\/p><br \/>\n<br \/>\n<p><b>7.\u00bfQu\u00e9 tipos de puertas pueden utilizar perfiles de aluminio gris mate? <\/b><\/p>\n<p> Estos perfiles se utilizan habitualmente en separadores de espacios interiores, armarios, puertas de balcones y sistemas de puertas correderas comerciales.<br \/>\n<\/p><br \/>\n<br \/>\n<p><b>8.\u00bfD\u00f3nde puedo comprar a granel perfiles de aluminio gris mate para puertas correderas? <\/b><\/p>\n<p> Fabricantes chinos de renombre suministran perfiles personalizados de color gris mate a precios de f\u00e1brica con capacidad de exportaci\u00f3n para clientes de todo el mundo.<br \/>\n<\/p><br \/><\/p>","protected":false},"featured_media":6844,"template":"","categories":[67],"class_list":["post-6845","product","type-product","status-publish","has-post-thumbnail","hentry","category-architectural-aluminium-profile"],"meta_box":{"hilight_text_group":{"product_hilight_text":"<li>Matt grey aluminium sliding door profiles designed for a sleek and modern architectural look<\/li>\r\r\n<li>Made from premium 6063-T5 aluminum alloy for excellent strength, corrosion resistance, and smooth surface finish<\/li>\r\r\n<li>Matt powder-coated or anodized finish resists fingerprints, fading, and scratches<\/li>\r\r\n<li>Ideal for wardrobes, patio doors, room dividers, and office sliding systems<\/li>\r\r\n<li>OEM customization available for sizes, thickness, hardware compatibility, and design<\/li>","product_chanpin_blog":"<ul>\r\r\n<li><a href=\"https:\/\/sinoextrud.com\/t-slot-v-slot-differences\/\" target=\"_blank\">t slot vs v slot<\/a><\/li>\r\r\n<li><a href=\"https:\/\/sinoextrud.com\/what-is-4040-aluminium-extrud\/\" target=\"_blank\">4040 aluminium extrusion<\/a><\/li>\r\r\n<li><a href=\"https:\/\/sinoextrud.com\/what-is-4040-aluminium-extrud\/\" target=\"_blank\">aluminum extrusions for industrial racks<\/a><\/li>\r\r\n<li><a href=\"https:\/\/sinoextrud.com\/powder-coating-aluminium-process\/\" target=\"_blank\">powder coating aluminium<\/a><\/li>\r\r\n<li><a href=\"https:\/\/sinoextrud.com\/what-is-an-aluminium-strip-ceiling\/\" target=\"_blank\">aluminium strip ceiling<\/a><\/li>\r\r\n<li><a href=\"https:\/\/sinoextrud.com\/what-is-a-heat-sink\/\" target=\"_blank\">what is a heat sink<\/a><\/li>\r\r\n<\/ul>","product_chanpin_chanpin":"<li><a href=\"https:\/\/sinoextrud.com\/product\/aluminium-sliding-door-champagne-colour\/\" target=\"_blank\">Aluminium Sliding Door Champagne colour<\/a><\/li>\r\n<li><a href=\"https:\/\/sinoextrud.com\/product\/aluminium-sliding-door-electrophoresis-golden\/\" target=\"_blank\">Aluminium Sliding Door Electrophoresis Golden<\/a><\/li>\r\n<li><a href=\"https:\/\/sinoextrud.com\/product\/extruded-aluminium-profile-tube-pipe-with-oval-trigle-square-round-shape-manufacturer-price\/\" target=\"_blank\">Extruded Aluminium Profile Tube Pipe With Oval Trigle Square Round Shape Manufacturer Price<\/a><\/li>\r\n<li><a href=\"https:\/\/sinoextrud.com\/product\/aluminium-sliding-door-brushed-grey\/\" target=\"_blank\">Aluminium Sliding Door Brushed Grey<\/a><\/li>\r\n<li><a href=\"https:\/\/sinoextrud.com\/product\/aluminium-sliding-door-matt-grey\/\" target=\"_blank\">Aluminium Sliding Door Matt Grey<\/a><\/li>\r\n<li><a href=\"https:\/\/sinoextrud.com\/product\/oem-aluminium-extrusion-profile-for-furniture-knobs-door-pull-handle\/\" target=\"_blank\">OEM Aluminium Extrusion Profile For Furniture Knobs Door Pull Handle<\/a><\/li>\r\n<li><a href=\"https:\/\/sinoextrud.com\/product\/aluminium-profile-for-glass-roof\/\" target=\"_blank\">Aluminium Profile For Glass Roof<\/a><\/li>\r\n<li><a href=\"https:\/\/sinoextrud.com\/product\/aluminium-z-section-extrusions\/\" target=\"_blank\">Aluminium Z Section Extrusions<\/a><\/li>\r\n<li><a href=\"https:\/\/sinoextrud.com\/product\/6063-t5-aluminum-extruded-profiles\/\" target=\"_blank\">6063 T5 Aluminum Extruded Profiles<\/a><\/li>\r\n<li><a href=\"https:\/\/sinoextrud.com\/product\/12-to-20-mm-glass-aluminum-glass-railing-price-per-foot\/\" target=\"_blank\">12 To 20 MM Glass Aluminum Glass Railing Price Per Foot<\/a><\/li>\r\n<li><a href=\"https:\/\/sinoextrud.com\/product\/aluminum-extrusion-profiles-products\/\" target=\"_blank\">Aluminum Extrusion Profiles Products<\/a><\/li>"},"feature_list":[]},"_links":{"self":[{"href":"https:\/\/sinoextrud.com\/es\/wp-json\/wp\/v2\/product\/6845","targetHints":{"allow":["GET"]}}],"collection":[{"href":"https:\/\/sinoextrud.com\/es\/wp-json\/wp\/v2\/product"}],"about":[{"href":"https:\/\/sinoextrud.com\/es\/wp-json\/wp\/v2\/types\/product"}],"wp:featuredmedia":[{"embeddable":true,"href":"https:\/\/sinoextrud.com\/es\/wp-json\/wp\/v2\/media\/6844"}],"wp:attachment":[{"href":"https:\/\/sinoextrud.com\/es\/wp-json\/wp\/v2\/media?parent=6845"}],"wp:term":[{"taxonomy":"category","embeddable":true,"href":"https:\/\/sinoextrud.com\/es\/wp-json\/wp\/v2\/categories?post=6845"}],"curies":[{"name":"wp","href":"https:\/\/api.w.org\/{rel}","templated":true}]}}