{"id":6837,"date":"2025-06-03T01:32:36","date_gmt":"2025-06-03T01:32:36","guid":{"rendered":"https:\/\/sinoextrud.com\/product\/aluminium-sliding-door-champagne-colour\/"},"modified":"2025-06-24T06:11:47","modified_gmt":"2025-06-24T06:11:47","slug":"puerta-corredera-de-aluminio-color-champan","status":"publish","type":"product","link":"https:\/\/sinoextrud.com\/es\/product\/aluminium-sliding-door-champagne-colour\/","title":{"rendered":"Puerta corredera de aluminio Color champ\u00e1n"},"content":{"rendered":"<h2>Productos<\/h2>\n<table class=\"custom-table\">\n<tr>\n<td class=\"label\">Aleaci\u00f3n:<\/td>\n<td>Palanquilla en lingote 6063-T5 \/6061-T6<\/td>\n<\/tr>\n<tr>\n<td class=\"label\">Est\u00e1ndar:<\/td>\n<td>perfil de aluminio de calidad media y alta<\/td>\n<\/tr>\n<tr>\n<td class=\"label\">Garantizado:<\/td>\n<td>certificado del cliente, como BV, Soncap, cualificaci\u00f3n ISO<\/td>\n<\/tr>\n<tr>\n<td class=\"label\">MOQ:<\/td>\n<td>200KG por cada perfil de aluminio<\/td>\n<\/tr>\n<tr>\n<td class=\"label\">Longitud de exportaci\u00f3n:<\/td>\n<td>5.8m para 20ft , 5.9m \/6.0m para 40'GP<\/td>\n<\/tr>\n<\/table>\n<h2>Nuestra base de fabricaci\u00f3n<\/h2>\n<h3>Panorama de la f\u00e1brica<\/h3>\n<p><img decoding=\"async\" src=\"\/wp-content\/uploads\/factory-01.webp\"\/><\/p>\n<h3>Taller de fabricaci\u00f3n de barras de aluminio<\/h3>\n<p><img decoding=\"async\" src=\"\/wp-content\/uploads\/factory-02.webp\"\/><\/p>\n<p><img decoding=\"async\" src=\"\/wp-content\/uploads\/factory-03.webp\"\/><\/p>\n<h3>Almac\u00e9n de moldes<\/h3>\n<p><img decoding=\"async\" src=\"\/wp-content\/uploads\/factory-04.webp\"\/><\/p>\n<h3>43 L\u00c3neas de extrusi\u00c3\u00b3n de aluminio (500\u00e2\u20ac\"5500 toneladas)<\/h3>\n<p><img decoding=\"async\" src=\"\/wp-content\/uploads\/factory-05.webp\"\/><\/p>\n<p><img decoding=\"async\" src=\"\/wp-content\/uploads\/factory-06.webp\"\/><\/p>\n<p><img decoding=\"async\" src=\"\/wp-content\/uploads\/factory-07.webp\"\/><\/p>\n<h3>Taller de pintura en polvo<\/h3>\n<p><img decoding=\"async\" src=\"\/wp-content\/uploads\/factory-09.webp\"\/><\/p>\n<h3>Taller de anodizado<\/h3>\n<p><img decoding=\"async\" src=\"\/wp-content\/uploads\/factory-10.webp\"\/><\/p>\n<h3>Taller de procesamiento profundo<\/h3>\n<p><img decoding=\"async\" src=\"\/wp-content\/uploads\/factory-11.webp\"\/><\/p>\n<h3>Taller de mecanizado de precisi\u00f3n CNC<\/h3>\n<p><img decoding=\"async\" src=\"\/wp-content\/uploads\/factory-11.5.webp\"\/><\/p>\n<h3>Almac\u00e9n de productos acabados y de exportaci\u00f3n<\/h3>\n<p><img decoding=\"async\" src=\"\/wp-content\/uploads\/factory-12.webp\"\/><\/p>\n<p><img decoding=\"async\" src=\"\/wp-content\/uploads\/factory-13.webp\"\/><\/p>\n<p><img decoding=\"async\" src=\"\/wp-content\/uploads\/factory-14.webp\"\/><\/p>\n<h2>PREGUNTAS FRECUENTES<\/h2>\n<p><p><b>1.\u00bfQu\u00e9 es un perfil de puerta corredera de aluminio color champ\u00e1n? <\/b><\/p>\n<p> Se trata de una extrusi\u00f3n de aluminio con una superficie en tono champ\u00e1n, que se utiliza para construir marcos de puertas correderas modernos y lujosos.<br \/>\n<\/p><br \/>\n<br \/>\n<p><b>2.\u00bfC\u00f3mo se aplica el color champ\u00e1n a la superficie de aluminio? <\/b><\/p>\n<p> El acabado se consigue mediante anodizado o electroforesis, lo que garantiza un color uniforme, durabilidad y resistencia a la decoloraci\u00f3n o la corrosi\u00f3n.<br \/>\n<\/p><br \/>\n<br \/>\n<p><b>3.\u00bfPor qu\u00e9 elegir champ\u00e1n en lugar de otros acabados? <\/b><\/p>\n<p> Champagne proporciona un aspecto met\u00e1lico c\u00e1lido y elegante que complementa los dise\u00f1os de interior cl\u00e1sicos y contempor\u00e1neos.<br \/>\n<\/p><br \/>\n<br \/>\n<p><b>4.\u00bfQu\u00e9 aleaci\u00f3n se utiliza para los perfiles de las puertas correderas champ\u00e1n? <\/b><\/p>\n<p> El aluminio 6063-T5 se utiliza habitualmente por su excelente capacidad de extrusi\u00f3n, la calidad est\u00e9tica de su superficie y su integridad estructural.<br \/>\n<\/p><br \/>\n<br \/>\n<p><b>5.\u00bfEl acabado champ\u00e1n es apto para instalaciones exteriores? <\/b><\/p>\n<p> S\u00ed, los acabados champ\u00e1n anodizado y tratado por electroforesis ofrecen resistencia a los rayos UV y protecci\u00f3n contra la intemperie para uso exterior.<br \/>\n<\/p><br \/>\n<br \/>\n<p><b>6.\u00bfPuedo personalizar el tama\u00f1o y el dise\u00f1o del perfil? <\/b><\/p>\n<p> Por supuesto, los fabricantes ofrecen opciones OEM para las secciones transversales de los perfiles, los grosores y la integraci\u00f3n con mecanismos deslizantes o paneles de vidrio.<br \/>\n<\/p><br \/>\n<br \/>\n<p><b>7.\u00bfD\u00f3nde se utilizan habitualmente los perfiles de aluminio champ\u00e1n para puertas correderas? <\/b><\/p>\n<p> Se utilizan en armarios de gama alta, puertas de patio, entradas comerciales de lujo y tabiques arquitect\u00f3nicos interiores.<br \/>\n<\/p><br \/>\n<br \/>\n<p><b>8.\u00bfSe pueden comprar perfiles de aluminio para champ\u00e1n a granel en China? <\/b><\/p>\n<p> S\u00ed, las mejores f\u00e1bricas chinas ofrecen perfiles para puertas correderas anodizados en color champ\u00e1n a precios directos de f\u00e1brica, con total personalizaci\u00f3n y asistencia a la exportaci\u00f3n.<br \/>\n<\/p><br \/><\/p>","protected":false},"featured_media":6836,"template":"","categories":[67],"class_list":["post-6837","product","type-product","status-publish","has-post-thumbnail","hentry","category-architectural-aluminium-profile"],"meta_box":{"hilight_text_group":{"product_hilight_text":"<li>Elegant champagne colour aluminium sliding door profiles for high-end interior and exterior applications<\/li>\r\r\n<li>Made from 6063-T5 alloy for optimal strength, corrosion resistance, and smooth surface finish<\/li>\r\r\n<li>Champagne finish applied via anodizing or electrophoresis for long-lasting, fade-resistant color<\/li>\r\r\n<li>Ideal for luxury wardrobes, balcony enclosures, room dividers, and commercial door systems<\/li>\r\r\n<li>OEM customization available for shape, size, wall thickness, and accessory compatibility<\/li>","product_chanpin_blog":"<ul>\r\r\n<li><a href=\"https:\/\/sinoextrud.com\/t-slot-v-slot-differences\/\" target=\"_blank\">t slot vs v slot<\/a><\/li>\r\r\n<li><a href=\"https:\/\/sinoextrud.com\/what-is-4040-aluminium-extrud\/\" target=\"_blank\">4040 aluminium extrusion<\/a><\/li>\r\r\n<li><a href=\"https:\/\/sinoextrud.com\/what-is-4040-aluminium-extrud\/\" target=\"_blank\">aluminum extrusions for industrial racks<\/a><\/li>\r\r\n<li><a href=\"https:\/\/sinoextrud.com\/powder-coating-aluminium-process\/\" target=\"_blank\">powder coating aluminium<\/a><\/li>\r\r\n<li><a href=\"https:\/\/sinoextrud.com\/what-is-an-aluminium-strip-ceiling\/\" target=\"_blank\">aluminium strip ceiling<\/a><\/li>\r\r\n<li><a href=\"https:\/\/sinoextrud.com\/what-is-a-heat-sink\/\" target=\"_blank\">what is a heat sink<\/a><\/li>\r\r\n<\/ul>","product_chanpin_chanpin":"<li><a href=\"https:\/\/sinoextrud.com\/product\/aluminium-sliding-door-matt-bronze\/\" target=\"_blank\">Aluminium Sliding Door Matt Bronze<\/a><\/li>\r\n<li><a href=\"https:\/\/sinoextrud.com\/product\/aluminium-extrusion-connectors\/\" target=\"_blank\">Aluminium Extrusion Connectors<\/a><\/li>\r\n<li><a href=\"https:\/\/sinoextrud.com\/product\/6000-series-alloy-extruded-aluminium-profile-for-industrial-solar-panel-frame-structure\/\" target=\"_blank\">6000 Series Alloy Extruded Aluminium Profile For Industrial Solar Panel Frame Structure<\/a><\/li>\r\n<li><a href=\"https:\/\/sinoextrud.com\/product\/aluminium-sliding-door-matt-black\/\" target=\"_blank\">Aluminium Sliding Door Matt Black<\/a><\/li>\r\n<li><a href=\"https:\/\/sinoextrud.com\/product\/aluminium-sliding-door-champagne-colour\/\" target=\"_blank\">Aluminium Sliding Door Champagne colour<\/a><\/li>\r\n<li><a href=\"https:\/\/sinoextrud.com\/product\/aluminium-sliding-door-electrophoresis-golden\/\" target=\"_blank\">Aluminium Sliding Door Electrophoresis Golden<\/a><\/li>\r\n<li><a href=\"https:\/\/sinoextrud.com\/product\/extruded-aluminium-profile-tube-pipe-with-oval-trigle-square-round-shape-manufacturer-price\/\" target=\"_blank\">Extruded Aluminium Profile Tube Pipe With Oval Trigle Square Round Shape Manufacturer Price<\/a><\/li>\r\n<li><a href=\"https:\/\/sinoextrud.com\/product\/aluminium-sliding-door-brushed-grey\/\" target=\"_blank\">Aluminium Sliding Door Brushed Grey<\/a><\/li>\r\n<li><a href=\"https:\/\/sinoextrud.com\/product\/aluminium-sliding-door-matt-grey\/\" target=\"_blank\">Aluminium Sliding Door Matt Grey<\/a><\/li>\r\n<li><a href=\"https:\/\/sinoextrud.com\/product\/80-x-80-aluminium-extrusion\/\" target=\"_blank\">80 X 80 Aluminium Extrusion<\/a><\/li>\r\n<li><a href=\"https:\/\/sinoextrud.com\/product\/aluminium-industrial-profile\/\" target=\"_blank\">Aluminium Industrial Profile<\/a><\/li>"},"feature_list":[]},"_links":{"self":[{"href":"https:\/\/sinoextrud.com\/es\/wp-json\/wp\/v2\/product\/6837","targetHints":{"allow":["GET"]}}],"collection":[{"href":"https:\/\/sinoextrud.com\/es\/wp-json\/wp\/v2\/product"}],"about":[{"href":"https:\/\/sinoextrud.com\/es\/wp-json\/wp\/v2\/types\/product"}],"wp:featuredmedia":[{"embeddable":true,"href":"https:\/\/sinoextrud.com\/es\/wp-json\/wp\/v2\/media\/6836"}],"wp:attachment":[{"href":"https:\/\/sinoextrud.com\/es\/wp-json\/wp\/v2\/media?parent=6837"}],"wp:term":[{"taxonomy":"category","embeddable":true,"href":"https:\/\/sinoextrud.com\/es\/wp-json\/wp\/v2\/categories?post=6837"}],"curies":[{"name":"wp","href":"https:\/\/api.w.org\/{rel}","templated":true}]}}