{"id":6813,"date":"2025-06-02T13:05:34","date_gmt":"2025-06-02T13:05:34","guid":{"rendered":"https:\/\/sinoextrud.com\/product\/wood-grain-allow-box-aluminium-section\/"},"modified":"2025-06-24T06:11:45","modified_gmt":"2025-06-24T06:11:45","slug":"caja-de-madera-de-grano-permitido-seccion-de-aluminio","status":"publish","type":"product","link":"https:\/\/sinoextrud.com\/es\/product\/wood-grain-allow-box-aluminium-section\/","title":{"rendered":"Grano de madera Permitir secci\u00f3n de aluminio de la caja"},"content":{"rendered":"<h2>Productos<\/h2>\n<table class=\"custom-table\">\n<tr>\n<td class=\"label\">Material<\/td>\n<td>Aleaci\u00f3n 6063,6061; Temper T4\/T5\/T6 disponible<\/td>\n<\/tr>\n<tr>\n<td class=\"label\">Temple<\/td>\n<td>T3-T8<\/td>\n<\/tr>\n<tr>\n<td class=\"label\">Tratamiento de superficies<\/td>\n<td>fresado\/anodizado\/electroforesis\/recubrimiento en polvo\/madera 3D\/PVDF\/perfiles aislados t\u00e9rmicamente y compuestos<\/td>\n<\/tr>\n<tr>\n<td class=\"label\">Producto de aluminio<\/td>\n<td>Perfiles de aluminio para ventanas y puertas,muro cortina,industrial.<\/td>\n<\/tr>\n<tr>\n<td class=\"label\">Fenestraci\u00f3n<\/td>\n<td>Oscilobatientes, correderas, abatibles, abiertas hacia dentro, abiertas hacia fuera, plegables<\/td>\n<\/tr>\n<tr>\n<td class=\"label\">Color<\/td>\n<td>plata, negro, dorado, champ\u00e1n, espejo o mate, todo tipo de colores seg\u00fan su muestra<\/td>\n<\/tr>\n<tr>\n<td class=\"label\">Largo<\/td>\n<td>6 metros o 5,9m,5,8m, o longitud a medida del cliente.<\/td>\n<\/tr>\n<tr>\n<td class=\"label\">Espesor<\/td>\n<td>0,8 mm-10 mm<\/td>\n<\/tr>\n<tr>\n<td class=\"label\">Tiempo de liderazgo<\/td>\n<td>25 d\u00edas<\/td>\n<\/tr>\n<tr>\n<td class=\"label\">M\u00e1quina<\/td>\n<td>M\u00e1quina extrusora de 600~7600 toneladas<\/td>\n<\/tr>\n<tr>\n<td class=\"label\">Capacidad<\/td>\n<td>550 mil toneladas<\/td>\n<\/tr>\n<tr>\n<td class=\"label\">Espesor de la pel\u00edcula seca<\/td>\n<td>superior a 12\u03bcm para perfiles anodizados ;superior a 40\u03bcm para perfiles con recubrimiento en polvo.<\/td>\n<\/tr>\n<tr>\n<td class=\"label\">Utilizaci\u00f3n<\/td>\n<td>1. ventanas y puertas; 2. muros cortina; 3. energ\u00eda solar; 4. encofrados; 5. uso industrial; 6. construcci\u00f3n; 7. autom\u00f3viles y aviones, etc.<\/td>\n<\/tr>\n<\/table>\n<h2>Nuestra base de fabricaci\u00f3n<\/h2>\n<h3>Panorama de la f\u00e1brica<\/h3>\n<p><img decoding=\"async\" src=\"\/wp-content\/uploads\/factory-01.webp\"\/><\/p>\n<h3>Taller de fabricaci\u00f3n de barras de aluminio<\/h3>\n<p><img decoding=\"async\" src=\"\/wp-content\/uploads\/factory-02.webp\"\/><\/p>\n<p><img decoding=\"async\" src=\"\/wp-content\/uploads\/factory-03.webp\"\/><\/p>\n<h3>Almac\u00e9n de moldes<\/h3>\n<p><img decoding=\"async\" src=\"\/wp-content\/uploads\/factory-04.webp\"\/><\/p>\n<h3>43 l\u00edneas de extrusi\u00f3n de aluminio (500-5500 toneladas)<\/h3>\n<p><img decoding=\"async\" src=\"\/wp-content\/uploads\/factory-05.webp\"\/><\/p>\n<p><img decoding=\"async\" src=\"\/wp-content\/uploads\/factory-06.webp\"\/><\/p>\n<p><img decoding=\"async\" src=\"\/wp-content\/uploads\/factory-07.webp\"\/><\/p>\n<h3>Taller de pintura en polvo<\/h3>\n<p><img decoding=\"async\" src=\"\/wp-content\/uploads\/factory-09.webp\"\/><\/p>\n<h3>Taller de anodizado<\/h3>\n<p><img decoding=\"async\" src=\"\/wp-content\/uploads\/factory-10.webp\"\/><\/p>\n<h3>Taller de procesamiento profundo<\/h3>\n<p><img decoding=\"async\" src=\"\/wp-content\/uploads\/factory-11.webp\"\/><\/p>\n<h3>Taller de mecanizado de precisi\u00f3n CNC<\/h3>\n<p><img decoding=\"async\" src=\"\/wp-content\/uploads\/factory-11.5.webp\"\/><\/p>\n<h3>Almac\u00e9n de productos acabados y de exportaci\u00f3n<\/h3>\n<p><img decoding=\"async\" src=\"\/wp-content\/uploads\/factory-12.webp\"\/><\/p>\n<p><img decoding=\"async\" src=\"\/wp-content\/uploads\/factory-13.webp\"\/><\/p>\n<p><img decoding=\"async\" src=\"\/wp-content\/uploads\/factory-14.webp\"\/><\/p>\n<h2>PREGUNTAS FRECUENTES<\/h2>\n<p><p><b>1.\u00bfQu\u00e9 es una secci\u00f3n de caja de aluminio con veta de madera? <\/b><\/p>\n<p> Se trata de un perfil de aluminio cuadrado o rectangular acabado con un efecto de vetas de madera para imitar el aspecto de la madera aut\u00e9ntica manteniendo las ventajas del aluminio.<br \/>\n<\/p><br \/>\n<br \/>\n<p><b>2.\u00bfC\u00f3mo se aplica el acabado de vetas de madera a los perfiles de aluminio? <\/b><\/p>\n<p> El acabado suele aplicarse mediante recubrimiento en polvo e impresi\u00f3n por transferencia t\u00e9rmica, lo que garantiza una textura realista y durabilidad a largo plazo.<br \/>\n<\/p><br \/>\n<br \/>\n<p><b>3.\u00bfPor qu\u00e9 elegir aluminio con vetas de madera en lugar de madera aut\u00e9ntica? <\/b><\/p>\n<p> El aluminio ofrece una mayor resistencia a la intemperie, seguridad contra incendios y un mantenimiento nulo en comparaci\u00f3n con la madera aut\u00e9ntica, lo que lo hace ideal para interiores y exteriores.<br \/>\n<\/p><br \/>\n<br \/>\n<p><b>4.\u00bfCu\u00e1les son los usos t\u00edpicos de los perfiles de caja de aluminio con veta de madera? <\/b><\/p>\n<p> Las aplicaciones m\u00e1s comunes incluyen marcos de puertas y ventanas, muros cortina, barandillas, muebles, p\u00e9rgolas y elementos decorativos de fachadas.<br \/>\n<\/p><br \/>\n<br \/>\n<p><b>5.\u00bfPuedo personalizar el color y el tama\u00f1o del perfil de aluminio con vetas de madera? <\/b><\/p>\n<p> S\u00ed, los fabricantes ofrecen una gama de tonos de madera y pueden adaptar las dimensiones del perfil a necesidades arquitect\u00f3nicas o de dise\u00f1o espec\u00edficas.<br \/>\n<\/p><br \/>\n<br \/>\n<p><b>6.\u00bfEs el acabado de grano de madera duradero y resistente a los rayos UV? <\/b><\/p>\n<p> Por supuesto, los acabados de grano de madera de alta calidad son estables a los rayos UV y resistentes a la intemperie, aptos para un uso prolongado sin decolorarse ni descascarillarse.<br \/>\n<\/p><br \/>\n<br \/>\n<p><b>7.\u00bfSon adecuados los perfiles de aluminio con vetas de madera para entornos h\u00famedos? <\/b><\/p>\n<p> S\u00ed, son resistentes a la corrosi\u00f3n e ideales para cocinas, ba\u00f1os e instalaciones exteriores en las que la humedad es un problema.<br \/>\n<\/p><br \/>\n<br \/>\n<p><b>8.\u00bfSon estos perfiles respetuosos con el medio ambiente? <\/b><\/p>\n<p> S\u00ed, el aluminio es reciclable y el acabado con vetas de madera elimina la necesidad de deforestaci\u00f3n o tratamientos nocivos para la madera.<br \/>\n<\/p><br \/><\/p>","protected":false},"featured_media":6812,"template":"","categories":[67],"class_list":["post-6813","product","type-product","status-publish","has-post-thumbnail","hentry","category-architectural-aluminium-profile"],"meta_box":{"hilight_text_group":{"product_hilight_text":"<li>Decorative wood grain aluminum box sections combine aesthetic warmth with modern durability<\/li>\r\r\n<li>Produced using high-quality 6063-T5 alloy for superior strength and corrosion resistance<\/li>\r\r\n<li>Wood grain finishes achieved through thermal transfer or powder coating for long-lasting appearance<\/li>\r\r\n<li>Lightweight, maintenance-free alternative to traditional wood for architectural and furniture applications<\/li>\r\r\n<li>Available in custom sizes and wood tones to match various design themes and environments<\/li>","product_chanpin_blog":"<ul>\r\r\n<li><a href=\"https:\/\/sinoextrud.com\/t-slot-v-slot-differences\/\" target=\"_blank\">t slot vs v slot<\/a><\/li>\r\r\n<li><a href=\"https:\/\/sinoextrud.com\/what-is-4040-aluminium-extrud\/\" target=\"_blank\">4040 aluminium extrusion<\/a><\/li>\r\r\n<li><a href=\"https:\/\/sinoextrud.com\/what-is-4040-aluminium-extrud\/\" target=\"_blank\">aluminum extrusions for industrial racks<\/a><\/li>\r\r\n<li><a href=\"https:\/\/sinoextrud.com\/powder-coating-aluminium-process\/\" target=\"_blank\">powder coating aluminium<\/a><\/li>\r\r\n<li><a href=\"https:\/\/sinoextrud.com\/what-is-an-aluminium-strip-ceiling\/\" target=\"_blank\">aluminium strip ceiling<\/a><\/li>\r\r\n<li><a href=\"https:\/\/sinoextrud.com\/what-is-a-heat-sink\/\" target=\"_blank\">what is a heat sink<\/a><\/li>\r\r\n<\/ul>","product_chanpin_chanpin":"<li><a href=\"https:\/\/sinoextrud.com\/product\/aluminium-louver-profile\/\" target=\"_blank\">Aluminium Louver Profile<\/a><\/li>\r\n<li><a href=\"https:\/\/sinoextrud.com\/product\/aluminium-profile-louver\/\" target=\"_blank\">Aluminium Profile Louver<\/a><\/li>\r\n<li><a href=\"https:\/\/sinoextrud.com\/product\/aluminum-sliding-door-frames-extrusion-profile-with-custom-shape-alloy-6063-for-furnitures-decoration\/\" target=\"_blank\">Aluminum Sliding Door Frames Extrusion Profile With Custom Shape Alloy 6063 For Furnitures Decoration<\/a><\/li>\r\n<li><a href=\"https:\/\/sinoextrud.com\/product\/aluminium-alloy-profile-for-cleaning-room-with-good-quality-manufacturer-china\/\" target=\"_blank\">Aluminium Alloy Profile For Cleaning Room With Good Quality Manufacturer China<\/a><\/li>\r\n<li><a href=\"https:\/\/sinoextrud.com\/product\/wood-grain-allow-box-aluminium-section\/\" target=\"_blank\">Wood Grain Allow Box aluminium Section<\/a><\/li>\r\n<li><a href=\"https:\/\/sinoextrud.com\/product\/top-grade-expanded-metal-aluminium-profiles-partition-frame-for-doors-and-windows\/\" target=\"_blank\">Top Grade Expanded Metal Aluminium Profiles Partition Frame For Doors And Windows<\/a><\/li>\r\n<li><a href=\"https:\/\/sinoextrud.com\/product\/6000-series-extrusion-of-aluminum-alloy-profile-for-furniture\/\" target=\"_blank\">6000 Series Extrusion Of Aluminum Alloy Profile for Furniture<\/a><\/li>\r\n<li><a href=\"https:\/\/sinoextrud.com\/product\/sliding-door-aluminium-profile-bronze-colour\/\" target=\"_blank\">Sliding Door Aluminium Profile Bronze Colour<\/a><\/li>\r\n<li><a href=\"https:\/\/sinoextrud.com\/product\/heavy-duty-aluminium-sliding-door-golden\/\" target=\"_blank\">Heavy Duty Aluminium Sliding Door Golden<\/a><\/li>\r\n<li><a href=\"https:\/\/sinoextrud.com\/product\/aluminium-oxide\/\" target=\"_blank\">Aluminium Oxide<\/a><\/li>\r\n<li><a href=\"https:\/\/sinoextrud.com\/product\/aluminum-extrusion-flood-control-barrier-aluminum-profile\/\" target=\"_blank\">Aluminum Extrusion Flood Control Barrier Aluminum Profile<\/a><\/li>"},"feature_list":[]},"_links":{"self":[{"href":"https:\/\/sinoextrud.com\/es\/wp-json\/wp\/v2\/product\/6813","targetHints":{"allow":["GET"]}}],"collection":[{"href":"https:\/\/sinoextrud.com\/es\/wp-json\/wp\/v2\/product"}],"about":[{"href":"https:\/\/sinoextrud.com\/es\/wp-json\/wp\/v2\/types\/product"}],"wp:featuredmedia":[{"embeddable":true,"href":"https:\/\/sinoextrud.com\/es\/wp-json\/wp\/v2\/media\/6812"}],"wp:attachment":[{"href":"https:\/\/sinoextrud.com\/es\/wp-json\/wp\/v2\/media?parent=6813"}],"wp:term":[{"taxonomy":"category","embeddable":true,"href":"https:\/\/sinoextrud.com\/es\/wp-json\/wp\/v2\/categories?post=6813"}],"curies":[{"name":"wp","href":"https:\/\/api.w.org\/{rel}","templated":true}]}}