{"id":6811,"date":"2025-06-02T13:02:40","date_gmt":"2025-06-02T13:02:40","guid":{"rendered":"https:\/\/sinoextrud.com\/product\/aluminium-alloy-profile-for-cleaning-room-with-good-quality-manufacturer-china\/"},"modified":"2025-06-24T06:11:44","modified_gmt":"2025-06-24T06:11:44","slug":"perfil-de-aleacion-de-aluminio-para-sala-de-limpieza-con-buena-calidad-fabricante-china","status":"publish","type":"product","link":"https:\/\/sinoextrud.com\/es\/product\/aluminium-alloy-profile-for-cleaning-room-with-good-quality-manufacturer-china\/","title":{"rendered":"Perfil De La Aleaci\u00f3n De Aluminio Para El Cuarto De Limpieza Con El Fabricante De Buena Calidad China"},"content":{"rendered":"<h2>Productos<\/h2>\n<table class=\"custom-table\">\n<tr>\n<td class=\"label\">Art\u00edculo:<\/td>\n<td> Perfil De La Aleaci\u00f3n De Aluminio Para El Cuarto De Limpieza Con El Fabricante De Buena Calidad China<\/td>\n<\/tr>\n<tr>\n<td class=\"label\">Forma:<\/td>\n<td> Seg\u00fan plano del cliente<\/td>\n<\/tr>\n<tr>\n<td class=\"label\">Temperamento:<\/td>\n<td> T3-T8<\/td>\n<\/tr>\n<tr>\n<td class=\"label\">Aleaci\u00f3n:<\/td>\n<td> Aleaci\u00f3n<\/td>\n<\/tr>\n<tr>\n<td class=\"label\">Longitud:<\/td>\n<td> 1-9 metros o personalizado<\/td>\n<\/tr>\n<tr>\n<td class=\"label\">Dise\u00f1o OEM\/muestras:<\/td>\n<td> Bienvenido\/Aceptable<\/td>\n<\/tr>\n<tr>\n<td class=\"label\">Marca registrada:<\/td>\n<td>Sinoextrud(Sinoextrud)\/ OEM<\/td>\n<\/tr>\n<tr>\n<td class=\"label\">Grado:<\/td>\n<td> Serie 6000<\/td>\n<\/tr>\n<tr>\n<td class=\"label\">Acabado superficial:<\/td>\n<td> Acabado de fresado, anodizado, recubierto de polvo, etc.<\/td>\n<\/tr>\n<tr>\n<td class=\"label\">Certificaci\u00f3n:<\/td>\n<td> CE, ISO, RoHS<\/td>\n<\/tr>\n<tr>\n<td class=\"label\">Informe de la prueba:<\/td>\n<td>100% Inspecci\u00f3n antes del env\u00edo<\/td>\n<\/tr>\n<tr>\n<td class=\"label\">Paquete de transporte:<\/td>\n<td> Film protector de pl\u00e1stico y papel impermeable para manualidades<\/td>\n<\/tr>\n<tr>\n<td class=\"label\">Origen:<\/td>\n<td> Foshan, Guangdong, China<\/td>\n<\/tr>\n<\/table>\n<h2>Nuestra base de fabricaci\u00f3n<\/h2>\n<h3>Panorama de la f\u00e1brica<\/h3>\n<p><img decoding=\"async\" src=\"\/wp-content\/uploads\/factory-01.webp\"\/><\/p>\n<h3>Taller de fabricaci\u00f3n de barras de aluminio<\/h3>\n<p><img decoding=\"async\" src=\"\/wp-content\/uploads\/factory-02.webp\"\/><\/p>\n<p><img decoding=\"async\" src=\"\/wp-content\/uploads\/factory-03.webp\"\/><\/p>\n<h3>Almac\u00e9n de moldes<\/h3>\n<p><img decoding=\"async\" src=\"\/wp-content\/uploads\/factory-04.webp\"\/><\/p>\n<h3>43 l\u00edneas de extrusi\u00f3n de aluminio (500-5500 toneladas)<\/h3>\n<p><img decoding=\"async\" src=\"\/wp-content\/uploads\/factory-05.webp\"\/><\/p>\n<p><img decoding=\"async\" src=\"\/wp-content\/uploads\/factory-06.webp\"\/><\/p>\n<p><img decoding=\"async\" src=\"\/wp-content\/uploads\/factory-07.webp\"\/><\/p>\n<h3>Taller de pintura en polvo<\/h3>\n<p><img decoding=\"async\" src=\"\/wp-content\/uploads\/factory-09.webp\"\/><\/p>\n<h3>Taller de anodizado<\/h3>\n<p><img decoding=\"async\" src=\"\/wp-content\/uploads\/factory-10.webp\"\/><\/p>\n<h3>Taller de procesamiento profundo<\/h3>\n<p><img decoding=\"async\" src=\"\/wp-content\/uploads\/factory-11.webp\"\/><\/p>\n<h3>Taller de mecanizado de precisi\u00f3n CNC<\/h3>\n<p><img decoding=\"async\" src=\"\/wp-content\/uploads\/factory-11.5.webp\"\/><\/p>\n<h3>Almac\u00e9n de productos acabados y de exportaci\u00f3n<\/h3>\n<p><img decoding=\"async\" src=\"\/wp-content\/uploads\/factory-12.webp\"\/><\/p>\n<p><img decoding=\"async\" src=\"\/wp-content\/uploads\/factory-13.webp\"\/><\/p>\n<p><img decoding=\"async\" src=\"\/wp-content\/uploads\/factory-14.webp\"\/><\/p>\n<h2>PREGUNTAS FRECUENTES<\/h2>\n<p><p><b>1.\u00bfQu\u00e9 es un perfil de aleaci\u00f3n de aluminio para salas blancas? <\/b><\/p>\n<p> Se trata de una extrusi\u00f3n de aluminio especialmente dise\u00f1ada para construir paredes, techos, puertas y estructuras de soporte de salas blancas en entornos est\u00e9riles.<br \/>\n<\/p><br \/>\n<br \/>\n<p><b>2.\u00bfPor qu\u00e9 utilizar la aleaci\u00f3n de aluminio 6063-T5 en los perfiles para salas blancas? <\/b><\/p>\n<p> El 6063-T5 ofrece una superficie lisa, alta resistencia a la corrosi\u00f3n y propiedades no reactivas, lo que lo hace adecuado para aplicaciones higi\u00e9nicas y sensibles a la contaminaci\u00f3n.<br \/>\n<\/p><br \/>\n<br \/>\n<p><b>3.\u00bfSon adecuados estos perfiles para las industrias farmac\u00e9utica y de semiconductores? <\/b><\/p>\n<p> S\u00ed, los perfiles de aluminio para salas blancas se utilizan ampliamente en las industrias m\u00e9dica, farmac\u00e9utica, electr\u00f3nica y de producci\u00f3n de alimentos que requieren un estricto control de la contaminaci\u00f3n.<br \/>\n<\/p><br \/>\n<br \/>\n<p><b>4.\u00bfSe pueden personalizar los perfiles de aluminio para salas blancas? <\/b><\/p>\n<p> Por supuesto, los perfiles pueden adaptarse en cuanto a forma, acabado y caracter\u00edsticas de integraci\u00f3n, como conductos para cables o pistas de sellado, para ajustarse a dise\u00f1os espec\u00edficos de salas blancas.<br \/>\n<\/p><br \/>\n<br \/>\n<p><b>5.\u00bfQu\u00e9 acabados est\u00e1n disponibles para los perfiles de aluminio para salas blancas? <\/b><\/p>\n<p> Los acabados m\u00e1s comunes son el anodizado y el recubrimiento en polvo, que ofrecen superficies f\u00e1ciles de limpiar y mayor durabilidad.<br \/>\n<\/p><br \/>\n<br \/>\n<p><b>6.\u00bfSon estos perfiles f\u00e1ciles de instalar en sistemas modulares de salas blancas? <\/b><\/p>\n<p> S\u00ed, son ligeros, extruidos con precisi\u00f3n y compatibles con los sistemas de paneles y juntas para una instalaci\u00f3n r\u00e1pida y limpia.<br \/>\n<\/p><br \/>\n<br \/>\n<p><b>7.\u00bfCu\u00e1les son las ventajas de abastecerse de fabricantes chinos de aluminio? <\/b><\/p>\n<p> Las f\u00e1bricas chinas ofrecen precios competitivos, gran capacidad de producci\u00f3n y amplia experiencia en la fabricaci\u00f3n de perfiles de aluminio OEM para salas blancas.<br \/>\n<\/p><br \/>\n<br \/>\n<p><b>8.\u00bfC\u00f3mo mejoran los perfiles de aluminio la eficacia de las salas blancas? <\/b><\/p>\n<p> Sus superficies sin juntas y su resistencia a la corrosi\u00f3n y a la acumulaci\u00f3n de part\u00edculas ayudan a mantener las normas de esterilidad y pureza del aire de los entornos de salas blancas.<br \/>\n<\/p><br \/><\/p>","protected":false},"featured_media":6810,"template":"","categories":[67],"class_list":["post-6811","product","type-product","status-publish","has-post-thumbnail","hentry","category-architectural-aluminium-profile"],"meta_box":{"hilight_text_group":{"product_hilight_text":"<li>High-precision aluminium alloy profiles engineered for cleanroom structures and partitions<\/li>\r\r\n<li>Manufactured from high-quality 6063-T5 alloy offering excellent corrosion resistance and cleanliness<\/li>\r\r\n<li>Smooth surface finish and sealed joints reduce contamination risks in controlled environments<\/li>\r\r\n<li>Customizable cross-sections and finishes to meet cleanroom design specifications<\/li>\r\r\n<li>Supplied by top-tier Chinese manufacturers with consistent quality and OEM production capacity<\/li>","product_chanpin_blog":"<ul>\r\r\n<li><a href=\"https:\/\/sinoextrud.com\/t-slot-v-slot-differences\/\" target=\"_blank\">t slot vs v slot<\/a><\/li>\r\r\n<li><a href=\"https:\/\/sinoextrud.com\/what-is-4040-aluminium-extrud\/\" target=\"_blank\">4040 aluminium extrusion<\/a><\/li>\r\r\n<li><a href=\"https:\/\/sinoextrud.com\/what-is-4040-aluminium-extrud\/\" target=\"_blank\">aluminum extrusions for industrial racks<\/a><\/li>\r\r\n<li><a href=\"https:\/\/sinoextrud.com\/powder-coating-aluminium-process\/\" target=\"_blank\">powder coating aluminium<\/a><\/li>\r\r\n<li><a href=\"https:\/\/sinoextrud.com\/what-is-an-aluminium-strip-ceiling\/\" target=\"_blank\">aluminium strip ceiling<\/a><\/li>\r\r\n<li><a href=\"https:\/\/sinoextrud.com\/what-is-a-heat-sink\/\" target=\"_blank\">what is a heat sink<\/a><\/li>\r\r\n<\/ul>","product_chanpin_chanpin":"<li><a href=\"https:\/\/sinoextrud.com\/product\/aluminum-thermal-break-profile-for-window-and-door\/\" target=\"_blank\">Aluminum Thermal Break Profile for Window And Door<\/a><\/li>\r\n<li><a href=\"https:\/\/sinoextrud.com\/product\/aluminium-louver-profile\/\" target=\"_blank\">Aluminium Louver Profile<\/a><\/li>\r\n<li><a href=\"https:\/\/sinoextrud.com\/product\/aluminium-profile-louver\/\" target=\"_blank\">Aluminium Profile Louver<\/a><\/li>\r\n<li><a href=\"https:\/\/sinoextrud.com\/product\/aluminum-sliding-door-frames-extrusion-profile-with-custom-shape-alloy-6063-for-furnitures-decoration\/\" target=\"_blank\">Aluminum Sliding Door Frames Extrusion Profile With Custom Shape Alloy 6063 For Furnitures Decoration<\/a><\/li>\r\n<li><a href=\"https:\/\/sinoextrud.com\/product\/aluminium-alloy-profile-for-cleaning-room-with-good-quality-manufacturer-china\/\" target=\"_blank\">Aluminium Alloy Profile For Cleaning Room With Good Quality Manufacturer China<\/a><\/li>\r\n<li><a href=\"https:\/\/sinoextrud.com\/product\/wood-grain-allow-box-aluminium-section\/\" target=\"_blank\">Wood Grain Allow Box aluminium Section<\/a><\/li>\r\n<li><a href=\"https:\/\/sinoextrud.com\/product\/top-grade-expanded-metal-aluminium-profiles-partition-frame-for-doors-and-windows\/\" target=\"_blank\">Top Grade Expanded Metal Aluminium Profiles Partition Frame For Doors And Windows<\/a><\/li>\r\n<li><a href=\"https:\/\/sinoextrud.com\/product\/6000-series-extrusion-of-aluminum-alloy-profile-for-furniture\/\" target=\"_blank\">6000 Series Extrusion Of Aluminum Alloy Profile for Furniture<\/a><\/li>\r\n<li><a href=\"https:\/\/sinoextrud.com\/product\/sliding-door-aluminium-profile-bronze-colour\/\" target=\"_blank\">Sliding Door Aluminium Profile Bronze Colour<\/a><\/li>\r\n<li><a href=\"https:\/\/sinoextrud.com\/product\/solar-panel-frame-aluminum-profile\/\" target=\"_blank\">Solar Panel Frame Aluminum Profile<\/a><\/li>\r\n<li><a href=\"https:\/\/sinoextrud.com\/product\/aluminum-profil-louver-roof\/\" target=\"_blank\">Aluminum Profil Louver Roof<\/a><\/li>"},"feature_list":[]},"_links":{"self":[{"href":"https:\/\/sinoextrud.com\/es\/wp-json\/wp\/v2\/product\/6811","targetHints":{"allow":["GET"]}}],"collection":[{"href":"https:\/\/sinoextrud.com\/es\/wp-json\/wp\/v2\/product"}],"about":[{"href":"https:\/\/sinoextrud.com\/es\/wp-json\/wp\/v2\/types\/product"}],"wp:featuredmedia":[{"embeddable":true,"href":"https:\/\/sinoextrud.com\/es\/wp-json\/wp\/v2\/media\/6810"}],"wp:attachment":[{"href":"https:\/\/sinoextrud.com\/es\/wp-json\/wp\/v2\/media?parent=6811"}],"wp:term":[{"taxonomy":"category","embeddable":true,"href":"https:\/\/sinoextrud.com\/es\/wp-json\/wp\/v2\/categories?post=6811"}],"curies":[{"name":"wp","href":"https:\/\/api.w.org\/{rel}","templated":true}]}}