{"id":6791,"date":"2025-06-02T12:21:38","date_gmt":"2025-06-02T12:21:38","guid":{"rendered":"https:\/\/sinoextrud.com\/product\/aluminium-window-parts-names-sliding-6063-material-framing-profile\/"},"modified":"2025-06-24T06:11:42","modified_gmt":"2025-06-24T06:11:42","slug":"aluminio-ventana-partes-nombres-corredera-6063-material-perfil-marco","status":"publish","type":"product","link":"https:\/\/sinoextrud.com\/es\/product\/aluminium-window-parts-names-sliding-6063-material-framing-profile\/","title":{"rendered":"aluminio ventana partes nombres corredera 6063 material perfil marco"},"content":{"rendered":"<h2>Productos<\/h2>\n<table class=\"custom-table\">\n<tr>\n<td class=\"label\">Modelo NO.:<\/td>\n<td>TL 800 aluminio ventana nombres de piezas correderas 6063 material perfil marco y accesorios precio de f\u00e1brica<\/td>\n<\/tr>\n<tr>\n<td class=\"label\">Aplicaci\u00f3n:<\/td>\n<td>nombres de las piezas de las ventanas de aluminio<\/td>\n<\/tr>\n<tr>\n<td class=\"label\">Grado:<\/td>\n<td>Serie 6000<\/td>\n<\/tr>\n<tr>\n<td class=\"label\">T\u00e9cnica:<\/td>\n<td>Perfiles y accesorios de aluminio extruido<\/td>\n<\/tr>\n<tr>\n<td class=\"label\">Temperamento:<\/td>\n<td>T3 - T8<\/td>\n<\/tr>\n<tr>\n<td class=\"label\">Tallas:<\/td>\n<td>Podr\u00eda Personalizar como Dise\u00f1o Proporcionado<\/td>\n<\/tr>\n<tr>\n<td class=\"label\">Servicios de mecanizado:<\/td>\n<td>Taladrado, roscado, remachado, montaje, etc.<\/td>\n<\/tr>\n<tr>\n<td class=\"label\">Marca registrada:<\/td>\n<td>N\/A.<\/td>\n<\/tr>\n<tr>\n<td class=\"label\">Origen:<\/td>\n<td>Guangdong<\/td>\n<\/tr>\n<tr>\n<td class=\"label\">Tipo:<\/td>\n<td>Perfiles de aluminio para amante<\/td>\n<\/tr>\n<tr>\n<td class=\"label\">Forma:<\/td>\n<td>Hecho a medida del cliente<\/td>\n<\/tr>\n<tr>\n<td class=\"label\">Tratamiento de la superficie:<\/td>\n<td>grano de madera<\/td>\n<\/tr>\n<tr>\n<td class=\"label\">Aleaci\u00f3n:<\/td>\n<td>Aleaci\u00f3n<\/td>\n<\/tr>\n<tr>\n<td class=\"label\">Certificaci\u00f3n:<\/td>\n<td>ISO, RoHS<\/td>\n<\/tr>\n<tr>\n<td class=\"label\">Longitud:<\/td>\n<td>Puede cortar seg\u00fan las necesidades espec\u00edficas<\/td>\n<\/tr>\n<tr>\n<td class=\"label\">Colores:<\/td>\n<td>Fabricado como se indica N\u00famero de color<\/td>\n<\/tr>\n<tr>\n<td class=\"label\">Especificaci\u00f3n:<\/td>\n<td>SGS, Rohs, ISO<\/td>\n<\/tr>\n<tr>\n<td class=\"label\">C\u00f3digo SA:<\/td>\n<td>76042990<\/td>\n<\/tr>\n<\/table>\n<h2>Nuestra base de fabricaci\u00f3n<\/h2>\n<h3>Panorama de la f\u00e1brica<\/h3>\n<p><img decoding=\"async\" src=\"\/wp-content\/uploads\/factory-01.webp\"\/><\/p>\n<h3>Taller de fabricaci\u00f3n de barras de aluminio<\/h3>\n<p><img decoding=\"async\" src=\"\/wp-content\/uploads\/factory-02.webp\"\/><\/p>\n<p><img decoding=\"async\" src=\"\/wp-content\/uploads\/factory-03.webp\"\/><\/p>\n<h3>Almac\u00e9n de moldes<\/h3>\n<p><img decoding=\"async\" src=\"\/wp-content\/uploads\/factory-04.webp\"\/><\/p>\n<h3>43 L\u00c3neas de extrusi\u00c3\u00b3n de aluminio (500\u00e2\u20ac\"5500 toneladas)<\/h3>\n<p><img decoding=\"async\" src=\"\/wp-content\/uploads\/factory-05.webp\"\/><\/p>\n<p><img decoding=\"async\" src=\"\/wp-content\/uploads\/factory-06.webp\"\/><\/p>\n<p><img decoding=\"async\" src=\"\/wp-content\/uploads\/factory-07.webp\"\/><\/p>\n<h3>Taller de pintura en polvo<\/h3>\n<p><img decoding=\"async\" src=\"\/wp-content\/uploads\/factory-09.webp\"\/><\/p>\n<h3>Taller de anodizado<\/h3>\n<p><img decoding=\"async\" src=\"\/wp-content\/uploads\/factory-10.webp\"\/><\/p>\n<h3>Taller de procesamiento profundo<\/h3>\n<p><img decoding=\"async\" src=\"\/wp-content\/uploads\/factory-11.webp\"\/><\/p>\n<h3>Taller de mecanizado de precisi\u00f3n CNC<\/h3>\n<p><img decoding=\"async\" src=\"\/wp-content\/uploads\/factory-11.5.webp\"\/><\/p>\n<h3>Almac\u00e9n de productos acabados y de exportaci\u00f3n<\/h3>\n<p><img decoding=\"async\" src=\"\/wp-content\/uploads\/factory-12.webp\"\/><\/p>\n<p><img decoding=\"async\" src=\"\/wp-content\/uploads\/factory-13.webp\"\/><\/p>\n<p><img decoding=\"async\" src=\"\/wp-content\/uploads\/factory-14.webp\"\/><\/p>\n<h2>PREGUNTAS FRECUENTES<\/h2>\n<p><p><b>1.\u00bfQu\u00e9 es la aleaci\u00f3n de aluminio 6063 utilizada en los perfiles para ventanas correderas?<\/b><\/p>\n<p>La aleaci\u00f3n de aluminio 6063 se utiliza ampliamente para perfiles de ventanas correderas debido a su excelente solidez, resistencia a la corrosi\u00f3n y acabado superficial liso.<br \/>\n<\/p><br \/>\n<br \/>\n<p><b>2.\u00bfPor qu\u00e9 elegir el material 6063 para los perfiles de aluminio para marcos de ventanas?<\/b><\/p>\n<p>El material 6063 ofrece un equilibrio perfecto entre resistencia, durabilidad y rendimiento t\u00e9rmico, por lo que es ideal para perfiles de aluminio para marcos de ventanas.<br \/>\n<\/p><br \/>\n<br \/>\n<p><b>3.\u00bfC\u00f3mo mejora la funci\u00f3n corredera las piezas de aluminio de las ventanas?<\/b><\/p>\n<p>El dise\u00f1o deslizante de las piezas de aluminio de las ventanas permite un manejo sencillo y ahorra espacio, lo que aumenta la comodidad del usuario.<br \/>\n<\/p><br \/>\n<br \/>\n<p><b>4.\u00bfLos perfiles de aluminio 6063 para ventanas son resistentes a la corrosi\u00f3n?<\/b><\/p>\n<p>S\u00ed, los perfiles de aluminio 6063 para ventanas tienen una gran resistencia a la corrosi\u00f3n, por lo que son adecuados para diversos entornos y para un uso prolongado.<br \/>\n<\/p><br \/>\n<br \/>\n<p><b>5.\u00bfSe pueden personalizar los perfiles de encuadre?<\/b><\/p>\n<p>S\u00ed, los perfiles de aluminio para marcos fabricados con la aleaci\u00f3n 6063 pueden personalizarse en forma, tama\u00f1o y longitud para adaptarse a dise\u00f1os arquitect\u00f3nicos espec\u00edficos.<br \/>\n<\/p><br \/>\n<br \/>\n<p><b>6.\u00bfQu\u00e9 acabado hay disponible para las piezas de aluminio 6063 para ventanas?<\/b><\/p>\n<p>Las piezas de aluminio 6063 para ventanas suelen presentar acabados anodizados, que proporcionan una capa protectora y un aspecto de color uniforme.<br \/>\n<\/p><br \/>\n<br \/>\n<p><b>7.\u00bfEs el material adecuado para edificios energ\u00e9ticamente eficientes?<\/b><\/p>\n<p>S\u00ed, la estructura multic\u00e1mara de los perfiles de aluminio 6063 para marcos de ventanas ofrece un aislamiento t\u00e9rmico mejorado, lo que favorece el dise\u00f1o de edificios energ\u00e9ticamente eficientes.<br \/>\n<\/p><br \/><\/p>","protected":false},"featured_media":6786,"template":"","categories":[67],"class_list":["post-6791","product","type-product","status-publish","has-post-thumbnail","hentry","category-architectural-aluminium-profile"],"meta_box":{"hilight_text_group":{"product_hilight_text":"<li>Made of 6063 aluminum alloy with high strength and excellent corrosion resistance<\/li>\r\r\n<li>Smooth sliding mechanism with silent operation for better user experience<\/li>\r\r\n<li>Multi-chamber structure for superior thermal insulation<\/li>\r\r\n<li>Anodized surface finish for uniform color and long-lasting durability<\/li>\r\r\n<li>Customizable profiles and lengths to meet diverse project requirements<\/li>\r\r\n<li>Compatible with various hardware fittings for easy installation<\/li>\r\r\n<li>Eco-friendly material compliant with ROHS and international building standards<\/li>","product_chanpin_blog":"<ul>\r\r\n<li><a href=\"https:\/\/sinoextrud.com\/t-slot-v-slot-differences\/\" target=\"_blank\">t slot vs v slot<\/a><\/li>\r\r\n<li><a href=\"https:\/\/sinoextrud.com\/what-is-4040-aluminium-extrud\/\" target=\"_blank\">4040 aluminium extrusion<\/a><\/li>\r\r\n<li><a href=\"https:\/\/sinoextrud.com\/what-is-4040-aluminium-extrud\/\" target=\"_blank\">aluminum extrusions for industrial racks<\/a><\/li>\r\r\n<li><a href=\"https:\/\/sinoextrud.com\/powder-coating-aluminium-process\/\" target=\"_blank\">powder coating aluminium<\/a><\/li>\r\r\n<li><a href=\"https:\/\/sinoextrud.com\/what-is-an-aluminium-strip-ceiling\/\" target=\"_blank\">aluminium strip ceiling<\/a><\/li>\r\r\n<li><a href=\"https:\/\/sinoextrud.com\/what-is-a-heat-sink\/\" target=\"_blank\">what is a heat sink<\/a><\/li>\r\r\n<\/ul>","product_chanpin_chanpin":"<li><a href=\"https:\/\/sinoextrud.com\/product\/extruded-aluminum-handrail\/\" target=\"_blank\">Extruded Aluminum Handrail<\/a><\/li>\r\n<li><a href=\"https:\/\/sinoextrud.com\/product\/aluminum-mill-finish\/\" target=\"_blank\">Aluminum Mill Finish<\/a><\/li>\r\n<li><a href=\"https:\/\/sinoextrud.com\/product\/extruded-aluminum-profiles-prices-competitive-99-pure-aluminum-ingot-curtain-wall-aluminum-profile-extrusion-manufacturers\/\" target=\"_blank\">Extruded aluminum profiles prices competitive 99% pure aluminum ingot curtain wall aluminum profile extrusion manufacturers<\/a><\/li>\r\n<li><a href=\"https:\/\/sinoextrud.com\/product\/aluminium-sliding-door-profiles\/\" target=\"_blank\">Aluminium Sliding Door Profiles<\/a><\/li>\r\n<li><a href=\"https:\/\/sinoextrud.com\/product\/aluminium-window-parts-names-sliding-6063-material-framing-profile\/\" target=\"_blank\">aluminium window parts names sliding 6063 material framing profile<\/a><\/li>\r\n<li><a href=\"https:\/\/sinoextrud.com\/product\/aluminum-angle-extrusion\/\" target=\"_blank\">Aluminum Angle Extrusion<\/a><\/li>\r\n<li><a href=\"https:\/\/sinoextrud.com\/product\/aluminium-sliding-door-pictures-new-update-sliding-wardrobe-doors-profile-manufacturers-oem-value-frame-extrusion\/\" target=\"_blank\">aluminium sliding door pictures new update sliding wardrobe doors profile manufacturers OEM value frame extrusion<\/a><\/li>\r\n<li><a href=\"https:\/\/sinoextrud.com\/product\/anodized-aluminum-frame-extrusion-for-picture-price-per-pound\/\" target=\"_blank\">anodized aluminum frame extrusion for picture price per pound<\/a><\/li>\r\n<li><a href=\"https:\/\/sinoextrud.com\/product\/anodise-aluminum-curtain-wall-profile-with-custom-shape-alloy-6063\/\" target=\"_blank\">Anodise Aluminum Curtain Wall Profile With Custom Shape Alloy 6063<\/a><\/li>\r\n<li><a href=\"https:\/\/sinoextrud.com\/product\/wholesale-electrophoresis-aluminium-profile-price\/\" target=\"_blank\">Wholesale Electrophoresis Aluminium Profile Price<\/a><\/li>\r\n<li><a href=\"https:\/\/sinoextrud.com\/product\/greenhouse-aluminium-extrusions-aluminium-sunroom-profile\/\" target=\"_blank\">Greenhouse Aluminium Extrusions Aluminium Sunroom Profile<\/a><\/li>"},"feature_list":[]},"_links":{"self":[{"href":"https:\/\/sinoextrud.com\/es\/wp-json\/wp\/v2\/product\/6791","targetHints":{"allow":["GET"]}}],"collection":[{"href":"https:\/\/sinoextrud.com\/es\/wp-json\/wp\/v2\/product"}],"about":[{"href":"https:\/\/sinoextrud.com\/es\/wp-json\/wp\/v2\/types\/product"}],"wp:featuredmedia":[{"embeddable":true,"href":"https:\/\/sinoextrud.com\/es\/wp-json\/wp\/v2\/media\/6786"}],"wp:attachment":[{"href":"https:\/\/sinoextrud.com\/es\/wp-json\/wp\/v2\/media?parent=6791"}],"wp:term":[{"taxonomy":"category","embeddable":true,"href":"https:\/\/sinoextrud.com\/es\/wp-json\/wp\/v2\/categories?post=6791"}],"curies":[{"name":"wp","href":"https:\/\/api.w.org\/{rel}","templated":true}]}}