{"id":6779,"date":"2025-06-01T15:15:51","date_gmt":"2025-06-01T15:15:51","guid":{"rendered":"https:\/\/sinoextrud.com\/product\/aluminium-shop-front-extrusions\/"},"modified":"2025-06-24T06:11:40","modified_gmt":"2025-06-24T06:11:40","slug":"perfiles-de-aluminio-para-fachadas","status":"publish","type":"product","link":"https:\/\/sinoextrud.com\/es\/product\/aluminium-shop-front-extrusions\/","title":{"rendered":"Extrusiones de aluminio para fachadas de tiendas"},"content":{"rendered":"<h2>Productos<\/h2>\n<table class=\"custom-table\">\n<tr>\n<td class=\"label\">Forma:<\/td>\n<td>perfil divisorio perfil de aluminio<\/td>\n<\/tr>\n<tr>\n<td class=\"label\">Temperamento:<\/td>\n<td>T3-T8<\/td>\n<\/tr>\n<tr>\n<td class=\"label\">Aleaci\u00f3n:<\/td>\n<td>Aleaci\u00f3n<\/td>\n<\/tr>\n<tr>\n<td class=\"label\">Ingrediente de aleaci\u00f3n:<\/td>\n<td>6063<\/td>\n<\/tr>\n<tr>\n<td class=\"label\">Acabado superficial:<\/td>\n<td>recubrimiento en polvo, pulido, anodizado<\/td>\n<\/tr>\n<tr>\n<td class=\"label\">Honor:<\/td>\n<td>Los 10 mejores proveedores de China<\/td>\n<\/tr>\n<tr>\n<td class=\"label\">Otros acabados:<\/td>\n<td>Anodizado, chorro de arena, pintura en polvo, pulido<\/td>\n<\/tr>\n<tr>\n<td class=\"label\">Garant\u00eda de calidad:<\/td>\n<td>100% Buen producto antes del env\u00edo<\/td>\n<\/tr>\n<tr>\n<td class=\"label\">Moneda aceptada:<\/td>\n<td>USD, RMB chino, EUR<\/td>\n<\/tr>\n<tr>\n<td class=\"label\">Certificaci\u00f3n:<\/td>\n<td>ISO 9001<\/td>\n<\/tr>\n<tr>\n<td class=\"label\">C\u00f3digo SA:<\/td>\n<td>760429900<\/td>\n<\/tr>\n<tr>\n<td class=\"label\">Tipo:<\/td>\n<td>Perfil de aluminio decorativo, pista de construcci\u00f3n<\/td>\n<\/tr>\n<tr>\n<td class=\"label\">Grado:<\/td>\n<td>Serie 6000<\/td>\n<\/tr>\n<tr>\n<td class=\"label\">Producto:<\/td>\n<td>perfil de extrusi\u00f3n de aluminio<\/td>\n<\/tr>\n<tr>\n<td class=\"label\">Mecanizado:<\/td>\n<td>Corte refinado, fresado, taladrado, punzonado, C<\/td>\n<\/tr>\n<tr>\n<td class=\"label\">Acristalamiento:<\/td>\n<td>8-12 mm<\/td>\n<\/tr>\n<tr>\n<td class=\"label\">Origen:<\/td>\n<td>Foshan, Guangdong.<\/td>\n<\/tr>\n<\/table>\n<h2>Nuestra base de fabricaci\u00f3n<\/h2>\n<h3>Panorama de la f\u00e1brica<\/h3>\n<p><img decoding=\"async\" src=\"\/wp-content\/uploads\/factory-01.webp\"\/><\/p>\n<h3>Taller de fabricaci\u00f3n de barras de aluminio<\/h3>\n<p><img decoding=\"async\" src=\"\/wp-content\/uploads\/factory-02.webp\"\/><\/p>\n<p><img decoding=\"async\" src=\"\/wp-content\/uploads\/factory-03.webp\"\/><\/p>\n<h3>Almac\u00e9n de moldes<\/h3>\n<p><img decoding=\"async\" src=\"\/wp-content\/uploads\/factory-04.webp\"\/><\/p>\n<h3>43 l\u00edneas de extrusi\u00f3n de aluminio (500-5500 toneladas)<\/h3>\n<p><img decoding=\"async\" src=\"\/wp-content\/uploads\/factory-05.webp\"\/><\/p>\n<p><img decoding=\"async\" src=\"\/wp-content\/uploads\/factory-06.webp\"\/><\/p>\n<p><img decoding=\"async\" src=\"\/wp-content\/uploads\/factory-07.webp\"\/><\/p>\n<h3>Taller de pintura en polvo<\/h3>\n<p><img decoding=\"async\" src=\"\/wp-content\/uploads\/factory-09.webp\"\/><\/p>\n<h3>Taller de anodizado<\/h3>\n<p><img decoding=\"async\" src=\"\/wp-content\/uploads\/factory-10.webp\"\/><\/p>\n<h3>Taller de procesamiento profundo<\/h3>\n<p><img decoding=\"async\" src=\"\/wp-content\/uploads\/factory-11.webp\"\/><\/p>\n<h3>Taller de mecanizado de precisi\u00f3n CNC<\/h3>\n<p><img decoding=\"async\" src=\"\/wp-content\/uploads\/factory-11.5.webp\"\/><\/p>\n<h3>Almac\u00e9n de productos acabados y de exportaci\u00f3n<\/h3>\n<p><img decoding=\"async\" src=\"\/wp-content\/uploads\/factory-12.webp\"\/><\/p>\n<p><img decoding=\"async\" src=\"\/wp-content\/uploads\/factory-13.webp\"\/><\/p>\n<p><img decoding=\"async\" src=\"\/wp-content\/uploads\/factory-14.webp\"\/><\/p>\n<h2>PREGUNTAS FRECUENTES<\/h2>\n<p><p><b>1.\u00bfQu\u00e9 son los perfiles de aluminio para fachadas? <\/b><\/p>\n<p> Los perfiles de aluminio para fachadas de tiendas son perfiles estructurales de aluminio que se utilizan para construir escaparates comerciales, incluidas puertas, ventanas y marcos de acristalamiento.<br \/>\n<\/p><br \/>\n<br \/>\n<p><b>2.\u00bfPor qu\u00e9 utilizar extrusiones de aluminio para fachadas de tiendas? <\/b><\/p>\n<p> El aluminio es ligero, fuerte, resistente a la corrosi\u00f3n y personalizable, por lo que resulta ideal para entradas comerciales y escaparates muy transitados.<br \/>\n<\/p><br \/>\n<br \/>\n<p><b>3.\u00bfQu\u00e9 acabados hay disponibles para los perfiles de aluminio para fachadas de tiendas? <\/b><\/p>\n<p> Entre los acabados m\u00e1s comunes se encuentran el anodizado, el recubrimiento en polvo y el veteado de la madera, que ofrecen tanto durabilidad como flexibilidad est\u00e9tica.<br \/>\n<\/p><br \/>\n<br \/>\n<p><b>4.\u00bfSe pueden personalizar los perfiles de aluminio para fachadas de tiendas? <\/b><\/p>\n<p> S\u00ed, los perfiles pueden adaptarse en cuanto a dimensiones, color y dise\u00f1o para satisfacer las especificaciones arquitect\u00f3nicas y las necesidades de la marca.<br \/>\n<\/p><br \/>\n<br \/>\n<p><b>5.\u00bfSon compatibles estos perfiles con los sistemas de puertas y cristales? <\/b><\/p>\n<p> Por supuesto, los perfiles de aluminio para fachadas de tiendas est\u00e1n dise\u00f1ados para integrarse con distintos grosores de cristal y sistemas de herrajes para puertas.<br \/>\n<\/p><br \/>\n<br \/>\n<p><b>6.\u00bfEs adecuado el aluminio para fachadas exteriores? <\/b><\/p>\n<p> S\u00ed, la resistencia natural del aluminio a la corrosi\u00f3n y sus acabados protectores lo hacen ideal para aplicaciones comerciales exteriores.<br \/>\n<\/p><br \/>\n<br \/>\n<p><b>7.\u00bfQu\u00e9 tipos de empresas utilizan perfiles de aluminio para fachadas? <\/b><\/p>\n<p> Tiendas minoristas, salas de exposiciones, edificios de oficinas, bancos y restaurantes suelen utilizar sistemas de fachadas de aluminio para tiendas por su durabilidad y estilo.<br \/>\n<\/p><br \/>\n<br \/>\n<p><b>8.\u00bfEs el aluminio una opci\u00f3n sostenible para la construcci\u00f3n de fachadas de tiendas? <\/b><\/p>\n<p> S\u00ed, el aluminio es reciclable y apoya las iniciativas de construcci\u00f3n ecol\u00f3gica, reduciendo el impacto medioambiental al tiempo que ofrece un rendimiento a largo plazo.<br \/>\n<\/p><br \/><\/p>","protected":false},"featured_media":6778,"template":"","categories":[67],"class_list":["post-6779","product","type-product","status-publish","has-post-thumbnail","hentry","category-architectural-aluminium-profile"],"meta_box":{"hilight_text_group":{"product_hilight_text":"<li>Engineered aluminum extrusions designed specifically for modern shop front systems<\/li>\r\r\n<li>Offers high structural strength and corrosion resistance for long-term durability<\/li>\r\r\n<li>Available in anodized, powder-coated, and custom finishes for premium aesthetics<\/li>\r\r\n<li>Compatible with glazing systems and door hardware for seamless installation<\/li>\r\r\n<li>Lightweight and easy to fabricate, reducing labor and installation time<\/li>","product_chanpin_blog":"<ul>\r\r\n<li><a href=\"https:\/\/sinoextrud.com\/t-slot-v-slot-differences\/\" target=\"_blank\">t slot vs v slot<\/a><\/li>\r\r\n<li><a href=\"https:\/\/sinoextrud.com\/what-is-4040-aluminium-extrud\/\" target=\"_blank\">4040 aluminium extrusion<\/a><\/li>\r\r\n<li><a href=\"https:\/\/sinoextrud.com\/what-is-4040-aluminium-extrud\/\" target=\"_blank\">aluminum extrusions for industrial racks<\/a><\/li>\r\r\n<li><a href=\"https:\/\/sinoextrud.com\/powder-coating-aluminium-process\/\" target=\"_blank\">powder coating aluminium<\/a><\/li>\r\r\n<li><a href=\"https:\/\/sinoextrud.com\/what-is-an-aluminium-strip-ceiling\/\" target=\"_blank\">aluminium strip ceiling<\/a><\/li>\r\r\n<li><a href=\"https:\/\/sinoextrud.com\/what-is-a-heat-sink\/\" target=\"_blank\">what is a heat sink<\/a><\/li>\r\r\n<\/ul>","product_chanpin_chanpin":"<li><a href=\"https:\/\/sinoextrud.com\/product\/anodizing-aluminium-section-sliding-window\/\" target=\"_blank\">Anodizing Aluminium Section Sliding Window<\/a><\/li>\r\n<li><a href=\"https:\/\/sinoextrud.com\/product\/wholesale-aluminium-extrusion-corner-profile\/\" target=\"_blank\">Wholesale Aluminium Extrusion Corner Profile<\/a><\/li>\r\n<li><a href=\"https:\/\/sinoextrud.com\/product\/anodizing-housings-large-aluminum-extrusions\/\" target=\"_blank\">Anodizing Housings Large Aluminum Extrusions<\/a><\/li>\r\n<li><a href=\"https:\/\/sinoextrud.com\/product\/aluminium-extrusion-profile-for-furniture-aluminum-profile-with-alloy-6063-t5-supplied-by-china-factory\/\" target=\"_blank\">Aluminium Extrusion Profile for Furniture Aluminum Profile With Alloy 6063 T5 Supplied By China Factory<\/a><\/li>\r\n<li><a href=\"https:\/\/sinoextrud.com\/product\/aluminium-shop-front-extrusions\/\" target=\"_blank\">Aluminium Shop Front Extrusions<\/a><\/li>\r\n<li><a href=\"https:\/\/sinoextrud.com\/product\/extruded-aluminum-handrail\/\" target=\"_blank\">Extruded Aluminum Handrail<\/a><\/li>\r\n<li><a href=\"https:\/\/sinoextrud.com\/product\/aluminum-mill-finish\/\" target=\"_blank\">Aluminum Mill Finish<\/a><\/li>\r\n<li><a href=\"https:\/\/sinoextrud.com\/product\/extruded-aluminum-profiles-prices-competitive-99-pure-aluminum-ingot-curtain-wall-aluminum-profile-extrusion-manufacturers\/\" target=\"_blank\">Extruded aluminum profiles prices competitive 99% pure aluminum ingot curtain wall aluminum profile extrusion manufacturers<\/a><\/li>\r\n<li><a href=\"https:\/\/sinoextrud.com\/product\/aluminium-sliding-door-profiles\/\" target=\"_blank\">Aluminium Sliding Door Profiles<\/a><\/li>\r\n<li><a href=\"https:\/\/sinoextrud.com\/product\/aluminium-extrusion-handles-for-closet\/\" target=\"_blank\">Aluminium Extrusion Handles for Closet<\/a><\/li>\r\n<li><a href=\"https:\/\/sinoextrud.com\/product\/aluminium-window-and-door-profiles\/\" target=\"_blank\">Aluminium Window And Door Profiles<\/a><\/li>"},"feature_list":[]},"_links":{"self":[{"href":"https:\/\/sinoextrud.com\/es\/wp-json\/wp\/v2\/product\/6779","targetHints":{"allow":["GET"]}}],"collection":[{"href":"https:\/\/sinoextrud.com\/es\/wp-json\/wp\/v2\/product"}],"about":[{"href":"https:\/\/sinoextrud.com\/es\/wp-json\/wp\/v2\/types\/product"}],"wp:featuredmedia":[{"embeddable":true,"href":"https:\/\/sinoextrud.com\/es\/wp-json\/wp\/v2\/media\/6778"}],"wp:attachment":[{"href":"https:\/\/sinoextrud.com\/es\/wp-json\/wp\/v2\/media?parent=6779"}],"wp:term":[{"taxonomy":"category","embeddable":true,"href":"https:\/\/sinoextrud.com\/es\/wp-json\/wp\/v2\/categories?post=6779"}],"curies":[{"name":"wp","href":"https:\/\/api.w.org\/{rel}","templated":true}]}}