{"id":6773,"date":"2025-06-01T15:09:55","date_gmt":"2025-06-01T15:09:55","guid":{"rendered":"https:\/\/sinoextrud.com\/product\/wholesale-aluminium-extrusion-corner-profile\/"},"modified":"2025-06-24T06:11:39","modified_gmt":"2025-06-24T06:11:39","slug":"venta-al-por-mayor-perfil-angular-de-extrusion-de-aluminio","status":"publish","type":"product","link":"https:\/\/sinoextrud.com\/es\/product\/wholesale-aluminium-extrusion-corner-profile\/","title":{"rendered":"Mayorista Perfil esquinero de extrusi\u00f3n de aluminio"},"content":{"rendered":"<h2>Productos<\/h2>\n<table class=\"custom-table\">\n<tr>\n<td class=\"label\">Art\u00edculo:<\/td>\n<td> Mayorista Perfil esquinero de extrusi\u00f3n de aluminio<\/td>\n<\/tr>\n<tr>\n<td class=\"label\">Forma:<\/td>\n<td> A medida<\/td>\n<\/tr>\n<tr>\n<td class=\"label\">Temperamento:<\/td>\n<td> T3-T8<\/td>\n<\/tr>\n<tr>\n<td class=\"label\">De aleaci\u00f3n o no:<\/td>\n<td> Es aleaci\u00f3n<\/td>\n<\/tr>\n<tr>\n<td class=\"label\">Grado:<\/td>\n<td> Serie 6000<\/td>\n<\/tr>\n<tr>\n<td class=\"label\">Longitud:<\/td>\n<td> 1-9 Metros o a medida<\/td>\n<\/tr>\n<tr>\n<td class=\"label\">Color:<\/td>\n<td> Fabricado como se indica N\u00famero de color<\/td>\n<\/tr>\n<tr>\n<td class=\"label\">Uso\/aplicaci\u00f3n:<\/td>\n<td> Industria<\/td>\n<\/tr>\n<tr>\n<td class=\"label\">Plazo de entrega:<\/td>\n<td> 20-30 d\u00edas (seg\u00fan su cantidad)<\/td>\n<\/tr>\n<tr>\n<td class=\"label\">Detalle del embalaje:<\/td>\n<td> Embalaje est\u00e1ndar para exportaci\u00f3n<\/td>\n<\/tr>\n<tr>\n<td class=\"label\">Origen:<\/td>\n<td> Foshan, China<\/td>\n<\/tr>\n<tr>\n<td class=\"label\">Acabado superficial:<\/td>\n<td> Anodizado, recubrimiento en polvo, etc.<\/td>\n<\/tr>\n<tr>\n<td class=\"label\">Certificaciones:<\/td>\n<td> ISO Rohs SGS TUV<\/td>\n<\/tr>\n<\/table>\n<h2>Nuestra base de fabricaci\u00f3n<\/h2>\n<h3>Panorama de la f\u00e1brica<\/h3>\n<p><img decoding=\"async\" src=\"\/wp-content\/uploads\/factory-01.webp\"\/><\/p>\n<h3>Taller de fabricaci\u00f3n de barras de aluminio<\/h3>\n<p><img decoding=\"async\" src=\"\/wp-content\/uploads\/factory-02.webp\"\/><\/p>\n<p><img decoding=\"async\" src=\"\/wp-content\/uploads\/factory-03.webp\"\/><\/p>\n<h3>Almac\u00e9n de moldes<\/h3>\n<p><img decoding=\"async\" src=\"\/wp-content\/uploads\/factory-04.webp\"\/><\/p>\n<h3>43 l\u00edneas de extrusi\u00f3n de aluminio (500-5500 toneladas)<\/h3>\n<p><img decoding=\"async\" src=\"\/wp-content\/uploads\/factory-05.webp\"\/><\/p>\n<p><img decoding=\"async\" src=\"\/wp-content\/uploads\/factory-06.webp\"\/><\/p>\n<p><img decoding=\"async\" src=\"\/wp-content\/uploads\/factory-07.webp\"\/><\/p>\n<h3>Taller de pintura en polvo<\/h3>\n<p><img decoding=\"async\" src=\"\/wp-content\/uploads\/factory-09.webp\"\/><\/p>\n<h3>Taller de anodizado<\/h3>\n<p><img decoding=\"async\" src=\"\/wp-content\/uploads\/factory-10.webp\"\/><\/p>\n<h3>Taller de procesamiento profundo<\/h3>\n<p><img decoding=\"async\" src=\"\/wp-content\/uploads\/factory-11.webp\"\/><\/p>\n<h3>Taller de mecanizado de precisi\u00f3n CNC<\/h3>\n<p><img decoding=\"async\" src=\"\/wp-content\/uploads\/factory-11.5.webp\"\/><\/p>\n<h3>Almac\u00e9n de productos acabados y de exportaci\u00f3n<\/h3>\n<p><img decoding=\"async\" src=\"\/wp-content\/uploads\/factory-12.webp\"\/><\/p>\n<p><img decoding=\"async\" src=\"\/wp-content\/uploads\/factory-13.webp\"\/><\/p>\n<p><img decoding=\"async\" src=\"\/wp-content\/uploads\/factory-14.webp\"\/><\/p>\n<h2>PREGUNTAS FRECUENTES<\/h2>\n<p><p><b>1.\u00bfQu\u00e9 es un perfil angular de extrusi\u00f3n de aluminio? <\/b><\/p>\n<p> Es un perfil de aluminio en \u00e1ngulo recto que se utiliza para reforzar esquinas, proteger bordes y soportar estructuras de armaz\u00f3n en diversas aplicaciones.<br \/>\n<\/p><br \/>\n<br \/>\n<p><b>2.\u00bfPor qu\u00e9 comprar perfiles angulares de aluminio al por mayor? <\/b><\/p>\n<p> Las compras al por mayor ofrecen ahorro de costes, suministro constante y disponibilidad para proyectos de construcci\u00f3n o fabricaci\u00f3n a gran escala.<br \/>\n<\/p><br \/>\n<br \/>\n<p><b>3.\u00bfQu\u00e9 materiales se utilizan en las extrusiones angulares de aluminio? <\/b><\/p>\n<p> Estos perfiles se fabrican normalmente con la aleaci\u00f3n de aluminio 6063-T5, conocida por su excelente solidez, resistencia a la corrosi\u00f3n y trabajabilidad.<br \/>\n<\/p><br \/>\n<br \/>\n<p><b>4.\u00bfSe pueden personalizar los perfiles angulares de aluminio? <\/b><\/p>\n<p> S\u00ed, pueden adaptarse en cuanto a tama\u00f1o, grosor y \u00e1ngulo para ajustarse a los requisitos estructurales y est\u00e9ticos espec\u00edficos del proyecto.<br \/>\n<\/p><br \/>\n<br \/>\n<p><b>5.\u00bfCu\u00e1les son los usos habituales de los perfiles angulares de extrusi\u00f3n de aluminio? <\/b><\/p>\n<p> Se utilizan en puertas, ventanas, tabiques, armarios y bastidores de maquinaria para proporcionar protecci\u00f3n en las esquinas y soporte estructural.<br \/>\n<\/p><br \/>\n<br \/>\n<p><b>6.\u00bfQu\u00e9 tratamientos superficiales existen para los perfiles angulares de aluminio? <\/b><\/p>\n<p> Entre los acabados m\u00e1s comunes se incluyen el anodizado, el recubrimiento en polvo, el cepillado y el acabado de fresado para mejorar el aspecto y la durabilidad.<br \/>\n<\/p><br \/>\n<br \/>\n<p><b>7.\u00bfSe pueden utilizar perfiles angulares de aluminio en exteriores? <\/b><\/p>\n<p> Por supuesto, con un tratamiento adecuado de la superficie, como el anodizado o el recubrimiento en polvo, son muy resistentes a la intemperie y adecuadas para aplicaciones exteriores.<br \/>\n<\/p><br \/>\n<br \/>\n<p><b>8.\u00bfEs la extrusi\u00f3n de aluminio una soluci\u00f3n de construcci\u00f3n ecol\u00f3gica? <\/b><\/p>\n<p> S\u00ed, el aluminio es 100% reciclable, lo que lo convierte en una opci\u00f3n sostenible para proyectos de construcci\u00f3n y fabricaci\u00f3n respetuosos con el medio ambiente.<br \/>\n<\/p><br \/><\/p>","protected":false},"featured_media":6772,"template":"","categories":[67],"class_list":["post-6773","product","type-product","status-publish","has-post-thumbnail","hentry","category-architectural-aluminium-profile"],"meta_box":{"hilight_text_group":{"product_hilight_text":"<li>Precision-extruded aluminum corner profiles ideal for framing, protection, and structural connections<\/li>\r\r\n<li>Available for wholesale with competitive pricing and bulk supply capabilities<\/li>\r\r\n<li>Manufactured from high-quality 6063-T5 aluminum alloy for strength and durability<\/li>\r\r\n<li>Various surface finishes including anodizing and powder coating for corrosion resistance<\/li>\r\r\n<li>Customizable dimensions and angles to meet diverse construction and industrial needs<\/li>","product_chanpin_blog":"<ul>\r\r\n<li><a href=\"https:\/\/sinoextrud.com\/t-slot-v-slot-differences\/\" target=\"_blank\">t slot vs v slot<\/a><\/li>\r\r\n<li><a href=\"https:\/\/sinoextrud.com\/what-is-4040-aluminium-extrud\/\" target=\"_blank\">4040 aluminium extrusion<\/a><\/li>\r\r\n<li><a href=\"https:\/\/sinoextrud.com\/what-is-4040-aluminium-extrud\/\" target=\"_blank\">aluminum extrusions for industrial racks<\/a><\/li>\r\r\n<li><a href=\"https:\/\/sinoextrud.com\/powder-coating-aluminium-process\/\" target=\"_blank\">powder coating aluminium<\/a><\/li>\r\r\n<li><a href=\"https:\/\/sinoextrud.com\/what-is-an-aluminium-strip-ceiling\/\" target=\"_blank\">aluminium strip ceiling<\/a><\/li>\r\r\n<li><a href=\"https:\/\/sinoextrud.com\/what-is-a-heat-sink\/\" target=\"_blank\">what is a heat sink<\/a><\/li>\r\r\n<\/ul>","product_chanpin_chanpin":"<li><a href=\"https:\/\/sinoextrud.com\/product\/extude-aluminum-t-slot-and-v-slot-profile\/\" target=\"_blank\">Extude-Aluminum T Slot And V Slot Profile<\/a><\/li>\r\n<li><a href=\"https:\/\/sinoextrud.com\/product\/aluminium-square-tube-extrusion-profile-with-6063-t5-alloy-anodized-extruded-aluminium-profile\/\" target=\"_blank\">Aluminium Square Tube Extrusion Profile With 6063 T5 Alloy  Anodized Extruded Aluminium Profile<\/a><\/li>\r\n<li><a href=\"https:\/\/sinoextrud.com\/product\/v-slot-aluminum-profile-factory-bulk-business\/\" target=\"_blank\">v-slot aluminum profile Factory bulk business<\/a><\/li>\r\n<li><a href=\"https:\/\/sinoextrud.com\/product\/anodizing-aluminium-section-sliding-window\/\" target=\"_blank\">Anodizing Aluminium Section Sliding Window<\/a><\/li>\r\n<li><a href=\"https:\/\/sinoextrud.com\/product\/wholesale-aluminium-extrusion-corner-profile\/\" target=\"_blank\">Wholesale Aluminium Extrusion Corner Profile<\/a><\/li>\r\n<li><a href=\"https:\/\/sinoextrud.com\/product\/anodizing-housings-large-aluminum-extrusions\/\" target=\"_blank\">Anodizing Housings Large Aluminum Extrusions<\/a><\/li>\r\n<li><a href=\"https:\/\/sinoextrud.com\/product\/aluminium-extrusion-profile-for-furniture-aluminum-profile-with-alloy-6063-t5-supplied-by-china-factory\/\" target=\"_blank\">Aluminium Extrusion Profile for Furniture Aluminum Profile With Alloy 6063 T5 Supplied By China Factory<\/a><\/li>\r\n<li><a href=\"https:\/\/sinoextrud.com\/product\/aluminium-shop-front-extrusions\/\" target=\"_blank\">Aluminium Shop Front Extrusions<\/a><\/li>\r\n<li><a href=\"https:\/\/sinoextrud.com\/product\/extruded-aluminum-handrail\/\" target=\"_blank\">Extruded Aluminum Handrail<\/a><\/li>\r\n<li><a href=\"https:\/\/sinoextrud.com\/product\/industrial-profile-systems\/\" target=\"_blank\">Industrial Profile Systems<\/a><\/li>\r\n<li><a href=\"https:\/\/sinoextrud.com\/product\/custom-large-diameter-extruded-aluminum-pipe\/\" target=\"_blank\">Custom Large Diameter Extruded Aluminum Pipe<\/a><\/li>"},"feature_list":[]},"_links":{"self":[{"href":"https:\/\/sinoextrud.com\/es\/wp-json\/wp\/v2\/product\/6773","targetHints":{"allow":["GET"]}}],"collection":[{"href":"https:\/\/sinoextrud.com\/es\/wp-json\/wp\/v2\/product"}],"about":[{"href":"https:\/\/sinoextrud.com\/es\/wp-json\/wp\/v2\/types\/product"}],"wp:featuredmedia":[{"embeddable":true,"href":"https:\/\/sinoextrud.com\/es\/wp-json\/wp\/v2\/media\/6772"}],"wp:attachment":[{"href":"https:\/\/sinoextrud.com\/es\/wp-json\/wp\/v2\/media?parent=6773"}],"wp:term":[{"taxonomy":"category","embeddable":true,"href":"https:\/\/sinoextrud.com\/es\/wp-json\/wp\/v2\/categories?post=6773"}],"curies":[{"name":"wp","href":"https:\/\/api.w.org\/{rel}","templated":true}]}}